{"id":8764,"date":"2014-03-20T11:05:38","date_gmt":"2014-03-20T10:05:38","guid":{"rendered":"https:\/\/www.kick-point.com\/?page_id=8764"},"modified":"2014-03-20T11:05:38","modified_gmt":"2014-03-20T10:05:38","slug":"necessita-se-de-distribuidores-2","status":"publish","type":"page","link":"https:\/\/www.kick-point.com\/pt-br\/baliza-de-futebol-interativa-e-eletronica-kick-point\/necessita-se-de-distribuidores-2\/","title":{"rendered":"Necessita-se de distribuidores"},"content":{"rendered":"<h2 style=\"text-align: center;\"><b>Fa\u00e7a parte do Kick-Point como distribuidor no seu pa\u00eds<\/b><\/h2>\n<p><a href=\"https:\/\/www.kick-point.com\/wp-content\/uploads\/kick-point-franchise-license.jpg\"><img loading=\"lazy\" decoding=\"async\" class=\"alignright size-full wp-image-7779\" alt=\"kick-point-franchise-license\" src=\"https:\/\/www.kick-point.com\/wp-content\/uploads\/kick-point-franchise-license.jpg\" width=\"600\" height=\"396\" \/><\/a><\/p>\n<p>Procuramos distribuidores internacionais, que est\u00e3o interessados em ser parceiros de coopera\u00e7\u00e3o.<\/p>\n<p>As balizas de futebol eletr\u00f3nicas Kick-Point j\u00e1 foram vendidas e alugadas de forma bem sucedida em v\u00e1rios mercados internacionais.<br \/>\nProcuramos parceiros de distribui\u00e7\u00e3o para a expans\u00e3o internacional da ideias Kick-Point\u00a0.<\/p>\n<p>Se estiver interessado em receber informa\u00e7\u00f5es detalhadas sobre os nossos servi\u00e7os de distribui\u00e7\u00e3o, tenha a amabilidade de deixar uma <a href=\"http:\/\/www.kick-point.co.uk\/contact\/\">notifica\u00e7\u00e3o<\/a>.<\/p>\n<p>Contact\u00e1-lo-emos assim que poss\u00edvel!<\/p>\n<p>&nbsp;<\/p>\n<p>&nbsp;<\/p>\n<div class=\"hide\">\n<h3><\/h3>\n<\/div>\n","protected":false},"excerpt":{"rendered":"<p>Fa\u00e7a parte do Kick-Point como distribuidor no seu pa\u00eds Procuramos distribuidores internacionais, que est\u00e3o interessados em ser parceiros de coopera\u00e7\u00e3o. As balizas de futebol eletr\u00f3nicas Kick-Point j\u00e1 foram vendidas e alugadas de forma bem sucedida em v\u00e1rios mercados internacionais. Procuramos parceiros de distribui\u00e7\u00e3o para a expans\u00e3o internacional da ideias Kick-Point\u00a0. Se estiver interessado em receber [&hellip;]<\/p>\n","protected":false},"author":12,"featured_media":0,"parent":8680,"menu_order":100,"comment_status":"closed","ping_status":"closed","template":"","meta":{"footnotes":""},"class_list":["post-8764","page","type-page","status-publish","hentry"],"yoast_head":"<!-- This site is optimized with the Yoast SEO plugin v22.8 - https:\/\/yoast.com\/wordpress\/plugins\/seo\/ -->\n<title>Necessita-se de distribuidores<\/title>\n<meta name=\"robots\" content=\"index, follow, max-snippet:-1, max-image-preview:large, max-video-preview:-1\" \/>\n<link rel=\"canonical\" href=\"https:\/\/www.kick-point.com\/pt-br\/baliza-de-futebol-interativa-e-eletronica-kick-point\/necessita-se-de-distribuidores-2\/\" \/>\n<meta property=\"og:locale\" content=\"pt_BR\" \/>\n<meta property=\"og:type\" content=\"article\" \/>\n<meta property=\"og:title\" content=\"Necessita-se de distribuidores\" \/>\n<meta property=\"og:description\" content=\"Fa\u00e7a parte do Kick-Point como distribuidor no seu pa\u00eds Procuramos distribuidores internacionais, que est\u00e3o interessados em ser parceiros de coopera\u00e7\u00e3o. As balizas de futebol eletr\u00f3nicas Kick-Point j\u00e1 foram vendidas e alugadas de forma bem sucedida em v\u00e1rios mercados internacionais. Procuramos parceiros de distribui\u00e7\u00e3o para a expans\u00e3o internacional da ideias Kick-Point\u00a0. Se estiver interessado em receber [&hellip;]\" \/>\n<meta property=\"og:url\" content=\"https:\/\/www.kick-point.com\/pt-br\/baliza-de-futebol-interativa-e-eletronica-kick-point\/necessita-se-de-distribuidores-2\/\" \/>\n<meta property=\"og:site_name\" content=\"Kick-Point\" \/>\n<meta property=\"og:image\" content=\"https:\/\/www.kick-point.com\/wp-content\/uploads\/kick-point-franchise-license.jpg\" \/>\n<script type=\"application\/ld+json\" class=\"yoast-schema-graph\">{\"@context\":\"https:\/\/schema.org\",\"@graph\":[{\"@type\":\"WebPage\",\"@id\":\"https:\/\/www.kick-point.com\/pt-br\/baliza-de-futebol-interativa-e-eletronica-kick-point\/necessita-se-de-distribuidores-2\/\",\"url\":\"https:\/\/www.kick-point.com\/pt-br\/baliza-de-futebol-interativa-e-eletronica-kick-point\/necessita-se-de-distribuidores-2\/\",\"name\":\"Necessita-se de distribuidores\",\"isPartOf\":{\"@id\":\"https:\/\/www.kick-point.com\/de\/#website\"},\"primaryImageOfPage\":{\"@id\":\"https:\/\/www.kick-point.com\/pt-br\/baliza-de-futebol-interativa-e-eletronica-kick-point\/necessita-se-de-distribuidores-2\/#primaryimage\"},\"image\":{\"@id\":\"https:\/\/www.kick-point.com\/pt-br\/baliza-de-futebol-interativa-e-eletronica-kick-point\/necessita-se-de-distribuidores-2\/#primaryimage\"},\"thumbnailUrl\":\"https:\/\/www.kick-point.com\/wp-content\/uploads\/kick-point-franchise-license.jpg\",\"datePublished\":\"2014-03-20T10:05:38+00:00\",\"dateModified\":\"2014-03-20T10:05:38+00:00\",\"breadcrumb\":{\"@id\":\"https:\/\/www.kick-point.com\/pt-br\/baliza-de-futebol-interativa-e-eletronica-kick-point\/necessita-se-de-distribuidores-2\/#breadcrumb\"},\"inLanguage\":\"pt-BR\",\"potentialAction\":[{\"@type\":\"ReadAction\",\"target\":[\"https:\/\/www.kick-point.com\/pt-br\/baliza-de-futebol-interativa-e-eletronica-kick-point\/necessita-se-de-distribuidores-2\/\"]}]},{\"@type\":\"ImageObject\",\"inLanguage\":\"pt-BR\",\"@id\":\"https:\/\/www.kick-point.com\/pt-br\/baliza-de-futebol-interativa-e-eletronica-kick-point\/necessita-se-de-distribuidores-2\/#primaryimage\",\"url\":\"https:\/\/www.kick-point.com\/wp-content\/uploads\/kick-point-franchise-license.jpg\",\"contentUrl\":\"https:\/\/www.kick-point.com\/wp-content\/uploads\/kick-point-franchise-license.jpg\"},{\"@type\":\"BreadcrumbList\",\"@id\":\"https:\/\/www.kick-point.com\/pt-br\/baliza-de-futebol-interativa-e-eletronica-kick-point\/necessita-se-de-distribuidores-2\/#breadcrumb\",\"itemListElement\":[{\"@type\":\"ListItem\",\"position\":1,\"name\":\"Baliza de futebol interativa e eletr\u00f3nica Kick-Point\",\"item\":\"https:\/\/www.kick-point.com\/pt-br\/baliza-de-futebol-interativa-e-eletronica-kick-point\/\"},{\"@type\":\"ListItem\",\"position\":2,\"name\":\"Necessita-se de distribuidores\"}]},{\"@type\":\"WebSite\",\"@id\":\"https:\/\/www.kick-point.com\/de\/#website\",\"url\":\"https:\/\/www.kick-point.com\/de\/\",\"name\":\"Kick-Point\",\"description\":\"Events und Event-Module rund um das elektronische Fu\u00dfballtor\",\"potentialAction\":[{\"@type\":\"SearchAction\",\"target\":{\"@type\":\"EntryPoint\",\"urlTemplate\":\"https:\/\/www.kick-point.com\/de\/?s={search_term_string}\"},\"query-input\":\"required name=search_term_string\"}],\"inLanguage\":\"pt-BR\"}]}<\/script>\n<!-- \/ Yoast SEO plugin. -->","yoast_head_json":{"title":"Necessita-se de distribuidores","robots":{"index":"index","follow":"follow","max-snippet":"max-snippet:-1","max-image-preview":"max-image-preview:large","max-video-preview":"max-video-preview:-1"},"canonical":"https:\/\/www.kick-point.com\/pt-br\/baliza-de-futebol-interativa-e-eletronica-kick-point\/necessita-se-de-distribuidores-2\/","og_locale":"pt_BR","og_type":"article","og_title":"Necessita-se de distribuidores","og_description":"Fa\u00e7a parte do Kick-Point como distribuidor no seu pa\u00eds Procuramos distribuidores internacionais, que est\u00e3o interessados em ser parceiros de coopera\u00e7\u00e3o. As balizas de futebol eletr\u00f3nicas Kick-Point j\u00e1 foram vendidas e alugadas de forma bem sucedida em v\u00e1rios mercados internacionais. Procuramos parceiros de distribui\u00e7\u00e3o para a expans\u00e3o internacional da ideias Kick-Point\u00a0. Se estiver interessado em receber [&hellip;]","og_url":"https:\/\/www.kick-point.com\/pt-br\/baliza-de-futebol-interativa-e-eletronica-kick-point\/necessita-se-de-distribuidores-2\/","og_site_name":"Kick-Point","og_image":[{"url":"https:\/\/www.kick-point.com\/wp-content\/uploads\/kick-point-franchise-license.jpg"}],"schema":{"@context":"https:\/\/schema.org","@graph":[{"@type":"WebPage","@id":"https:\/\/www.kick-point.com\/pt-br\/baliza-de-futebol-interativa-e-eletronica-kick-point\/necessita-se-de-distribuidores-2\/","url":"https:\/\/www.kick-point.com\/pt-br\/baliza-de-futebol-interativa-e-eletronica-kick-point\/necessita-se-de-distribuidores-2\/","name":"Necessita-se de distribuidores","isPartOf":{"@id":"https:\/\/www.kick-point.com\/de\/#website"},"primaryImageOfPage":{"@id":"https:\/\/www.kick-point.com\/pt-br\/baliza-de-futebol-interativa-e-eletronica-kick-point\/necessita-se-de-distribuidores-2\/#primaryimage"},"image":{"@id":"https:\/\/www.kick-point.com\/pt-br\/baliza-de-futebol-interativa-e-eletronica-kick-point\/necessita-se-de-distribuidores-2\/#primaryimage"},"thumbnailUrl":"https:\/\/www.kick-point.com\/wp-content\/uploads\/kick-point-franchise-license.jpg","datePublished":"2014-03-20T10:05:38+00:00","dateModified":"2014-03-20T10:05:38+00:00","breadcrumb":{"@id":"https:\/\/www.kick-point.com\/pt-br\/baliza-de-futebol-interativa-e-eletronica-kick-point\/necessita-se-de-distribuidores-2\/#breadcrumb"},"inLanguage":"pt-BR","potentialAction":[{"@type":"ReadAction","target":["https:\/\/www.kick-point.com\/pt-br\/baliza-de-futebol-interativa-e-eletronica-kick-point\/necessita-se-de-distribuidores-2\/"]}]},{"@type":"ImageObject","inLanguage":"pt-BR","@id":"https:\/\/www.kick-point.com\/pt-br\/baliza-de-futebol-interativa-e-eletronica-kick-point\/necessita-se-de-distribuidores-2\/#primaryimage","url":"https:\/\/www.kick-point.com\/wp-content\/uploads\/kick-point-franchise-license.jpg","contentUrl":"https:\/\/www.kick-point.com\/wp-content\/uploads\/kick-point-franchise-license.jpg"},{"@type":"BreadcrumbList","@id":"https:\/\/www.kick-point.com\/pt-br\/baliza-de-futebol-interativa-e-eletronica-kick-point\/necessita-se-de-distribuidores-2\/#breadcrumb","itemListElement":[{"@type":"ListItem","position":1,"name":"Baliza de futebol interativa e eletr\u00f3nica Kick-Point","item":"https:\/\/www.kick-point.com\/pt-br\/baliza-de-futebol-interativa-e-eletronica-kick-point\/"},{"@type":"ListItem","position":2,"name":"Necessita-se de distribuidores"}]},{"@type":"WebSite","@id":"https:\/\/www.kick-point.com\/de\/#website","url":"https:\/\/www.kick-point.com\/de\/","name":"Kick-Point","description":"Events und Event-Module rund um das elektronische Fu\u00dfballtor","potentialAction":[{"@type":"SearchAction","target":{"@type":"EntryPoint","urlTemplate":"https:\/\/www.kick-point.com\/de\/?s={search_term_string}"},"query-input":"required name=search_term_string"}],"inLanguage":"pt-BR"}]}},"_links":{"self":[{"href":"https:\/\/www.kick-point.com\/pt-br\/wp-json\/wp\/v2\/pages\/8764","targetHints":{"allow":["GET"]}}],"collection":[{"href":"https:\/\/www.kick-point.com\/pt-br\/wp-json\/wp\/v2\/pages"}],"about":[{"href":"https:\/\/www.kick-point.com\/pt-br\/wp-json\/wp\/v2\/types\/page"}],"author":[{"embeddable":true,"href":"https:\/\/www.kick-point.com\/pt-br\/wp-json\/wp\/v2\/users\/12"}],"replies":[{"embeddable":true,"href":"https:\/\/www.kick-point.com\/pt-br\/wp-json\/wp\/v2\/comments?post=8764"}],"version-history":[{"count":0,"href":"https:\/\/www.kick-point.com\/pt-br\/wp-json\/wp\/v2\/pages\/8764\/revisions"}],"up":[{"embeddable":true,"href":"https:\/\/www.kick-point.com\/pt-br\/wp-json\/wp\/v2\/pages\/8680"}],"wp:attachment":[{"href":"https:\/\/www.kick-point.com\/pt-br\/wp-json\/wp\/v2\/media?parent=8764"}],"curies":[{"name":"wp","href":"https:\/\/api.w.org\/{rel}","templated":true}]}}