{"id":8763,"date":"2014-03-20T11:02:16","date_gmt":"2014-03-20T10:02:16","guid":{"rendered":"https:\/\/www.kick-point.com\/?page_id=8763"},"modified":"2016-10-14T13:14:20","modified_gmt":"2016-10-14T11:14:20","slug":"certificados-com-publicidade","status":"publish","type":"page","link":"https:\/\/www.kick-point.com\/pt-br\/baliza-de-futebol-interativa-e-eletronica-kick-point\/marca\/certificados-com-publicidade\/","title":{"rendered":"Certificados com publicidade"},"content":{"rendered":"<p><a href=\"https:\/\/www.kick-point.com\/wp-content\/uploads\/sport-urkunde-eventmodul.jpg\"><img loading=\"lazy\" decoding=\"async\" class=\"alignright size-full wp-image-4946\" alt=\"sport-urkunde-eventmodul\" src=\"https:\/\/www.kick-point.com\/wp-content\/uploads\/sport-urkunde-eventmodul.jpg\" width=\"600\" height=\"400\" \/><\/a>Cada jogador no Kick-Point recebe automaticamente um certificado com informa\u00e7\u00f5es sobre a precis\u00e3o e velocidade individuais do remate. O certificado pode ser concebido com o design da empresa do cliente. Juntamente com um <a title=\"Liga\u00e7\u00e3o Evento e Facebook\" href=\"https:\/\/www.kick-point.com\/pt-br\/baliza-de-futebol-interativa-e-eletronica-kick-point\/online\/ligacao-evento-e-facebook\/\">c\u00f3digo QR<\/a> impresso, existe a possibilidade do jogador poder consultar os seus dados online, por exemplo num Ranking, que pode integrar <a title=\"Liga\u00e7\u00e3o Evento e Internet\" href=\"https:\/\/www.kick-point.com\/pt-br\/baliza-de-futebol-interativa-e-eletronica-kick-point\/online\/ligacao-evento-e-internet\/\">diretamente no seu s\u00edtio Web<\/a>.<\/p>\n<p><a href=\"https:\/\/www.kick-point.com\/wp-content\/uploads\/event-urkunde-gestalten.jpg\"><img loading=\"lazy\" decoding=\"async\" class=\"alignleft  wp-image-5518\" alt=\"event-urkunde-gestalten\" src=\"https:\/\/www.kick-point.com\/wp-content\/uploads\/event-urkunde-gestalten-150x150.jpg\" width=\"72\" height=\"72\" \/><\/a> <a href=\"https:\/\/www.kick-point.com\/wp-content\/uploads\/fussball-modul-urkunde.jpg\"><img loading=\"lazy\" decoding=\"async\" class=\"alignleft  wp-image-5519\" alt=\"fussball-modul-urkunde\" src=\"https:\/\/www.kick-point.com\/wp-content\/uploads\/fussball-modul-urkunde-150x150.jpg\" width=\"72\" height=\"72\" \/><\/a><a href=\"https:\/\/www.kick-point.com\/wp-content\/uploads\/torwandschiessen-mit-urkunde.jpg\"><img loading=\"lazy\" decoding=\"async\" class=\"alignleft size-thumbnail wp-image-7178\" alt=\"torwandschiessen-mit-urkunde\" src=\"https:\/\/www.kick-point.com\/wp-content\/uploads\/torwandschiessen-mit-urkunde-150x150.jpg\" width=\"72\" height=\"72\" \/><\/a><\/p>\n","protected":false},"excerpt":{"rendered":"<p>Cada jogador no Kick-Point recebe automaticamente um certificado com informa\u00e7\u00f5es sobre a precis\u00e3o e velocidade individuais do remate. O certificado pode ser concebido com o design da empresa do cliente. Juntamente com um c\u00f3digo QR impresso, existe a possibilidade do jogador poder consultar os seus dados online, por exemplo num Ranking, que pode integrar diretamente [&hellip;]<\/p>\n","protected":false},"author":12,"featured_media":0,"parent":3059,"menu_order":0,"comment_status":"closed","ping_status":"closed","template":"","meta":{"footnotes":""},"class_list":["post-8763","page","type-page","status-publish","hentry"],"yoast_head":"<!-- This site is optimized with the Yoast SEO plugin v22.8 - https:\/\/yoast.com\/wordpress\/plugins\/seo\/ -->\n<title>Certificados com publicidade<\/title>\n<meta name=\"robots\" content=\"index, follow, max-snippet:-1, max-image-preview:large, max-video-preview:-1\" \/>\n<link rel=\"canonical\" href=\"https:\/\/www.kick-point.com\/pt-br\/baliza-de-futebol-interativa-e-eletronica-kick-point\/marca\/certificados-com-publicidade\/\" \/>\n<meta property=\"og:locale\" content=\"pt_BR\" \/>\n<meta property=\"og:type\" content=\"article\" \/>\n<meta property=\"og:title\" content=\"Certificados com publicidade\" \/>\n<meta property=\"og:description\" content=\"Cada jogador no Kick-Point recebe automaticamente um certificado com informa\u00e7\u00f5es sobre a precis\u00e3o e velocidade individuais do remate. O certificado pode ser concebido com o design da empresa do cliente. Juntamente com um c\u00f3digo QR impresso, existe a possibilidade do jogador poder consultar os seus dados online, por exemplo num Ranking, que pode integrar diretamente [&hellip;]\" \/>\n<meta property=\"og:url\" content=\"https:\/\/www.kick-point.com\/pt-br\/baliza-de-futebol-interativa-e-eletronica-kick-point\/marca\/certificados-com-publicidade\/\" \/>\n<meta property=\"og:site_name\" content=\"Kick-Point\" \/>\n<meta property=\"article:modified_time\" content=\"2016-10-14T11:14:20+00:00\" \/>\n<meta property=\"og:image\" content=\"https:\/\/www.kick-point.com\/wp-content\/uploads\/sport-urkunde-eventmodul.jpg\" \/>\n<script type=\"application\/ld+json\" class=\"yoast-schema-graph\">{\"@context\":\"https:\/\/schema.org\",\"@graph\":[{\"@type\":\"WebPage\",\"@id\":\"https:\/\/www.kick-point.com\/pt-br\/baliza-de-futebol-interativa-e-eletronica-kick-point\/marca\/certificados-com-publicidade\/\",\"url\":\"https:\/\/www.kick-point.com\/pt-br\/baliza-de-futebol-interativa-e-eletronica-kick-point\/marca\/certificados-com-publicidade\/\",\"name\":\"Certificados com publicidade\",\"isPartOf\":{\"@id\":\"https:\/\/www.kick-point.com\/de\/#website\"},\"primaryImageOfPage\":{\"@id\":\"https:\/\/www.kick-point.com\/pt-br\/baliza-de-futebol-interativa-e-eletronica-kick-point\/marca\/certificados-com-publicidade\/#primaryimage\"},\"image\":{\"@id\":\"https:\/\/www.kick-point.com\/pt-br\/baliza-de-futebol-interativa-e-eletronica-kick-point\/marca\/certificados-com-publicidade\/#primaryimage\"},\"thumbnailUrl\":\"https:\/\/www.kick-point.com\/wp-content\/uploads\/sport-urkunde-eventmodul.jpg\",\"datePublished\":\"2014-03-20T10:02:16+00:00\",\"dateModified\":\"2016-10-14T11:14:20+00:00\",\"breadcrumb\":{\"@id\":\"https:\/\/www.kick-point.com\/pt-br\/baliza-de-futebol-interativa-e-eletronica-kick-point\/marca\/certificados-com-publicidade\/#breadcrumb\"},\"inLanguage\":\"pt-BR\",\"potentialAction\":[{\"@type\":\"ReadAction\",\"target\":[\"https:\/\/www.kick-point.com\/pt-br\/baliza-de-futebol-interativa-e-eletronica-kick-point\/marca\/certificados-com-publicidade\/\"]}]},{\"@type\":\"ImageObject\",\"inLanguage\":\"pt-BR\",\"@id\":\"https:\/\/www.kick-point.com\/pt-br\/baliza-de-futebol-interativa-e-eletronica-kick-point\/marca\/certificados-com-publicidade\/#primaryimage\",\"url\":\"https:\/\/www.kick-point.com\/wp-content\/uploads\/sport-urkunde-eventmodul.jpg\",\"contentUrl\":\"https:\/\/www.kick-point.com\/wp-content\/uploads\/sport-urkunde-eventmodul.jpg\"},{\"@type\":\"BreadcrumbList\",\"@id\":\"https:\/\/www.kick-point.com\/pt-br\/baliza-de-futebol-interativa-e-eletronica-kick-point\/marca\/certificados-com-publicidade\/#breadcrumb\",\"itemListElement\":[{\"@type\":\"ListItem\",\"position\":1,\"name\":\"Baliza de futebol interativa e eletr\u00f3nica Kick-Point\",\"item\":\"https:\/\/www.kick-point.com\/pt-br\/baliza-de-futebol-interativa-e-eletronica-kick-point\/\"},{\"@type\":\"ListItem\",\"position\":2,\"name\":\"Branding\",\"item\":\"https:\/\/www.kick-point.com\/pt-br\/baliza-de-futebol-interativa-e-eletronica-kick-point\/marca\/\"},{\"@type\":\"ListItem\",\"position\":3,\"name\":\"Certificados com publicidade\"}]},{\"@type\":\"WebSite\",\"@id\":\"https:\/\/www.kick-point.com\/de\/#website\",\"url\":\"https:\/\/www.kick-point.com\/de\/\",\"name\":\"Kick-Point\",\"description\":\"Events und Event-Module rund um das elektronische Fu\u00dfballtor\",\"potentialAction\":[{\"@type\":\"SearchAction\",\"target\":{\"@type\":\"EntryPoint\",\"urlTemplate\":\"https:\/\/www.kick-point.com\/de\/?s={search_term_string}\"},\"query-input\":\"required name=search_term_string\"}],\"inLanguage\":\"pt-BR\"}]}<\/script>\n<!-- \/ Yoast SEO plugin. -->","yoast_head_json":{"title":"Certificados com publicidade","robots":{"index":"index","follow":"follow","max-snippet":"max-snippet:-1","max-image-preview":"max-image-preview:large","max-video-preview":"max-video-preview:-1"},"canonical":"https:\/\/www.kick-point.com\/pt-br\/baliza-de-futebol-interativa-e-eletronica-kick-point\/marca\/certificados-com-publicidade\/","og_locale":"pt_BR","og_type":"article","og_title":"Certificados com publicidade","og_description":"Cada jogador no Kick-Point recebe automaticamente um certificado com informa\u00e7\u00f5es sobre a precis\u00e3o e velocidade individuais do remate. O certificado pode ser concebido com o design da empresa do cliente. Juntamente com um c\u00f3digo QR impresso, existe a possibilidade do jogador poder consultar os seus dados online, por exemplo num Ranking, que pode integrar diretamente [&hellip;]","og_url":"https:\/\/www.kick-point.com\/pt-br\/baliza-de-futebol-interativa-e-eletronica-kick-point\/marca\/certificados-com-publicidade\/","og_site_name":"Kick-Point","article_modified_time":"2016-10-14T11:14:20+00:00","og_image":[{"url":"https:\/\/www.kick-point.com\/wp-content\/uploads\/sport-urkunde-eventmodul.jpg"}],"schema":{"@context":"https:\/\/schema.org","@graph":[{"@type":"WebPage","@id":"https:\/\/www.kick-point.com\/pt-br\/baliza-de-futebol-interativa-e-eletronica-kick-point\/marca\/certificados-com-publicidade\/","url":"https:\/\/www.kick-point.com\/pt-br\/baliza-de-futebol-interativa-e-eletronica-kick-point\/marca\/certificados-com-publicidade\/","name":"Certificados com publicidade","isPartOf":{"@id":"https:\/\/www.kick-point.com\/de\/#website"},"primaryImageOfPage":{"@id":"https:\/\/www.kick-point.com\/pt-br\/baliza-de-futebol-interativa-e-eletronica-kick-point\/marca\/certificados-com-publicidade\/#primaryimage"},"image":{"@id":"https:\/\/www.kick-point.com\/pt-br\/baliza-de-futebol-interativa-e-eletronica-kick-point\/marca\/certificados-com-publicidade\/#primaryimage"},"thumbnailUrl":"https:\/\/www.kick-point.com\/wp-content\/uploads\/sport-urkunde-eventmodul.jpg","datePublished":"2014-03-20T10:02:16+00:00","dateModified":"2016-10-14T11:14:20+00:00","breadcrumb":{"@id":"https:\/\/www.kick-point.com\/pt-br\/baliza-de-futebol-interativa-e-eletronica-kick-point\/marca\/certificados-com-publicidade\/#breadcrumb"},"inLanguage":"pt-BR","potentialAction":[{"@type":"ReadAction","target":["https:\/\/www.kick-point.com\/pt-br\/baliza-de-futebol-interativa-e-eletronica-kick-point\/marca\/certificados-com-publicidade\/"]}]},{"@type":"ImageObject","inLanguage":"pt-BR","@id":"https:\/\/www.kick-point.com\/pt-br\/baliza-de-futebol-interativa-e-eletronica-kick-point\/marca\/certificados-com-publicidade\/#primaryimage","url":"https:\/\/www.kick-point.com\/wp-content\/uploads\/sport-urkunde-eventmodul.jpg","contentUrl":"https:\/\/www.kick-point.com\/wp-content\/uploads\/sport-urkunde-eventmodul.jpg"},{"@type":"BreadcrumbList","@id":"https:\/\/www.kick-point.com\/pt-br\/baliza-de-futebol-interativa-e-eletronica-kick-point\/marca\/certificados-com-publicidade\/#breadcrumb","itemListElement":[{"@type":"ListItem","position":1,"name":"Baliza de futebol interativa e eletr\u00f3nica Kick-Point","item":"https:\/\/www.kick-point.com\/pt-br\/baliza-de-futebol-interativa-e-eletronica-kick-point\/"},{"@type":"ListItem","position":2,"name":"Branding","item":"https:\/\/www.kick-point.com\/pt-br\/baliza-de-futebol-interativa-e-eletronica-kick-point\/marca\/"},{"@type":"ListItem","position":3,"name":"Certificados com publicidade"}]},{"@type":"WebSite","@id":"https:\/\/www.kick-point.com\/de\/#website","url":"https:\/\/www.kick-point.com\/de\/","name":"Kick-Point","description":"Events und Event-Module rund um das elektronische Fu\u00dfballtor","potentialAction":[{"@type":"SearchAction","target":{"@type":"EntryPoint","urlTemplate":"https:\/\/www.kick-point.com\/de\/?s={search_term_string}"},"query-input":"required name=search_term_string"}],"inLanguage":"pt-BR"}]}},"_links":{"self":[{"href":"https:\/\/www.kick-point.com\/pt-br\/wp-json\/wp\/v2\/pages\/8763","targetHints":{"allow":["GET"]}}],"collection":[{"href":"https:\/\/www.kick-point.com\/pt-br\/wp-json\/wp\/v2\/pages"}],"about":[{"href":"https:\/\/www.kick-point.com\/pt-br\/wp-json\/wp\/v2\/types\/page"}],"author":[{"embeddable":true,"href":"https:\/\/www.kick-point.com\/pt-br\/wp-json\/wp\/v2\/users\/12"}],"replies":[{"embeddable":true,"href":"https:\/\/www.kick-point.com\/pt-br\/wp-json\/wp\/v2\/comments?post=8763"}],"version-history":[{"count":3,"href":"https:\/\/www.kick-point.com\/pt-br\/wp-json\/wp\/v2\/pages\/8763\/revisions"}],"predecessor-version":[{"id":67129,"href":"https:\/\/www.kick-point.com\/pt-br\/wp-json\/wp\/v2\/pages\/8763\/revisions\/67129"}],"up":[{"embeddable":true,"href":"https:\/\/www.kick-point.com\/pt-br\/wp-json\/wp\/v2\/pages\/3059"}],"wp:attachment":[{"href":"https:\/\/www.kick-point.com\/pt-br\/wp-json\/wp\/v2\/media?parent=8763"}],"curies":[{"name":"wp","href":"https:\/\/api.w.org\/{rel}","templated":true}]}}