{"id":8753,"date":"2014-03-20T10:55:12","date_gmt":"2014-03-20T09:55:12","guid":{"rendered":"https:\/\/www.kick-point.com\/?page_id=8753"},"modified":"2014-03-20T10:58:11","modified_gmt":"2014-03-20T09:58:11","slug":"publicidade-em-banners","status":"publish","type":"page","link":"https:\/\/www.kick-point.com\/pt-br\/baliza-de-futebol-interativa-e-eletronica-kick-point\/marca\/publicidade-em-banners\/","title":{"rendered":"Publicidade em banners"},"content":{"rendered":"<p><img loading=\"lazy\" decoding=\"async\" class=\"size-full wp-image-4943 alignright\" alt=\"moderne-torwand\" src=\"https:\/\/www.kick-point.com\/wp-content\/uploads\/moderne-torwand.jpg\" width=\"600\" height=\"450\" \/>A rede de prote\u00e7\u00e3o e a rede da baliza Kick-Point adaptam-se de forma excelente para a fixa\u00e7\u00e3o de banners publicit\u00e1rios. O Kick-Point \u00e9 uma atrativo especial que garante a aten\u00e7\u00e3o juntamente com uma barra com banners individuais ao seu redor!<\/p>\n<p><a href=\"https:\/\/www.kick-point.com\/wp-content\/uploads\/digitale-torwand.jpg\"><img loading=\"lazy\" decoding=\"async\" class=\"alignleft  wp-image-5502\" alt=\"digitale-torwand\" src=\"https:\/\/www.kick-point.com\/wp-content\/uploads\/digitale-torwand-150x150.jpg\" width=\"72\" height=\"72\" \/><\/a> <a href=\"https:\/\/www.kick-point.com\/wp-content\/uploads\/elektronisches-eventmodul-mieten.jpg\"><img loading=\"lazy\" decoding=\"async\" class=\"alignleft  wp-image-5503\" alt=\"elektronisches-eventmodul-mieten\" src=\"https:\/\/www.kick-point.com\/wp-content\/uploads\/elektronisches-eventmodul-mieten-150x150.jpg\" width=\"72\" height=\"72\" \/><\/a> <a href=\"https:\/\/www.kick-point.com\/wp-content\/uploads\/elektronische-torwand-mieten.jpg\"><img loading=\"lazy\" decoding=\"async\" class=\"alignleft  wp-image-5504\" alt=\"elektronische-torwand-mieten\" src=\"https:\/\/www.kick-point.com\/wp-content\/uploads\/elektronische-torwand-mieten-150x150.jpg\" width=\"72\" height=\"72\" \/><\/a> <a href=\"https:\/\/www.kick-point.com\/wp-content\/uploads\/interaktives-fussball-modul.jpg\"><img loading=\"lazy\" decoding=\"async\" class=\"alignleft  wp-image-5505\" alt=\"interaktives-fussball-modul\" src=\"https:\/\/www.kick-point.com\/wp-content\/uploads\/interaktives-fussball-modul-150x150.jpg\" width=\"72\" height=\"72\" \/><\/a> <a href=\"https:\/\/www.kick-point.com\/wp-content\/uploads\/interaktives-torwandschiessen.jpg\"><img loading=\"lazy\" decoding=\"async\" class=\"alignleft  wp-image-5506\" alt=\"interaktives-torwandschiessen\" src=\"https:\/\/www.kick-point.com\/wp-content\/uploads\/interaktives-torwandschiessen-150x150.jpg\" width=\"72\" height=\"72\" \/><\/a> <a href=\"https:\/\/www.kick-point.com\/wp-content\/uploads\/mobile-torwand-interaktiv.jpg\"><img loading=\"lazy\" decoding=\"async\" class=\"alignleft  wp-image-5507\" alt=\"mobile-torwand-interaktiv\" src=\"https:\/\/www.kick-point.com\/wp-content\/uploads\/mobile-torwand-interaktiv-150x150.jpg\" width=\"72\" height=\"72\" \/><\/a><\/p>\n","protected":false},"excerpt":{"rendered":"<p>A rede de prote\u00e7\u00e3o e a rede da baliza Kick-Point adaptam-se de forma excelente para a fixa\u00e7\u00e3o de banners publicit\u00e1rios. O Kick-Point \u00e9 uma atrativo especial que garante a aten\u00e7\u00e3o juntamente com uma barra com banners individuais ao seu redor!<\/p>\n","protected":false},"author":12,"featured_media":0,"parent":3059,"menu_order":0,"comment_status":"closed","ping_status":"closed","template":"","meta":{"footnotes":""},"class_list":["post-8753","page","type-page","status-publish","hentry"],"yoast_head":"<!-- This site is optimized with the Yoast SEO plugin v22.8 - https:\/\/yoast.com\/wordpress\/plugins\/seo\/ -->\n<title>Publicidade em banners<\/title>\n<meta name=\"robots\" content=\"index, follow, max-snippet:-1, max-image-preview:large, max-video-preview:-1\" \/>\n<link rel=\"canonical\" href=\"https:\/\/www.kick-point.com\/pt-br\/baliza-de-futebol-interativa-e-eletronica-kick-point\/marca\/publicidade-em-banners\/\" \/>\n<meta property=\"og:locale\" content=\"pt_BR\" \/>\n<meta property=\"og:type\" content=\"article\" \/>\n<meta property=\"og:title\" content=\"Publicidade em banners\" \/>\n<meta property=\"og:description\" content=\"A rede de prote\u00e7\u00e3o e a rede da baliza Kick-Point adaptam-se de forma excelente para a fixa\u00e7\u00e3o de banners publicit\u00e1rios. O Kick-Point \u00e9 uma atrativo especial que garante a aten\u00e7\u00e3o juntamente com uma barra com banners individuais ao seu redor!\" \/>\n<meta property=\"og:url\" content=\"https:\/\/www.kick-point.com\/pt-br\/baliza-de-futebol-interativa-e-eletronica-kick-point\/marca\/publicidade-em-banners\/\" \/>\n<meta property=\"og:site_name\" content=\"Kick-Point\" \/>\n<meta property=\"article:modified_time\" content=\"2014-03-20T09:58:11+00:00\" \/>\n<meta property=\"og:image\" content=\"https:\/\/www.kick-point.com\/wp-content\/uploads\/moderne-torwand.jpg\" \/>\n<script type=\"application\/ld+json\" class=\"yoast-schema-graph\">{\"@context\":\"https:\/\/schema.org\",\"@graph\":[{\"@type\":\"WebPage\",\"@id\":\"https:\/\/www.kick-point.com\/pt-br\/baliza-de-futebol-interativa-e-eletronica-kick-point\/marca\/publicidade-em-banners\/\",\"url\":\"https:\/\/www.kick-point.com\/pt-br\/baliza-de-futebol-interativa-e-eletronica-kick-point\/marca\/publicidade-em-banners\/\",\"name\":\"Publicidade em banners\",\"isPartOf\":{\"@id\":\"https:\/\/www.kick-point.com\/de\/#website\"},\"primaryImageOfPage\":{\"@id\":\"https:\/\/www.kick-point.com\/pt-br\/baliza-de-futebol-interativa-e-eletronica-kick-point\/marca\/publicidade-em-banners\/#primaryimage\"},\"image\":{\"@id\":\"https:\/\/www.kick-point.com\/pt-br\/baliza-de-futebol-interativa-e-eletronica-kick-point\/marca\/publicidade-em-banners\/#primaryimage\"},\"thumbnailUrl\":\"https:\/\/www.kick-point.com\/wp-content\/uploads\/moderne-torwand.jpg\",\"datePublished\":\"2014-03-20T09:55:12+00:00\",\"dateModified\":\"2014-03-20T09:58:11+00:00\",\"breadcrumb\":{\"@id\":\"https:\/\/www.kick-point.com\/pt-br\/baliza-de-futebol-interativa-e-eletronica-kick-point\/marca\/publicidade-em-banners\/#breadcrumb\"},\"inLanguage\":\"pt-BR\",\"potentialAction\":[{\"@type\":\"ReadAction\",\"target\":[\"https:\/\/www.kick-point.com\/pt-br\/baliza-de-futebol-interativa-e-eletronica-kick-point\/marca\/publicidade-em-banners\/\"]}]},{\"@type\":\"ImageObject\",\"inLanguage\":\"pt-BR\",\"@id\":\"https:\/\/www.kick-point.com\/pt-br\/baliza-de-futebol-interativa-e-eletronica-kick-point\/marca\/publicidade-em-banners\/#primaryimage\",\"url\":\"https:\/\/www.kick-point.com\/wp-content\/uploads\/moderne-torwand.jpg\",\"contentUrl\":\"https:\/\/www.kick-point.com\/wp-content\/uploads\/moderne-torwand.jpg\"},{\"@type\":\"BreadcrumbList\",\"@id\":\"https:\/\/www.kick-point.com\/pt-br\/baliza-de-futebol-interativa-e-eletronica-kick-point\/marca\/publicidade-em-banners\/#breadcrumb\",\"itemListElement\":[{\"@type\":\"ListItem\",\"position\":1,\"name\":\"Baliza de futebol interativa e eletr\u00f3nica Kick-Point\",\"item\":\"https:\/\/www.kick-point.com\/pt-br\/baliza-de-futebol-interativa-e-eletronica-kick-point\/\"},{\"@type\":\"ListItem\",\"position\":2,\"name\":\"Branding\",\"item\":\"https:\/\/www.kick-point.com\/pt-br\/baliza-de-futebol-interativa-e-eletronica-kick-point\/marca\/\"},{\"@type\":\"ListItem\",\"position\":3,\"name\":\"Publicidade em banners\"}]},{\"@type\":\"WebSite\",\"@id\":\"https:\/\/www.kick-point.com\/de\/#website\",\"url\":\"https:\/\/www.kick-point.com\/de\/\",\"name\":\"Kick-Point\",\"description\":\"Events und Event-Module rund um das elektronische Fu\u00dfballtor\",\"potentialAction\":[{\"@type\":\"SearchAction\",\"target\":{\"@type\":\"EntryPoint\",\"urlTemplate\":\"https:\/\/www.kick-point.com\/de\/?s={search_term_string}\"},\"query-input\":\"required name=search_term_string\"}],\"inLanguage\":\"pt-BR\"}]}<\/script>\n<!-- \/ Yoast SEO plugin. -->","yoast_head_json":{"title":"Publicidade em banners","robots":{"index":"index","follow":"follow","max-snippet":"max-snippet:-1","max-image-preview":"max-image-preview:large","max-video-preview":"max-video-preview:-1"},"canonical":"https:\/\/www.kick-point.com\/pt-br\/baliza-de-futebol-interativa-e-eletronica-kick-point\/marca\/publicidade-em-banners\/","og_locale":"pt_BR","og_type":"article","og_title":"Publicidade em banners","og_description":"A rede de prote\u00e7\u00e3o e a rede da baliza Kick-Point adaptam-se de forma excelente para a fixa\u00e7\u00e3o de banners publicit\u00e1rios. O Kick-Point \u00e9 uma atrativo especial que garante a aten\u00e7\u00e3o juntamente com uma barra com banners individuais ao seu redor!","og_url":"https:\/\/www.kick-point.com\/pt-br\/baliza-de-futebol-interativa-e-eletronica-kick-point\/marca\/publicidade-em-banners\/","og_site_name":"Kick-Point","article_modified_time":"2014-03-20T09:58:11+00:00","og_image":[{"url":"https:\/\/www.kick-point.com\/wp-content\/uploads\/moderne-torwand.jpg"}],"schema":{"@context":"https:\/\/schema.org","@graph":[{"@type":"WebPage","@id":"https:\/\/www.kick-point.com\/pt-br\/baliza-de-futebol-interativa-e-eletronica-kick-point\/marca\/publicidade-em-banners\/","url":"https:\/\/www.kick-point.com\/pt-br\/baliza-de-futebol-interativa-e-eletronica-kick-point\/marca\/publicidade-em-banners\/","name":"Publicidade em banners","isPartOf":{"@id":"https:\/\/www.kick-point.com\/de\/#website"},"primaryImageOfPage":{"@id":"https:\/\/www.kick-point.com\/pt-br\/baliza-de-futebol-interativa-e-eletronica-kick-point\/marca\/publicidade-em-banners\/#primaryimage"},"image":{"@id":"https:\/\/www.kick-point.com\/pt-br\/baliza-de-futebol-interativa-e-eletronica-kick-point\/marca\/publicidade-em-banners\/#primaryimage"},"thumbnailUrl":"https:\/\/www.kick-point.com\/wp-content\/uploads\/moderne-torwand.jpg","datePublished":"2014-03-20T09:55:12+00:00","dateModified":"2014-03-20T09:58:11+00:00","breadcrumb":{"@id":"https:\/\/www.kick-point.com\/pt-br\/baliza-de-futebol-interativa-e-eletronica-kick-point\/marca\/publicidade-em-banners\/#breadcrumb"},"inLanguage":"pt-BR","potentialAction":[{"@type":"ReadAction","target":["https:\/\/www.kick-point.com\/pt-br\/baliza-de-futebol-interativa-e-eletronica-kick-point\/marca\/publicidade-em-banners\/"]}]},{"@type":"ImageObject","inLanguage":"pt-BR","@id":"https:\/\/www.kick-point.com\/pt-br\/baliza-de-futebol-interativa-e-eletronica-kick-point\/marca\/publicidade-em-banners\/#primaryimage","url":"https:\/\/www.kick-point.com\/wp-content\/uploads\/moderne-torwand.jpg","contentUrl":"https:\/\/www.kick-point.com\/wp-content\/uploads\/moderne-torwand.jpg"},{"@type":"BreadcrumbList","@id":"https:\/\/www.kick-point.com\/pt-br\/baliza-de-futebol-interativa-e-eletronica-kick-point\/marca\/publicidade-em-banners\/#breadcrumb","itemListElement":[{"@type":"ListItem","position":1,"name":"Baliza de futebol interativa e eletr\u00f3nica Kick-Point","item":"https:\/\/www.kick-point.com\/pt-br\/baliza-de-futebol-interativa-e-eletronica-kick-point\/"},{"@type":"ListItem","position":2,"name":"Branding","item":"https:\/\/www.kick-point.com\/pt-br\/baliza-de-futebol-interativa-e-eletronica-kick-point\/marca\/"},{"@type":"ListItem","position":3,"name":"Publicidade em banners"}]},{"@type":"WebSite","@id":"https:\/\/www.kick-point.com\/de\/#website","url":"https:\/\/www.kick-point.com\/de\/","name":"Kick-Point","description":"Events und Event-Module rund um das elektronische Fu\u00dfballtor","potentialAction":[{"@type":"SearchAction","target":{"@type":"EntryPoint","urlTemplate":"https:\/\/www.kick-point.com\/de\/?s={search_term_string}"},"query-input":"required name=search_term_string"}],"inLanguage":"pt-BR"}]}},"_links":{"self":[{"href":"https:\/\/www.kick-point.com\/pt-br\/wp-json\/wp\/v2\/pages\/8753","targetHints":{"allow":["GET"]}}],"collection":[{"href":"https:\/\/www.kick-point.com\/pt-br\/wp-json\/wp\/v2\/pages"}],"about":[{"href":"https:\/\/www.kick-point.com\/pt-br\/wp-json\/wp\/v2\/types\/page"}],"author":[{"embeddable":true,"href":"https:\/\/www.kick-point.com\/pt-br\/wp-json\/wp\/v2\/users\/12"}],"replies":[{"embeddable":true,"href":"https:\/\/www.kick-point.com\/pt-br\/wp-json\/wp\/v2\/comments?post=8753"}],"version-history":[{"count":0,"href":"https:\/\/www.kick-point.com\/pt-br\/wp-json\/wp\/v2\/pages\/8753\/revisions"}],"up":[{"embeddable":true,"href":"https:\/\/www.kick-point.com\/pt-br\/wp-json\/wp\/v2\/pages\/3059"}],"wp:attachment":[{"href":"https:\/\/www.kick-point.com\/pt-br\/wp-json\/wp\/v2\/media?parent=8753"}],"curies":[{"name":"wp","href":"https:\/\/api.w.org\/{rel}","templated":true}]}}