{"id":8752,"date":"2014-03-20T10:54:21","date_gmt":"2014-03-20T09:54:21","guid":{"rendered":"https:\/\/www.kick-point.com\/?page_id=8752"},"modified":"2014-03-20T10:58:35","modified_gmt":"2014-03-20T09:58:35","slug":"paineis-publicitarios-volta-campo","status":"publish","type":"page","link":"https:\/\/www.kick-point.com\/pt-br\/baliza-de-futebol-interativa-e-eletronica-kick-point\/marca\/paineis-publicitarios-volta-campo\/","title":{"rendered":"Pain\u00e9is publicit\u00e1rios \u00e0 volta do campo"},"content":{"rendered":"<p><a href=\"https:\/\/www.kick-point.com\/wp-content\/uploads\/bande-branding-werbeflaeche.jpg\"><img loading=\"lazy\" decoding=\"async\" class=\"size-full wp-image-5515 alignright\" alt=\"bande-branding-werbeflaeche\" src=\"https:\/\/www.kick-point.com\/wp-content\/uploads\/bande-branding-werbeflaeche.jpg\" width=\"600\" height=\"400\" \/><\/a>O campo de jogo pode ser limitado com pain\u00e9is, que asseguram uma impress\u00e3o fechada e compacta da baliza Kick-Point e, em simult\u00e2neo, colocam em cena, de forma eficaz, mensagens publicit\u00e1rias. Os pain\u00e9is s\u00e3o f\u00e1cil e rapidamente colocados em posi\u00e7\u00e3o e <a title=\"Banden\" href=\"https:\/\/www.kick-point.com\/weitere-fussballmodule\/banden\/\">versatilmente utiliz\u00e1veis<\/a>. Alternativamente, adaptam-se como limites do campo de futebol mesmo em <a title=\"Soccer-Inflatables\" href=\"https:\/\/www.kick-point.com\/weitere-fussballmodule\/soccer-inflatables\/\">insufl\u00e1veis de futebol<\/a>.<\/p>\n","protected":false},"excerpt":{"rendered":"<p>O campo de jogo pode ser limitado com pain\u00e9is, que asseguram uma impress\u00e3o fechada e compacta da baliza Kick-Point e, em simult\u00e2neo, colocam em cena, de forma eficaz, mensagens publicit\u00e1rias. Os pain\u00e9is s\u00e3o f\u00e1cil e rapidamente colocados em posi\u00e7\u00e3o e versatilmente utiliz\u00e1veis. Alternativamente, adaptam-se como limites do campo de futebol mesmo em insufl\u00e1veis de futebol.<\/p>\n","protected":false},"author":12,"featured_media":0,"parent":3059,"menu_order":0,"comment_status":"closed","ping_status":"closed","template":"","meta":{"footnotes":""},"class_list":["post-8752","page","type-page","status-publish","hentry"],"yoast_head":"<!-- This site is optimized with the Yoast SEO plugin v22.8 - https:\/\/yoast.com\/wordpress\/plugins\/seo\/ -->\n<title>Pain\u00e9is publicit\u00e1rios \u00e0 volta do campo<\/title>\n<meta name=\"robots\" content=\"index, follow, max-snippet:-1, max-image-preview:large, max-video-preview:-1\" \/>\n<link rel=\"canonical\" href=\"https:\/\/www.kick-point.com\/pt-br\/baliza-de-futebol-interativa-e-eletronica-kick-point\/marca\/paineis-publicitarios-volta-campo\/\" \/>\n<meta property=\"og:locale\" content=\"pt_BR\" \/>\n<meta property=\"og:type\" content=\"article\" \/>\n<meta property=\"og:title\" content=\"Pain\u00e9is publicit\u00e1rios \u00e0 volta do campo\" \/>\n<meta property=\"og:description\" content=\"O campo de jogo pode ser limitado com pain\u00e9is, que asseguram uma impress\u00e3o fechada e compacta da baliza Kick-Point e, em simult\u00e2neo, colocam em cena, de forma eficaz, mensagens publicit\u00e1rias. Os pain\u00e9is s\u00e3o f\u00e1cil e rapidamente colocados em posi\u00e7\u00e3o e versatilmente utiliz\u00e1veis. Alternativamente, adaptam-se como limites do campo de futebol mesmo em insufl\u00e1veis de futebol.\" \/>\n<meta property=\"og:url\" content=\"https:\/\/www.kick-point.com\/pt-br\/baliza-de-futebol-interativa-e-eletronica-kick-point\/marca\/paineis-publicitarios-volta-campo\/\" \/>\n<meta property=\"og:site_name\" content=\"Kick-Point\" \/>\n<meta property=\"article:modified_time\" content=\"2014-03-20T09:58:35+00:00\" \/>\n<meta property=\"og:image\" content=\"https:\/\/www.kick-point.com\/wp-content\/uploads\/bande-branding-werbeflaeche.jpg\" \/>\n<script type=\"application\/ld+json\" class=\"yoast-schema-graph\">{\"@context\":\"https:\/\/schema.org\",\"@graph\":[{\"@type\":\"WebPage\",\"@id\":\"https:\/\/www.kick-point.com\/pt-br\/baliza-de-futebol-interativa-e-eletronica-kick-point\/marca\/paineis-publicitarios-volta-campo\/\",\"url\":\"https:\/\/www.kick-point.com\/pt-br\/baliza-de-futebol-interativa-e-eletronica-kick-point\/marca\/paineis-publicitarios-volta-campo\/\",\"name\":\"Pain\u00e9is publicit\u00e1rios \u00e0 volta do campo\",\"isPartOf\":{\"@id\":\"https:\/\/www.kick-point.com\/de\/#website\"},\"primaryImageOfPage\":{\"@id\":\"https:\/\/www.kick-point.com\/pt-br\/baliza-de-futebol-interativa-e-eletronica-kick-point\/marca\/paineis-publicitarios-volta-campo\/#primaryimage\"},\"image\":{\"@id\":\"https:\/\/www.kick-point.com\/pt-br\/baliza-de-futebol-interativa-e-eletronica-kick-point\/marca\/paineis-publicitarios-volta-campo\/#primaryimage\"},\"thumbnailUrl\":\"https:\/\/www.kick-point.com\/wp-content\/uploads\/bande-branding-werbeflaeche.jpg\",\"datePublished\":\"2014-03-20T09:54:21+00:00\",\"dateModified\":\"2014-03-20T09:58:35+00:00\",\"breadcrumb\":{\"@id\":\"https:\/\/www.kick-point.com\/pt-br\/baliza-de-futebol-interativa-e-eletronica-kick-point\/marca\/paineis-publicitarios-volta-campo\/#breadcrumb\"},\"inLanguage\":\"pt-BR\",\"potentialAction\":[{\"@type\":\"ReadAction\",\"target\":[\"https:\/\/www.kick-point.com\/pt-br\/baliza-de-futebol-interativa-e-eletronica-kick-point\/marca\/paineis-publicitarios-volta-campo\/\"]}]},{\"@type\":\"ImageObject\",\"inLanguage\":\"pt-BR\",\"@id\":\"https:\/\/www.kick-point.com\/pt-br\/baliza-de-futebol-interativa-e-eletronica-kick-point\/marca\/paineis-publicitarios-volta-campo\/#primaryimage\",\"url\":\"https:\/\/www.kick-point.com\/wp-content\/uploads\/bande-branding-werbeflaeche.jpg\",\"contentUrl\":\"https:\/\/www.kick-point.com\/wp-content\/uploads\/bande-branding-werbeflaeche.jpg\"},{\"@type\":\"BreadcrumbList\",\"@id\":\"https:\/\/www.kick-point.com\/pt-br\/baliza-de-futebol-interativa-e-eletronica-kick-point\/marca\/paineis-publicitarios-volta-campo\/#breadcrumb\",\"itemListElement\":[{\"@type\":\"ListItem\",\"position\":1,\"name\":\"Baliza de futebol interativa e eletr\u00f3nica Kick-Point\",\"item\":\"https:\/\/www.kick-point.com\/pt-br\/baliza-de-futebol-interativa-e-eletronica-kick-point\/\"},{\"@type\":\"ListItem\",\"position\":2,\"name\":\"Branding\",\"item\":\"https:\/\/www.kick-point.com\/pt-br\/baliza-de-futebol-interativa-e-eletronica-kick-point\/marca\/\"},{\"@type\":\"ListItem\",\"position\":3,\"name\":\"Pain\u00e9is publicit\u00e1rios \u00e0 volta do campo\"}]},{\"@type\":\"WebSite\",\"@id\":\"https:\/\/www.kick-point.com\/de\/#website\",\"url\":\"https:\/\/www.kick-point.com\/de\/\",\"name\":\"Kick-Point\",\"description\":\"Events und Event-Module rund um das elektronische Fu\u00dfballtor\",\"potentialAction\":[{\"@type\":\"SearchAction\",\"target\":{\"@type\":\"EntryPoint\",\"urlTemplate\":\"https:\/\/www.kick-point.com\/de\/?s={search_term_string}\"},\"query-input\":\"required name=search_term_string\"}],\"inLanguage\":\"pt-BR\"}]}<\/script>\n<!-- \/ Yoast SEO plugin. -->","yoast_head_json":{"title":"Pain\u00e9is publicit\u00e1rios \u00e0 volta do campo","robots":{"index":"index","follow":"follow","max-snippet":"max-snippet:-1","max-image-preview":"max-image-preview:large","max-video-preview":"max-video-preview:-1"},"canonical":"https:\/\/www.kick-point.com\/pt-br\/baliza-de-futebol-interativa-e-eletronica-kick-point\/marca\/paineis-publicitarios-volta-campo\/","og_locale":"pt_BR","og_type":"article","og_title":"Pain\u00e9is publicit\u00e1rios \u00e0 volta do campo","og_description":"O campo de jogo pode ser limitado com pain\u00e9is, que asseguram uma impress\u00e3o fechada e compacta da baliza Kick-Point e, em simult\u00e2neo, colocam em cena, de forma eficaz, mensagens publicit\u00e1rias. Os pain\u00e9is s\u00e3o f\u00e1cil e rapidamente colocados em posi\u00e7\u00e3o e versatilmente utiliz\u00e1veis. Alternativamente, adaptam-se como limites do campo de futebol mesmo em insufl\u00e1veis de futebol.","og_url":"https:\/\/www.kick-point.com\/pt-br\/baliza-de-futebol-interativa-e-eletronica-kick-point\/marca\/paineis-publicitarios-volta-campo\/","og_site_name":"Kick-Point","article_modified_time":"2014-03-20T09:58:35+00:00","og_image":[{"url":"https:\/\/www.kick-point.com\/wp-content\/uploads\/bande-branding-werbeflaeche.jpg"}],"schema":{"@context":"https:\/\/schema.org","@graph":[{"@type":"WebPage","@id":"https:\/\/www.kick-point.com\/pt-br\/baliza-de-futebol-interativa-e-eletronica-kick-point\/marca\/paineis-publicitarios-volta-campo\/","url":"https:\/\/www.kick-point.com\/pt-br\/baliza-de-futebol-interativa-e-eletronica-kick-point\/marca\/paineis-publicitarios-volta-campo\/","name":"Pain\u00e9is publicit\u00e1rios \u00e0 volta do campo","isPartOf":{"@id":"https:\/\/www.kick-point.com\/de\/#website"},"primaryImageOfPage":{"@id":"https:\/\/www.kick-point.com\/pt-br\/baliza-de-futebol-interativa-e-eletronica-kick-point\/marca\/paineis-publicitarios-volta-campo\/#primaryimage"},"image":{"@id":"https:\/\/www.kick-point.com\/pt-br\/baliza-de-futebol-interativa-e-eletronica-kick-point\/marca\/paineis-publicitarios-volta-campo\/#primaryimage"},"thumbnailUrl":"https:\/\/www.kick-point.com\/wp-content\/uploads\/bande-branding-werbeflaeche.jpg","datePublished":"2014-03-20T09:54:21+00:00","dateModified":"2014-03-20T09:58:35+00:00","breadcrumb":{"@id":"https:\/\/www.kick-point.com\/pt-br\/baliza-de-futebol-interativa-e-eletronica-kick-point\/marca\/paineis-publicitarios-volta-campo\/#breadcrumb"},"inLanguage":"pt-BR","potentialAction":[{"@type":"ReadAction","target":["https:\/\/www.kick-point.com\/pt-br\/baliza-de-futebol-interativa-e-eletronica-kick-point\/marca\/paineis-publicitarios-volta-campo\/"]}]},{"@type":"ImageObject","inLanguage":"pt-BR","@id":"https:\/\/www.kick-point.com\/pt-br\/baliza-de-futebol-interativa-e-eletronica-kick-point\/marca\/paineis-publicitarios-volta-campo\/#primaryimage","url":"https:\/\/www.kick-point.com\/wp-content\/uploads\/bande-branding-werbeflaeche.jpg","contentUrl":"https:\/\/www.kick-point.com\/wp-content\/uploads\/bande-branding-werbeflaeche.jpg"},{"@type":"BreadcrumbList","@id":"https:\/\/www.kick-point.com\/pt-br\/baliza-de-futebol-interativa-e-eletronica-kick-point\/marca\/paineis-publicitarios-volta-campo\/#breadcrumb","itemListElement":[{"@type":"ListItem","position":1,"name":"Baliza de futebol interativa e eletr\u00f3nica Kick-Point","item":"https:\/\/www.kick-point.com\/pt-br\/baliza-de-futebol-interativa-e-eletronica-kick-point\/"},{"@type":"ListItem","position":2,"name":"Branding","item":"https:\/\/www.kick-point.com\/pt-br\/baliza-de-futebol-interativa-e-eletronica-kick-point\/marca\/"},{"@type":"ListItem","position":3,"name":"Pain\u00e9is publicit\u00e1rios \u00e0 volta do campo"}]},{"@type":"WebSite","@id":"https:\/\/www.kick-point.com\/de\/#website","url":"https:\/\/www.kick-point.com\/de\/","name":"Kick-Point","description":"Events und Event-Module rund um das elektronische Fu\u00dfballtor","potentialAction":[{"@type":"SearchAction","target":{"@type":"EntryPoint","urlTemplate":"https:\/\/www.kick-point.com\/de\/?s={search_term_string}"},"query-input":"required name=search_term_string"}],"inLanguage":"pt-BR"}]}},"_links":{"self":[{"href":"https:\/\/www.kick-point.com\/pt-br\/wp-json\/wp\/v2\/pages\/8752","targetHints":{"allow":["GET"]}}],"collection":[{"href":"https:\/\/www.kick-point.com\/pt-br\/wp-json\/wp\/v2\/pages"}],"about":[{"href":"https:\/\/www.kick-point.com\/pt-br\/wp-json\/wp\/v2\/types\/page"}],"author":[{"embeddable":true,"href":"https:\/\/www.kick-point.com\/pt-br\/wp-json\/wp\/v2\/users\/12"}],"replies":[{"embeddable":true,"href":"https:\/\/www.kick-point.com\/pt-br\/wp-json\/wp\/v2\/comments?post=8752"}],"version-history":[{"count":0,"href":"https:\/\/www.kick-point.com\/pt-br\/wp-json\/wp\/v2\/pages\/8752\/revisions"}],"up":[{"embeddable":true,"href":"https:\/\/www.kick-point.com\/pt-br\/wp-json\/wp\/v2\/pages\/3059"}],"wp:attachment":[{"href":"https:\/\/www.kick-point.com\/pt-br\/wp-json\/wp\/v2\/media?parent=8752"}],"curies":[{"name":"wp","href":"https:\/\/api.w.org\/{rel}","templated":true}]}}