{"id":8740,"date":"2014-03-20T10:46:40","date_gmt":"2014-03-20T09:46:40","guid":{"rendered":"https:\/\/www.kick-point.com\/?page_id=8740"},"modified":"2016-10-14T13:33:17","modified_gmt":"2016-10-14T11:33:17","slug":"remate-ao-desconto","status":"publish","type":"page","link":"https:\/\/www.kick-point.com\/pt-br\/baliza-de-futebol-interativa-e-eletronica-kick-point\/combinacoes-de-jogo\/remate-ao-desconto\/","title":{"rendered":"Remate ao desconto"},"content":{"rendered":"<p><img loading=\"lazy\" decoding=\"async\" class=\"alignright size-full wp-image-7214\" alt=\"Rabatt Kick\" src=\"https:\/\/www.kick-point.com\/wp-content\/uploads\/rabatt-kick.jpg\" width=\"600\" height=\"450\" \/><\/p>\n<p>Deixe o cliente rematar o seu pr\u00f3prio desconto. O jogador acerta numa taxa de desconto o mais elevada poss\u00edvel no Kick-Point, com 3 remates, que lhe permite a compra de produtos mais baratos. O cup\u00e3o adequado, \u00e9 impresso diretamente pelo computador do Kick-Point no <a title=\"Certificados com publicidade\" href=\"https:\/\/www.kick-point.com\/pt-br\/baliza-de-futebol-interativa-e-eletronica-kick-point\/marca\/certificados-com-publicidade\/\">certificado<\/a> do jogador.<\/p>\n<p><a href=\"https:\/\/www.kick-point.com\/wp-content\/uploads\/discount-aktion-shopping-center.jpg\"><img loading=\"lazy\" decoding=\"async\" class=\"alignleft size-thumbnail wp-image-7197\" alt=\"discount-aktion-shopping-center\" src=\"https:\/\/www.kick-point.com\/wp-content\/uploads\/discount-aktion-shopping-center-150x150.jpg\" width=\"72\" height=\"72\" \/><\/a><\/p>\n","protected":false},"excerpt":{"rendered":"<p>Deixe o cliente rematar o seu pr\u00f3prio desconto. O jogador acerta numa taxa de desconto o mais elevada poss\u00edvel no Kick-Point, com 3 remates, que lhe permite a compra de produtos mais baratos. O cup\u00e3o adequado, \u00e9 impresso diretamente pelo computador do Kick-Point no certificado do jogador.<\/p>\n","protected":false},"author":12,"featured_media":0,"parent":3046,"menu_order":0,"comment_status":"closed","ping_status":"closed","template":"","meta":{"footnotes":""},"class_list":["post-8740","page","type-page","status-publish","hentry"],"yoast_head":"<!-- This site is optimized with the Yoast SEO plugin v22.8 - https:\/\/yoast.com\/wordpress\/plugins\/seo\/ -->\n<title>Remate ao desconto<\/title>\n<meta name=\"robots\" content=\"index, follow, max-snippet:-1, max-image-preview:large, max-video-preview:-1\" \/>\n<link rel=\"canonical\" href=\"https:\/\/www.kick-point.com\/pt-br\/baliza-de-futebol-interativa-e-eletronica-kick-point\/combinacoes-de-jogo\/remate-ao-desconto\/\" \/>\n<meta property=\"og:locale\" content=\"pt_BR\" \/>\n<meta property=\"og:type\" content=\"article\" \/>\n<meta property=\"og:title\" content=\"Remate ao desconto\" \/>\n<meta property=\"og:description\" content=\"Deixe o cliente rematar o seu pr\u00f3prio desconto. O jogador acerta numa taxa de desconto o mais elevada poss\u00edvel no Kick-Point, com 3 remates, que lhe permite a compra de produtos mais baratos. O cup\u00e3o adequado, \u00e9 impresso diretamente pelo computador do Kick-Point no certificado do jogador.\" \/>\n<meta property=\"og:url\" content=\"https:\/\/www.kick-point.com\/pt-br\/baliza-de-futebol-interativa-e-eletronica-kick-point\/combinacoes-de-jogo\/remate-ao-desconto\/\" \/>\n<meta property=\"og:site_name\" content=\"Kick-Point\" \/>\n<meta property=\"article:modified_time\" content=\"2016-10-14T11:33:17+00:00\" \/>\n<meta property=\"og:image\" content=\"https:\/\/www.kick-point.com\/wp-content\/uploads\/rabatt-kick.jpg\" \/>\n<script type=\"application\/ld+json\" class=\"yoast-schema-graph\">{\"@context\":\"https:\/\/schema.org\",\"@graph\":[{\"@type\":\"WebPage\",\"@id\":\"https:\/\/www.kick-point.com\/pt-br\/baliza-de-futebol-interativa-e-eletronica-kick-point\/combinacoes-de-jogo\/remate-ao-desconto\/\",\"url\":\"https:\/\/www.kick-point.com\/pt-br\/baliza-de-futebol-interativa-e-eletronica-kick-point\/combinacoes-de-jogo\/remate-ao-desconto\/\",\"name\":\"Remate ao desconto\",\"isPartOf\":{\"@id\":\"https:\/\/www.kick-point.com\/de\/#website\"},\"primaryImageOfPage\":{\"@id\":\"https:\/\/www.kick-point.com\/pt-br\/baliza-de-futebol-interativa-e-eletronica-kick-point\/combinacoes-de-jogo\/remate-ao-desconto\/#primaryimage\"},\"image\":{\"@id\":\"https:\/\/www.kick-point.com\/pt-br\/baliza-de-futebol-interativa-e-eletronica-kick-point\/combinacoes-de-jogo\/remate-ao-desconto\/#primaryimage\"},\"thumbnailUrl\":\"https:\/\/www.kick-point.com\/wp-content\/uploads\/rabatt-kick.jpg\",\"datePublished\":\"2014-03-20T09:46:40+00:00\",\"dateModified\":\"2016-10-14T11:33:17+00:00\",\"breadcrumb\":{\"@id\":\"https:\/\/www.kick-point.com\/pt-br\/baliza-de-futebol-interativa-e-eletronica-kick-point\/combinacoes-de-jogo\/remate-ao-desconto\/#breadcrumb\"},\"inLanguage\":\"pt-BR\",\"potentialAction\":[{\"@type\":\"ReadAction\",\"target\":[\"https:\/\/www.kick-point.com\/pt-br\/baliza-de-futebol-interativa-e-eletronica-kick-point\/combinacoes-de-jogo\/remate-ao-desconto\/\"]}]},{\"@type\":\"ImageObject\",\"inLanguage\":\"pt-BR\",\"@id\":\"https:\/\/www.kick-point.com\/pt-br\/baliza-de-futebol-interativa-e-eletronica-kick-point\/combinacoes-de-jogo\/remate-ao-desconto\/#primaryimage\",\"url\":\"https:\/\/www.kick-point.com\/wp-content\/uploads\/rabatt-kick.jpg\",\"contentUrl\":\"https:\/\/www.kick-point.com\/wp-content\/uploads\/rabatt-kick.jpg\"},{\"@type\":\"BreadcrumbList\",\"@id\":\"https:\/\/www.kick-point.com\/pt-br\/baliza-de-futebol-interativa-e-eletronica-kick-point\/combinacoes-de-jogo\/remate-ao-desconto\/#breadcrumb\",\"itemListElement\":[{\"@type\":\"ListItem\",\"position\":1,\"name\":\"Baliza de futebol interativa e eletr\u00f3nica Kick-Point\",\"item\":\"https:\/\/www.kick-point.com\/pt-br\/baliza-de-futebol-interativa-e-eletronica-kick-point\/\"},{\"@type\":\"ListItem\",\"position\":2,\"name\":\"Variantes de jogos\",\"item\":\"https:\/\/www.kick-point.com\/pt-br\/baliza-de-futebol-interativa-e-eletronica-kick-point\/combinacoes-de-jogo\/\"},{\"@type\":\"ListItem\",\"position\":3,\"name\":\"Remate ao desconto\"}]},{\"@type\":\"WebSite\",\"@id\":\"https:\/\/www.kick-point.com\/de\/#website\",\"url\":\"https:\/\/www.kick-point.com\/de\/\",\"name\":\"Kick-Point\",\"description\":\"Events und Event-Module rund um das elektronische Fu\u00dfballtor\",\"potentialAction\":[{\"@type\":\"SearchAction\",\"target\":{\"@type\":\"EntryPoint\",\"urlTemplate\":\"https:\/\/www.kick-point.com\/de\/?s={search_term_string}\"},\"query-input\":\"required name=search_term_string\"}],\"inLanguage\":\"pt-BR\"}]}<\/script>\n<!-- \/ Yoast SEO plugin. -->","yoast_head_json":{"title":"Remate ao desconto","robots":{"index":"index","follow":"follow","max-snippet":"max-snippet:-1","max-image-preview":"max-image-preview:large","max-video-preview":"max-video-preview:-1"},"canonical":"https:\/\/www.kick-point.com\/pt-br\/baliza-de-futebol-interativa-e-eletronica-kick-point\/combinacoes-de-jogo\/remate-ao-desconto\/","og_locale":"pt_BR","og_type":"article","og_title":"Remate ao desconto","og_description":"Deixe o cliente rematar o seu pr\u00f3prio desconto. O jogador acerta numa taxa de desconto o mais elevada poss\u00edvel no Kick-Point, com 3 remates, que lhe permite a compra de produtos mais baratos. O cup\u00e3o adequado, \u00e9 impresso diretamente pelo computador do Kick-Point no certificado do jogador.","og_url":"https:\/\/www.kick-point.com\/pt-br\/baliza-de-futebol-interativa-e-eletronica-kick-point\/combinacoes-de-jogo\/remate-ao-desconto\/","og_site_name":"Kick-Point","article_modified_time":"2016-10-14T11:33:17+00:00","og_image":[{"url":"https:\/\/www.kick-point.com\/wp-content\/uploads\/rabatt-kick.jpg"}],"schema":{"@context":"https:\/\/schema.org","@graph":[{"@type":"WebPage","@id":"https:\/\/www.kick-point.com\/pt-br\/baliza-de-futebol-interativa-e-eletronica-kick-point\/combinacoes-de-jogo\/remate-ao-desconto\/","url":"https:\/\/www.kick-point.com\/pt-br\/baliza-de-futebol-interativa-e-eletronica-kick-point\/combinacoes-de-jogo\/remate-ao-desconto\/","name":"Remate ao desconto","isPartOf":{"@id":"https:\/\/www.kick-point.com\/de\/#website"},"primaryImageOfPage":{"@id":"https:\/\/www.kick-point.com\/pt-br\/baliza-de-futebol-interativa-e-eletronica-kick-point\/combinacoes-de-jogo\/remate-ao-desconto\/#primaryimage"},"image":{"@id":"https:\/\/www.kick-point.com\/pt-br\/baliza-de-futebol-interativa-e-eletronica-kick-point\/combinacoes-de-jogo\/remate-ao-desconto\/#primaryimage"},"thumbnailUrl":"https:\/\/www.kick-point.com\/wp-content\/uploads\/rabatt-kick.jpg","datePublished":"2014-03-20T09:46:40+00:00","dateModified":"2016-10-14T11:33:17+00:00","breadcrumb":{"@id":"https:\/\/www.kick-point.com\/pt-br\/baliza-de-futebol-interativa-e-eletronica-kick-point\/combinacoes-de-jogo\/remate-ao-desconto\/#breadcrumb"},"inLanguage":"pt-BR","potentialAction":[{"@type":"ReadAction","target":["https:\/\/www.kick-point.com\/pt-br\/baliza-de-futebol-interativa-e-eletronica-kick-point\/combinacoes-de-jogo\/remate-ao-desconto\/"]}]},{"@type":"ImageObject","inLanguage":"pt-BR","@id":"https:\/\/www.kick-point.com\/pt-br\/baliza-de-futebol-interativa-e-eletronica-kick-point\/combinacoes-de-jogo\/remate-ao-desconto\/#primaryimage","url":"https:\/\/www.kick-point.com\/wp-content\/uploads\/rabatt-kick.jpg","contentUrl":"https:\/\/www.kick-point.com\/wp-content\/uploads\/rabatt-kick.jpg"},{"@type":"BreadcrumbList","@id":"https:\/\/www.kick-point.com\/pt-br\/baliza-de-futebol-interativa-e-eletronica-kick-point\/combinacoes-de-jogo\/remate-ao-desconto\/#breadcrumb","itemListElement":[{"@type":"ListItem","position":1,"name":"Baliza de futebol interativa e eletr\u00f3nica Kick-Point","item":"https:\/\/www.kick-point.com\/pt-br\/baliza-de-futebol-interativa-e-eletronica-kick-point\/"},{"@type":"ListItem","position":2,"name":"Variantes de jogos","item":"https:\/\/www.kick-point.com\/pt-br\/baliza-de-futebol-interativa-e-eletronica-kick-point\/combinacoes-de-jogo\/"},{"@type":"ListItem","position":3,"name":"Remate ao desconto"}]},{"@type":"WebSite","@id":"https:\/\/www.kick-point.com\/de\/#website","url":"https:\/\/www.kick-point.com\/de\/","name":"Kick-Point","description":"Events und Event-Module rund um das elektronische Fu\u00dfballtor","potentialAction":[{"@type":"SearchAction","target":{"@type":"EntryPoint","urlTemplate":"https:\/\/www.kick-point.com\/de\/?s={search_term_string}"},"query-input":"required name=search_term_string"}],"inLanguage":"pt-BR"}]}},"_links":{"self":[{"href":"https:\/\/www.kick-point.com\/pt-br\/wp-json\/wp\/v2\/pages\/8740","targetHints":{"allow":["GET"]}}],"collection":[{"href":"https:\/\/www.kick-point.com\/pt-br\/wp-json\/wp\/v2\/pages"}],"about":[{"href":"https:\/\/www.kick-point.com\/pt-br\/wp-json\/wp\/v2\/types\/page"}],"author":[{"embeddable":true,"href":"https:\/\/www.kick-point.com\/pt-br\/wp-json\/wp\/v2\/users\/12"}],"replies":[{"embeddable":true,"href":"https:\/\/www.kick-point.com\/pt-br\/wp-json\/wp\/v2\/comments?post=8740"}],"version-history":[{"count":1,"href":"https:\/\/www.kick-point.com\/pt-br\/wp-json\/wp\/v2\/pages\/8740\/revisions"}],"predecessor-version":[{"id":67144,"href":"https:\/\/www.kick-point.com\/pt-br\/wp-json\/wp\/v2\/pages\/8740\/revisions\/67144"}],"up":[{"embeddable":true,"href":"https:\/\/www.kick-point.com\/pt-br\/wp-json\/wp\/v2\/pages\/3046"}],"wp:attachment":[{"href":"https:\/\/www.kick-point.com\/pt-br\/wp-json\/wp\/v2\/media?parent=8740"}],"curies":[{"name":"wp","href":"https:\/\/api.w.org\/{rel}","templated":true}]}}