{"id":8737,"date":"2014-03-20T10:43:57","date_gmt":"2014-03-20T09:43:57","guid":{"rendered":"https:\/\/www.kick-point.com\/?page_id=8737"},"modified":"2016-10-14T13:32:14","modified_gmt":"2016-10-14T11:32:14","slug":"remate-pergunta-o-remate-com-perguntas-e-respostas","status":"publish","type":"page","link":"https:\/\/www.kick-point.com\/pt-br\/baliza-de-futebol-interativa-e-eletronica-kick-point\/combinacoes-de-jogo\/remate-pergunta-o-remate-com-perguntas-e-respostas\/","title":{"rendered":"Remate \u00e0 pergunta &#8211; O remate com perguntas e respostas"},"content":{"rendered":"<p><a href=\"https:\/\/www.kick-point.com\/wp-content\/uploads\/quiz-kick.jpg\"><img loading=\"lazy\" decoding=\"async\" class=\"alignright size-medium wp-image-66883\" alt=\"KickQuiz\" src=\"https:\/\/www.kick-point.com\/wp-content\/uploads\/\/quiz-kick-660x495.jpg\" width=\"660\" height=\"495\" srcset=\"https:\/\/www.kick-point.com\/wp-content\/uploads\/quiz-kick-660x495.jpg 660w, https:\/\/www.kick-point.com\/wp-content\/uploads\/quiz-kick.jpg 1024w\" sizes=\"auto, (max-width: 660px) 100vw, 660px\" \/><\/a>No remate \u00e0 pergunta combinamos o local do remate (entretenimento) com um jogo de perguntas (educa\u00e7\u00e3o) para um jogo de Edutenimento\u00a0.<\/p>\n<p>No momento em que um jogador acertar num determinado s\u00edmbolo na baliza, surge no ecr\u00e3 uma pergunta com v\u00e1rias op\u00e7\u00f5es de resposta. Se o jogador responder corretamente \u00e0 pergunta colocada, duplicam os pontos acertados por ele. As perguntas s\u00e3o livremente selecion\u00e1veis e podem ter uma liga\u00e7\u00e3o ao futebol, \u00e0 empresa ou a outros conte\u00fados.<\/p>\n","protected":false},"excerpt":{"rendered":"<p>No remate \u00e0 pergunta combinamos o local do remate (entretenimento) com um jogo de perguntas (educa\u00e7\u00e3o) para um jogo de Edutenimento\u00a0. No momento em que um jogador acertar num determinado s\u00edmbolo na baliza, surge no ecr\u00e3 uma pergunta com v\u00e1rias op\u00e7\u00f5es de resposta. Se o jogador responder corretamente \u00e0 pergunta colocada, duplicam os pontos acertados [&hellip;]<\/p>\n","protected":false},"author":12,"featured_media":0,"parent":3046,"menu_order":0,"comment_status":"closed","ping_status":"closed","template":"","meta":{"footnotes":""},"class_list":["post-8737","page","type-page","status-publish","hentry"],"yoast_head":"<!-- This site is optimized with the Yoast SEO plugin v22.8 - https:\/\/yoast.com\/wordpress\/plugins\/seo\/ -->\n<title>Remate \u00e0 pergunta - O remate com perguntas e respostas<\/title>\n<meta name=\"robots\" content=\"index, follow, max-snippet:-1, max-image-preview:large, max-video-preview:-1\" \/>\n<link rel=\"canonical\" href=\"https:\/\/www.kick-point.com\/pt-br\/baliza-de-futebol-interativa-e-eletronica-kick-point\/combinacoes-de-jogo\/remate-pergunta-o-remate-com-perguntas-e-respostas\/\" \/>\n<meta property=\"og:locale\" content=\"pt_BR\" \/>\n<meta property=\"og:type\" content=\"article\" \/>\n<meta property=\"og:title\" content=\"Remate \u00e0 pergunta - O remate com perguntas e respostas\" \/>\n<meta property=\"og:description\" content=\"No remate \u00e0 pergunta combinamos o local do remate (entretenimento) com um jogo de perguntas (educa\u00e7\u00e3o) para um jogo de Edutenimento\u00a0. No momento em que um jogador acertar num determinado s\u00edmbolo na baliza, surge no ecr\u00e3 uma pergunta com v\u00e1rias op\u00e7\u00f5es de resposta. Se o jogador responder corretamente \u00e0 pergunta colocada, duplicam os pontos acertados [&hellip;]\" \/>\n<meta property=\"og:url\" content=\"https:\/\/www.kick-point.com\/pt-br\/baliza-de-futebol-interativa-e-eletronica-kick-point\/combinacoes-de-jogo\/remate-pergunta-o-remate-com-perguntas-e-respostas\/\" \/>\n<meta property=\"og:site_name\" content=\"Kick-Point\" \/>\n<meta property=\"article:modified_time\" content=\"2016-10-14T11:32:14+00:00\" \/>\n<meta property=\"og:image\" content=\"https:\/\/www.kick-point.com\/wp-content\/uploads\/\/quiz-kick-660x495.jpg\" \/>\n<script type=\"application\/ld+json\" class=\"yoast-schema-graph\">{\"@context\":\"https:\/\/schema.org\",\"@graph\":[{\"@type\":\"WebPage\",\"@id\":\"https:\/\/www.kick-point.com\/pt-br\/baliza-de-futebol-interativa-e-eletronica-kick-point\/combinacoes-de-jogo\/remate-pergunta-o-remate-com-perguntas-e-respostas\/\",\"url\":\"https:\/\/www.kick-point.com\/pt-br\/baliza-de-futebol-interativa-e-eletronica-kick-point\/combinacoes-de-jogo\/remate-pergunta-o-remate-com-perguntas-e-respostas\/\",\"name\":\"Remate \u00e0 pergunta - O remate com perguntas e respostas\",\"isPartOf\":{\"@id\":\"https:\/\/www.kick-point.com\/de\/#website\"},\"primaryImageOfPage\":{\"@id\":\"https:\/\/www.kick-point.com\/pt-br\/baliza-de-futebol-interativa-e-eletronica-kick-point\/combinacoes-de-jogo\/remate-pergunta-o-remate-com-perguntas-e-respostas\/#primaryimage\"},\"image\":{\"@id\":\"https:\/\/www.kick-point.com\/pt-br\/baliza-de-futebol-interativa-e-eletronica-kick-point\/combinacoes-de-jogo\/remate-pergunta-o-remate-com-perguntas-e-respostas\/#primaryimage\"},\"thumbnailUrl\":\"https:\/\/www.kick-point.com\/wp-content\/uploads\/\/quiz-kick-660x495.jpg\",\"datePublished\":\"2014-03-20T09:43:57+00:00\",\"dateModified\":\"2016-10-14T11:32:14+00:00\",\"breadcrumb\":{\"@id\":\"https:\/\/www.kick-point.com\/pt-br\/baliza-de-futebol-interativa-e-eletronica-kick-point\/combinacoes-de-jogo\/remate-pergunta-o-remate-com-perguntas-e-respostas\/#breadcrumb\"},\"inLanguage\":\"pt-BR\",\"potentialAction\":[{\"@type\":\"ReadAction\",\"target\":[\"https:\/\/www.kick-point.com\/pt-br\/baliza-de-futebol-interativa-e-eletronica-kick-point\/combinacoes-de-jogo\/remate-pergunta-o-remate-com-perguntas-e-respostas\/\"]}]},{\"@type\":\"ImageObject\",\"inLanguage\":\"pt-BR\",\"@id\":\"https:\/\/www.kick-point.com\/pt-br\/baliza-de-futebol-interativa-e-eletronica-kick-point\/combinacoes-de-jogo\/remate-pergunta-o-remate-com-perguntas-e-respostas\/#primaryimage\",\"url\":\"https:\/\/www.kick-point.com\/wp-content\/uploads\/\/quiz-kick-660x495.jpg\",\"contentUrl\":\"https:\/\/www.kick-point.com\/wp-content\/uploads\/\/quiz-kick-660x495.jpg\"},{\"@type\":\"BreadcrumbList\",\"@id\":\"https:\/\/www.kick-point.com\/pt-br\/baliza-de-futebol-interativa-e-eletronica-kick-point\/combinacoes-de-jogo\/remate-pergunta-o-remate-com-perguntas-e-respostas\/#breadcrumb\",\"itemListElement\":[{\"@type\":\"ListItem\",\"position\":1,\"name\":\"Baliza de futebol interativa e eletr\u00f3nica Kick-Point\",\"item\":\"https:\/\/www.kick-point.com\/pt-br\/baliza-de-futebol-interativa-e-eletronica-kick-point\/\"},{\"@type\":\"ListItem\",\"position\":2,\"name\":\"Variantes de jogos\",\"item\":\"https:\/\/www.kick-point.com\/pt-br\/baliza-de-futebol-interativa-e-eletronica-kick-point\/combinacoes-de-jogo\/\"},{\"@type\":\"ListItem\",\"position\":3,\"name\":\"Remate \u00e0 pergunta &#8211; O remate com perguntas e respostas\"}]},{\"@type\":\"WebSite\",\"@id\":\"https:\/\/www.kick-point.com\/de\/#website\",\"url\":\"https:\/\/www.kick-point.com\/de\/\",\"name\":\"Kick-Point\",\"description\":\"Events und Event-Module rund um das elektronische Fu\u00dfballtor\",\"potentialAction\":[{\"@type\":\"SearchAction\",\"target\":{\"@type\":\"EntryPoint\",\"urlTemplate\":\"https:\/\/www.kick-point.com\/de\/?s={search_term_string}\"},\"query-input\":\"required name=search_term_string\"}],\"inLanguage\":\"pt-BR\"}]}<\/script>\n<!-- \/ Yoast SEO plugin. -->","yoast_head_json":{"title":"Remate \u00e0 pergunta - O remate com perguntas e respostas","robots":{"index":"index","follow":"follow","max-snippet":"max-snippet:-1","max-image-preview":"max-image-preview:large","max-video-preview":"max-video-preview:-1"},"canonical":"https:\/\/www.kick-point.com\/pt-br\/baliza-de-futebol-interativa-e-eletronica-kick-point\/combinacoes-de-jogo\/remate-pergunta-o-remate-com-perguntas-e-respostas\/","og_locale":"pt_BR","og_type":"article","og_title":"Remate \u00e0 pergunta - O remate com perguntas e respostas","og_description":"No remate \u00e0 pergunta combinamos o local do remate (entretenimento) com um jogo de perguntas (educa\u00e7\u00e3o) para um jogo de Edutenimento\u00a0. No momento em que um jogador acertar num determinado s\u00edmbolo na baliza, surge no ecr\u00e3 uma pergunta com v\u00e1rias op\u00e7\u00f5es de resposta. Se o jogador responder corretamente \u00e0 pergunta colocada, duplicam os pontos acertados [&hellip;]","og_url":"https:\/\/www.kick-point.com\/pt-br\/baliza-de-futebol-interativa-e-eletronica-kick-point\/combinacoes-de-jogo\/remate-pergunta-o-remate-com-perguntas-e-respostas\/","og_site_name":"Kick-Point","article_modified_time":"2016-10-14T11:32:14+00:00","og_image":[{"url":"https:\/\/www.kick-point.com\/wp-content\/uploads\/\/quiz-kick-660x495.jpg"}],"schema":{"@context":"https:\/\/schema.org","@graph":[{"@type":"WebPage","@id":"https:\/\/www.kick-point.com\/pt-br\/baliza-de-futebol-interativa-e-eletronica-kick-point\/combinacoes-de-jogo\/remate-pergunta-o-remate-com-perguntas-e-respostas\/","url":"https:\/\/www.kick-point.com\/pt-br\/baliza-de-futebol-interativa-e-eletronica-kick-point\/combinacoes-de-jogo\/remate-pergunta-o-remate-com-perguntas-e-respostas\/","name":"Remate \u00e0 pergunta - O remate com perguntas e respostas","isPartOf":{"@id":"https:\/\/www.kick-point.com\/de\/#website"},"primaryImageOfPage":{"@id":"https:\/\/www.kick-point.com\/pt-br\/baliza-de-futebol-interativa-e-eletronica-kick-point\/combinacoes-de-jogo\/remate-pergunta-o-remate-com-perguntas-e-respostas\/#primaryimage"},"image":{"@id":"https:\/\/www.kick-point.com\/pt-br\/baliza-de-futebol-interativa-e-eletronica-kick-point\/combinacoes-de-jogo\/remate-pergunta-o-remate-com-perguntas-e-respostas\/#primaryimage"},"thumbnailUrl":"https:\/\/www.kick-point.com\/wp-content\/uploads\/\/quiz-kick-660x495.jpg","datePublished":"2014-03-20T09:43:57+00:00","dateModified":"2016-10-14T11:32:14+00:00","breadcrumb":{"@id":"https:\/\/www.kick-point.com\/pt-br\/baliza-de-futebol-interativa-e-eletronica-kick-point\/combinacoes-de-jogo\/remate-pergunta-o-remate-com-perguntas-e-respostas\/#breadcrumb"},"inLanguage":"pt-BR","potentialAction":[{"@type":"ReadAction","target":["https:\/\/www.kick-point.com\/pt-br\/baliza-de-futebol-interativa-e-eletronica-kick-point\/combinacoes-de-jogo\/remate-pergunta-o-remate-com-perguntas-e-respostas\/"]}]},{"@type":"ImageObject","inLanguage":"pt-BR","@id":"https:\/\/www.kick-point.com\/pt-br\/baliza-de-futebol-interativa-e-eletronica-kick-point\/combinacoes-de-jogo\/remate-pergunta-o-remate-com-perguntas-e-respostas\/#primaryimage","url":"https:\/\/www.kick-point.com\/wp-content\/uploads\/\/quiz-kick-660x495.jpg","contentUrl":"https:\/\/www.kick-point.com\/wp-content\/uploads\/\/quiz-kick-660x495.jpg"},{"@type":"BreadcrumbList","@id":"https:\/\/www.kick-point.com\/pt-br\/baliza-de-futebol-interativa-e-eletronica-kick-point\/combinacoes-de-jogo\/remate-pergunta-o-remate-com-perguntas-e-respostas\/#breadcrumb","itemListElement":[{"@type":"ListItem","position":1,"name":"Baliza de futebol interativa e eletr\u00f3nica Kick-Point","item":"https:\/\/www.kick-point.com\/pt-br\/baliza-de-futebol-interativa-e-eletronica-kick-point\/"},{"@type":"ListItem","position":2,"name":"Variantes de jogos","item":"https:\/\/www.kick-point.com\/pt-br\/baliza-de-futebol-interativa-e-eletronica-kick-point\/combinacoes-de-jogo\/"},{"@type":"ListItem","position":3,"name":"Remate \u00e0 pergunta &#8211; O remate com perguntas e respostas"}]},{"@type":"WebSite","@id":"https:\/\/www.kick-point.com\/de\/#website","url":"https:\/\/www.kick-point.com\/de\/","name":"Kick-Point","description":"Events und Event-Module rund um das elektronische Fu\u00dfballtor","potentialAction":[{"@type":"SearchAction","target":{"@type":"EntryPoint","urlTemplate":"https:\/\/www.kick-point.com\/de\/?s={search_term_string}"},"query-input":"required name=search_term_string"}],"inLanguage":"pt-BR"}]}},"_links":{"self":[{"href":"https:\/\/www.kick-point.com\/pt-br\/wp-json\/wp\/v2\/pages\/8737","targetHints":{"allow":["GET"]}}],"collection":[{"href":"https:\/\/www.kick-point.com\/pt-br\/wp-json\/wp\/v2\/pages"}],"about":[{"href":"https:\/\/www.kick-point.com\/pt-br\/wp-json\/wp\/v2\/types\/page"}],"author":[{"embeddable":true,"href":"https:\/\/www.kick-point.com\/pt-br\/wp-json\/wp\/v2\/users\/12"}],"replies":[{"embeddable":true,"href":"https:\/\/www.kick-point.com\/pt-br\/wp-json\/wp\/v2\/comments?post=8737"}],"version-history":[{"count":1,"href":"https:\/\/www.kick-point.com\/pt-br\/wp-json\/wp\/v2\/pages\/8737\/revisions"}],"predecessor-version":[{"id":67143,"href":"https:\/\/www.kick-point.com\/pt-br\/wp-json\/wp\/v2\/pages\/8737\/revisions\/67143"}],"up":[{"embeddable":true,"href":"https:\/\/www.kick-point.com\/pt-br\/wp-json\/wp\/v2\/pages\/3046"}],"wp:attachment":[{"href":"https:\/\/www.kick-point.com\/pt-br\/wp-json\/wp\/v2\/media?parent=8737"}],"curies":[{"name":"wp","href":"https:\/\/api.w.org\/{rel}","templated":true}]}}