{"id":8687,"date":"2014-03-20T10:05:50","date_gmt":"2014-03-20T09:05:50","guid":{"rendered":"https:\/\/www.kick-point.com\/?page_id=8687"},"modified":"2016-10-14T13:17:16","modified_gmt":"2016-10-14T11:17:16","slug":"ligacao-evento-e-internet","status":"publish","type":"page","link":"https:\/\/www.kick-point.com\/pt-br\/baliza-de-futebol-interativa-e-eletronica-kick-point\/online\/ligacao-evento-e-internet\/","title":{"rendered":"Liga\u00e7\u00e3o Evento e Internet"},"content":{"rendered":"<p><a href=\"https:\/\/www.kick-point.com\/wp-content\/uploads\/kick_point_011.jpg\"><img loading=\"lazy\" decoding=\"async\" class=\"alignright size-full wp-image-3580\" alt=\"kick_point_01\" src=\"https:\/\/www.kick-point.com\/wp-content\/uploads\/kick_point_011.jpg\" width=\"550\" height=\"411\" \/><\/a>Kick-Point tem um caracter de multim\u00e9dia &#8211; todos os dados do jogo e do jogador podem ser editados posteriormente na Internet. A participa\u00e7\u00e3o no Kick-Point n\u00e3o \u00e9 o final, pois os dados (Highscore, participantes\u2026) podem ser disponibilizados na Internet ap\u00f3s terminar o jogo ou mesmo em tempo real. Aqui, ap\u00f3s a sua participa\u00e7\u00e3o, cada jogador encontra uma tabela com todos os participantes e pode consultar como se saiu em compara\u00e7\u00e3o com os outros jogadores.<br \/>\nOs participantes jovens utilizar\u00e3o de forma entusiasmada as possibilidades da Internet. A p\u00e1gina da Internet pode ser adaptada por completo ao Look &amp; Feel de uma marca. A utiliza\u00e7\u00e3o das <a title=\"Liga\u00e7\u00e3o Evento e Facebook\" href=\"https:\/\/www.kick-point.com\/pt-br\/baliza-de-futebol-interativa-e-eletronica-kick-point\/online\/ligacao-evento-e-facebook\/\">plataformas de m\u00e9dia social<\/a> s\u00e3o um atrativo especial para qualquer organizador, pois podem ser utilizadas atrav\u00e9s de plugins m\u00f3veis do software Kick-Point.<\/p>\n<p>&nbsp;<\/p>\n","protected":false},"excerpt":{"rendered":"<p>Kick-Point tem um caracter de multim\u00e9dia &#8211; todos os dados do jogo e do jogador podem ser editados posteriormente na Internet. A participa\u00e7\u00e3o no Kick-Point n\u00e3o \u00e9 o final, pois os dados (Highscore, participantes\u2026) podem ser disponibilizados na Internet ap\u00f3s terminar o jogo ou mesmo em tempo real. Aqui, ap\u00f3s a sua participa\u00e7\u00e3o, cada jogador [&hellip;]<\/p>\n","protected":false},"author":12,"featured_media":0,"parent":8683,"menu_order":0,"comment_status":"closed","ping_status":"closed","template":"","meta":{"footnotes":""},"class_list":["post-8687","page","type-page","status-publish","hentry"],"yoast_head":"<!-- This site is optimized with the Yoast SEO plugin v22.8 - https:\/\/yoast.com\/wordpress\/plugins\/seo\/ -->\n<title>Liga\u00e7\u00e3o Evento e Internet<\/title>\n<meta name=\"robots\" content=\"index, follow, max-snippet:-1, max-image-preview:large, max-video-preview:-1\" \/>\n<link rel=\"canonical\" href=\"https:\/\/www.kick-point.com\/pt-br\/baliza-de-futebol-interativa-e-eletronica-kick-point\/online\/ligacao-evento-e-internet\/\" \/>\n<meta property=\"og:locale\" content=\"pt_BR\" \/>\n<meta property=\"og:type\" content=\"article\" \/>\n<meta property=\"og:title\" content=\"Liga\u00e7\u00e3o Evento e Internet\" \/>\n<meta property=\"og:description\" content=\"Kick-Point tem um caracter de multim\u00e9dia &#8211; todos os dados do jogo e do jogador podem ser editados posteriormente na Internet. A participa\u00e7\u00e3o no Kick-Point n\u00e3o \u00e9 o final, pois os dados (Highscore, participantes\u2026) podem ser disponibilizados na Internet ap\u00f3s terminar o jogo ou mesmo em tempo real. Aqui, ap\u00f3s a sua participa\u00e7\u00e3o, cada jogador [&hellip;]\" \/>\n<meta property=\"og:url\" content=\"https:\/\/www.kick-point.com\/pt-br\/baliza-de-futebol-interativa-e-eletronica-kick-point\/online\/ligacao-evento-e-internet\/\" \/>\n<meta property=\"og:site_name\" content=\"Kick-Point\" \/>\n<meta property=\"article:modified_time\" content=\"2016-10-14T11:17:16+00:00\" \/>\n<meta property=\"og:image\" content=\"https:\/\/www.kick-point.com\/wp-content\/uploads\/kick_point_011.jpg\" \/>\n<meta name=\"twitter:label1\" content=\"Est. tempo de leitura\" \/>\n\t<meta name=\"twitter:data1\" content=\"1 minuto\" \/>\n<script type=\"application\/ld+json\" class=\"yoast-schema-graph\">{\"@context\":\"https:\/\/schema.org\",\"@graph\":[{\"@type\":\"WebPage\",\"@id\":\"https:\/\/www.kick-point.com\/pt-br\/baliza-de-futebol-interativa-e-eletronica-kick-point\/online\/ligacao-evento-e-internet\/\",\"url\":\"https:\/\/www.kick-point.com\/pt-br\/baliza-de-futebol-interativa-e-eletronica-kick-point\/online\/ligacao-evento-e-internet\/\",\"name\":\"Liga\u00e7\u00e3o Evento e Internet\",\"isPartOf\":{\"@id\":\"https:\/\/www.kick-point.com\/de\/#website\"},\"primaryImageOfPage\":{\"@id\":\"https:\/\/www.kick-point.com\/pt-br\/baliza-de-futebol-interativa-e-eletronica-kick-point\/online\/ligacao-evento-e-internet\/#primaryimage\"},\"image\":{\"@id\":\"https:\/\/www.kick-point.com\/pt-br\/baliza-de-futebol-interativa-e-eletronica-kick-point\/online\/ligacao-evento-e-internet\/#primaryimage\"},\"thumbnailUrl\":\"https:\/\/www.kick-point.com\/wp-content\/uploads\/kick_point_011.jpg\",\"datePublished\":\"2014-03-20T09:05:50+00:00\",\"dateModified\":\"2016-10-14T11:17:16+00:00\",\"breadcrumb\":{\"@id\":\"https:\/\/www.kick-point.com\/pt-br\/baliza-de-futebol-interativa-e-eletronica-kick-point\/online\/ligacao-evento-e-internet\/#breadcrumb\"},\"inLanguage\":\"pt-BR\",\"potentialAction\":[{\"@type\":\"ReadAction\",\"target\":[\"https:\/\/www.kick-point.com\/pt-br\/baliza-de-futebol-interativa-e-eletronica-kick-point\/online\/ligacao-evento-e-internet\/\"]}]},{\"@type\":\"ImageObject\",\"inLanguage\":\"pt-BR\",\"@id\":\"https:\/\/www.kick-point.com\/pt-br\/baliza-de-futebol-interativa-e-eletronica-kick-point\/online\/ligacao-evento-e-internet\/#primaryimage\",\"url\":\"https:\/\/www.kick-point.com\/wp-content\/uploads\/kick_point_011.jpg\",\"contentUrl\":\"https:\/\/www.kick-point.com\/wp-content\/uploads\/kick_point_011.jpg\"},{\"@type\":\"BreadcrumbList\",\"@id\":\"https:\/\/www.kick-point.com\/pt-br\/baliza-de-futebol-interativa-e-eletronica-kick-point\/online\/ligacao-evento-e-internet\/#breadcrumb\",\"itemListElement\":[{\"@type\":\"ListItem\",\"position\":1,\"name\":\"Baliza de futebol interativa e eletr\u00f3nica Kick-Point\",\"item\":\"https:\/\/www.kick-point.com\/pt-br\/baliza-de-futebol-interativa-e-eletronica-kick-point\/\"},{\"@type\":\"ListItem\",\"position\":2,\"name\":\"Online\",\"item\":\"https:\/\/www.kick-point.com\/pt-br\/baliza-de-futebol-interativa-e-eletronica-kick-point\/online\/\"},{\"@type\":\"ListItem\",\"position\":3,\"name\":\"Liga\u00e7\u00e3o Evento e Internet\"}]},{\"@type\":\"WebSite\",\"@id\":\"https:\/\/www.kick-point.com\/de\/#website\",\"url\":\"https:\/\/www.kick-point.com\/de\/\",\"name\":\"Kick-Point\",\"description\":\"Events und Event-Module rund um das elektronische Fu\u00dfballtor\",\"potentialAction\":[{\"@type\":\"SearchAction\",\"target\":{\"@type\":\"EntryPoint\",\"urlTemplate\":\"https:\/\/www.kick-point.com\/de\/?s={search_term_string}\"},\"query-input\":\"required name=search_term_string\"}],\"inLanguage\":\"pt-BR\"}]}<\/script>\n<!-- \/ Yoast SEO plugin. -->","yoast_head_json":{"title":"Liga\u00e7\u00e3o Evento e Internet","robots":{"index":"index","follow":"follow","max-snippet":"max-snippet:-1","max-image-preview":"max-image-preview:large","max-video-preview":"max-video-preview:-1"},"canonical":"https:\/\/www.kick-point.com\/pt-br\/baliza-de-futebol-interativa-e-eletronica-kick-point\/online\/ligacao-evento-e-internet\/","og_locale":"pt_BR","og_type":"article","og_title":"Liga\u00e7\u00e3o Evento e Internet","og_description":"Kick-Point tem um caracter de multim\u00e9dia &#8211; todos os dados do jogo e do jogador podem ser editados posteriormente na Internet. A participa\u00e7\u00e3o no Kick-Point n\u00e3o \u00e9 o final, pois os dados (Highscore, participantes\u2026) podem ser disponibilizados na Internet ap\u00f3s terminar o jogo ou mesmo em tempo real. Aqui, ap\u00f3s a sua participa\u00e7\u00e3o, cada jogador [&hellip;]","og_url":"https:\/\/www.kick-point.com\/pt-br\/baliza-de-futebol-interativa-e-eletronica-kick-point\/online\/ligacao-evento-e-internet\/","og_site_name":"Kick-Point","article_modified_time":"2016-10-14T11:17:16+00:00","og_image":[{"url":"https:\/\/www.kick-point.com\/wp-content\/uploads\/kick_point_011.jpg"}],"twitter_misc":{"Est. tempo de leitura":"1 minuto"},"schema":{"@context":"https:\/\/schema.org","@graph":[{"@type":"WebPage","@id":"https:\/\/www.kick-point.com\/pt-br\/baliza-de-futebol-interativa-e-eletronica-kick-point\/online\/ligacao-evento-e-internet\/","url":"https:\/\/www.kick-point.com\/pt-br\/baliza-de-futebol-interativa-e-eletronica-kick-point\/online\/ligacao-evento-e-internet\/","name":"Liga\u00e7\u00e3o Evento e Internet","isPartOf":{"@id":"https:\/\/www.kick-point.com\/de\/#website"},"primaryImageOfPage":{"@id":"https:\/\/www.kick-point.com\/pt-br\/baliza-de-futebol-interativa-e-eletronica-kick-point\/online\/ligacao-evento-e-internet\/#primaryimage"},"image":{"@id":"https:\/\/www.kick-point.com\/pt-br\/baliza-de-futebol-interativa-e-eletronica-kick-point\/online\/ligacao-evento-e-internet\/#primaryimage"},"thumbnailUrl":"https:\/\/www.kick-point.com\/wp-content\/uploads\/kick_point_011.jpg","datePublished":"2014-03-20T09:05:50+00:00","dateModified":"2016-10-14T11:17:16+00:00","breadcrumb":{"@id":"https:\/\/www.kick-point.com\/pt-br\/baliza-de-futebol-interativa-e-eletronica-kick-point\/online\/ligacao-evento-e-internet\/#breadcrumb"},"inLanguage":"pt-BR","potentialAction":[{"@type":"ReadAction","target":["https:\/\/www.kick-point.com\/pt-br\/baliza-de-futebol-interativa-e-eletronica-kick-point\/online\/ligacao-evento-e-internet\/"]}]},{"@type":"ImageObject","inLanguage":"pt-BR","@id":"https:\/\/www.kick-point.com\/pt-br\/baliza-de-futebol-interativa-e-eletronica-kick-point\/online\/ligacao-evento-e-internet\/#primaryimage","url":"https:\/\/www.kick-point.com\/wp-content\/uploads\/kick_point_011.jpg","contentUrl":"https:\/\/www.kick-point.com\/wp-content\/uploads\/kick_point_011.jpg"},{"@type":"BreadcrumbList","@id":"https:\/\/www.kick-point.com\/pt-br\/baliza-de-futebol-interativa-e-eletronica-kick-point\/online\/ligacao-evento-e-internet\/#breadcrumb","itemListElement":[{"@type":"ListItem","position":1,"name":"Baliza de futebol interativa e eletr\u00f3nica Kick-Point","item":"https:\/\/www.kick-point.com\/pt-br\/baliza-de-futebol-interativa-e-eletronica-kick-point\/"},{"@type":"ListItem","position":2,"name":"Online","item":"https:\/\/www.kick-point.com\/pt-br\/baliza-de-futebol-interativa-e-eletronica-kick-point\/online\/"},{"@type":"ListItem","position":3,"name":"Liga\u00e7\u00e3o Evento e Internet"}]},{"@type":"WebSite","@id":"https:\/\/www.kick-point.com\/de\/#website","url":"https:\/\/www.kick-point.com\/de\/","name":"Kick-Point","description":"Events und Event-Module rund um das elektronische Fu\u00dfballtor","potentialAction":[{"@type":"SearchAction","target":{"@type":"EntryPoint","urlTemplate":"https:\/\/www.kick-point.com\/de\/?s={search_term_string}"},"query-input":"required name=search_term_string"}],"inLanguage":"pt-BR"}]}},"_links":{"self":[{"href":"https:\/\/www.kick-point.com\/pt-br\/wp-json\/wp\/v2\/pages\/8687","targetHints":{"allow":["GET"]}}],"collection":[{"href":"https:\/\/www.kick-point.com\/pt-br\/wp-json\/wp\/v2\/pages"}],"about":[{"href":"https:\/\/www.kick-point.com\/pt-br\/wp-json\/wp\/v2\/types\/page"}],"author":[{"embeddable":true,"href":"https:\/\/www.kick-point.com\/pt-br\/wp-json\/wp\/v2\/users\/12"}],"replies":[{"embeddable":true,"href":"https:\/\/www.kick-point.com\/pt-br\/wp-json\/wp\/v2\/comments?post=8687"}],"version-history":[{"count":1,"href":"https:\/\/www.kick-point.com\/pt-br\/wp-json\/wp\/v2\/pages\/8687\/revisions"}],"predecessor-version":[{"id":67130,"href":"https:\/\/www.kick-point.com\/pt-br\/wp-json\/wp\/v2\/pages\/8687\/revisions\/67130"}],"up":[{"embeddable":true,"href":"https:\/\/www.kick-point.com\/pt-br\/wp-json\/wp\/v2\/pages\/8683"}],"wp:attachment":[{"href":"https:\/\/www.kick-point.com\/pt-br\/wp-json\/wp\/v2\/media?parent=8687"}],"curies":[{"name":"wp","href":"https:\/\/api.w.org\/{rel}","templated":true}]}}