{"id":8685,"date":"2014-03-20T10:04:06","date_gmt":"2014-03-20T09:04:06","guid":{"rendered":"https:\/\/www.kick-point.com\/?page_id=8685"},"modified":"2014-03-20T10:04:06","modified_gmt":"2014-03-20T09:04:06","slug":"ligacao-evento-e-facebook","status":"publish","type":"page","link":"https:\/\/www.kick-point.com\/pt-br\/baliza-de-futebol-interativa-e-eletronica-kick-point\/online\/ligacao-evento-e-facebook\/","title":{"rendered":"Liga\u00e7\u00e3o Evento e Facebook"},"content":{"rendered":"<p><a href=\"https:\/\/www.kick-point.com\/wp-content\/uploads\/punkteschiessen-online.jpg\"><img loading=\"lazy\" decoding=\"async\" class=\"alignright size-full wp-image-4949\" alt=\"punkteschiessen-online\" src=\"https:\/\/www.kick-point.com\/wp-content\/uploads\/punkteschiessen-online.jpg\" width=\"253\" height=\"450\" \/><\/a><a href=\"https:\/\/www.kick-point.com\/wp-content\/uploads\/Screenshot_2013-11-20-10-38-42.jpg\"><img loading=\"lazy\" decoding=\"async\" class=\"alignright size-full wp-image-5526\" alt=\"Screenshot_2013-11-20-10-38-42\" src=\"https:\/\/www.kick-point.com\/wp-content\/uploads\/Screenshot_2013-11-20-10-38-42.jpg\" width=\"253\" height=\"450\" \/><\/a><\/p>\n<p>Incorpore as redes de dados m\u00f3veis (telem\u00f3veis) no evento. O software do \u00a0Kick-Point oferece a possibilidade de transferir os dados do jogo e dos jogadores e a intera\u00e7\u00e3o com a pr\u00f3pria comunidade em tempo real ainda durante o evento!<\/p>\n<p>Por este motivo, os jogadores podem, por um lado, aceder diretamente \u00e0 sua localiza\u00e7\u00e3o e partilhar onde est\u00e3o com a comunidade e Cia. no Facebook, assim que tenham\u00a0chegado.<\/p>\n<p>&nbsp;<\/p>\n<p>&nbsp;<\/p>\n","protected":false},"excerpt":{"rendered":"<p>Incorpore as redes de dados m\u00f3veis (telem\u00f3veis) no evento. O software do \u00a0Kick-Point oferece a possibilidade de transferir os dados do jogo e dos jogadores e a intera\u00e7\u00e3o com a pr\u00f3pria comunidade em tempo real ainda durante o evento! Por este motivo, os jogadores podem, por um lado, aceder diretamente \u00e0 sua localiza\u00e7\u00e3o e partilhar [&hellip;]<\/p>\n","protected":false},"author":12,"featured_media":0,"parent":8683,"menu_order":0,"comment_status":"closed","ping_status":"closed","template":"","meta":{"footnotes":""},"class_list":["post-8685","page","type-page","status-publish","hentry"],"yoast_head":"<!-- This site is optimized with the Yoast SEO plugin v22.8 - https:\/\/yoast.com\/wordpress\/plugins\/seo\/ -->\n<title>Liga\u00e7\u00e3o Evento e Facebook<\/title>\n<meta name=\"robots\" content=\"index, follow, max-snippet:-1, max-image-preview:large, max-video-preview:-1\" \/>\n<link rel=\"canonical\" href=\"https:\/\/www.kick-point.com\/pt-br\/baliza-de-futebol-interativa-e-eletronica-kick-point\/online\/ligacao-evento-e-facebook\/\" \/>\n<meta property=\"og:locale\" content=\"pt_BR\" \/>\n<meta property=\"og:type\" content=\"article\" \/>\n<meta property=\"og:title\" content=\"Liga\u00e7\u00e3o Evento e Facebook\" \/>\n<meta property=\"og:description\" content=\"Incorpore as redes de dados m\u00f3veis (telem\u00f3veis) no evento. O software do \u00a0Kick-Point oferece a possibilidade de transferir os dados do jogo e dos jogadores e a intera\u00e7\u00e3o com a pr\u00f3pria comunidade em tempo real ainda durante o evento! Por este motivo, os jogadores podem, por um lado, aceder diretamente \u00e0 sua localiza\u00e7\u00e3o e partilhar [&hellip;]\" \/>\n<meta property=\"og:url\" content=\"https:\/\/www.kick-point.com\/pt-br\/baliza-de-futebol-interativa-e-eletronica-kick-point\/online\/ligacao-evento-e-facebook\/\" \/>\n<meta property=\"og:site_name\" content=\"Kick-Point\" \/>\n<meta property=\"og:image\" content=\"https:\/\/www.kick-point.com\/wp-content\/uploads\/punkteschiessen-online.jpg\" \/>\n<script type=\"application\/ld+json\" class=\"yoast-schema-graph\">{\"@context\":\"https:\/\/schema.org\",\"@graph\":[{\"@type\":\"WebPage\",\"@id\":\"https:\/\/www.kick-point.com\/pt-br\/baliza-de-futebol-interativa-e-eletronica-kick-point\/online\/ligacao-evento-e-facebook\/\",\"url\":\"https:\/\/www.kick-point.com\/pt-br\/baliza-de-futebol-interativa-e-eletronica-kick-point\/online\/ligacao-evento-e-facebook\/\",\"name\":\"Liga\u00e7\u00e3o Evento e Facebook\",\"isPartOf\":{\"@id\":\"https:\/\/www.kick-point.com\/de\/#website\"},\"primaryImageOfPage\":{\"@id\":\"https:\/\/www.kick-point.com\/pt-br\/baliza-de-futebol-interativa-e-eletronica-kick-point\/online\/ligacao-evento-e-facebook\/#primaryimage\"},\"image\":{\"@id\":\"https:\/\/www.kick-point.com\/pt-br\/baliza-de-futebol-interativa-e-eletronica-kick-point\/online\/ligacao-evento-e-facebook\/#primaryimage\"},\"thumbnailUrl\":\"https:\/\/www.kick-point.com\/wp-content\/uploads\/punkteschiessen-online.jpg\",\"datePublished\":\"2014-03-20T09:04:06+00:00\",\"dateModified\":\"2014-03-20T09:04:06+00:00\",\"breadcrumb\":{\"@id\":\"https:\/\/www.kick-point.com\/pt-br\/baliza-de-futebol-interativa-e-eletronica-kick-point\/online\/ligacao-evento-e-facebook\/#breadcrumb\"},\"inLanguage\":\"pt-BR\",\"potentialAction\":[{\"@type\":\"ReadAction\",\"target\":[\"https:\/\/www.kick-point.com\/pt-br\/baliza-de-futebol-interativa-e-eletronica-kick-point\/online\/ligacao-evento-e-facebook\/\"]}]},{\"@type\":\"ImageObject\",\"inLanguage\":\"pt-BR\",\"@id\":\"https:\/\/www.kick-point.com\/pt-br\/baliza-de-futebol-interativa-e-eletronica-kick-point\/online\/ligacao-evento-e-facebook\/#primaryimage\",\"url\":\"https:\/\/www.kick-point.com\/wp-content\/uploads\/punkteschiessen-online.jpg\",\"contentUrl\":\"https:\/\/www.kick-point.com\/wp-content\/uploads\/punkteschiessen-online.jpg\"},{\"@type\":\"BreadcrumbList\",\"@id\":\"https:\/\/www.kick-point.com\/pt-br\/baliza-de-futebol-interativa-e-eletronica-kick-point\/online\/ligacao-evento-e-facebook\/#breadcrumb\",\"itemListElement\":[{\"@type\":\"ListItem\",\"position\":1,\"name\":\"Baliza de futebol interativa e eletr\u00f3nica Kick-Point\",\"item\":\"https:\/\/www.kick-point.com\/pt-br\/baliza-de-futebol-interativa-e-eletronica-kick-point\/\"},{\"@type\":\"ListItem\",\"position\":2,\"name\":\"Online\",\"item\":\"https:\/\/www.kick-point.com\/pt-br\/baliza-de-futebol-interativa-e-eletronica-kick-point\/online\/\"},{\"@type\":\"ListItem\",\"position\":3,\"name\":\"Liga\u00e7\u00e3o Evento e Facebook\"}]},{\"@type\":\"WebSite\",\"@id\":\"https:\/\/www.kick-point.com\/de\/#website\",\"url\":\"https:\/\/www.kick-point.com\/de\/\",\"name\":\"Kick-Point\",\"description\":\"Events und Event-Module rund um das elektronische Fu\u00dfballtor\",\"potentialAction\":[{\"@type\":\"SearchAction\",\"target\":{\"@type\":\"EntryPoint\",\"urlTemplate\":\"https:\/\/www.kick-point.com\/de\/?s={search_term_string}\"},\"query-input\":\"required name=search_term_string\"}],\"inLanguage\":\"pt-BR\"}]}<\/script>\n<!-- \/ Yoast SEO plugin. -->","yoast_head_json":{"title":"Liga\u00e7\u00e3o Evento e Facebook","robots":{"index":"index","follow":"follow","max-snippet":"max-snippet:-1","max-image-preview":"max-image-preview:large","max-video-preview":"max-video-preview:-1"},"canonical":"https:\/\/www.kick-point.com\/pt-br\/baliza-de-futebol-interativa-e-eletronica-kick-point\/online\/ligacao-evento-e-facebook\/","og_locale":"pt_BR","og_type":"article","og_title":"Liga\u00e7\u00e3o Evento e Facebook","og_description":"Incorpore as redes de dados m\u00f3veis (telem\u00f3veis) no evento. O software do \u00a0Kick-Point oferece a possibilidade de transferir os dados do jogo e dos jogadores e a intera\u00e7\u00e3o com a pr\u00f3pria comunidade em tempo real ainda durante o evento! Por este motivo, os jogadores podem, por um lado, aceder diretamente \u00e0 sua localiza\u00e7\u00e3o e partilhar [&hellip;]","og_url":"https:\/\/www.kick-point.com\/pt-br\/baliza-de-futebol-interativa-e-eletronica-kick-point\/online\/ligacao-evento-e-facebook\/","og_site_name":"Kick-Point","og_image":[{"url":"https:\/\/www.kick-point.com\/wp-content\/uploads\/punkteschiessen-online.jpg"}],"schema":{"@context":"https:\/\/schema.org","@graph":[{"@type":"WebPage","@id":"https:\/\/www.kick-point.com\/pt-br\/baliza-de-futebol-interativa-e-eletronica-kick-point\/online\/ligacao-evento-e-facebook\/","url":"https:\/\/www.kick-point.com\/pt-br\/baliza-de-futebol-interativa-e-eletronica-kick-point\/online\/ligacao-evento-e-facebook\/","name":"Liga\u00e7\u00e3o Evento e Facebook","isPartOf":{"@id":"https:\/\/www.kick-point.com\/de\/#website"},"primaryImageOfPage":{"@id":"https:\/\/www.kick-point.com\/pt-br\/baliza-de-futebol-interativa-e-eletronica-kick-point\/online\/ligacao-evento-e-facebook\/#primaryimage"},"image":{"@id":"https:\/\/www.kick-point.com\/pt-br\/baliza-de-futebol-interativa-e-eletronica-kick-point\/online\/ligacao-evento-e-facebook\/#primaryimage"},"thumbnailUrl":"https:\/\/www.kick-point.com\/wp-content\/uploads\/punkteschiessen-online.jpg","datePublished":"2014-03-20T09:04:06+00:00","dateModified":"2014-03-20T09:04:06+00:00","breadcrumb":{"@id":"https:\/\/www.kick-point.com\/pt-br\/baliza-de-futebol-interativa-e-eletronica-kick-point\/online\/ligacao-evento-e-facebook\/#breadcrumb"},"inLanguage":"pt-BR","potentialAction":[{"@type":"ReadAction","target":["https:\/\/www.kick-point.com\/pt-br\/baliza-de-futebol-interativa-e-eletronica-kick-point\/online\/ligacao-evento-e-facebook\/"]}]},{"@type":"ImageObject","inLanguage":"pt-BR","@id":"https:\/\/www.kick-point.com\/pt-br\/baliza-de-futebol-interativa-e-eletronica-kick-point\/online\/ligacao-evento-e-facebook\/#primaryimage","url":"https:\/\/www.kick-point.com\/wp-content\/uploads\/punkteschiessen-online.jpg","contentUrl":"https:\/\/www.kick-point.com\/wp-content\/uploads\/punkteschiessen-online.jpg"},{"@type":"BreadcrumbList","@id":"https:\/\/www.kick-point.com\/pt-br\/baliza-de-futebol-interativa-e-eletronica-kick-point\/online\/ligacao-evento-e-facebook\/#breadcrumb","itemListElement":[{"@type":"ListItem","position":1,"name":"Baliza de futebol interativa e eletr\u00f3nica Kick-Point","item":"https:\/\/www.kick-point.com\/pt-br\/baliza-de-futebol-interativa-e-eletronica-kick-point\/"},{"@type":"ListItem","position":2,"name":"Online","item":"https:\/\/www.kick-point.com\/pt-br\/baliza-de-futebol-interativa-e-eletronica-kick-point\/online\/"},{"@type":"ListItem","position":3,"name":"Liga\u00e7\u00e3o Evento e Facebook"}]},{"@type":"WebSite","@id":"https:\/\/www.kick-point.com\/de\/#website","url":"https:\/\/www.kick-point.com\/de\/","name":"Kick-Point","description":"Events und Event-Module rund um das elektronische Fu\u00dfballtor","potentialAction":[{"@type":"SearchAction","target":{"@type":"EntryPoint","urlTemplate":"https:\/\/www.kick-point.com\/de\/?s={search_term_string}"},"query-input":"required name=search_term_string"}],"inLanguage":"pt-BR"}]}},"_links":{"self":[{"href":"https:\/\/www.kick-point.com\/pt-br\/wp-json\/wp\/v2\/pages\/8685","targetHints":{"allow":["GET"]}}],"collection":[{"href":"https:\/\/www.kick-point.com\/pt-br\/wp-json\/wp\/v2\/pages"}],"about":[{"href":"https:\/\/www.kick-point.com\/pt-br\/wp-json\/wp\/v2\/types\/page"}],"author":[{"embeddable":true,"href":"https:\/\/www.kick-point.com\/pt-br\/wp-json\/wp\/v2\/users\/12"}],"replies":[{"embeddable":true,"href":"https:\/\/www.kick-point.com\/pt-br\/wp-json\/wp\/v2\/comments?post=8685"}],"version-history":[{"count":0,"href":"https:\/\/www.kick-point.com\/pt-br\/wp-json\/wp\/v2\/pages\/8685\/revisions"}],"up":[{"embeddable":true,"href":"https:\/\/www.kick-point.com\/pt-br\/wp-json\/wp\/v2\/pages\/8683"}],"wp:attachment":[{"href":"https:\/\/www.kick-point.com\/pt-br\/wp-json\/wp\/v2\/media?parent=8685"}],"curies":[{"name":"wp","href":"https:\/\/api.w.org\/{rel}","templated":true}]}}