{"id":3435,"date":"2012-10-30T15:24:54","date_gmt":"2012-10-30T13:24:54","guid":{"rendered":"http:\/\/s174678280.online.de\/?page_id=3435"},"modified":"2012-10-30T15:24:54","modified_gmt":"2012-10-30T13:24:54","slug":"para-clubes","status":"publish","type":"page","link":"https:\/\/www.kick-point.com\/pt-br\/para-clubes\/","title":{"rendered":"&#8230; para clubes"},"content":{"rendered":"<h2>A attracao para o seu turneio de futebol ou festa de verao.<br \/>\nCom Kick-Point voce offerce uma esperiencia in\u00e9dita de futebol.<\/h2>\n<h3 style=\"border:none;\">Voce esta a procura da attracao certa para os grandes e pequenos? Voce quer incluir os patriocinadores e os apoiantes do clube?<\/h3>\n<p>A resposta do Kick-Point \u00e9 sim! Esta attracao cumpre todos estes requisitos.<\/p>\n<h3>Para todas localidades a baliza certa<\/h3>\n<p><img loading=\"lazy\" decoding=\"async\" class=\"alignleft size-thumbnail wp-image-448\" src=\"\/wp-content\/uploads\/MD5O5099-246x185.jpg\" alt=\"Kick-Point Torwand \" width=\"246\" height=\"185\" \/><br \/>\nA baliza electr\u00f3nica esta dispon\u00edvel em cinco differentes tamahnos (XS, S, M, L e XL) para eventos indoor e outdoor. Nenhuma \u00e0rea e demasiado grande ou pequeno para ganhar os ad\u00e9ptos e os patriocinadores com o Kick-Point. O Kick-Point \u00e9 rapido montado e pronto para jogar. A nossa equipa toma cuidado durante todo o evento do Kick-Point para voce ter tempo para os seus deveres importantes.<br class=\"clear\" \/><\/p>\n<h3>Definicao do alvo e repeticao do remate no ecra<\/h3>\n<p><img loading=\"lazy\" decoding=\"async\" class=\"alignright size-full wp-image-449\" src=\"\/wp-content\/uploads\/DSCF0219.jpg\" alt=\"Torwand kickpoint\" width=\"246\" height=\"185\" \/><br \/>\nTodos os expectadores podem ver o jogo ao vivo desde um grande ecra. O ecra em combinacao com a baliza criem o systema patentado de Kick-Point. O ecra mostre os alvos definidos por meio de uma baliza virtual, que o jogador tem de acertar na baliza real desde o ponto de penalty. A software interactiva possibilita a ligacao de logot\u00edpos, graficos, nummeros, videoclips ou soundclips dos seu patriocinadores.<\/p>\n<h3>Technica e divercao<\/h3>\n<p><img loading=\"lazy\" decoding=\"async\" class=\"alignleft size-full wp-image-450\" src=\"\/wp-content\/uploads\/DSCF0217.jpg\" alt=\"Tor schie\u00dfen kickpoint\" width=\"246\" height=\"185\" \/><br \/>\nA habilidade technica, a divercao e o desafio sao marcantes para os adeptos do clube. O mais importante no Kick-Point nao \u00e9 a velocidade do remate, mas sim a habilidade do jogador! Depois de ter escolhido seu alvo no ecra, o jogador tente acertar o seu alvo na baliza real. Depois de cada remate surge uma repeticao e uma avaliacao do remate no ecra. Como conlusao cada jogador recebe um certificado do sistema, que pode ser constituido livremente.<br class=\"clear\" \/><\/p>\n<h3>Publicidade de banners na baliza<\/h3>\n<p><img loading=\"lazy\" decoding=\"async\" class=\"alignright size-full wp-image-451\" src=\"\/wp-content\/uploads\/IMG_4882.jpg\" alt=\"Tor w\u00e4nde kickpoint\" width=\"246\" height=\"185\" \/><br \/>\nAo criar o epaco do jogo e o ambiente do Kick-Point h\u00e1 muitas possibilidades, por exemplo banners ou inflatables a volta da area do jogo, ou outras zonas de publicidade de atr\u00e1s da baliza que podem tamber ser uma forma de refinanciar o evento. Estas possibilidades encatam os patriocinadores. Tamb\u00e9m aqui nao h\u00e1 limites para a sua fantasia. O grande entusiasmo vividos no Kick-Point convencem rapido.<\/p>\n<h3>Kick-Point beim TuS-Norderney<\/h3>\n<div class=\"BorlabsCookie _brlbs-cb-youtube\">\n<div class=\"_brlbs-content-blocker\">\n<div class=\"_brlbs-embed _brlbs-video-youtube\"> <img decoding=\"async\" class=\"_brlbs-thumbnail\" src=\"https:\/\/www.kick-point.com\/wp-content\/plugins\/borlabs-cookie\/assets\/images\/cb-no-thumbnail.png\" alt=\"YouTube\"> <\/p>\n<div class=\"_brlbs-caption\">\n<p>Mit dem Laden des Videos akzeptieren Sie die Datenschutzerkl\u00e4rung von YouTube.<br \/><a href=\"https:\/\/policies.google.com\/privacy\" target=\"_blank\" rel=\"nofollow noopener noreferrer\">Mehr erfahren<\/a><\/p>\n<p><a class=\"_brlbs-btn _brlbs-icon-play-white\" href=\"#\" data-borlabs-cookie-unblock role=\"button\">Video laden<\/a><\/p>\n<p><label><input type=\"checkbox\" name=\"unblockAll\" value=\"1\" checked> <small>YouTube immer entsperren<\/small><\/label><\/p>\n<\/p><\/div>\n<\/p><\/div>\n<\/p><\/div>\n<div class=\"borlabs-hide\" data-borlabs-cookie-type=\"content-blocker\" data-borlabs-cookie-id=\"youtube\"><script type=\"text\/template\">PGRpdiBjbGFzcz0nYXZpYS1pZnJhbWUtd3JhcCc+PGlmcmFtZSB3aWR0aD0iMTMzMyIgaGVpZ2h0PSIxMDAwIiBzcmM9Imh0dHBzOi8vd3d3LnlvdXR1YmUtbm9jb29raWUuY29tL2VtYmVkL3pEZ2dTTUhTZ3ZrP2ZlYXR1cmU9b2VtYmVkIiBmcmFtZWJvcmRlcj0iMCIgYWxsb3c9ImFjY2VsZXJvbWV0ZXI7IGF1dG9wbGF5OyBlbmNyeXB0ZWQtbWVkaWE7IGd5cm9zY29wZTsgcGljdHVyZS1pbi1waWN0dXJlIiBhbGxvd2Z1bGxzY3JlZW4+PC9pZnJhbWU+PC9kaXY+<\/script><\/div>\n<\/div>\n","protected":false},"excerpt":{"rendered":"<p>A attracao para o seu turneio de futebol ou festa de verao. Com Kick-Point voce offerce uma esperiencia in\u00e9dita de futebol. Voce esta a procura da attracao certa para os grandes e pequenos? Voce quer incluir os patriocinadores e os apoiantes do clube? A resposta do Kick-Point \u00e9 sim! Esta attracao cumpre todos estes requisitos. [&hellip;]<\/p>\n","protected":false},"author":12,"featured_media":0,"parent":0,"menu_order":9999,"comment_status":"closed","ping_status":"closed","template":"","meta":{"footnotes":""},"class_list":["post-3435","page","type-page","status-publish","hentry"],"yoast_head":"<!-- This site is optimized with the Yoast SEO plugin v22.8 - https:\/\/yoast.com\/wordpress\/plugins\/seo\/ -->\n<title>... para clubes<\/title>\n<meta name=\"robots\" content=\"index, follow, max-snippet:-1, max-image-preview:large, max-video-preview:-1\" \/>\n<link rel=\"canonical\" href=\"https:\/\/www.kick-point.com\/pt-br\/para-clubes\/\" \/>\n<meta property=\"og:locale\" content=\"pt_BR\" \/>\n<meta property=\"og:type\" content=\"article\" \/>\n<meta property=\"og:title\" content=\"... para clubes\" \/>\n<meta property=\"og:description\" content=\"A attracao para o seu turneio de futebol ou festa de verao. Com Kick-Point voce offerce uma esperiencia in\u00e9dita de futebol. Voce esta a procura da attracao certa para os grandes e pequenos? Voce quer incluir os patriocinadores e os apoiantes do clube? A resposta do Kick-Point \u00e9 sim! Esta attracao cumpre todos estes requisitos. [&hellip;]\" \/>\n<meta property=\"og:url\" content=\"https:\/\/www.kick-point.com\/pt-br\/para-clubes\/\" \/>\n<meta property=\"og:site_name\" content=\"Kick-Point\" \/>\n<meta property=\"og:image\" content=\"https:\/\/www.kick-point.com\/wp-content\/uploads\/MD5O5099-246x185.jpg\" \/>\n<meta name=\"twitter:label1\" content=\"Est. tempo de leitura\" \/>\n\t<meta name=\"twitter:data1\" content=\"2 minutos\" \/>\n<script type=\"application\/ld+json\" class=\"yoast-schema-graph\">{\"@context\":\"https:\/\/schema.org\",\"@graph\":[{\"@type\":\"WebPage\",\"@id\":\"https:\/\/www.kick-point.com\/pt-br\/para-clubes\/\",\"url\":\"https:\/\/www.kick-point.com\/pt-br\/para-clubes\/\",\"name\":\"... para clubes\",\"isPartOf\":{\"@id\":\"https:\/\/www.kick-point.com\/de\/#website\"},\"datePublished\":\"2012-10-30T13:24:54+00:00\",\"dateModified\":\"2012-10-30T13:24:54+00:00\",\"inLanguage\":\"pt-BR\",\"potentialAction\":[{\"@type\":\"ReadAction\",\"target\":[\"https:\/\/www.kick-point.com\/pt-br\/para-clubes\/\"]}]},{\"@type\":\"WebSite\",\"@id\":\"https:\/\/www.kick-point.com\/de\/#website\",\"url\":\"https:\/\/www.kick-point.com\/de\/\",\"name\":\"Kick-Point\",\"description\":\"Events und Event-Module rund um das elektronische Fu\u00dfballtor\",\"potentialAction\":[{\"@type\":\"SearchAction\",\"target\":{\"@type\":\"EntryPoint\",\"urlTemplate\":\"https:\/\/www.kick-point.com\/de\/?s={search_term_string}\"},\"query-input\":\"required name=search_term_string\"}],\"inLanguage\":\"pt-BR\"}]}<\/script>\n<!-- \/ Yoast SEO plugin. -->","yoast_head_json":{"title":"... para clubes","robots":{"index":"index","follow":"follow","max-snippet":"max-snippet:-1","max-image-preview":"max-image-preview:large","max-video-preview":"max-video-preview:-1"},"canonical":"https:\/\/www.kick-point.com\/pt-br\/para-clubes\/","og_locale":"pt_BR","og_type":"article","og_title":"... para clubes","og_description":"A attracao para o seu turneio de futebol ou festa de verao. Com Kick-Point voce offerce uma esperiencia in\u00e9dita de futebol. Voce esta a procura da attracao certa para os grandes e pequenos? Voce quer incluir os patriocinadores e os apoiantes do clube? A resposta do Kick-Point \u00e9 sim! Esta attracao cumpre todos estes requisitos. [&hellip;]","og_url":"https:\/\/www.kick-point.com\/pt-br\/para-clubes\/","og_site_name":"Kick-Point","og_image":[{"url":"https:\/\/www.kick-point.com\/wp-content\/uploads\/MD5O5099-246x185.jpg"}],"twitter_misc":{"Est. tempo de leitura":"2 minutos"},"schema":{"@context":"https:\/\/schema.org","@graph":[{"@type":"WebPage","@id":"https:\/\/www.kick-point.com\/pt-br\/para-clubes\/","url":"https:\/\/www.kick-point.com\/pt-br\/para-clubes\/","name":"... para clubes","isPartOf":{"@id":"https:\/\/www.kick-point.com\/de\/#website"},"datePublished":"2012-10-30T13:24:54+00:00","dateModified":"2012-10-30T13:24:54+00:00","inLanguage":"pt-BR","potentialAction":[{"@type":"ReadAction","target":["https:\/\/www.kick-point.com\/pt-br\/para-clubes\/"]}]},{"@type":"WebSite","@id":"https:\/\/www.kick-point.com\/de\/#website","url":"https:\/\/www.kick-point.com\/de\/","name":"Kick-Point","description":"Events und Event-Module rund um das elektronische Fu\u00dfballtor","potentialAction":[{"@type":"SearchAction","target":{"@type":"EntryPoint","urlTemplate":"https:\/\/www.kick-point.com\/de\/?s={search_term_string}"},"query-input":"required name=search_term_string"}],"inLanguage":"pt-BR"}]}},"_links":{"self":[{"href":"https:\/\/www.kick-point.com\/pt-br\/wp-json\/wp\/v2\/pages\/3435","targetHints":{"allow":["GET"]}}],"collection":[{"href":"https:\/\/www.kick-point.com\/pt-br\/wp-json\/wp\/v2\/pages"}],"about":[{"href":"https:\/\/www.kick-point.com\/pt-br\/wp-json\/wp\/v2\/types\/page"}],"author":[{"embeddable":true,"href":"https:\/\/www.kick-point.com\/pt-br\/wp-json\/wp\/v2\/users\/12"}],"replies":[{"embeddable":true,"href":"https:\/\/www.kick-point.com\/pt-br\/wp-json\/wp\/v2\/comments?post=3435"}],"version-history":[{"count":0,"href":"https:\/\/www.kick-point.com\/pt-br\/wp-json\/wp\/v2\/pages\/3435\/revisions"}],"wp:attachment":[{"href":"https:\/\/www.kick-point.com\/pt-br\/wp-json\/wp\/v2\/media?parent=3435"}],"curies":[{"name":"wp","href":"https:\/\/api.w.org\/{rel}","templated":true}]}}