{"id":3429,"date":"2012-10-30T15:19:53","date_gmt":"2012-10-30T13:19:53","guid":{"rendered":"http:\/\/s174678280.online.de\/?page_id=3429"},"modified":"2012-10-30T15:19:53","modified_gmt":"2012-10-30T13:19:53","slug":"para-empresas","status":"publish","type":"page","link":"https:\/\/www.kick-point.com\/pt-br\/para-empresas\/","title":{"rendered":"\u2026 para empresas"},"content":{"rendered":"<h2>Tire proveito de Kick-Point<\/h2>\n<h3 style=\"border:none;\">Voce quer apresentar um novo produto por meio de uma Roadshow? Voce procure uma atraccao futebolistica que attrai os seus clientes? Voce nescessita uma nova area que representa a sua nova marca? Uma ligacao ao internet seria uma vantagoso?<\/h3>\n<p>Sim, \u00e9 a resposta de Kick-Point a todas estas questoes \u2013 Kick-Point consegue cumprir todas estas tarefas.<\/p>\n<h3>Para todas localidades a baliza certa<\/h3>\n<p><img loading=\"lazy\" decoding=\"async\" class=\"alignleft size-full wp-image-386\" src=\"\/wp-content\/uploads\/fuer-unternehmen-01-800.jpg\" alt=\"fuer-unternehmen-01-800\" width=\"246\" height=\"185\" \/><br \/>\nA baliza electr\u00f3nica esta dispon\u00edvel em cinco differentes tamahnos (XS, S, M, L e XL) para eventos indoor e outdoor. Nenhuma \u00e0rea e demasiado grande ou pequeno para o Kick-Point. O Kick-Point \u00e9 rapido montado. A t\u00e9chnica \u00e9 rapido e facil de instalar. S\u00f3 \u00e9 preciso de breve instroccao!<\/p>\n<h3>Definicao do alvo e repeticao no ecra<\/h3>\n<p><img loading=\"lazy\" decoding=\"async\" class=\"alignright size-full wp-image-387\" src=\"\/wp-content\/uploads\/skytv_summer_05-800.jpg\" alt=\"skytv_summer_05-800\" width=\"246\" height=\"185\" \/><br \/>\nO jogo pode ser visto por outros espectadores por meio de um ecra. O ecra em combinacao com a baliza criem o systema patentado de Kick-Point. O ecra mostre os alvos definidos por meio de uma baliza virtual, que o jogador tem de acertar na baliza real. Os gr\u00e1ficos podem ser constituidos por nummeros, imagens ou logot\u00edpos. A software interactiva offerece muito spaco para a pr\u00f3pia criatividade, desta maneira pode implementar filmes, animacoes, sons&#8230; tudo nao \u00e9 problema!<\/p>\n<h3>Divercao e technica<\/h3>\n<p><img loading=\"lazy\" decoding=\"async\" class=\"alignleft size-full wp-image-388\" src=\"\/wp-content\/uploads\/fuer-unternehmen-02-800.jpg\" alt=\"fuer-unternehmen-02-800\" width=\"246\" height=\"185\" \/><br \/>\nA habilidade technica, a divercao e o desafio sao marcantes para o jogador. O mais importante no Kick-Point nao \u00e9 a velocidade do remate, mas sim a habilidade. Depois de jogador ter escolhido o seu alvo no ecra, ele tenta acertar neste na baliza real. Ao fim de cada remate o jogador recebe uma valiacao.<\/p>\n<h3>Um certificado para confirmar o desempenho<\/h3>\n<p><img loading=\"lazy\" decoding=\"async\" class=\"alignright size-full wp-image-389\" src=\"\/wp-content\/uploads\/fuer-unternehmen-04-800.jpg\" alt=\"fuer-unternehmen-04-800\" width=\"246\" height=\"185\" \/><br \/>\nAo fim do jogo o jogador recebe um certifcado ou um vale directamente do sistema. Voce tem addicionalmente a possibilidade de mandar os datos do jogardor a internet. Desta maneira voce pode usar estas datas para outras accoes na internet. Ao criar o epaco do jogo e o ambiente do Kick-Point h\u00e1 muitas possibilidades, por exemplo banners ou inflatables a volta da area do jogo, ou outras zonas de publicidade de atr\u00e1s da baliza. Tamb\u00e9m aqui nao h\u00e1 limites para a sua fantasia. O grande entusiasmo vividos no Kick-Point convencem rapido.<\/p>\n<p>http:\/\/youtube\/vzSCuJl7BmA<\/p>\n<p><br class=\"clear\" \/><\/p>\n","protected":false},"excerpt":{"rendered":"<p>Tire proveito de Kick-Point Voce quer apresentar um novo produto por meio de uma Roadshow? Voce procure uma atraccao futebolistica que attrai os seus clientes? Voce nescessita uma nova area que representa a sua nova marca? Uma ligacao ao internet seria uma vantagoso? Sim, \u00e9 a resposta de Kick-Point a todas estas questoes \u2013 Kick-Point [&hellip;]<\/p>\n","protected":false},"author":12,"featured_media":0,"parent":0,"menu_order":9999,"comment_status":"closed","ping_status":"closed","template":"","meta":{"footnotes":""},"class_list":["post-3429","page","type-page","status-publish","hentry"],"yoast_head":"<!-- This site is optimized with the Yoast SEO plugin v22.8 - https:\/\/yoast.com\/wordpress\/plugins\/seo\/ -->\n<title>\u2026 para empresas<\/title>\n<meta name=\"robots\" content=\"index, follow, max-snippet:-1, max-image-preview:large, max-video-preview:-1\" \/>\n<link rel=\"canonical\" href=\"https:\/\/www.kick-point.com\/pt-br\/para-empresas\/\" \/>\n<meta property=\"og:locale\" content=\"pt_BR\" \/>\n<meta property=\"og:type\" content=\"article\" \/>\n<meta property=\"og:title\" content=\"\u2026 para empresas\" \/>\n<meta property=\"og:description\" content=\"Tire proveito de Kick-Point Voce quer apresentar um novo produto por meio de uma Roadshow? Voce procure uma atraccao futebolistica que attrai os seus clientes? Voce nescessita uma nova area que representa a sua nova marca? Uma ligacao ao internet seria uma vantagoso? Sim, \u00e9 a resposta de Kick-Point a todas estas questoes \u2013 Kick-Point [&hellip;]\" \/>\n<meta property=\"og:url\" content=\"https:\/\/www.kick-point.com\/pt-br\/para-empresas\/\" \/>\n<meta property=\"og:site_name\" content=\"Kick-Point\" \/>\n<meta property=\"og:image\" content=\"https:\/\/www.kick-point.com\/wp-content\/uploads\/fuer-unternehmen-01-800.jpg\" \/>\n<meta name=\"twitter:label1\" content=\"Est. tempo de leitura\" \/>\n\t<meta name=\"twitter:data1\" content=\"2 minutos\" \/>\n<script type=\"application\/ld+json\" class=\"yoast-schema-graph\">{\"@context\":\"https:\/\/schema.org\",\"@graph\":[{\"@type\":\"WebPage\",\"@id\":\"https:\/\/www.kick-point.com\/pt-br\/para-empresas\/\",\"url\":\"https:\/\/www.kick-point.com\/pt-br\/para-empresas\/\",\"name\":\"\u2026 para empresas\",\"isPartOf\":{\"@id\":\"https:\/\/www.kick-point.com\/de\/#website\"},\"datePublished\":\"2012-10-30T13:19:53+00:00\",\"dateModified\":\"2012-10-30T13:19:53+00:00\",\"inLanguage\":\"pt-BR\",\"potentialAction\":[{\"@type\":\"ReadAction\",\"target\":[\"https:\/\/www.kick-point.com\/pt-br\/para-empresas\/\"]}]},{\"@type\":\"WebSite\",\"@id\":\"https:\/\/www.kick-point.com\/de\/#website\",\"url\":\"https:\/\/www.kick-point.com\/de\/\",\"name\":\"Kick-Point\",\"description\":\"Events und Event-Module rund um das elektronische Fu\u00dfballtor\",\"potentialAction\":[{\"@type\":\"SearchAction\",\"target\":{\"@type\":\"EntryPoint\",\"urlTemplate\":\"https:\/\/www.kick-point.com\/de\/?s={search_term_string}\"},\"query-input\":\"required name=search_term_string\"}],\"inLanguage\":\"pt-BR\"}]}<\/script>\n<!-- \/ Yoast SEO plugin. -->","yoast_head_json":{"title":"\u2026 para empresas","robots":{"index":"index","follow":"follow","max-snippet":"max-snippet:-1","max-image-preview":"max-image-preview:large","max-video-preview":"max-video-preview:-1"},"canonical":"https:\/\/www.kick-point.com\/pt-br\/para-empresas\/","og_locale":"pt_BR","og_type":"article","og_title":"\u2026 para empresas","og_description":"Tire proveito de Kick-Point Voce quer apresentar um novo produto por meio de uma Roadshow? Voce procure uma atraccao futebolistica que attrai os seus clientes? Voce nescessita uma nova area que representa a sua nova marca? Uma ligacao ao internet seria uma vantagoso? Sim, \u00e9 a resposta de Kick-Point a todas estas questoes \u2013 Kick-Point [&hellip;]","og_url":"https:\/\/www.kick-point.com\/pt-br\/para-empresas\/","og_site_name":"Kick-Point","og_image":[{"url":"https:\/\/www.kick-point.com\/wp-content\/uploads\/fuer-unternehmen-01-800.jpg"}],"twitter_misc":{"Est. tempo de leitura":"2 minutos"},"schema":{"@context":"https:\/\/schema.org","@graph":[{"@type":"WebPage","@id":"https:\/\/www.kick-point.com\/pt-br\/para-empresas\/","url":"https:\/\/www.kick-point.com\/pt-br\/para-empresas\/","name":"\u2026 para empresas","isPartOf":{"@id":"https:\/\/www.kick-point.com\/de\/#website"},"datePublished":"2012-10-30T13:19:53+00:00","dateModified":"2012-10-30T13:19:53+00:00","inLanguage":"pt-BR","potentialAction":[{"@type":"ReadAction","target":["https:\/\/www.kick-point.com\/pt-br\/para-empresas\/"]}]},{"@type":"WebSite","@id":"https:\/\/www.kick-point.com\/de\/#website","url":"https:\/\/www.kick-point.com\/de\/","name":"Kick-Point","description":"Events und Event-Module rund um das elektronische Fu\u00dfballtor","potentialAction":[{"@type":"SearchAction","target":{"@type":"EntryPoint","urlTemplate":"https:\/\/www.kick-point.com\/de\/?s={search_term_string}"},"query-input":"required name=search_term_string"}],"inLanguage":"pt-BR"}]}},"_links":{"self":[{"href":"https:\/\/www.kick-point.com\/pt-br\/wp-json\/wp\/v2\/pages\/3429","targetHints":{"allow":["GET"]}}],"collection":[{"href":"https:\/\/www.kick-point.com\/pt-br\/wp-json\/wp\/v2\/pages"}],"about":[{"href":"https:\/\/www.kick-point.com\/pt-br\/wp-json\/wp\/v2\/types\/page"}],"author":[{"embeddable":true,"href":"https:\/\/www.kick-point.com\/pt-br\/wp-json\/wp\/v2\/users\/12"}],"replies":[{"embeddable":true,"href":"https:\/\/www.kick-point.com\/pt-br\/wp-json\/wp\/v2\/comments?post=3429"}],"version-history":[{"count":0,"href":"https:\/\/www.kick-point.com\/pt-br\/wp-json\/wp\/v2\/pages\/3429\/revisions"}],"wp:attachment":[{"href":"https:\/\/www.kick-point.com\/pt-br\/wp-json\/wp\/v2\/media?parent=3429"}],"curies":[{"name":"wp","href":"https:\/\/api.w.org\/{rel}","templated":true}]}}