{"id":3090,"date":"2012-10-18T15:14:20","date_gmt":"2012-10-18T13:14:20","guid":{"rendered":"http:\/\/s174678280.online.de\/?page_id=3090"},"modified":"2014-10-13T09:08:04","modified_gmt":"2014-10-13T07:08:04","slug":"aviso-legal-kick-point","status":"publish","type":"page","link":"https:\/\/www.kick-point.com\/pt-br\/aviso-legal-kick-point\/","title":{"rendered":"Aviso legal Kick-Point"},"content":{"rendered":"<p><strong>O respons\u00e1vel por todo o Conte\u00fado Kick-Point.com.br \u00e9<\/strong><\/p>\n<p>Kick Point<br \/>\nSpiel-, Sport, Freizeitger\u00e4te GmbH<br \/>\nErich-K\u00e4stner-Strasse 29<br \/>\n48485 Neuenkirchen<br \/>\nAlemanha<\/p>\n<p>Tel: +49 &#8211; (0) 5973 82 700 10<br \/>\nFax: +49 &#8211; (0) 5973 82 700 29 10<br \/>\neMail:<a href=\"mailto:info@kick-point.de\"> info@kick-point.de<\/a><\/p>\n<p>Utilize tamb\u00e9m o nosso <a href=\"https:\/\/www.kick-point.com\/pt-br\/contactos\/\">formul\u00e1rio de contacto<\/a>.<\/p>\n","protected":false},"excerpt":{"rendered":"<p>O respons\u00e1vel por todo o Conte\u00fado Kick-Point.com.br \u00e9 Kick Point Spiel-, Sport, Freizeitger\u00e4te GmbH Erich-K\u00e4stner-Strasse 29 48485 Neuenkirchen Alemanha Tel: +49 &#8211; (0) 5973 82 700 10 Fax: +49 &#8211; (0) 5973 82 700 29 10 eMail: info@kick-point.de Utilize tamb\u00e9m o nosso formul\u00e1rio de contacto.<\/p>\n","protected":false},"author":12,"featured_media":0,"parent":0,"menu_order":100,"comment_status":"closed","ping_status":"closed","template":"","meta":{"footnotes":""},"class_list":["post-3090","page","type-page","status-publish","hentry"],"yoast_head":"<!-- This site is optimized with the Yoast SEO plugin v22.8 - https:\/\/yoast.com\/wordpress\/plugins\/seo\/ -->\n<title>Aviso legal Kick-Point<\/title>\n<meta name=\"robots\" content=\"index, follow, max-snippet:-1, max-image-preview:large, max-video-preview:-1\" \/>\n<link rel=\"canonical\" href=\"https:\/\/www.kick-point.com\/pt-br\/aviso-legal-kick-point\/\" \/>\n<meta property=\"og:locale\" content=\"pt_BR\" \/>\n<meta property=\"og:type\" content=\"article\" \/>\n<meta property=\"og:title\" content=\"Aviso legal Kick-Point\" \/>\n<meta property=\"og:description\" content=\"O respons\u00e1vel por todo o Conte\u00fado Kick-Point.com.br \u00e9 Kick Point Spiel-, Sport, Freizeitger\u00e4te GmbH Erich-K\u00e4stner-Strasse 29 48485 Neuenkirchen Alemanha Tel: +49 &#8211; (0) 5973 82 700 10 Fax: +49 &#8211; (0) 5973 82 700 29 10 eMail: info@kick-point.de Utilize tamb\u00e9m o nosso formul\u00e1rio de contacto.\" \/>\n<meta property=\"og:url\" content=\"https:\/\/www.kick-point.com\/pt-br\/aviso-legal-kick-point\/\" \/>\n<meta property=\"og:site_name\" content=\"Kick-Point\" \/>\n<meta property=\"article:modified_time\" content=\"2014-10-13T07:08:04+00:00\" \/>\n<script type=\"application\/ld+json\" class=\"yoast-schema-graph\">{\"@context\":\"https:\/\/schema.org\",\"@graph\":[{\"@type\":\"WebPage\",\"@id\":\"https:\/\/www.kick-point.com\/pt-br\/aviso-legal-kick-point\/\",\"url\":\"https:\/\/www.kick-point.com\/pt-br\/aviso-legal-kick-point\/\",\"name\":\"Aviso legal Kick-Point\",\"isPartOf\":{\"@id\":\"https:\/\/www.kick-point.com\/de\/#website\"},\"datePublished\":\"2012-10-18T13:14:20+00:00\",\"dateModified\":\"2014-10-13T07:08:04+00:00\",\"inLanguage\":\"pt-BR\",\"potentialAction\":[{\"@type\":\"ReadAction\",\"target\":[\"https:\/\/www.kick-point.com\/pt-br\/aviso-legal-kick-point\/\"]}]},{\"@type\":\"WebSite\",\"@id\":\"https:\/\/www.kick-point.com\/de\/#website\",\"url\":\"https:\/\/www.kick-point.com\/de\/\",\"name\":\"Kick-Point\",\"description\":\"Events und Event-Module rund um das elektronische Fu\u00dfballtor\",\"potentialAction\":[{\"@type\":\"SearchAction\",\"target\":{\"@type\":\"EntryPoint\",\"urlTemplate\":\"https:\/\/www.kick-point.com\/de\/?s={search_term_string}\"},\"query-input\":\"required name=search_term_string\"}],\"inLanguage\":\"pt-BR\"}]}<\/script>\n<!-- \/ Yoast SEO plugin. -->","yoast_head_json":{"title":"Aviso legal Kick-Point","robots":{"index":"index","follow":"follow","max-snippet":"max-snippet:-1","max-image-preview":"max-image-preview:large","max-video-preview":"max-video-preview:-1"},"canonical":"https:\/\/www.kick-point.com\/pt-br\/aviso-legal-kick-point\/","og_locale":"pt_BR","og_type":"article","og_title":"Aviso legal Kick-Point","og_description":"O respons\u00e1vel por todo o Conte\u00fado Kick-Point.com.br \u00e9 Kick Point Spiel-, Sport, Freizeitger\u00e4te GmbH Erich-K\u00e4stner-Strasse 29 48485 Neuenkirchen Alemanha Tel: +49 &#8211; (0) 5973 82 700 10 Fax: +49 &#8211; (0) 5973 82 700 29 10 eMail: info@kick-point.de Utilize tamb\u00e9m o nosso formul\u00e1rio de contacto.","og_url":"https:\/\/www.kick-point.com\/pt-br\/aviso-legal-kick-point\/","og_site_name":"Kick-Point","article_modified_time":"2014-10-13T07:08:04+00:00","schema":{"@context":"https:\/\/schema.org","@graph":[{"@type":"WebPage","@id":"https:\/\/www.kick-point.com\/pt-br\/aviso-legal-kick-point\/","url":"https:\/\/www.kick-point.com\/pt-br\/aviso-legal-kick-point\/","name":"Aviso legal Kick-Point","isPartOf":{"@id":"https:\/\/www.kick-point.com\/de\/#website"},"datePublished":"2012-10-18T13:14:20+00:00","dateModified":"2014-10-13T07:08:04+00:00","inLanguage":"pt-BR","potentialAction":[{"@type":"ReadAction","target":["https:\/\/www.kick-point.com\/pt-br\/aviso-legal-kick-point\/"]}]},{"@type":"WebSite","@id":"https:\/\/www.kick-point.com\/de\/#website","url":"https:\/\/www.kick-point.com\/de\/","name":"Kick-Point","description":"Events und Event-Module rund um das elektronische Fu\u00dfballtor","potentialAction":[{"@type":"SearchAction","target":{"@type":"EntryPoint","urlTemplate":"https:\/\/www.kick-point.com\/de\/?s={search_term_string}"},"query-input":"required name=search_term_string"}],"inLanguage":"pt-BR"}]}},"_links":{"self":[{"href":"https:\/\/www.kick-point.com\/pt-br\/wp-json\/wp\/v2\/pages\/3090","targetHints":{"allow":["GET"]}}],"collection":[{"href":"https:\/\/www.kick-point.com\/pt-br\/wp-json\/wp\/v2\/pages"}],"about":[{"href":"https:\/\/www.kick-point.com\/pt-br\/wp-json\/wp\/v2\/types\/page"}],"author":[{"embeddable":true,"href":"https:\/\/www.kick-point.com\/pt-br\/wp-json\/wp\/v2\/users\/12"}],"replies":[{"embeddable":true,"href":"https:\/\/www.kick-point.com\/pt-br\/wp-json\/wp\/v2\/comments?post=3090"}],"version-history":[{"count":1,"href":"https:\/\/www.kick-point.com\/pt-br\/wp-json\/wp\/v2\/pages\/3090\/revisions"}],"predecessor-version":[{"id":61256,"href":"https:\/\/www.kick-point.com\/pt-br\/wp-json\/wp\/v2\/pages\/3090\/revisions\/61256"}],"wp:attachment":[{"href":"https:\/\/www.kick-point.com\/pt-br\/wp-json\/wp\/v2\/media?parent=3090"}],"curies":[{"name":"wp","href":"https:\/\/api.w.org\/{rel}","templated":true}]}}