{"id":3087,"date":"2012-10-18T15:10:11","date_gmt":"2012-10-18T13:10:11","guid":{"rendered":"http:\/\/s174678280.online.de\/?page_id=3087"},"modified":"2012-10-18T15:12:02","modified_gmt":"2012-10-18T13:12:02","slug":"angariacao-de-distribuidores","status":"publish","type":"page","link":"https:\/\/www.kick-point.com\/pt-br\/angariacao-de-distribuidores\/","title":{"rendered":"Angaria\u00e7\u00e3o de distribuidores"},"content":{"rendered":"<p><strong>Seja parte do Kick Point como distribuidor local no seu pa\u00eds<\/strong><\/p>\n<p>Procuramos distribuidores internacionais que estejam interessados em ser parceiros de coopera\u00e7\u00e3o.<\/p>\n<p>As balizas de futebol electr\u00f3nicas Kick Point j\u00e1 foram vendidas e alugadas com \u00eaxito em in\u00fameros mercados internacionais. Procuramos parceiros de distribui\u00e7\u00e3o para a expans\u00e3o internacional da ideia Kick Point.<\/p>\n<p>Se estiver interessado em obter informa\u00e7\u00e3o detalhada acerca do nosso servi\u00e7o de distribuidores deixe-nos um <a href=\"https:\/\/www.kick-point.com\/pt-br\/contactos\/\">aviso<\/a><\/p>\n<p>Contact\u00e1-lo-emos logo que poss\u00edvel! <\/p>\n","protected":false},"excerpt":{"rendered":"<p>Seja parte do Kick Point como distribuidor local no seu pa\u00eds Procuramos distribuidores internacionais que estejam interessados em ser parceiros de coopera\u00e7\u00e3o. As balizas de futebol electr\u00f3nicas Kick Point j\u00e1 foram vendidas e alugadas com \u00eaxito em in\u00fameros mercados internacionais. Procuramos parceiros de distribui\u00e7\u00e3o para a expans\u00e3o internacional da ideia Kick Point. Se estiver interessado [&hellip;]<\/p>\n","protected":false},"author":12,"featured_media":0,"parent":0,"menu_order":100,"comment_status":"closed","ping_status":"closed","template":"","meta":{"footnotes":""},"class_list":["post-3087","page","type-page","status-publish","hentry"],"yoast_head":"<!-- This site is optimized with the Yoast SEO plugin v22.8 - https:\/\/yoast.com\/wordpress\/plugins\/seo\/ -->\n<title>Angaria\u00e7\u00e3o de distribuidores<\/title>\n<meta name=\"robots\" content=\"index, follow, max-snippet:-1, max-image-preview:large, max-video-preview:-1\" \/>\n<link rel=\"canonical\" href=\"https:\/\/www.kick-point.com\/pt-br\/angariacao-de-distribuidores\/\" \/>\n<meta property=\"og:locale\" content=\"pt_BR\" \/>\n<meta property=\"og:type\" content=\"article\" \/>\n<meta property=\"og:title\" content=\"Angaria\u00e7\u00e3o de distribuidores\" \/>\n<meta property=\"og:description\" content=\"Seja parte do Kick Point como distribuidor local no seu pa\u00eds Procuramos distribuidores internacionais que estejam interessados em ser parceiros de coopera\u00e7\u00e3o. As balizas de futebol electr\u00f3nicas Kick Point j\u00e1 foram vendidas e alugadas com \u00eaxito em in\u00fameros mercados internacionais. Procuramos parceiros de distribui\u00e7\u00e3o para a expans\u00e3o internacional da ideia Kick Point. Se estiver interessado [&hellip;]\" \/>\n<meta property=\"og:url\" content=\"https:\/\/www.kick-point.com\/pt-br\/angariacao-de-distribuidores\/\" \/>\n<meta property=\"og:site_name\" content=\"Kick-Point\" \/>\n<meta property=\"article:modified_time\" content=\"2012-10-18T13:12:02+00:00\" \/>\n<script type=\"application\/ld+json\" class=\"yoast-schema-graph\">{\"@context\":\"https:\/\/schema.org\",\"@graph\":[{\"@type\":\"WebPage\",\"@id\":\"https:\/\/www.kick-point.com\/pt-br\/angariacao-de-distribuidores\/\",\"url\":\"https:\/\/www.kick-point.com\/pt-br\/angariacao-de-distribuidores\/\",\"name\":\"Angaria\u00e7\u00e3o de distribuidores\",\"isPartOf\":{\"@id\":\"https:\/\/www.kick-point.com\/de\/#website\"},\"datePublished\":\"2012-10-18T13:10:11+00:00\",\"dateModified\":\"2012-10-18T13:12:02+00:00\",\"inLanguage\":\"pt-BR\",\"potentialAction\":[{\"@type\":\"ReadAction\",\"target\":[\"https:\/\/www.kick-point.com\/pt-br\/angariacao-de-distribuidores\/\"]}]},{\"@type\":\"WebSite\",\"@id\":\"https:\/\/www.kick-point.com\/de\/#website\",\"url\":\"https:\/\/www.kick-point.com\/de\/\",\"name\":\"Kick-Point\",\"description\":\"Events und Event-Module rund um das elektronische Fu\u00dfballtor\",\"potentialAction\":[{\"@type\":\"SearchAction\",\"target\":{\"@type\":\"EntryPoint\",\"urlTemplate\":\"https:\/\/www.kick-point.com\/de\/?s={search_term_string}\"},\"query-input\":\"required name=search_term_string\"}],\"inLanguage\":\"pt-BR\"}]}<\/script>\n<!-- \/ Yoast SEO plugin. -->","yoast_head_json":{"title":"Angaria\u00e7\u00e3o de distribuidores","robots":{"index":"index","follow":"follow","max-snippet":"max-snippet:-1","max-image-preview":"max-image-preview:large","max-video-preview":"max-video-preview:-1"},"canonical":"https:\/\/www.kick-point.com\/pt-br\/angariacao-de-distribuidores\/","og_locale":"pt_BR","og_type":"article","og_title":"Angaria\u00e7\u00e3o de distribuidores","og_description":"Seja parte do Kick Point como distribuidor local no seu pa\u00eds Procuramos distribuidores internacionais que estejam interessados em ser parceiros de coopera\u00e7\u00e3o. As balizas de futebol electr\u00f3nicas Kick Point j\u00e1 foram vendidas e alugadas com \u00eaxito em in\u00fameros mercados internacionais. Procuramos parceiros de distribui\u00e7\u00e3o para a expans\u00e3o internacional da ideia Kick Point. Se estiver interessado [&hellip;]","og_url":"https:\/\/www.kick-point.com\/pt-br\/angariacao-de-distribuidores\/","og_site_name":"Kick-Point","article_modified_time":"2012-10-18T13:12:02+00:00","schema":{"@context":"https:\/\/schema.org","@graph":[{"@type":"WebPage","@id":"https:\/\/www.kick-point.com\/pt-br\/angariacao-de-distribuidores\/","url":"https:\/\/www.kick-point.com\/pt-br\/angariacao-de-distribuidores\/","name":"Angaria\u00e7\u00e3o de distribuidores","isPartOf":{"@id":"https:\/\/www.kick-point.com\/de\/#website"},"datePublished":"2012-10-18T13:10:11+00:00","dateModified":"2012-10-18T13:12:02+00:00","inLanguage":"pt-BR","potentialAction":[{"@type":"ReadAction","target":["https:\/\/www.kick-point.com\/pt-br\/angariacao-de-distribuidores\/"]}]},{"@type":"WebSite","@id":"https:\/\/www.kick-point.com\/de\/#website","url":"https:\/\/www.kick-point.com\/de\/","name":"Kick-Point","description":"Events und Event-Module rund um das elektronische Fu\u00dfballtor","potentialAction":[{"@type":"SearchAction","target":{"@type":"EntryPoint","urlTemplate":"https:\/\/www.kick-point.com\/de\/?s={search_term_string}"},"query-input":"required name=search_term_string"}],"inLanguage":"pt-BR"}]}},"_links":{"self":[{"href":"https:\/\/www.kick-point.com\/pt-br\/wp-json\/wp\/v2\/pages\/3087","targetHints":{"allow":["GET"]}}],"collection":[{"href":"https:\/\/www.kick-point.com\/pt-br\/wp-json\/wp\/v2\/pages"}],"about":[{"href":"https:\/\/www.kick-point.com\/pt-br\/wp-json\/wp\/v2\/types\/page"}],"author":[{"embeddable":true,"href":"https:\/\/www.kick-point.com\/pt-br\/wp-json\/wp\/v2\/users\/12"}],"replies":[{"embeddable":true,"href":"https:\/\/www.kick-point.com\/pt-br\/wp-json\/wp\/v2\/comments?post=3087"}],"version-history":[{"count":0,"href":"https:\/\/www.kick-point.com\/pt-br\/wp-json\/wp\/v2\/pages\/3087\/revisions"}],"wp:attachment":[{"href":"https:\/\/www.kick-point.com\/pt-br\/wp-json\/wp\/v2\/media?parent=3087"}],"curies":[{"name":"wp","href":"https:\/\/api.w.org\/{rel}","templated":true}]}}