{"id":3078,"date":"2012-10-18T14:59:23","date_gmt":"2012-10-18T12:59:23","guid":{"rendered":"http:\/\/s174678280.online.de\/?page_id=3078"},"modified":"2012-10-29T15:36:02","modified_gmt":"2012-10-29T13:36:02","slug":"capacidade-para-publicidade","status":"publish","type":"page","link":"https:\/\/www.kick-point.com\/pt-br\/capacidade-para-publicidade\/","title":{"rendered":"Capacidade para publicidade"},"content":{"rendered":"<h2>Kick-Point \u00e9 multim\u00eddia &#8211; todo o jogo e os dados do jogador pode ser processado depois na internet.<\/h2>\n<p>Depois do jogo \u00e9 antes do jogo. \u00c9 a mesma coisa com o Kick-Point. Depois de ter participado no Kick-Point, n\u00e3o \u00e9 o final, porque os dados (as melhores pontua\u00e7\u00f5es, os participantes &#8230;) tamb\u00e9m podem ser disponibilizados na internet ap\u00f3s o jogo. L\u00e1, o jogador depois da sua participa\u00e7\u00e3o, encontrarar\u00e0 numa tabela todos os participantes, e poder\u00e0 comparar os seus resultados com os dos outros jogadores. Especialmente os jovens participantes estaram entusiasmados com os resultados na internet. O site poder\u00e0 ser totalmente personalizada com a sua marca.<\/p>\n<p><img loading=\"lazy\" decoding=\"async\" src=\"\/wp-content\/uploads\/kick_point_01.jpg\" alt=\"\" title=\"kick_point_01\" width=\"550\" height=\"411\" class=\"alignleft size-full wp-image-3079\" \/><\/p>\n<h3>Dados do jogo diretamente no seu telem\u00f3vel<\/h3>\n<p>Utilize as possibilidades do &#8220;Next Generation Software Kick-Point &#8221; e integre os dados no seu telem\u00f3vel conjugando-os com em seu evento.O Kick-Point Software oferece assim \u00e0 pr\u00f3xima gera\u00e7\u00e3o a possibilidade de transfer\u00eancia do jogo e os dados do jogador e os pr\u00e9mios, enviado diretamente para o participante um SMS. Quer dizer \u2013 quem marcar mais de 200 pontos ganha o novo toque directamente para o seu telem\u00f3vel!<\/p>\n","protected":false},"excerpt":{"rendered":"<p>Kick-Point \u00e9 multim\u00eddia &#8211; todo o jogo e os dados do jogador pode ser processado depois na internet. Depois do jogo \u00e9 antes do jogo. \u00c9 a mesma coisa com o Kick-Point. Depois de ter participado no Kick-Point, n\u00e3o \u00e9 o final, porque os dados (as melhores pontua\u00e7\u00f5es, os participantes &#8230;) tamb\u00e9m podem ser disponibilizados [&hellip;]<\/p>\n","protected":false},"author":12,"featured_media":0,"parent":0,"menu_order":9999,"comment_status":"closed","ping_status":"closed","template":"","meta":{"footnotes":""},"class_list":["post-3078","page","type-page","status-publish","hentry"],"yoast_head":"<!-- This site is optimized with the Yoast SEO plugin v22.8 - https:\/\/yoast.com\/wordpress\/plugins\/seo\/ -->\n<title>Capacidade para publicidade<\/title>\n<meta name=\"robots\" content=\"index, follow, max-snippet:-1, max-image-preview:large, max-video-preview:-1\" \/>\n<link rel=\"canonical\" href=\"https:\/\/www.kick-point.com\/pt-br\/capacidade-para-publicidade\/\" \/>\n<meta property=\"og:locale\" content=\"pt_BR\" \/>\n<meta property=\"og:type\" content=\"article\" \/>\n<meta property=\"og:title\" content=\"Capacidade para publicidade\" \/>\n<meta property=\"og:description\" content=\"Kick-Point \u00e9 multim\u00eddia &#8211; todo o jogo e os dados do jogador pode ser processado depois na internet. Depois do jogo \u00e9 antes do jogo. \u00c9 a mesma coisa com o Kick-Point. Depois de ter participado no Kick-Point, n\u00e3o \u00e9 o final, porque os dados (as melhores pontua\u00e7\u00f5es, os participantes &#8230;) tamb\u00e9m podem ser disponibilizados [&hellip;]\" \/>\n<meta property=\"og:url\" content=\"https:\/\/www.kick-point.com\/pt-br\/capacidade-para-publicidade\/\" \/>\n<meta property=\"og:site_name\" content=\"Kick-Point\" \/>\n<meta property=\"article:modified_time\" content=\"2012-10-29T13:36:02+00:00\" \/>\n<meta property=\"og:image\" content=\"https:\/\/www.kick-point.com\/wp-content\/uploads\/kick_point_01.jpg\" \/>\n<meta name=\"twitter:label1\" content=\"Est. tempo de leitura\" \/>\n\t<meta name=\"twitter:data1\" content=\"1 minuto\" \/>\n<script type=\"application\/ld+json\" class=\"yoast-schema-graph\">{\"@context\":\"https:\/\/schema.org\",\"@graph\":[{\"@type\":\"WebPage\",\"@id\":\"https:\/\/www.kick-point.com\/pt-br\/capacidade-para-publicidade\/\",\"url\":\"https:\/\/www.kick-point.com\/pt-br\/capacidade-para-publicidade\/\",\"name\":\"Capacidade para publicidade\",\"isPartOf\":{\"@id\":\"https:\/\/www.kick-point.com\/de\/#website\"},\"datePublished\":\"2012-10-18T12:59:23+00:00\",\"dateModified\":\"2012-10-29T13:36:02+00:00\",\"inLanguage\":\"pt-BR\",\"potentialAction\":[{\"@type\":\"ReadAction\",\"target\":[\"https:\/\/www.kick-point.com\/pt-br\/capacidade-para-publicidade\/\"]}]},{\"@type\":\"WebSite\",\"@id\":\"https:\/\/www.kick-point.com\/de\/#website\",\"url\":\"https:\/\/www.kick-point.com\/de\/\",\"name\":\"Kick-Point\",\"description\":\"Events und Event-Module rund um das elektronische Fu\u00dfballtor\",\"potentialAction\":[{\"@type\":\"SearchAction\",\"target\":{\"@type\":\"EntryPoint\",\"urlTemplate\":\"https:\/\/www.kick-point.com\/de\/?s={search_term_string}\"},\"query-input\":\"required name=search_term_string\"}],\"inLanguage\":\"pt-BR\"}]}<\/script>\n<!-- \/ Yoast SEO plugin. -->","yoast_head_json":{"title":"Capacidade para publicidade","robots":{"index":"index","follow":"follow","max-snippet":"max-snippet:-1","max-image-preview":"max-image-preview:large","max-video-preview":"max-video-preview:-1"},"canonical":"https:\/\/www.kick-point.com\/pt-br\/capacidade-para-publicidade\/","og_locale":"pt_BR","og_type":"article","og_title":"Capacidade para publicidade","og_description":"Kick-Point \u00e9 multim\u00eddia &#8211; todo o jogo e os dados do jogador pode ser processado depois na internet. Depois do jogo \u00e9 antes do jogo. \u00c9 a mesma coisa com o Kick-Point. Depois de ter participado no Kick-Point, n\u00e3o \u00e9 o final, porque os dados (as melhores pontua\u00e7\u00f5es, os participantes &#8230;) tamb\u00e9m podem ser disponibilizados [&hellip;]","og_url":"https:\/\/www.kick-point.com\/pt-br\/capacidade-para-publicidade\/","og_site_name":"Kick-Point","article_modified_time":"2012-10-29T13:36:02+00:00","og_image":[{"url":"https:\/\/www.kick-point.com\/wp-content\/uploads\/kick_point_01.jpg"}],"twitter_misc":{"Est. tempo de leitura":"1 minuto"},"schema":{"@context":"https:\/\/schema.org","@graph":[{"@type":"WebPage","@id":"https:\/\/www.kick-point.com\/pt-br\/capacidade-para-publicidade\/","url":"https:\/\/www.kick-point.com\/pt-br\/capacidade-para-publicidade\/","name":"Capacidade para publicidade","isPartOf":{"@id":"https:\/\/www.kick-point.com\/de\/#website"},"datePublished":"2012-10-18T12:59:23+00:00","dateModified":"2012-10-29T13:36:02+00:00","inLanguage":"pt-BR","potentialAction":[{"@type":"ReadAction","target":["https:\/\/www.kick-point.com\/pt-br\/capacidade-para-publicidade\/"]}]},{"@type":"WebSite","@id":"https:\/\/www.kick-point.com\/de\/#website","url":"https:\/\/www.kick-point.com\/de\/","name":"Kick-Point","description":"Events und Event-Module rund um das elektronische Fu\u00dfballtor","potentialAction":[{"@type":"SearchAction","target":{"@type":"EntryPoint","urlTemplate":"https:\/\/www.kick-point.com\/de\/?s={search_term_string}"},"query-input":"required name=search_term_string"}],"inLanguage":"pt-BR"}]}},"_links":{"self":[{"href":"https:\/\/www.kick-point.com\/pt-br\/wp-json\/wp\/v2\/pages\/3078","targetHints":{"allow":["GET"]}}],"collection":[{"href":"https:\/\/www.kick-point.com\/pt-br\/wp-json\/wp\/v2\/pages"}],"about":[{"href":"https:\/\/www.kick-point.com\/pt-br\/wp-json\/wp\/v2\/types\/page"}],"author":[{"embeddable":true,"href":"https:\/\/www.kick-point.com\/pt-br\/wp-json\/wp\/v2\/users\/12"}],"replies":[{"embeddable":true,"href":"https:\/\/www.kick-point.com\/pt-br\/wp-json\/wp\/v2\/comments?post=3078"}],"version-history":[{"count":0,"href":"https:\/\/www.kick-point.com\/pt-br\/wp-json\/wp\/v2\/pages\/3078\/revisions"}],"wp:attachment":[{"href":"https:\/\/www.kick-point.com\/pt-br\/wp-json\/wp\/v2\/media?parent=3078"}],"curies":[{"name":"wp","href":"https:\/\/api.w.org\/{rel}","templated":true}]}}