{"id":3059,"date":"2012-10-18T14:02:33","date_gmt":"2012-10-18T12:02:33","guid":{"rendered":"http:\/\/s174678280.online.de\/?page_id=3059"},"modified":"2016-10-14T13:02:27","modified_gmt":"2016-10-14T11:02:27","slug":"marca","status":"publish","type":"page","link":"https:\/\/www.kick-point.com\/pt-br\/baliza-de-futebol-interativa-e-eletronica-kick-point\/marca\/","title":{"rendered":"Branding"},"content":{"rendered":"<h2 align=\"center\">Como a baliza interativa Kick-Point representa marcas<\/h2>\n<p><a href=\"https:\/\/www.kick-point.com\/wp-content\/uploads\/branding-possibilities.png\"><img loading=\"lazy\" decoding=\"async\" class=\"alignright size-full wp-image-66876\" alt=\"branding possibilidades\" src=\"https:\/\/www.kick-point.com\/wp-content\/uploads\/branding-possibilities.png\" width=\"600\" height=\"400\" \/><\/a>\u00a0O m\u00f3dulo de futebol eletr\u00f3nico e interativo Kick-Point oferece v\u00e1rias possibilidades de Branding atrav\u00e9s das suas diversas formas de apresenta\u00e7\u00e3o e variantes de jogos, desde <a title=\"Publicidade em banners\" href=\"https:\/\/www.kick-point.com\/pt-br\/baliza-de-futebol-interativa-e-eletronica-kick-point\/marca\/publicidade-em-banners\/\">publicidade em banners<\/a> e <a title=\"Pain\u00e9is publicit\u00e1rios \u00e0 volta do campo\" href=\"https:\/\/www.kick-point.com\/pt-br\/baliza-de-futebol-interativa-e-eletronica-kick-point\/marca\/paineis-publicitarios-volta-campo\/\">pain\u00e9is publicit\u00e1rios \u00e0 volta do campo<\/a><a title=\"Banden\" href=\"https:\/\/www.kick-point.com\/pt-br\/baliza-de-futebol-interativa-e-eletronica-kick-point\/marca\/paineis-publicitarios-volta-campo\/\">,<\/a> passando <a title=\"Certificados com publicidade\" href=\"https:\/\/www.kick-point.com\/pt-br\/baliza-de-futebol-interativa-e-eletronica-kick-point\/marca\/certificados-com-publicidade\/\">por certificados com publicidade<\/a> at\u00e9 <a title=\"Publicidade em monitor\" href=\"https:\/\/www.kick-point.com\/pt-br\/baliza-de-futebol-interativa-e-eletronica-kick-point\/marca\/publicidade-em-monitor\/\">efeitos publicit\u00e1rios interativos no monitor<\/a>.<\/p>\n<p><a href=\"https:\/\/www.kick-point.com\/wp-content\/uploads\/roadshow-veranstaltung-buchen.jpg\"><img loading=\"lazy\" decoding=\"async\" class=\"alignleft  wp-image-5498\" alt=\"roadshow-veranstaltung-buchen\" src=\"https:\/\/www.kick-point.com\/wp-content\/uploads\/\/roadshow-veranstaltung-buchen-150x150.jpg\" width=\"72\" height=\"72\" \/><\/a> <a href=\"https:\/\/www.kick-point.com\/wp-content\/uploads\/elektronische-torwand-mieten.jpg\"><img loading=\"lazy\" decoding=\"async\" class=\"alignleft  wp-image-5504\" alt=\"elektronische-torwand-mieten\" src=\"https:\/\/www.kick-point.com\/wp-content\/uploads\/elektronische-torwand-mieten-150x150.jpg\" width=\"72\" height=\"72\" \/><\/a> <a href=\"https:\/\/www.kick-point.com\/wp-content\/uploads\/mobile-torwand-interaktiv.jpg\"><img loading=\"lazy\" decoding=\"async\" class=\"alignleft  wp-image-5507\" alt=\"mobile-torwand-interaktiv\" src=\"https:\/\/www.kick-point.com\/wp-content\/uploads\/mobile-torwand-interaktiv-150x150.jpg\" width=\"72\" height=\"72\" \/><\/a><\/p>\n","protected":false},"excerpt":{"rendered":"<p>Como a baliza interativa Kick-Point representa marcas \u00a0O m\u00f3dulo de futebol eletr\u00f3nico e interativo Kick-Point oferece v\u00e1rias possibilidades de Branding atrav\u00e9s das suas diversas formas de apresenta\u00e7\u00e3o e variantes de jogos, desde publicidade em banners e pain\u00e9is publicit\u00e1rios \u00e0 volta do campo, passando por certificados com publicidade at\u00e9 efeitos publicit\u00e1rios interativos no monitor.<\/p>\n","protected":false},"author":12,"featured_media":0,"parent":8680,"menu_order":4,"comment_status":"closed","ping_status":"closed","template":"","meta":{"footnotes":""},"class_list":["post-3059","page","type-page","status-publish","hentry"],"yoast_head":"<!-- This site is optimized with the Yoast SEO plugin v22.8 - https:\/\/yoast.com\/wordpress\/plugins\/seo\/ -->\n<title>Branding<\/title>\n<meta name=\"robots\" content=\"index, follow, max-snippet:-1, max-image-preview:large, max-video-preview:-1\" \/>\n<link rel=\"canonical\" href=\"https:\/\/www.kick-point.com\/pt-br\/baliza-de-futebol-interativa-e-eletronica-kick-point\/marca\/\" \/>\n<meta property=\"og:locale\" content=\"pt_BR\" \/>\n<meta property=\"og:type\" content=\"article\" \/>\n<meta property=\"og:title\" content=\"Branding\" \/>\n<meta property=\"og:description\" content=\"Como a baliza interativa Kick-Point representa marcas \u00a0O m\u00f3dulo de futebol eletr\u00f3nico e interativo Kick-Point oferece v\u00e1rias possibilidades de Branding atrav\u00e9s das suas diversas formas de apresenta\u00e7\u00e3o e variantes de jogos, desde publicidade em banners e pain\u00e9is publicit\u00e1rios \u00e0 volta do campo, passando por certificados com publicidade at\u00e9 efeitos publicit\u00e1rios interativos no monitor.\" \/>\n<meta property=\"og:url\" content=\"https:\/\/www.kick-point.com\/pt-br\/baliza-de-futebol-interativa-e-eletronica-kick-point\/marca\/\" \/>\n<meta property=\"og:site_name\" content=\"Kick-Point\" \/>\n<meta property=\"article:modified_time\" content=\"2016-10-14T11:02:27+00:00\" \/>\n<meta property=\"og:image\" content=\"https:\/\/www.kick-point.com\/wp-content\/uploads\/branding-possibilities.png\" \/>\n<script type=\"application\/ld+json\" class=\"yoast-schema-graph\">{\"@context\":\"https:\/\/schema.org\",\"@graph\":[{\"@type\":\"WebPage\",\"@id\":\"https:\/\/www.kick-point.com\/pt-br\/baliza-de-futebol-interativa-e-eletronica-kick-point\/marca\/\",\"url\":\"https:\/\/www.kick-point.com\/pt-br\/baliza-de-futebol-interativa-e-eletronica-kick-point\/marca\/\",\"name\":\"Branding\",\"isPartOf\":{\"@id\":\"https:\/\/www.kick-point.com\/de\/#website\"},\"primaryImageOfPage\":{\"@id\":\"https:\/\/www.kick-point.com\/pt-br\/baliza-de-futebol-interativa-e-eletronica-kick-point\/marca\/#primaryimage\"},\"image\":{\"@id\":\"https:\/\/www.kick-point.com\/pt-br\/baliza-de-futebol-interativa-e-eletronica-kick-point\/marca\/#primaryimage\"},\"thumbnailUrl\":\"https:\/\/www.kick-point.com\/wp-content\/uploads\/branding-possibilities.png\",\"datePublished\":\"2012-10-18T12:02:33+00:00\",\"dateModified\":\"2016-10-14T11:02:27+00:00\",\"breadcrumb\":{\"@id\":\"https:\/\/www.kick-point.com\/pt-br\/baliza-de-futebol-interativa-e-eletronica-kick-point\/marca\/#breadcrumb\"},\"inLanguage\":\"pt-BR\",\"potentialAction\":[{\"@type\":\"ReadAction\",\"target\":[\"https:\/\/www.kick-point.com\/pt-br\/baliza-de-futebol-interativa-e-eletronica-kick-point\/marca\/\"]}]},{\"@type\":\"ImageObject\",\"inLanguage\":\"pt-BR\",\"@id\":\"https:\/\/www.kick-point.com\/pt-br\/baliza-de-futebol-interativa-e-eletronica-kick-point\/marca\/#primaryimage\",\"url\":\"https:\/\/www.kick-point.com\/wp-content\/uploads\/branding-possibilities.png\",\"contentUrl\":\"https:\/\/www.kick-point.com\/wp-content\/uploads\/branding-possibilities.png\"},{\"@type\":\"BreadcrumbList\",\"@id\":\"https:\/\/www.kick-point.com\/pt-br\/baliza-de-futebol-interativa-e-eletronica-kick-point\/marca\/#breadcrumb\",\"itemListElement\":[{\"@type\":\"ListItem\",\"position\":1,\"name\":\"Baliza de futebol interativa e eletr\u00f3nica Kick-Point\",\"item\":\"https:\/\/www.kick-point.com\/pt-br\/baliza-de-futebol-interativa-e-eletronica-kick-point\/\"},{\"@type\":\"ListItem\",\"position\":2,\"name\":\"Branding\"}]},{\"@type\":\"WebSite\",\"@id\":\"https:\/\/www.kick-point.com\/de\/#website\",\"url\":\"https:\/\/www.kick-point.com\/de\/\",\"name\":\"Kick-Point\",\"description\":\"Events und Event-Module rund um das elektronische Fu\u00dfballtor\",\"potentialAction\":[{\"@type\":\"SearchAction\",\"target\":{\"@type\":\"EntryPoint\",\"urlTemplate\":\"https:\/\/www.kick-point.com\/de\/?s={search_term_string}\"},\"query-input\":\"required name=search_term_string\"}],\"inLanguage\":\"pt-BR\"}]}<\/script>\n<!-- \/ Yoast SEO plugin. -->","yoast_head_json":{"title":"Branding","robots":{"index":"index","follow":"follow","max-snippet":"max-snippet:-1","max-image-preview":"max-image-preview:large","max-video-preview":"max-video-preview:-1"},"canonical":"https:\/\/www.kick-point.com\/pt-br\/baliza-de-futebol-interativa-e-eletronica-kick-point\/marca\/","og_locale":"pt_BR","og_type":"article","og_title":"Branding","og_description":"Como a baliza interativa Kick-Point representa marcas \u00a0O m\u00f3dulo de futebol eletr\u00f3nico e interativo Kick-Point oferece v\u00e1rias possibilidades de Branding atrav\u00e9s das suas diversas formas de apresenta\u00e7\u00e3o e variantes de jogos, desde publicidade em banners e pain\u00e9is publicit\u00e1rios \u00e0 volta do campo, passando por certificados com publicidade at\u00e9 efeitos publicit\u00e1rios interativos no monitor.","og_url":"https:\/\/www.kick-point.com\/pt-br\/baliza-de-futebol-interativa-e-eletronica-kick-point\/marca\/","og_site_name":"Kick-Point","article_modified_time":"2016-10-14T11:02:27+00:00","og_image":[{"url":"https:\/\/www.kick-point.com\/wp-content\/uploads\/branding-possibilities.png"}],"schema":{"@context":"https:\/\/schema.org","@graph":[{"@type":"WebPage","@id":"https:\/\/www.kick-point.com\/pt-br\/baliza-de-futebol-interativa-e-eletronica-kick-point\/marca\/","url":"https:\/\/www.kick-point.com\/pt-br\/baliza-de-futebol-interativa-e-eletronica-kick-point\/marca\/","name":"Branding","isPartOf":{"@id":"https:\/\/www.kick-point.com\/de\/#website"},"primaryImageOfPage":{"@id":"https:\/\/www.kick-point.com\/pt-br\/baliza-de-futebol-interativa-e-eletronica-kick-point\/marca\/#primaryimage"},"image":{"@id":"https:\/\/www.kick-point.com\/pt-br\/baliza-de-futebol-interativa-e-eletronica-kick-point\/marca\/#primaryimage"},"thumbnailUrl":"https:\/\/www.kick-point.com\/wp-content\/uploads\/branding-possibilities.png","datePublished":"2012-10-18T12:02:33+00:00","dateModified":"2016-10-14T11:02:27+00:00","breadcrumb":{"@id":"https:\/\/www.kick-point.com\/pt-br\/baliza-de-futebol-interativa-e-eletronica-kick-point\/marca\/#breadcrumb"},"inLanguage":"pt-BR","potentialAction":[{"@type":"ReadAction","target":["https:\/\/www.kick-point.com\/pt-br\/baliza-de-futebol-interativa-e-eletronica-kick-point\/marca\/"]}]},{"@type":"ImageObject","inLanguage":"pt-BR","@id":"https:\/\/www.kick-point.com\/pt-br\/baliza-de-futebol-interativa-e-eletronica-kick-point\/marca\/#primaryimage","url":"https:\/\/www.kick-point.com\/wp-content\/uploads\/branding-possibilities.png","contentUrl":"https:\/\/www.kick-point.com\/wp-content\/uploads\/branding-possibilities.png"},{"@type":"BreadcrumbList","@id":"https:\/\/www.kick-point.com\/pt-br\/baliza-de-futebol-interativa-e-eletronica-kick-point\/marca\/#breadcrumb","itemListElement":[{"@type":"ListItem","position":1,"name":"Baliza de futebol interativa e eletr\u00f3nica Kick-Point","item":"https:\/\/www.kick-point.com\/pt-br\/baliza-de-futebol-interativa-e-eletronica-kick-point\/"},{"@type":"ListItem","position":2,"name":"Branding"}]},{"@type":"WebSite","@id":"https:\/\/www.kick-point.com\/de\/#website","url":"https:\/\/www.kick-point.com\/de\/","name":"Kick-Point","description":"Events und Event-Module rund um das elektronische Fu\u00dfballtor","potentialAction":[{"@type":"SearchAction","target":{"@type":"EntryPoint","urlTemplate":"https:\/\/www.kick-point.com\/de\/?s={search_term_string}"},"query-input":"required name=search_term_string"}],"inLanguage":"pt-BR"}]}},"_links":{"self":[{"href":"https:\/\/www.kick-point.com\/pt-br\/wp-json\/wp\/v2\/pages\/3059","targetHints":{"allow":["GET"]}}],"collection":[{"href":"https:\/\/www.kick-point.com\/pt-br\/wp-json\/wp\/v2\/pages"}],"about":[{"href":"https:\/\/www.kick-point.com\/pt-br\/wp-json\/wp\/v2\/types\/page"}],"author":[{"embeddable":true,"href":"https:\/\/www.kick-point.com\/pt-br\/wp-json\/wp\/v2\/users\/12"}],"replies":[{"embeddable":true,"href":"https:\/\/www.kick-point.com\/pt-br\/wp-json\/wp\/v2\/comments?post=3059"}],"version-history":[{"count":3,"href":"https:\/\/www.kick-point.com\/pt-br\/wp-json\/wp\/v2\/pages\/3059\/revisions"}],"predecessor-version":[{"id":67115,"href":"https:\/\/www.kick-point.com\/pt-br\/wp-json\/wp\/v2\/pages\/3059\/revisions\/67115"}],"up":[{"embeddable":true,"href":"https:\/\/www.kick-point.com\/pt-br\/wp-json\/wp\/v2\/pages\/8680"}],"wp:attachment":[{"href":"https:\/\/www.kick-point.com\/pt-br\/wp-json\/wp\/v2\/media?parent=3059"}],"curies":[{"name":"wp","href":"https:\/\/api.w.org\/{rel}","templated":true}]}}