{"id":3046,"date":"2012-10-18T13:53:01","date_gmt":"2012-10-18T11:53:01","guid":{"rendered":"http:\/\/s174678280.online.de\/?page_id=3046"},"modified":"2016-10-14T13:30:34","modified_gmt":"2016-10-14T11:30:34","slug":"combinacoes-de-jogo","status":"publish","type":"page","link":"https:\/\/www.kick-point.com\/pt-br\/baliza-de-futebol-interativa-e-eletronica-kick-point\/combinacoes-de-jogo\/","title":{"rendered":"Variantes de jogos"},"content":{"rendered":"<h2 style=\"text-align: center;\" align=\"center\"><b>O software de jogo Kick-Point permite uma sele\u00e7\u00e3o quase infind\u00e1vel de variantes de jogos, desde remates por pontos at\u00e9 remates com jogo de perguntas.<\/b><\/h2>\n<div class=\"BorlabsCookie _brlbs-cb-youtube\"><div class=\"_brlbs-content-blocker\"> <div class=\"_brlbs-embed _brlbs-video-youtube\"> <img class=\"_brlbs-thumbnail\" src=\"https:\/\/www.kick-point.com\/wp-content\/plugins\/borlabs-cookie\/assets\/images\/cb-no-thumbnail.png\" alt=\"YouTube\"> <div class=\"_brlbs-caption\"> <p>Mit dem Laden des Videos akzeptieren Sie die Datenschutzerkl\u00e4rung von YouTube.<br><a href=\"https:\/\/policies.google.com\/privacy\" target=\"_blank\" rel=\"nofollow noopener noreferrer\">Mehr erfahren<\/a><\/p> <p><a class=\"_brlbs-btn _brlbs-icon-play-white\" href=\"#\" data-borlabs-cookie-unblock role=\"button\">Video laden<\/a><\/p> <p><label><input type=\"checkbox\" name=\"unblockAll\" value=\"1\" checked> <small>YouTube immer entsperren<\/small><\/label><\/p> <\/div> <\/div> <\/div><div class=\"borlabs-hide\" data-borlabs-cookie-type=\"content-blocker\" data-borlabs-cookie-id=\"youtube\"><script type=\"text\/template\">PHA+PGlmcmFtZSBsb2FkaW5nPSJsYXp5IiBzdHlsZT0iZmxvYXQ6IHJpZ2h0OyBib3JkZXItd2lkdGg6IDE1cHg7IGJvcmRlci1jb2xvcjogI0ZGRkZGRjsgYm9yZGVyLXN0eWxlOiBzb2xpZDsiIHNyYz0iaHR0cHM6Ly93d3cueW91dHViZS1ub2Nvb2tpZS5jb20vZW1iZWQvdzExTXlxcVQtSXM\/cmVsPTAiIGhlaWdodD0iNDUwIiB3aWR0aD0iNjAwIiBhbGxvd2Z1bGxzY3JlZW49IiIgZnJhbWVib3JkZXI9IjEiIGFsaWduPSJyaWdodCI+PC9pZnJhbWU+<\/script><\/div><\/div>No Kick-Point n\u00e3o se trata de velocidade do remate, mas na habilidade. Determine o grau de dificuldade no comando interativo do jogo no ecr\u00e3. Devem ser atingidos alvos grandes ou pequenos? Ou pretende combinar o remate \u00e0 baliza com um jogo de perguntas? Qualquer tipo de gr\u00e1fico, logotipo, imagem, texto e pergunta podem ser integrados no comando do jogo no monitor. Assim, a imagina\u00e7\u00e3o n\u00e3o tem limites, pois o comando do jogo pode ser apoiado ainda com clips de v\u00eddeo e som. Al\u00e9m disso, todos os dados dos jogadores podem ser transmitidos para a <a title=\"Liga\u00e7\u00e3o Evento e Facebook\" href=\"https:\/\/www.kick-point.com\/pt-br\/baliza-de-futebol-interativa-e-eletronica-kick-point\/online\/ligacao-evento-e-facebook\/\">Internet e partilhados com amigos<\/a> para tornar a competi\u00e7\u00e3o tamb\u00e9m interativa &#8211; depois do jogo \u00e9 antes do \u00a0jogo!<\/p>\n<p><a title=\"5x2comLogos\" href=\"https:\/\/www.kick-point.com\/wp-content\/uploads\/5x2mitlogos.jpg\"><img loading=\"lazy\" decoding=\"async\" class=\"alignleft  wp-image-66943\" title=\"5x2comLogos\" alt=\"5x2comLogos\" src=\"https:\/\/www.kick-point.com\/wp-content\/uploads\/\/5x2mitlogos-150x150.jpg\" width=\"72\" height=\"72\" \/><\/a>\u00a0<a href=\"https:\/\/www.kick-point.com\/wp-content\/uploads\/fussball-promotion2.jpg\"><img loading=\"lazy\" decoding=\"async\" class=\"alignleft size-thumbnail wp-image-5573\" alt=\"fussball-promotion2\" src=\"https:\/\/www.kick-point.com\/wp-content\/uploads\/fussball-promotion2-150x150.jpg\" width=\"72\" height=\"72\" \/><\/a><a href=\"https:\/\/www.kick-point.com\/wp-content\/uploads\/discount-aktion-shopping-center.jpg\"><img loading=\"lazy\" decoding=\"async\" class=\"alignleft size-thumbnail wp-image-7197\" alt=\"discount-aktion-shopping-center\" src=\"https:\/\/www.kick-point.com\/wp-content\/uploads\/discount-aktion-shopping-center-150x150.jpg\" width=\"72\" height=\"72\" \/><\/a><\/p>\n","protected":false},"excerpt":{"rendered":"<p>O software de jogo Kick-Point permite uma sele\u00e7\u00e3o quase infind\u00e1vel de variantes de jogos, desde remates por pontos at\u00e9 remates com jogo de perguntas. Mit dem Laden des Videos akzeptieren Sie die Datenschutzerkl\u00e4rung von YouTube.Mehr erfahren Video laden YouTube immer entsperren No Kick-Point n\u00e3o se trata de velocidade do remate, mas na habilidade. Determine o [&hellip;]<\/p>\n","protected":false},"author":12,"featured_media":0,"parent":8680,"menu_order":3,"comment_status":"closed","ping_status":"closed","template":"","meta":{"footnotes":""},"class_list":["post-3046","page","type-page","status-publish","hentry"],"yoast_head":"<!-- This site is optimized with the Yoast SEO plugin v22.8 - https:\/\/yoast.com\/wordpress\/plugins\/seo\/ -->\n<title>Variantes de jogos<\/title>\n<meta name=\"robots\" content=\"index, follow, max-snippet:-1, max-image-preview:large, max-video-preview:-1\" \/>\n<link rel=\"canonical\" href=\"https:\/\/www.kick-point.com\/pt-br\/baliza-de-futebol-interativa-e-eletronica-kick-point\/combinacoes-de-jogo\/\" \/>\n<meta property=\"og:locale\" content=\"pt_BR\" \/>\n<meta property=\"og:type\" content=\"article\" \/>\n<meta property=\"og:title\" content=\"Variantes de jogos\" \/>\n<meta property=\"og:description\" content=\"O software de jogo Kick-Point permite uma sele\u00e7\u00e3o quase infind\u00e1vel de variantes de jogos, desde remates por pontos at\u00e9 remates com jogo de perguntas. Mit dem Laden des Videos akzeptieren Sie die Datenschutzerkl\u00e4rung von YouTube.Mehr erfahren Video laden YouTube immer entsperren No Kick-Point n\u00e3o se trata de velocidade do remate, mas na habilidade. Determine o [&hellip;]\" \/>\n<meta property=\"og:url\" content=\"https:\/\/www.kick-point.com\/pt-br\/baliza-de-futebol-interativa-e-eletronica-kick-point\/combinacoes-de-jogo\/\" \/>\n<meta property=\"og:site_name\" content=\"Kick-Point\" \/>\n<meta property=\"article:modified_time\" content=\"2016-10-14T11:30:34+00:00\" \/>\n<meta property=\"og:image\" content=\"https:\/\/www.kick-point.com\/wp-content\/uploads\/\/5x2mitlogos-150x150.jpg\" \/>\n<meta name=\"twitter:label1\" content=\"Est. tempo de leitura\" \/>\n\t<meta name=\"twitter:data1\" content=\"1 minuto\" \/>\n<script type=\"application\/ld+json\" class=\"yoast-schema-graph\">{\"@context\":\"https:\/\/schema.org\",\"@graph\":[{\"@type\":\"WebPage\",\"@id\":\"https:\/\/www.kick-point.com\/pt-br\/baliza-de-futebol-interativa-e-eletronica-kick-point\/combinacoes-de-jogo\/\",\"url\":\"https:\/\/www.kick-point.com\/pt-br\/baliza-de-futebol-interativa-e-eletronica-kick-point\/combinacoes-de-jogo\/\",\"name\":\"Variantes de jogos\",\"isPartOf\":{\"@id\":\"https:\/\/www.kick-point.com\/de\/#website\"},\"primaryImageOfPage\":{\"@id\":\"https:\/\/www.kick-point.com\/pt-br\/baliza-de-futebol-interativa-e-eletronica-kick-point\/combinacoes-de-jogo\/#primaryimage\"},\"image\":{\"@id\":\"https:\/\/www.kick-point.com\/pt-br\/baliza-de-futebol-interativa-e-eletronica-kick-point\/combinacoes-de-jogo\/#primaryimage\"},\"thumbnailUrl\":\"https:\/\/www.kick-point.com\/wp-content\/uploads\/\/5x2mitlogos-150x150.jpg\",\"datePublished\":\"2012-10-18T11:53:01+00:00\",\"dateModified\":\"2016-10-14T11:30:34+00:00\",\"breadcrumb\":{\"@id\":\"https:\/\/www.kick-point.com\/pt-br\/baliza-de-futebol-interativa-e-eletronica-kick-point\/combinacoes-de-jogo\/#breadcrumb\"},\"inLanguage\":\"pt-BR\",\"potentialAction\":[{\"@type\":\"ReadAction\",\"target\":[\"https:\/\/www.kick-point.com\/pt-br\/baliza-de-futebol-interativa-e-eletronica-kick-point\/combinacoes-de-jogo\/\"]}]},{\"@type\":\"ImageObject\",\"inLanguage\":\"pt-BR\",\"@id\":\"https:\/\/www.kick-point.com\/pt-br\/baliza-de-futebol-interativa-e-eletronica-kick-point\/combinacoes-de-jogo\/#primaryimage\",\"url\":\"https:\/\/www.kick-point.com\/wp-content\/uploads\/\/5x2mitlogos-150x150.jpg\",\"contentUrl\":\"https:\/\/www.kick-point.com\/wp-content\/uploads\/\/5x2mitlogos-150x150.jpg\"},{\"@type\":\"BreadcrumbList\",\"@id\":\"https:\/\/www.kick-point.com\/pt-br\/baliza-de-futebol-interativa-e-eletronica-kick-point\/combinacoes-de-jogo\/#breadcrumb\",\"itemListElement\":[{\"@type\":\"ListItem\",\"position\":1,\"name\":\"Baliza de futebol interativa e eletr\u00f3nica Kick-Point\",\"item\":\"https:\/\/www.kick-point.com\/pt-br\/baliza-de-futebol-interativa-e-eletronica-kick-point\/\"},{\"@type\":\"ListItem\",\"position\":2,\"name\":\"Variantes de jogos\"}]},{\"@type\":\"WebSite\",\"@id\":\"https:\/\/www.kick-point.com\/de\/#website\",\"url\":\"https:\/\/www.kick-point.com\/de\/\",\"name\":\"Kick-Point\",\"description\":\"Events und Event-Module rund um das elektronische Fu\u00dfballtor\",\"potentialAction\":[{\"@type\":\"SearchAction\",\"target\":{\"@type\":\"EntryPoint\",\"urlTemplate\":\"https:\/\/www.kick-point.com\/de\/?s={search_term_string}\"},\"query-input\":\"required name=search_term_string\"}],\"inLanguage\":\"pt-BR\"}]}<\/script>\n<!-- \/ Yoast SEO plugin. -->","yoast_head_json":{"title":"Variantes de jogos","robots":{"index":"index","follow":"follow","max-snippet":"max-snippet:-1","max-image-preview":"max-image-preview:large","max-video-preview":"max-video-preview:-1"},"canonical":"https:\/\/www.kick-point.com\/pt-br\/baliza-de-futebol-interativa-e-eletronica-kick-point\/combinacoes-de-jogo\/","og_locale":"pt_BR","og_type":"article","og_title":"Variantes de jogos","og_description":"O software de jogo Kick-Point permite uma sele\u00e7\u00e3o quase infind\u00e1vel de variantes de jogos, desde remates por pontos at\u00e9 remates com jogo de perguntas. Mit dem Laden des Videos akzeptieren Sie die Datenschutzerkl\u00e4rung von YouTube.Mehr erfahren Video laden YouTube immer entsperren No Kick-Point n\u00e3o se trata de velocidade do remate, mas na habilidade. Determine o [&hellip;]","og_url":"https:\/\/www.kick-point.com\/pt-br\/baliza-de-futebol-interativa-e-eletronica-kick-point\/combinacoes-de-jogo\/","og_site_name":"Kick-Point","article_modified_time":"2016-10-14T11:30:34+00:00","og_image":[{"url":"https:\/\/www.kick-point.com\/wp-content\/uploads\/\/5x2mitlogos-150x150.jpg"}],"twitter_misc":{"Est. tempo de leitura":"1 minuto"},"schema":{"@context":"https:\/\/schema.org","@graph":[{"@type":"WebPage","@id":"https:\/\/www.kick-point.com\/pt-br\/baliza-de-futebol-interativa-e-eletronica-kick-point\/combinacoes-de-jogo\/","url":"https:\/\/www.kick-point.com\/pt-br\/baliza-de-futebol-interativa-e-eletronica-kick-point\/combinacoes-de-jogo\/","name":"Variantes de jogos","isPartOf":{"@id":"https:\/\/www.kick-point.com\/de\/#website"},"primaryImageOfPage":{"@id":"https:\/\/www.kick-point.com\/pt-br\/baliza-de-futebol-interativa-e-eletronica-kick-point\/combinacoes-de-jogo\/#primaryimage"},"image":{"@id":"https:\/\/www.kick-point.com\/pt-br\/baliza-de-futebol-interativa-e-eletronica-kick-point\/combinacoes-de-jogo\/#primaryimage"},"thumbnailUrl":"https:\/\/www.kick-point.com\/wp-content\/uploads\/\/5x2mitlogos-150x150.jpg","datePublished":"2012-10-18T11:53:01+00:00","dateModified":"2016-10-14T11:30:34+00:00","breadcrumb":{"@id":"https:\/\/www.kick-point.com\/pt-br\/baliza-de-futebol-interativa-e-eletronica-kick-point\/combinacoes-de-jogo\/#breadcrumb"},"inLanguage":"pt-BR","potentialAction":[{"@type":"ReadAction","target":["https:\/\/www.kick-point.com\/pt-br\/baliza-de-futebol-interativa-e-eletronica-kick-point\/combinacoes-de-jogo\/"]}]},{"@type":"ImageObject","inLanguage":"pt-BR","@id":"https:\/\/www.kick-point.com\/pt-br\/baliza-de-futebol-interativa-e-eletronica-kick-point\/combinacoes-de-jogo\/#primaryimage","url":"https:\/\/www.kick-point.com\/wp-content\/uploads\/\/5x2mitlogos-150x150.jpg","contentUrl":"https:\/\/www.kick-point.com\/wp-content\/uploads\/\/5x2mitlogos-150x150.jpg"},{"@type":"BreadcrumbList","@id":"https:\/\/www.kick-point.com\/pt-br\/baliza-de-futebol-interativa-e-eletronica-kick-point\/combinacoes-de-jogo\/#breadcrumb","itemListElement":[{"@type":"ListItem","position":1,"name":"Baliza de futebol interativa e eletr\u00f3nica Kick-Point","item":"https:\/\/www.kick-point.com\/pt-br\/baliza-de-futebol-interativa-e-eletronica-kick-point\/"},{"@type":"ListItem","position":2,"name":"Variantes de jogos"}]},{"@type":"WebSite","@id":"https:\/\/www.kick-point.com\/de\/#website","url":"https:\/\/www.kick-point.com\/de\/","name":"Kick-Point","description":"Events und Event-Module rund um das elektronische Fu\u00dfballtor","potentialAction":[{"@type":"SearchAction","target":{"@type":"EntryPoint","urlTemplate":"https:\/\/www.kick-point.com\/de\/?s={search_term_string}"},"query-input":"required name=search_term_string"}],"inLanguage":"pt-BR"}]}},"_links":{"self":[{"href":"https:\/\/www.kick-point.com\/pt-br\/wp-json\/wp\/v2\/pages\/3046","targetHints":{"allow":["GET"]}}],"collection":[{"href":"https:\/\/www.kick-point.com\/pt-br\/wp-json\/wp\/v2\/pages"}],"about":[{"href":"https:\/\/www.kick-point.com\/pt-br\/wp-json\/wp\/v2\/types\/page"}],"author":[{"embeddable":true,"href":"https:\/\/www.kick-point.com\/pt-br\/wp-json\/wp\/v2\/users\/12"}],"replies":[{"embeddable":true,"href":"https:\/\/www.kick-point.com\/pt-br\/wp-json\/wp\/v2\/comments?post=3046"}],"version-history":[{"count":3,"href":"https:\/\/www.kick-point.com\/pt-br\/wp-json\/wp\/v2\/pages\/3046\/revisions"}],"predecessor-version":[{"id":67142,"href":"https:\/\/www.kick-point.com\/pt-br\/wp-json\/wp\/v2\/pages\/3046\/revisions\/67142"}],"up":[{"embeddable":true,"href":"https:\/\/www.kick-point.com\/pt-br\/wp-json\/wp\/v2\/pages\/8680"}],"wp:attachment":[{"href":"https:\/\/www.kick-point.com\/pt-br\/wp-json\/wp\/v2\/media?parent=3046"}],"curies":[{"name":"wp","href":"https:\/\/api.w.org\/{rel}","templated":true}]}}