{"id":62149,"date":"2011-02-28T17:14:50","date_gmt":"2011-02-28T16:14:50","guid":{"rendered":"https:\/\/www.kick-point.com\/kick-point-electronic-interactive-soccer-goal-2\/branding\/"},"modified":"2016-10-14T13:57:09","modified_gmt":"2016-10-14T11:57:09","slug":"branding","status":"publish","type":"page","link":"https:\/\/www.kick-point.com\/it\/porta-da-calcio-interattiva\/branding\/","title":{"rendered":"Branding"},"content":{"rendered":"<h2 style=\"text-align: center;\" align=\"center\">Possibilit\u00e0 di branding nella struttura Kick-Point.<\/h2>\n<p><a title=\"branding possibilit\u00e0\" href=\"https:\/\/www.kick-point.com\/wp-content\/uploads\/branding-possibilities.png\"><img loading=\"lazy\" decoding=\"async\" class=\"alignright size-full wp-image-66874\" title=\"branding possibilit\u00e0\" alt=\"branding possibilit\u00e0\" src=\"https:\/\/www.kick-point.com\/wp-content\/uploads\/branding-possibilities.png\" width=\"600\" height=\"400\" \/><\/a>Il Kick-Point \u00e8 in grado di fornire ampie possibilit\u00e0 di branding attraverso i molteplici spazi che si possono creare nella propria struttura di contenimento e nell\u2019allestimento base. Il logo dello sponsor pu\u00f2 essere inserito anche nei vari banner pubblicitari allestiti intorno al gioco, nei diplomi consegnati ai giocatori, negli effetti di pubblicit\u00e0 interattiva sullo schermo ecc.<\/p>\n<p><a href=\"https:\/\/www.kick-point.com\/wp-content\/uploads\/roadshow-veranstaltung-buchen.jpg\"><img loading=\"lazy\" decoding=\"async\" class=\"alignleft  wp-image-5498\" alt=\"roadshow-veranstaltung-buchen\" src=\"https:\/\/www.kick-point.com\/wp-content\/uploads\/\/roadshow-veranstaltung-buchen-150x150.jpg\" width=\"72\" height=\"72\" \/><\/a> <a href=\"https:\/\/www.kick-point.com\/wp-content\/uploads\/elektronische-torwand-mieten.jpg\"><img loading=\"lazy\" decoding=\"async\" class=\"alignleft  wp-image-5504\" alt=\"elektronische-torwand-mieten\" src=\"https:\/\/www.kick-point.com\/wp-content\/uploads\/elektronische-torwand-mieten-150x150.jpg\" width=\"72\" height=\"72\" \/><\/a> <a href=\"https:\/\/www.kick-point.com\/wp-content\/uploads\/mobile-torwand-interaktiv.jpg\"><img loading=\"lazy\" decoding=\"async\" class=\"alignleft  wp-image-5507\" alt=\"mobile-torwand-interaktiv\" src=\"https:\/\/www.kick-point.com\/wp-content\/uploads\/mobile-torwand-interaktiv-150x150.jpg\" width=\"72\" height=\"72\" \/><\/a><\/p>\n","protected":false},"excerpt":{"rendered":"<p>Possibilit\u00e0 di branding nella struttura Kick-Point. Il Kick-Point \u00e8 in grado di fornire ampie possibilit\u00e0 di branding attraverso i molteplici spazi che si possono creare nella propria struttura di contenimento e nell\u2019allestimento base. Il logo dello sponsor pu\u00f2 essere inserito anche nei vari banner pubblicitari allestiti intorno al gioco, nei diplomi consegnati ai giocatori, negli [&hellip;]<\/p>\n","protected":false},"author":12,"featured_media":0,"parent":62124,"menu_order":4,"comment_status":"closed","ping_status":"closed","template":"","meta":{"footnotes":""},"class_list":["post-62149","page","type-page","status-publish","hentry"],"yoast_head":"<!-- This site is optimized with the Yoast SEO plugin v22.8 - https:\/\/yoast.com\/wordpress\/plugins\/seo\/ -->\n<title>Branding<\/title>\n<meta name=\"robots\" content=\"index, follow, max-snippet:-1, max-image-preview:large, max-video-preview:-1\" \/>\n<link rel=\"canonical\" href=\"https:\/\/www.kick-point.com\/it\/porta-da-calcio-interattiva\/branding\/\" \/>\n<meta property=\"og:locale\" content=\"it_IT\" \/>\n<meta property=\"og:type\" content=\"article\" \/>\n<meta property=\"og:title\" content=\"Branding\" \/>\n<meta property=\"og:description\" content=\"Possibilit\u00e0 di branding nella struttura Kick-Point. Il Kick-Point \u00e8 in grado di fornire ampie possibilit\u00e0 di branding attraverso i molteplici spazi che si possono creare nella propria struttura di contenimento e nell\u2019allestimento base. Il logo dello sponsor pu\u00f2 essere inserito anche nei vari banner pubblicitari allestiti intorno al gioco, nei diplomi consegnati ai giocatori, negli [&hellip;]\" \/>\n<meta property=\"og:url\" content=\"https:\/\/www.kick-point.com\/it\/porta-da-calcio-interattiva\/branding\/\" \/>\n<meta property=\"og:site_name\" content=\"Kick-Point\" \/>\n<meta property=\"article:modified_time\" content=\"2016-10-14T11:57:09+00:00\" \/>\n<meta property=\"og:image\" content=\"https:\/\/www.kick-point.com\/wp-content\/uploads\/branding-possibilities.png\" \/>\n<script type=\"application\/ld+json\" class=\"yoast-schema-graph\">{\"@context\":\"https:\/\/schema.org\",\"@graph\":[{\"@type\":\"WebPage\",\"@id\":\"https:\/\/www.kick-point.com\/it\/porta-da-calcio-interattiva\/branding\/\",\"url\":\"https:\/\/www.kick-point.com\/it\/porta-da-calcio-interattiva\/branding\/\",\"name\":\"Branding\",\"isPartOf\":{\"@id\":\"https:\/\/www.kick-point.com\/de\/#website\"},\"primaryImageOfPage\":{\"@id\":\"https:\/\/www.kick-point.com\/it\/porta-da-calcio-interattiva\/branding\/#primaryimage\"},\"image\":{\"@id\":\"https:\/\/www.kick-point.com\/it\/porta-da-calcio-interattiva\/branding\/#primaryimage\"},\"thumbnailUrl\":\"https:\/\/www.kick-point.com\/wp-content\/uploads\/branding-possibilities.png\",\"datePublished\":\"2011-02-28T16:14:50+00:00\",\"dateModified\":\"2016-10-14T11:57:09+00:00\",\"breadcrumb\":{\"@id\":\"https:\/\/www.kick-point.com\/it\/porta-da-calcio-interattiva\/branding\/#breadcrumb\"},\"inLanguage\":\"it-IT\",\"potentialAction\":[{\"@type\":\"ReadAction\",\"target\":[\"https:\/\/www.kick-point.com\/it\/porta-da-calcio-interattiva\/branding\/\"]}]},{\"@type\":\"ImageObject\",\"inLanguage\":\"it-IT\",\"@id\":\"https:\/\/www.kick-point.com\/it\/porta-da-calcio-interattiva\/branding\/#primaryimage\",\"url\":\"https:\/\/www.kick-point.com\/wp-content\/uploads\/branding-possibilities.png\",\"contentUrl\":\"https:\/\/www.kick-point.com\/wp-content\/uploads\/branding-possibilities.png\"},{\"@type\":\"BreadcrumbList\",\"@id\":\"https:\/\/www.kick-point.com\/it\/porta-da-calcio-interattiva\/branding\/#breadcrumb\",\"itemListElement\":[{\"@type\":\"ListItem\",\"position\":1,\"name\":\"Porta da calcio interattiva\",\"item\":\"https:\/\/www.kick-point.com\/it\/porta-da-calcio-interattiva\/\"},{\"@type\":\"ListItem\",\"position\":2,\"name\":\"Branding\"}]},{\"@type\":\"WebSite\",\"@id\":\"https:\/\/www.kick-point.com\/de\/#website\",\"url\":\"https:\/\/www.kick-point.com\/de\/\",\"name\":\"Kick-Point\",\"description\":\"Events und Event-Module rund um das elektronische Fu\u00dfballtor\",\"potentialAction\":[{\"@type\":\"SearchAction\",\"target\":{\"@type\":\"EntryPoint\",\"urlTemplate\":\"https:\/\/www.kick-point.com\/de\/?s={search_term_string}\"},\"query-input\":\"required name=search_term_string\"}],\"inLanguage\":\"it-IT\"}]}<\/script>\n<!-- \/ Yoast SEO plugin. -->","yoast_head_json":{"title":"Branding","robots":{"index":"index","follow":"follow","max-snippet":"max-snippet:-1","max-image-preview":"max-image-preview:large","max-video-preview":"max-video-preview:-1"},"canonical":"https:\/\/www.kick-point.com\/it\/porta-da-calcio-interattiva\/branding\/","og_locale":"it_IT","og_type":"article","og_title":"Branding","og_description":"Possibilit\u00e0 di branding nella struttura Kick-Point. Il Kick-Point \u00e8 in grado di fornire ampie possibilit\u00e0 di branding attraverso i molteplici spazi che si possono creare nella propria struttura di contenimento e nell\u2019allestimento base. Il logo dello sponsor pu\u00f2 essere inserito anche nei vari banner pubblicitari allestiti intorno al gioco, nei diplomi consegnati ai giocatori, negli [&hellip;]","og_url":"https:\/\/www.kick-point.com\/it\/porta-da-calcio-interattiva\/branding\/","og_site_name":"Kick-Point","article_modified_time":"2016-10-14T11:57:09+00:00","og_image":[{"url":"https:\/\/www.kick-point.com\/wp-content\/uploads\/branding-possibilities.png"}],"schema":{"@context":"https:\/\/schema.org","@graph":[{"@type":"WebPage","@id":"https:\/\/www.kick-point.com\/it\/porta-da-calcio-interattiva\/branding\/","url":"https:\/\/www.kick-point.com\/it\/porta-da-calcio-interattiva\/branding\/","name":"Branding","isPartOf":{"@id":"https:\/\/www.kick-point.com\/de\/#website"},"primaryImageOfPage":{"@id":"https:\/\/www.kick-point.com\/it\/porta-da-calcio-interattiva\/branding\/#primaryimage"},"image":{"@id":"https:\/\/www.kick-point.com\/it\/porta-da-calcio-interattiva\/branding\/#primaryimage"},"thumbnailUrl":"https:\/\/www.kick-point.com\/wp-content\/uploads\/branding-possibilities.png","datePublished":"2011-02-28T16:14:50+00:00","dateModified":"2016-10-14T11:57:09+00:00","breadcrumb":{"@id":"https:\/\/www.kick-point.com\/it\/porta-da-calcio-interattiva\/branding\/#breadcrumb"},"inLanguage":"it-IT","potentialAction":[{"@type":"ReadAction","target":["https:\/\/www.kick-point.com\/it\/porta-da-calcio-interattiva\/branding\/"]}]},{"@type":"ImageObject","inLanguage":"it-IT","@id":"https:\/\/www.kick-point.com\/it\/porta-da-calcio-interattiva\/branding\/#primaryimage","url":"https:\/\/www.kick-point.com\/wp-content\/uploads\/branding-possibilities.png","contentUrl":"https:\/\/www.kick-point.com\/wp-content\/uploads\/branding-possibilities.png"},{"@type":"BreadcrumbList","@id":"https:\/\/www.kick-point.com\/it\/porta-da-calcio-interattiva\/branding\/#breadcrumb","itemListElement":[{"@type":"ListItem","position":1,"name":"Porta da calcio interattiva","item":"https:\/\/www.kick-point.com\/it\/porta-da-calcio-interattiva\/"},{"@type":"ListItem","position":2,"name":"Branding"}]},{"@type":"WebSite","@id":"https:\/\/www.kick-point.com\/de\/#website","url":"https:\/\/www.kick-point.com\/de\/","name":"Kick-Point","description":"Events und Event-Module rund um das elektronische Fu\u00dfballtor","potentialAction":[{"@type":"SearchAction","target":{"@type":"EntryPoint","urlTemplate":"https:\/\/www.kick-point.com\/de\/?s={search_term_string}"},"query-input":"required name=search_term_string"}],"inLanguage":"it-IT"}]}},"_links":{"self":[{"href":"https:\/\/www.kick-point.com\/it\/wp-json\/wp\/v2\/pages\/62149","targetHints":{"allow":["GET"]}}],"collection":[{"href":"https:\/\/www.kick-point.com\/it\/wp-json\/wp\/v2\/pages"}],"about":[{"href":"https:\/\/www.kick-point.com\/it\/wp-json\/wp\/v2\/types\/page"}],"author":[{"embeddable":true,"href":"https:\/\/www.kick-point.com\/it\/wp-json\/wp\/v2\/users\/12"}],"replies":[{"embeddable":true,"href":"https:\/\/www.kick-point.com\/it\/wp-json\/wp\/v2\/comments?post=62149"}],"version-history":[{"count":5,"href":"https:\/\/www.kick-point.com\/it\/wp-json\/wp\/v2\/pages\/62149\/revisions"}],"predecessor-version":[{"id":67161,"href":"https:\/\/www.kick-point.com\/it\/wp-json\/wp\/v2\/pages\/62149\/revisions\/67161"}],"up":[{"embeddable":true,"href":"https:\/\/www.kick-point.com\/it\/wp-json\/wp\/v2\/pages\/62124"}],"wp:attachment":[{"href":"https:\/\/www.kick-point.com\/it\/wp-json\/wp\/v2\/media?parent=62149"}],"curies":[{"name":"wp","href":"https:\/\/api.w.org\/{rel}","templated":true}]}}