{"id":62142,"date":"2011-03-01T13:55:26","date_gmt":"2011-03-01T12:55:26","guid":{"rendered":"https:\/\/www.kick-point.com\/home-2\/"},"modified":"2022-11-02T10:32:00","modified_gmt":"2022-11-02T09:32:00","slug":"home","status":"publish","type":"page","link":"https:\/\/www.kick-point.com\/it\/","title":{"rendered":"Kick Point \u2013 Strutture ed Eventi per il calcio"},"content":{"rendered":"<div class=\"avia-video av-kt47fbp1-542b195a1b82d94107e2dc689db8b3c5 avia-video-16-9 av-no-preview-image avia-video-load-always avia-video-html5\" style=\"\" itemprop=\"video\" itemtype=\"https:\/\/schema.org\/VideoObject\" data-original_url=\"https:\/\/www.kick-point.com\/wp-content\/uploads\/KP_Promo_converted.mp4\"><video class='avia_video'    preload=\"auto\"  controls id='player_62142_1393933021_1146256565'><source src='https:\/\/www.kick-point.com\/wp-content\/uploads\/KP_Promo_converted.mp4' type='video\/mp4' \/><\/video><\/div>\n\n<style type=\"text\/css\" data-created_by=\"avia_inline_auto\" id=\"style-css-av-7xoi0-fc4328311b93570a054f257e8a18f80a\">\n.flex_column.av-7xoi0-fc4328311b93570a054f257e8a18f80a{\nborder-radius:0px 0px 0px 0px;\npadding:0px 0px 0px 0px;\n}\n<\/style>\n<div  class='flex_column av-7xoi0-fc4328311b93570a054f257e8a18f80a av_one_third  avia-builder-el-1  el_after_av_video  el_before_av_one_third  first flex_column_div av-zero-column-padding  '     ><section  class='av_textblock_section av-jrgd2psx-4a26c11994822e5c80326200872d1a1f '   itemscope=\"itemscope\" itemtype=\"https:\/\/schema.org\/CreativeWork\" ><div class='avia_textblock'  itemprop=\"text\" ><p>Kick-Point \u00e8 una esclusiva italiana di 3e60events, agenzia specializzata nella continua ricerca di moduli e strutture innovative per il mondo del calcio e dello sport.<\/p>\n<\/div><\/section><\/div>\n\n<style type=\"text\/css\" data-created_by=\"avia_inline_auto\" id=\"style-css-av-7go5k-3292e816e228b37ebde44d75d1ed4bdd\">\n.flex_column.av-7go5k-3292e816e228b37ebde44d75d1ed4bdd{\nborder-radius:0px 0px 0px 0px;\npadding:0px 0px 0px 0px;\n}\n<\/style>\n<div  class='flex_column av-7go5k-3292e816e228b37ebde44d75d1ed4bdd av_one_third  avia-builder-el-3  el_after_av_one_third  el_before_av_one_third  flex_column_div av-zero-column-padding  '     ><section  class='av_textblock_section av-jrgd2psx-4a26c11994822e5c80326200872d1a1f '   itemscope=\"itemscope\" itemtype=\"https:\/\/schema.org\/CreativeWork\" ><div class='avia_textblock'  itemprop=\"text\" ><p>Il Kick-Point \u00e8 protetto da brevetto dal 2005.\u00a0 Il successo internazionale che ha raggiunto \u00e8 stato, ed \u00e8 tuttora, legato al continuo\u00a0 sviluppo della tecnologia applicata a questa porta da calcio elettronica ed interattiva.<\/p>\n<\/div><\/section><\/div>\n\n<style type=\"text\/css\" data-created_by=\"avia_inline_auto\" id=\"style-css-av-px5uf3-62b27effb396c3ef81fc764963c808bd\">\n.flex_column.av-px5uf3-62b27effb396c3ef81fc764963c808bd{\nborder-radius:0px 0px 0px 0px;\npadding:0px 0px 0px 0px;\n}\n<\/style>\n<div  class='flex_column av-px5uf3-62b27effb396c3ef81fc764963c808bd av_one_third  avia-builder-el-5  el_after_av_one_third  el_before_av_masonry_gallery  avia-builder-el-last  flex_column_div av-zero-column-padding  '     ><p>\n<style type=\"text\/css\" data-created_by=\"avia_inline_auto\" id=\"style-css-av-av_heading-eeb48012693f029547ecef8084aad691\">\n#top .av-special-heading.av-av_heading-eeb48012693f029547ecef8084aad691{\npadding-bottom:10px;\n}\nbody .av-special-heading.av-av_heading-eeb48012693f029547ecef8084aad691 .av-special-heading-tag .heading-char{\nfont-size:25px;\n}\n.av-special-heading.av-av_heading-eeb48012693f029547ecef8084aad691 .av-subheading{\nfont-size:15px;\n}\n<\/style>\n<div  class='av-special-heading av-av_heading-eeb48012693f029547ecef8084aad691 av-special-heading-h3  avia-builder-el-6  el_before_av_iconlist  avia-builder-el-first '><h3 class='av-special-heading-tag'  itemprop=\"headline\"  >Siamo qui per te:<\/h3><div class=\"special-heading-border\"><div class=\"special-heading-inner-border\"><\/div><\/div><\/div><br \/>\n\n<style type=\"text\/css\" data-created_by=\"avia_inline_auto\" id=\"style-css-av-jqqg0k3p-235614784115cfd242d6631396bcda91\">\n#top .avia-icon-list-container.av-jqqg0k3p-235614784115cfd242d6631396bcda91 .iconlist_icon{\nbackground-color:#83a846;\n}\n#top #wrap_all .avia-icon-list-container.av-jqqg0k3p-235614784115cfd242d6631396bcda91 .av_iconlist_title{\nfont-size:18px;\n}\n<\/style>\n<div  class='avia-icon-list-container av-jqqg0k3p-235614784115cfd242d6631396bcda91  avia-builder-el-7  el_after_av_heading  avia-builder-el-last '><ul class='avia-icon-list avia_animate_when_almost_visible avia-icon-list-right av-iconlist-big av-jqqg0k3p-235614784115cfd242d6631396bcda91 avia-iconlist-animate'>\n<li><a href='tel:+499123456789' title='Via telefono' target=\"_blank\" rel=\"noopener noreferrer\" class='iconlist_icon av-av_iconlist_item-c34106b6aed1f6d1d462f5046bb09e16 avia-font-entypo-fontello'><span class='iconlist-char' aria-hidden='true' data-av_icon='\ue854' data-av_iconfont='entypo-fontello'><\/span><\/a><article class=\"article-icon-entry \"  itemscope=\"itemscope\" itemtype=\"https:\/\/schema.org\/CreativeWork\" ><div class=\"iconlist_content_wrap\"><header class=\"entry-content-header\"><h4 class='av_iconlist_title iconlist_title  '  itemprop=\"headline\" ><a href='tel:+499123456789' title='Via telefono' target=\"_blank\" rel=\"noopener noreferrer\">Via telefono<\/a><\/h4><\/header><div class='iconlist_content '  itemprop=\"text\" ><p><a href=\"tel:+4959738270010\">+49 (0) 5973 \/ 827 0010<\/a><\/p>\n<\/div><\/div><footer class=\"entry-footer\"><\/footer><\/article><div class=\"iconlist-timeline\"><\/div><\/li>\n<li><a href='mailto:info@kick-point.de?subject=Anfrage%3A%20Fu\u00dfballmodule&amp;body=Sehr%20geehrte%20Damen%20und%20Herren%2C%0A%0Abitten%20senden%20Sie%20mir%20ein%20unverbindliches%20Angebot%20f%C3%BCr%20folgende%20Module:%0AVeranstaltungsdatum%3A%0AVeranstaltungsort%3A' title='Via Posta Elettronica'  class='iconlist_icon av-av_iconlist_item-30bd9d17a93302e88648350f349202f1 avia-font-entypo-fontello'><span class='iconlist-char' aria-hidden='true' data-av_icon='\ue805' data-av_iconfont='entypo-fontello'><\/span><\/a><article class=\"article-icon-entry \"  itemscope=\"itemscope\" itemtype=\"https:\/\/schema.org\/CreativeWork\" ><div class=\"iconlist_content_wrap\"><header class=\"entry-content-header\"><h4 class='av_iconlist_title iconlist_title  '  itemprop=\"headline\" ><a href='mailto:info@kick-point.de?subject=Anfrage%3A%20Fu\u00dfballmodule&amp;body=Sehr%20geehrte%20Damen%20und%20Herren%2C%0A%0Abitten%20senden%20Sie%20mir%20ein%20unverbindliches%20Angebot%20f%C3%BCr%20folgende%20Module:%0AVeranstaltungsdatum%3A%0AVeranstaltungsort%3A' title='Via Posta Elettronica'>Via Posta Elettronica<\/a><\/h4><\/header><div class='iconlist_content '  itemprop=\"text\" ><p>or send us an e-mail to: <a href=\"http:\/\/info@kick-point.de?subject=Anfrage%3A%20Fu\u00dfballmodule&amp;body=Sehr%20geehrte%20Damen%20und%20Herren%2C%0A%0Abitten%20senden%20Sie%20mir%20ein%20unverbindliches%20Angebot%20f%C3%BCr%20folgende%20Module:%0AVeranstaltungsdatum%3A%0AVeranstaltungsort%3A\">info@kick-point.de<\/a><\/p>\n<\/div><\/div><footer class=\"entry-footer\"><\/footer><\/article><div class=\"iconlist-timeline\"><\/div><\/li>\n<\/ul><\/div><\/p><\/div>\n<div id='av-masonry-1' class='av-masonry av-jr9a3ekr-c8bb3349b8ef35cf916a27ef36b02697 noHover av-fixed-size av-large-gap av-hover-overlay-active av-masonry-animation-active av-masonry-col-4 av-caption-on-hover av-caption-style- av-masonry-gallery ' data-post_id=\"62142\"><div class=\"av-masonry-container isotope av-js-disabled\"><div class='av-masonry-entry isotope-item av-masonry-item-no-image '><\/div><div id='av-masonry-1-item-73242' data-av-masonry-item='73242' class='av-masonry-entry isotope-item post-73242 attachment type-attachment status-inherit hentry  av-masonry-item-with-image'    itemprop=\"thumbnailUrl\" ><div class='av-inner-masonry-sizer'><\/div><figure class='av-inner-masonry main_color'><div class=\"av-masonry-outerimage-container\"><div class='av-masonry-image-container' style=\"background-image: url(https:\/\/www.kick-point.com\/wp-content\/uploads\/interaktives-Fu\u00dfballtor023-705x529.jpg);\"  title=\"Sch\u00f6nerWohnen Polarweiss\"   alt=\"kunstrasen mieten\" ><\/div><\/div><figcaption class='av-inner-masonry-content site-background'><div class='av-inner-masonry-content-pos'><div class='av-inner-masonry-content-pos-content'><div class='avia-arrow'><\/div><h3 class='av-masonry-entry-title entry-title '  itemprop=\"headline\" >Sch\u00f6nerWohnen Polarweiss<\/h3><div class='av-masonry-entry-content entry-content'  itemprop=\"text\" >Kick-Point<\/div><\/div><\/div><\/figcaption><\/figure><\/div><!--end av-masonry entry--><div id='av-masonry-1-item-73694' data-av-masonry-item='73694' class='av-masonry-entry isotope-item post-73694 attachment type-attachment status-inherit hentry  av-masonry-item-with-image'    itemprop=\"thumbnailUrl\" ><div class='av-inner-masonry-sizer'><\/div><figure class='av-inner-masonry main_color'><div class=\"av-masonry-outerimage-container\"><div class='av-masonry-image-container' style=\"background-image: url(https:\/\/www.kick-point.com\/wp-content\/uploads\/Speed-Kick-mit-Traverse-3-705x397.jpg);\"  title=\"telecolumbus\"  ><\/div><\/div><figcaption class='av-inner-masonry-content site-background'><div class='av-inner-masonry-content-pos'><div class='av-inner-masonry-content-pos-content'><div class='avia-arrow'><\/div><h3 class='av-masonry-entry-title entry-title '  itemprop=\"headline\" >telecolumbus<\/h3><\/div><\/div><\/figcaption><\/figure><\/div><!--end av-masonry entry--><div id='av-masonry-1-item-75476' data-av-masonry-item='75476' class='av-masonry-entry isotope-item post-75476 attachment type-attachment status-inherit hentry  av-masonry-item-with-image'    itemprop=\"thumbnailUrl\" ><div class='av-inner-masonry-sizer'><\/div><figure class='av-inner-masonry main_color'><div class=\"av-masonry-outerimage-container\"><div class='av-masonry-image-container' style=\"background-image: url(https:\/\/www.kick-point.com\/wp-content\/uploads\/Werbebanden-mieten006-705x529.jpg);\"  title=\"Dribble Parcours\"   alt=\"dadf\u00f6ajsdl\u00f6fkjasl\u00f6dfkj\" ><\/div><\/div><figcaption class='av-inner-masonry-content site-background'><div class='av-inner-masonry-content-pos'><div class='av-inner-masonry-content-pos-content'><div class='avia-arrow'><\/div><h3 class='av-masonry-entry-title entry-title '  itemprop=\"headline\" >Dribble Parcours<\/h3><\/div><\/div><\/figcaption><\/figure><\/div><!--end av-masonry entry--><div id='av-masonry-1-item-73803' data-av-masonry-item='73803' class='av-masonry-entry isotope-item post-73803 attachment type-attachment status-inherit hentry  av-masonry-item-with-image'    itemprop=\"thumbnailUrl\" ><div class='av-inner-masonry-sizer'><\/div><figure class='av-inner-masonry main_color'><div class=\"av-masonry-outerimage-container\"><div class='av-masonry-image-container' style=\"background-image: url(https:\/\/www.kick-point.com\/wp-content\/uploads\/speed-kick-photo-5-705x397.jpg);\"  title=\"speed kick photo\"  ><\/div><\/div><figcaption class='av-inner-masonry-content site-background'><div class='av-inner-masonry-content-pos'><div class='av-inner-masonry-content-pos-content'><div class='avia-arrow'><\/div><h3 class='av-masonry-entry-title entry-title '  itemprop=\"headline\" >speed kick photo<\/h3><div class='av-masonry-entry-content entry-content'  itemprop=\"text\" >Opzione foto<\/div><\/div><\/div><\/figcaption><\/figure><\/div><!--end av-masonry entry--><\/div><\/div>\n\n<style type=\"text\/css\" data-created_by=\"avia_inline_auto\" id=\"style-css-av-5uw7s-f7fdc473427e823aaa90e1d36cb34aa6\">\n.flex_column.av-5uw7s-f7fdc473427e823aaa90e1d36cb34aa6{\nborder-radius:0px 0px 0px 0px;\npadding:0px 0px 0px 0px;\n}\n<\/style>\n<div  class='flex_column av-5uw7s-f7fdc473427e823aaa90e1d36cb34aa6 av_one_full  avia-builder-el-9  el_after_av_masonry_gallery  el_before_av_one_half  avia-builder-el-first  first flex_column_div av-zero-column-padding  '     ><p><div  class='hr av-5bz1k-5a3bd9705b379e2351221f5f8e393067 hr-default  avia-builder-el-10  el_before_av_headline_rotator  avia-builder-el-first '><span class='hr-inner '><span class=\"hr-inner-style\"><\/span><\/span><\/div><br \/>\n\n<style type=\"text\/css\" data-created_by=\"avia_inline_auto\" id=\"style-css-av-jrgd5wr7-7cd9756981cd8331d40290e447b1463e\">\n#top .av-rotator-container.av-jrgd5wr7-7cd9756981cd8331d40290e447b1463e{\ntext-align:center;\ncolor:#83a846;\n}\n#top #wrap_all .av-rotator-container.av-jrgd5wr7-7cd9756981cd8331d40290e447b1463e .av-rotator-container-inner{\nfont-size:3vw;\n}\n<\/style>\n<div  class='av-rotator-container av-rotation-container-center av-jrgd5wr7-7cd9756981cd8331d40290e447b1463e  avia-builder-el-11  el_after_av_hr  el_before_av_hr  av-fixed-rotator-width' data-interval='5' data-animation='1' data-fixWidth='1'><h3 class='av-rotator-container-inner'>Ispirare<span class='av-rotator-text av-rotator-multiline-on'>\n<span class='av-rotator-text-single av-av_rotator_item-f8e44d20048434bba7d24fad2637e028 av-rotator-text-single-1' >i tuoi visitatori<\/span>\n<span class='av-rotator-text-single av-av_rotator_item-fe6e8871feef3a6d73f3a4402fcbc1b6 av-rotator-text-single-2' >i tuoi clienti<\/span>\n<span class='av-rotator-text-single av-av_rotator_item-04046c704c0a9ab345aa63af5633777e av-rotator-text-single-3' >i tuoi partner commerciali<\/span>\n<span class='av-rotator-text-single av-av_rotator_item-a68f32556c70a354154f417807d0b0dc av-rotator-text-single-4' >i tuoi fan<\/span>\n<\/span><\/h3><\/div><br \/>\n<div  class='hr av-2gi1k-19cf8686d71bc5884c30b1ab9d61c1b9 hr-default  avia-builder-el-12  el_after_av_headline_rotator  avia-builder-el-last '><span class='hr-inner '><span class=\"hr-inner-style\"><\/span><\/span><\/div><\/p><\/div>\n\n<style type=\"text\/css\" data-created_by=\"avia_inline_auto\" id=\"style-css-av-1ux44-59d8c3b134772ec149f05d98d81f72d8\">\n.flex_column.av-1ux44-59d8c3b134772ec149f05d98d81f72d8{\nborder-radius:0px 0px 0px 0px;\npadding:0px 0px 0px 0px;\n}\n<\/style>\n<div  class='flex_column av-1ux44-59d8c3b134772ec149f05d98d81f72d8 av_one_half  avia-builder-el-13  el_after_av_one_full  el_before_av_one_half  first flex_column_div av-zero-column-padding  column-top-margin'     ><section  class='av_textblock_section av-jrgd2psx-4a26c11994822e5c80326200872d1a1f '   itemscope=\"itemscope\" itemtype=\"https:\/\/schema.org\/CreativeWork\" ><div class='avia_textblock'  itemprop=\"text\" ><p>Il nostro team italiano,\u00a0 \u00e8 in grado di affiancarvi nello sviluppo del progetto pi\u00f9 adatto alle vostre esigenze e necessit\u00e0 di comunicazione.<\/p>\n<\/div><\/section><\/div>\n\n<style type=\"text\/css\" data-created_by=\"avia_inline_auto\" id=\"style-css-av-1ofpc-c7e735d3819221f0c111b243a20106d0\">\n.flex_column.av-1ofpc-c7e735d3819221f0c111b243a20106d0{\nborder-radius:0px 0px 0px 0px;\npadding:0px 0px 0px 0px;\n}\n<\/style>\n<div  class='flex_column av-1ofpc-c7e735d3819221f0c111b243a20106d0 av_one_half  avia-builder-el-15  el_after_av_one_half  el_before_av_hr  flex_column_div av-zero-column-padding  column-top-margin'     ><section  class='av_textblock_section av-jrgd2psx-4a26c11994822e5c80326200872d1a1f '   itemscope=\"itemscope\" itemtype=\"https:\/\/schema.org\/CreativeWork\" ><div class='avia_textblock'  itemprop=\"text\" ><p>Siamo esperti nel progettare, realizzare e gestire eventi calcio di diverse dimensioni e finalit\u00e0, dall\u2019intrattenimento alla valutazione e sviluppo delle tecniche di gioco, dalla promozione prodotto alla brand experience.<\/p>\n<\/div><\/section><\/div>\n<div  class='hr av-rjg0-13e8d544617d68ef527965924f4e23d1 hr-default  avia-builder-el-17  el_after_av_one_half  avia-builder-el-last '><span class='hr-inner '><span class=\"hr-inner-style\"><\/span><\/span><\/div>\n","protected":false},"excerpt":{"rendered":"","protected":false},"author":12,"featured_media":0,"parent":0,"menu_order":0,"comment_status":"closed","ping_status":"closed","template":"","meta":{"footnotes":""},"class_list":["post-62142","page","type-page","status-publish","hentry"],"yoast_head":"<!-- This site is optimized with the Yoast SEO plugin v22.8 - https:\/\/yoast.com\/wordpress\/plugins\/seo\/ -->\n<title>Kick-Point - Fu\u00dfball Eventmodule, die Sie und Ihre G\u00e4ste begeistern<\/title>\n<meta name=\"description\" content=\"Kick-Point: Fu\u00dfball Eventmodule von den Profis rund ums Thema Fu\u00dfball. Passende L\u00f6sungen f\u00fcr Messen, Firmenfeiern und Promotions!\" \/>\n<meta name=\"robots\" content=\"index, follow, max-snippet:-1, max-image-preview:large, max-video-preview:-1\" \/>\n<link rel=\"canonical\" href=\"https:\/\/www.kick-point.com\/it\/\" \/>\n<meta property=\"og:locale\" content=\"it_IT\" \/>\n<meta property=\"og:type\" content=\"article\" \/>\n<meta property=\"og:title\" content=\"Kick-Point - Fu\u00dfball Eventmodule, die Sie und Ihre G\u00e4ste begeistern\" \/>\n<meta property=\"og:description\" content=\"Kick-Point: Fu\u00dfball Eventmodule von den Profis rund ums Thema Fu\u00dfball. Passende L\u00f6sungen f\u00fcr Messen, Firmenfeiern und Promotions!\" \/>\n<meta property=\"og:url\" content=\"https:\/\/www.kick-point.com\/it\/\" \/>\n<meta property=\"og:site_name\" content=\"Kick-Point\" \/>\n<meta property=\"article:modified_time\" content=\"2022-11-02T09:32:00+00:00\" \/>\n<meta name=\"twitter:label1\" content=\"Tempo di lettura stimato\" \/>\n\t<meta name=\"twitter:data1\" content=\"3 minuti\" \/>\n<script type=\"application\/ld+json\" class=\"yoast-schema-graph\">{\"@context\":\"https:\/\/schema.org\",\"@graph\":[{\"@type\":\"WebPage\",\"@id\":\"https:\/\/www.kick-point.com\/it\/\",\"url\":\"https:\/\/www.kick-point.com\/it\/\",\"name\":\"Kick-Point - Fu\u00dfball Eventmodule, die Sie und Ihre G\u00e4ste begeistern\",\"isPartOf\":{\"@id\":\"https:\/\/www.kick-point.com\/de\/#website\"},\"datePublished\":\"2011-03-01T12:55:26+00:00\",\"dateModified\":\"2022-11-02T09:32:00+00:00\",\"description\":\"Kick-Point: Fu\u00dfball Eventmodule von den Profis rund ums Thema Fu\u00dfball. Passende L\u00f6sungen f\u00fcr Messen, Firmenfeiern und Promotions!\",\"inLanguage\":\"it-IT\",\"potentialAction\":[{\"@type\":\"ReadAction\",\"target\":[\"https:\/\/www.kick-point.com\/it\/\"]}]},{\"@type\":\"WebSite\",\"@id\":\"https:\/\/www.kick-point.com\/de\/#website\",\"url\":\"https:\/\/www.kick-point.com\/de\/\",\"name\":\"Kick-Point\",\"description\":\"Events und Event-Module rund um das elektronische Fu\u00dfballtor\",\"potentialAction\":[{\"@type\":\"SearchAction\",\"target\":{\"@type\":\"EntryPoint\",\"urlTemplate\":\"https:\/\/www.kick-point.com\/de\/?s={search_term_string}\"},\"query-input\":\"required name=search_term_string\"}],\"inLanguage\":\"it-IT\"}]}<\/script>\n<!-- \/ Yoast SEO plugin. -->","yoast_head_json":{"title":"Kick-Point - Fu\u00dfball Eventmodule, die Sie und Ihre G\u00e4ste begeistern","description":"Kick-Point: Fu\u00dfball Eventmodule von den Profis rund ums Thema Fu\u00dfball. Passende L\u00f6sungen f\u00fcr Messen, Firmenfeiern und Promotions!","robots":{"index":"index","follow":"follow","max-snippet":"max-snippet:-1","max-image-preview":"max-image-preview:large","max-video-preview":"max-video-preview:-1"},"canonical":"https:\/\/www.kick-point.com\/it\/","og_locale":"it_IT","og_type":"article","og_title":"Kick-Point - Fu\u00dfball Eventmodule, die Sie und Ihre G\u00e4ste begeistern","og_description":"Kick-Point: Fu\u00dfball Eventmodule von den Profis rund ums Thema Fu\u00dfball. Passende L\u00f6sungen f\u00fcr Messen, Firmenfeiern und Promotions!","og_url":"https:\/\/www.kick-point.com\/it\/","og_site_name":"Kick-Point","article_modified_time":"2022-11-02T09:32:00+00:00","twitter_misc":{"Tempo di lettura stimato":"3 minuti"},"schema":{"@context":"https:\/\/schema.org","@graph":[{"@type":"WebPage","@id":"https:\/\/www.kick-point.com\/it\/","url":"https:\/\/www.kick-point.com\/it\/","name":"Kick-Point - Fu\u00dfball Eventmodule, die Sie und Ihre G\u00e4ste begeistern","isPartOf":{"@id":"https:\/\/www.kick-point.com\/de\/#website"},"datePublished":"2011-03-01T12:55:26+00:00","dateModified":"2022-11-02T09:32:00+00:00","description":"Kick-Point: Fu\u00dfball Eventmodule von den Profis rund ums Thema Fu\u00dfball. Passende L\u00f6sungen f\u00fcr Messen, Firmenfeiern und Promotions!","inLanguage":"it-IT","potentialAction":[{"@type":"ReadAction","target":["https:\/\/www.kick-point.com\/it\/"]}]},{"@type":"WebSite","@id":"https:\/\/www.kick-point.com\/de\/#website","url":"https:\/\/www.kick-point.com\/de\/","name":"Kick-Point","description":"Events und Event-Module rund um das elektronische Fu\u00dfballtor","potentialAction":[{"@type":"SearchAction","target":{"@type":"EntryPoint","urlTemplate":"https:\/\/www.kick-point.com\/de\/?s={search_term_string}"},"query-input":"required name=search_term_string"}],"inLanguage":"it-IT"}]}},"_links":{"self":[{"href":"https:\/\/www.kick-point.com\/it\/wp-json\/wp\/v2\/pages\/62142","targetHints":{"allow":["GET"]}}],"collection":[{"href":"https:\/\/www.kick-point.com\/it\/wp-json\/wp\/v2\/pages"}],"about":[{"href":"https:\/\/www.kick-point.com\/it\/wp-json\/wp\/v2\/types\/page"}],"author":[{"embeddable":true,"href":"https:\/\/www.kick-point.com\/it\/wp-json\/wp\/v2\/users\/12"}],"replies":[{"embeddable":true,"href":"https:\/\/www.kick-point.com\/it\/wp-json\/wp\/v2\/comments?post=62142"}],"version-history":[{"count":16,"href":"https:\/\/www.kick-point.com\/it\/wp-json\/wp\/v2\/pages\/62142\/revisions"}],"predecessor-version":[{"id":86351,"href":"https:\/\/www.kick-point.com\/it\/wp-json\/wp\/v2\/pages\/62142\/revisions\/86351"}],"wp:attachment":[{"href":"https:\/\/www.kick-point.com\/it\/wp-json\/wp\/v2\/media?parent=62142"}],"curies":[{"name":"wp","href":"https:\/\/api.w.org\/{rel}","templated":true}]}}