{"id":62137,"date":"2011-03-01T14:01:56","date_gmt":"2011-03-01T13:01:56","guid":{"rendered":"https:\/\/www.kick-point.com\/kick-point-electronic-interactive-soccer-goal-2\/spielvarianten\/"},"modified":"2016-10-14T13:51:03","modified_gmt":"2016-10-14T11:51:03","slug":"opzioni-di-gioco","status":"publish","type":"page","link":"https:\/\/www.kick-point.com\/it\/porta-da-calcio-interattiva\/opzioni-di-gioco\/","title":{"rendered":"Opzioni di gioco"},"content":{"rendered":"<h2 style=\"text-align: center;\"><span style=\"color: #000000;\">&#8211; Il software Kick-Point permette una variet\u00e0 infinita di varianti di gioco<\/span><\/h2>\n<p><a href=\"https:\/\/www.kick-point.com\/wp-content\/uploads\/screenshot-christmas-660x492.jpg\"><img loading=\"lazy\" decoding=\"async\" class=\"alignright size-full wp-image-5686\" alt=\"Standard_Pointskick_neu\" src=\"https:\/\/www.kick-point.com\/wp-content\/uploads\/screenshot-christmas-660x492.jpg\" width=\"600\" height=\"450\" \/><\/a><\/p>\n<div class=\"hide\"><\/div>\n<p>Kick-Point non \u00e8 solo per la velocit\u00e0 di tiro ma soprattutto per mettere in gioco l&#8217;abilit\u00e0 dei partecipanti. Il livello di difficolt\u00e0 si decide grazie alla interattivit\u00e0 del gioco con lo schermo. Gioco con bersagli piccoli o grandi? Gioco a quiz? Ogni tipo di grafica, logo, immagine, testo e domanda pu\u00f2 essere integrato nei comandi di gioco sul monitor. Qui la fantasia non ha limiti perch\u00e9 i controlli di gioco possono anche essere supportati con video e clip audio. Tutti i giocatori possono anche trasferire i dati a Internet e condividerli con gli amici per rendere il tutto interattivo!<\/p>\n<p><a href=\"https:\/\/www.kick-point.com\/wp-content\/uploads\/fussball-promotion2.jpg\"><img loading=\"lazy\" decoding=\"async\" class=\"alignleft size-thumbnail wp-image-5573\" alt=\"fussball-promotion2\" src=\"https:\/\/www.kick-point.com\/wp-content\/uploads\/fussball-promotion2-150x150.jpg\" width=\"72\" height=\"72\" \/><\/a><a href=\"https:\/\/www.kick-point.com\/wp-content\/uploads\/discount-aktion-shopping-center.jpg\"><img loading=\"lazy\" decoding=\"async\" class=\"alignleft size-thumbnail wp-image-7197\" alt=\"discount-aktion-shopping-center\" src=\"https:\/\/www.kick-point.com\/wp-content\/uploads\/discount-aktion-shopping-center-150x150.jpg\" width=\"72\" height=\"72\" \/><\/a><a href=\"https:\/\/www.kick-point.com\/wp-content\/uploads\/Standard_Pointskick_neu-e1487681151444.jpg\"><img loading=\"lazy\" decoding=\"async\" class=\" wp-image-5686 alignleft\" alt=\"Standard_Pointskick_neu\" src=\"https:\/\/www.kick-point.com\/wp-content\/uploads\/Standard_Pointskick_neu-e1487681151444.jpg\" width=\"72\" height=\"72\" \/><\/a><a href=\"https:\/\/www.kick-point.com\/wp-content\/uploads\/t-mobile-werbung.jpg\"><img loading=\"lazy\" decoding=\"async\" class=\"alignleft size-thumbnail wp-image-7191\" alt=\"T-Mobile-Werbung\" src=\"https:\/\/www.kick-point.com\/wp-content\/uploads\/t-mobile-werbung-150x150.jpg\" width=\"72\" height=\"72\" \/><\/a><\/p>\n","protected":false},"excerpt":{"rendered":"<p>&#8211; Il software Kick-Point permette una variet\u00e0 infinita di varianti di gioco Kick-Point non \u00e8 solo per la velocit\u00e0 di tiro ma soprattutto per mettere in gioco l&#8217;abilit\u00e0 dei partecipanti. Il livello di difficolt\u00e0 si decide grazie alla interattivit\u00e0 del gioco con lo schermo. Gioco con bersagli piccoli o grandi? Gioco a quiz? Ogni tipo [&hellip;]<\/p>\n","protected":false},"author":12,"featured_media":0,"parent":62124,"menu_order":3,"comment_status":"closed","ping_status":"closed","template":"","meta":{"footnotes":""},"class_list":["post-62137","page","type-page","status-publish","hentry"],"yoast_head":"<!-- This site is optimized with the Yoast SEO plugin v22.8 - https:\/\/yoast.com\/wordpress\/plugins\/seo\/ -->\n<title>Opzioni di gioco<\/title>\n<meta name=\"robots\" content=\"index, follow, max-snippet:-1, max-image-preview:large, max-video-preview:-1\" \/>\n<link rel=\"canonical\" href=\"https:\/\/www.kick-point.com\/it\/porta-da-calcio-interattiva\/opzioni-di-gioco\/\" \/>\n<meta property=\"og:locale\" content=\"it_IT\" \/>\n<meta property=\"og:type\" content=\"article\" \/>\n<meta property=\"og:title\" content=\"Opzioni di gioco\" \/>\n<meta property=\"og:description\" content=\"&#8211; Il software Kick-Point permette una variet\u00e0 infinita di varianti di gioco Kick-Point non \u00e8 solo per la velocit\u00e0 di tiro ma soprattutto per mettere in gioco l&#8217;abilit\u00e0 dei partecipanti. Il livello di difficolt\u00e0 si decide grazie alla interattivit\u00e0 del gioco con lo schermo. Gioco con bersagli piccoli o grandi? Gioco a quiz? Ogni tipo [&hellip;]\" \/>\n<meta property=\"og:url\" content=\"https:\/\/www.kick-point.com\/it\/porta-da-calcio-interattiva\/opzioni-di-gioco\/\" \/>\n<meta property=\"og:site_name\" content=\"Kick-Point\" \/>\n<meta property=\"article:modified_time\" content=\"2016-10-14T11:51:03+00:00\" \/>\n<meta property=\"og:image\" content=\"https:\/\/www.kick-point.com\/wp-content\/uploads\/screenshot-christmas-660x492.jpg\" \/>\n<meta name=\"twitter:label1\" content=\"Tempo di lettura stimato\" \/>\n\t<meta name=\"twitter:data1\" content=\"1 minuto\" \/>\n<script type=\"application\/ld+json\" class=\"yoast-schema-graph\">{\"@context\":\"https:\/\/schema.org\",\"@graph\":[{\"@type\":\"WebPage\",\"@id\":\"https:\/\/www.kick-point.com\/it\/porta-da-calcio-interattiva\/opzioni-di-gioco\/\",\"url\":\"https:\/\/www.kick-point.com\/it\/porta-da-calcio-interattiva\/opzioni-di-gioco\/\",\"name\":\"Opzioni di gioco\",\"isPartOf\":{\"@id\":\"https:\/\/www.kick-point.com\/de\/#website\"},\"primaryImageOfPage\":{\"@id\":\"https:\/\/www.kick-point.com\/it\/porta-da-calcio-interattiva\/opzioni-di-gioco\/#primaryimage\"},\"image\":{\"@id\":\"https:\/\/www.kick-point.com\/it\/porta-da-calcio-interattiva\/opzioni-di-gioco\/#primaryimage\"},\"thumbnailUrl\":\"https:\/\/www.kick-point.com\/wp-content\/uploads\/screenshot-christmas-660x492.jpg\",\"datePublished\":\"2011-03-01T13:01:56+00:00\",\"dateModified\":\"2016-10-14T11:51:03+00:00\",\"breadcrumb\":{\"@id\":\"https:\/\/www.kick-point.com\/it\/porta-da-calcio-interattiva\/opzioni-di-gioco\/#breadcrumb\"},\"inLanguage\":\"it-IT\",\"potentialAction\":[{\"@type\":\"ReadAction\",\"target\":[\"https:\/\/www.kick-point.com\/it\/porta-da-calcio-interattiva\/opzioni-di-gioco\/\"]}]},{\"@type\":\"ImageObject\",\"inLanguage\":\"it-IT\",\"@id\":\"https:\/\/www.kick-point.com\/it\/porta-da-calcio-interattiva\/opzioni-di-gioco\/#primaryimage\",\"url\":\"https:\/\/www.kick-point.com\/wp-content\/uploads\/screenshot-christmas-660x492.jpg\",\"contentUrl\":\"https:\/\/www.kick-point.com\/wp-content\/uploads\/screenshot-christmas-660x492.jpg\"},{\"@type\":\"BreadcrumbList\",\"@id\":\"https:\/\/www.kick-point.com\/it\/porta-da-calcio-interattiva\/opzioni-di-gioco\/#breadcrumb\",\"itemListElement\":[{\"@type\":\"ListItem\",\"position\":1,\"name\":\"Porta da calcio interattiva\",\"item\":\"https:\/\/www.kick-point.com\/it\/porta-da-calcio-interattiva\/\"},{\"@type\":\"ListItem\",\"position\":2,\"name\":\"Opzioni di gioco\"}]},{\"@type\":\"WebSite\",\"@id\":\"https:\/\/www.kick-point.com\/de\/#website\",\"url\":\"https:\/\/www.kick-point.com\/de\/\",\"name\":\"Kick-Point\",\"description\":\"Events und Event-Module rund um das elektronische Fu\u00dfballtor\",\"potentialAction\":[{\"@type\":\"SearchAction\",\"target\":{\"@type\":\"EntryPoint\",\"urlTemplate\":\"https:\/\/www.kick-point.com\/de\/?s={search_term_string}\"},\"query-input\":\"required name=search_term_string\"}],\"inLanguage\":\"it-IT\"}]}<\/script>\n<!-- \/ Yoast SEO plugin. -->","yoast_head_json":{"title":"Opzioni di gioco","robots":{"index":"index","follow":"follow","max-snippet":"max-snippet:-1","max-image-preview":"max-image-preview:large","max-video-preview":"max-video-preview:-1"},"canonical":"https:\/\/www.kick-point.com\/it\/porta-da-calcio-interattiva\/opzioni-di-gioco\/","og_locale":"it_IT","og_type":"article","og_title":"Opzioni di gioco","og_description":"&#8211; Il software Kick-Point permette una variet\u00e0 infinita di varianti di gioco Kick-Point non \u00e8 solo per la velocit\u00e0 di tiro ma soprattutto per mettere in gioco l&#8217;abilit\u00e0 dei partecipanti. Il livello di difficolt\u00e0 si decide grazie alla interattivit\u00e0 del gioco con lo schermo. Gioco con bersagli piccoli o grandi? Gioco a quiz? Ogni tipo [&hellip;]","og_url":"https:\/\/www.kick-point.com\/it\/porta-da-calcio-interattiva\/opzioni-di-gioco\/","og_site_name":"Kick-Point","article_modified_time":"2016-10-14T11:51:03+00:00","og_image":[{"url":"https:\/\/www.kick-point.com\/wp-content\/uploads\/screenshot-christmas-660x492.jpg"}],"twitter_misc":{"Tempo di lettura stimato":"1 minuto"},"schema":{"@context":"https:\/\/schema.org","@graph":[{"@type":"WebPage","@id":"https:\/\/www.kick-point.com\/it\/porta-da-calcio-interattiva\/opzioni-di-gioco\/","url":"https:\/\/www.kick-point.com\/it\/porta-da-calcio-interattiva\/opzioni-di-gioco\/","name":"Opzioni di gioco","isPartOf":{"@id":"https:\/\/www.kick-point.com\/de\/#website"},"primaryImageOfPage":{"@id":"https:\/\/www.kick-point.com\/it\/porta-da-calcio-interattiva\/opzioni-di-gioco\/#primaryimage"},"image":{"@id":"https:\/\/www.kick-point.com\/it\/porta-da-calcio-interattiva\/opzioni-di-gioco\/#primaryimage"},"thumbnailUrl":"https:\/\/www.kick-point.com\/wp-content\/uploads\/screenshot-christmas-660x492.jpg","datePublished":"2011-03-01T13:01:56+00:00","dateModified":"2016-10-14T11:51:03+00:00","breadcrumb":{"@id":"https:\/\/www.kick-point.com\/it\/porta-da-calcio-interattiva\/opzioni-di-gioco\/#breadcrumb"},"inLanguage":"it-IT","potentialAction":[{"@type":"ReadAction","target":["https:\/\/www.kick-point.com\/it\/porta-da-calcio-interattiva\/opzioni-di-gioco\/"]}]},{"@type":"ImageObject","inLanguage":"it-IT","@id":"https:\/\/www.kick-point.com\/it\/porta-da-calcio-interattiva\/opzioni-di-gioco\/#primaryimage","url":"https:\/\/www.kick-point.com\/wp-content\/uploads\/screenshot-christmas-660x492.jpg","contentUrl":"https:\/\/www.kick-point.com\/wp-content\/uploads\/screenshot-christmas-660x492.jpg"},{"@type":"BreadcrumbList","@id":"https:\/\/www.kick-point.com\/it\/porta-da-calcio-interattiva\/opzioni-di-gioco\/#breadcrumb","itemListElement":[{"@type":"ListItem","position":1,"name":"Porta da calcio interattiva","item":"https:\/\/www.kick-point.com\/it\/porta-da-calcio-interattiva\/"},{"@type":"ListItem","position":2,"name":"Opzioni di gioco"}]},{"@type":"WebSite","@id":"https:\/\/www.kick-point.com\/de\/#website","url":"https:\/\/www.kick-point.com\/de\/","name":"Kick-Point","description":"Events und Event-Module rund um das elektronische Fu\u00dfballtor","potentialAction":[{"@type":"SearchAction","target":{"@type":"EntryPoint","urlTemplate":"https:\/\/www.kick-point.com\/de\/?s={search_term_string}"},"query-input":"required name=search_term_string"}],"inLanguage":"it-IT"}]}},"_links":{"self":[{"href":"https:\/\/www.kick-point.com\/it\/wp-json\/wp\/v2\/pages\/62137","targetHints":{"allow":["GET"]}}],"collection":[{"href":"https:\/\/www.kick-point.com\/it\/wp-json\/wp\/v2\/pages"}],"about":[{"href":"https:\/\/www.kick-point.com\/it\/wp-json\/wp\/v2\/types\/page"}],"author":[{"embeddable":true,"href":"https:\/\/www.kick-point.com\/it\/wp-json\/wp\/v2\/users\/12"}],"replies":[{"embeddable":true,"href":"https:\/\/www.kick-point.com\/it\/wp-json\/wp\/v2\/comments?post=62137"}],"version-history":[{"count":3,"href":"https:\/\/www.kick-point.com\/it\/wp-json\/wp\/v2\/pages\/62137\/revisions"}],"predecessor-version":[{"id":67156,"href":"https:\/\/www.kick-point.com\/it\/wp-json\/wp\/v2\/pages\/62137\/revisions\/67156"}],"up":[{"embeddable":true,"href":"https:\/\/www.kick-point.com\/it\/wp-json\/wp\/v2\/pages\/62124"}],"wp:attachment":[{"href":"https:\/\/www.kick-point.com\/it\/wp-json\/wp\/v2\/media?parent=62137"}],"curies":[{"name":"wp","href":"https:\/\/api.w.org\/{rel}","templated":true}]}}