{"id":62120,"date":"2014-03-19T11:17:14","date_gmt":"2014-03-19T10:17:14","guid":{"rendered":"https:\/\/www.kick-point.com\/1-2-x-0-8-meters-soccer-goal-size\/"},"modified":"2016-10-14T13:43:56","modified_gmt":"2016-10-14T11:43:56","slug":"porta-da-12-x-08m","status":"publish","type":"page","link":"https:\/\/www.kick-point.com\/it\/porta-da-calcio-interattiva\/la-struttura-del-kick-point-e-disponibile-con-5-misure-di-porta-diverse\/porta-da-12-x-08m\/","title":{"rendered":"Porta da 1,2 x 0,8m"},"content":{"rendered":"<p><a href=\"https:\/\/www.kick-point.com\/wp-content\/uploads\/IMG_3005.jpg\"><img loading=\"lazy\" decoding=\"async\" class=\"alignright size-full wp-image-4974\" alt=\"IMG_3005\" src=\"https:\/\/www.kick-point.com\/wp-content\/uploads\/IMG_3005.jpg\" width=\"337\" height=\"450\" \/><\/a>Si tratta della variante di porta calcio pi\u00f9 piccola che abbiamo a disposizione, ma garantisce divertimento tanto quanto le porte pi\u00f9 grandi. \u00c8 ideale quando gli spazi a disposizione hanno dimensioni limitate.<br \/>\nLe altre varianti delle porte calcio del Kick-Point sono:<br \/>\n\u2022 <a title=\"Porta da 5 x 2m\" href=\"https:\/\/www.kick-point.com\/it\/porta-da-calcio-interattiva\/la-struttura-del-kick-point-e-disponibile-con-5-misure-di-porta-diverse\/porta-da-5-x-2m\/\">5 x 2m<\/a><br \/>\n\u2022 <a title=\"Porta da 4 x 2m\" href=\"https:\/\/www.kick-point.com\/it\/porta-da-calcio-interattiva\/la-struttura-del-kick-point-e-disponibile-con-5-misure-di-porta-diverse\/porta-da-4-x-2m\/\">4 x 2m<\/a><br \/>\n\u2022 <a title=\"Porta da 3 x 2m\" href=\"https:\/\/www.kick-point.com\/it\/porta-da-calcio-interattiva\/la-struttura-del-kick-point-e-disponibile-con-5-misure-di-porta-diverse\/porta-da-3-x-2m\/\">3 x 2m<\/a><br \/>\n\u2022 <a title=\"Porta da 1,8 x 1,2m\" href=\"https:\/\/www.kick-point.com\/it\/porta-da-calcio-interattiva\/la-struttura-del-kick-point-e-disponibile-con-5-misure-di-porta-diverse\/porta-da-18-x-12m\/\">1,8 x 1,2m<\/a><\/p>\n<p><a href=\"https:\/\/www.kick-point.com\/wp-content\/uploads\/12x081.png\"><img loading=\"lazy\" decoding=\"async\" class=\"alignleft size-thumbnail wp-image-7438\" alt=\"12x08\" src=\"https:\/\/www.kick-point.com\/wp-content\/uploads\/12x081-150x150.png\" width=\"72\" height=\"72\" \/><\/a><\/p>\n","protected":false},"excerpt":{"rendered":"<p>Si tratta della variante di porta calcio pi\u00f9 piccola che abbiamo a disposizione, ma garantisce divertimento tanto quanto le porte pi\u00f9 grandi. \u00c8 ideale quando gli spazi a disposizione hanno dimensioni limitate. Le altre varianti delle porte calcio del Kick-Point sono: \u2022 5 x 2m \u2022 4 x 2m \u2022 3 x 2m \u2022 1,8 [&hellip;]<\/p>\n","protected":false},"author":12,"featured_media":0,"parent":62158,"menu_order":0,"comment_status":"closed","ping_status":"closed","template":"","meta":{"footnotes":""},"class_list":["post-62120","page","type-page","status-publish","hentry"],"yoast_head":"<!-- This site is optimized with the Yoast SEO plugin v22.8 - https:\/\/yoast.com\/wordpress\/plugins\/seo\/ -->\n<title>Porta da 1,2 x 0,8m<\/title>\n<meta name=\"robots\" content=\"index, follow, max-snippet:-1, max-image-preview:large, max-video-preview:-1\" \/>\n<link rel=\"canonical\" href=\"https:\/\/www.kick-point.com\/it\/porta-da-calcio-interattiva\/la-struttura-del-kick-point-e-disponibile-con-5-misure-di-porta-diverse\/porta-da-12-x-08m\/\" \/>\n<meta property=\"og:locale\" content=\"it_IT\" \/>\n<meta property=\"og:type\" content=\"article\" \/>\n<meta property=\"og:title\" content=\"Porta da 1,2 x 0,8m\" \/>\n<meta property=\"og:description\" content=\"Si tratta della variante di porta calcio pi\u00f9 piccola che abbiamo a disposizione, ma garantisce divertimento tanto quanto le porte pi\u00f9 grandi. \u00c8 ideale quando gli spazi a disposizione hanno dimensioni limitate. Le altre varianti delle porte calcio del Kick-Point sono: \u2022 5 x 2m \u2022 4 x 2m \u2022 3 x 2m \u2022 1,8 [&hellip;]\" \/>\n<meta property=\"og:url\" content=\"https:\/\/www.kick-point.com\/it\/porta-da-calcio-interattiva\/la-struttura-del-kick-point-e-disponibile-con-5-misure-di-porta-diverse\/porta-da-12-x-08m\/\" \/>\n<meta property=\"og:site_name\" content=\"Kick-Point\" \/>\n<meta property=\"article:modified_time\" content=\"2016-10-14T11:43:56+00:00\" \/>\n<meta property=\"og:image\" content=\"https:\/\/www.kick-point.com\/wp-content\/uploads\/IMG_3005.jpg\" \/>\n<script type=\"application\/ld+json\" class=\"yoast-schema-graph\">{\"@context\":\"https:\/\/schema.org\",\"@graph\":[{\"@type\":\"WebPage\",\"@id\":\"https:\/\/www.kick-point.com\/it\/porta-da-calcio-interattiva\/la-struttura-del-kick-point-e-disponibile-con-5-misure-di-porta-diverse\/porta-da-12-x-08m\/\",\"url\":\"https:\/\/www.kick-point.com\/it\/porta-da-calcio-interattiva\/la-struttura-del-kick-point-e-disponibile-con-5-misure-di-porta-diverse\/porta-da-12-x-08m\/\",\"name\":\"Porta da 1,2 x 0,8m\",\"isPartOf\":{\"@id\":\"https:\/\/www.kick-point.com\/de\/#website\"},\"primaryImageOfPage\":{\"@id\":\"https:\/\/www.kick-point.com\/it\/porta-da-calcio-interattiva\/la-struttura-del-kick-point-e-disponibile-con-5-misure-di-porta-diverse\/porta-da-12-x-08m\/#primaryimage\"},\"image\":{\"@id\":\"https:\/\/www.kick-point.com\/it\/porta-da-calcio-interattiva\/la-struttura-del-kick-point-e-disponibile-con-5-misure-di-porta-diverse\/porta-da-12-x-08m\/#primaryimage\"},\"thumbnailUrl\":\"https:\/\/www.kick-point.com\/wp-content\/uploads\/IMG_3005.jpg\",\"datePublished\":\"2014-03-19T10:17:14+00:00\",\"dateModified\":\"2016-10-14T11:43:56+00:00\",\"breadcrumb\":{\"@id\":\"https:\/\/www.kick-point.com\/it\/porta-da-calcio-interattiva\/la-struttura-del-kick-point-e-disponibile-con-5-misure-di-porta-diverse\/porta-da-12-x-08m\/#breadcrumb\"},\"inLanguage\":\"it-IT\",\"potentialAction\":[{\"@type\":\"ReadAction\",\"target\":[\"https:\/\/www.kick-point.com\/it\/porta-da-calcio-interattiva\/la-struttura-del-kick-point-e-disponibile-con-5-misure-di-porta-diverse\/porta-da-12-x-08m\/\"]}]},{\"@type\":\"ImageObject\",\"inLanguage\":\"it-IT\",\"@id\":\"https:\/\/www.kick-point.com\/it\/porta-da-calcio-interattiva\/la-struttura-del-kick-point-e-disponibile-con-5-misure-di-porta-diverse\/porta-da-12-x-08m\/#primaryimage\",\"url\":\"https:\/\/www.kick-point.com\/wp-content\/uploads\/IMG_3005.jpg\",\"contentUrl\":\"https:\/\/www.kick-point.com\/wp-content\/uploads\/IMG_3005.jpg\"},{\"@type\":\"BreadcrumbList\",\"@id\":\"https:\/\/www.kick-point.com\/it\/porta-da-calcio-interattiva\/la-struttura-del-kick-point-e-disponibile-con-5-misure-di-porta-diverse\/porta-da-12-x-08m\/#breadcrumb\",\"itemListElement\":[{\"@type\":\"ListItem\",\"position\":1,\"name\":\"Porta da calcio interattiva\",\"item\":\"https:\/\/www.kick-point.com\/it\/porta-da-calcio-interattiva\/\"},{\"@type\":\"ListItem\",\"position\":2,\"name\":\"Dimensioni porte Kick Point\",\"item\":\"https:\/\/www.kick-point.com\/it\/porta-da-calcio-interattiva\/la-struttura-del-kick-point-e-disponibile-con-5-misure-di-porta-diverse\/\"},{\"@type\":\"ListItem\",\"position\":3,\"name\":\"Porta da 1,2 x 0,8m\"}]},{\"@type\":\"WebSite\",\"@id\":\"https:\/\/www.kick-point.com\/de\/#website\",\"url\":\"https:\/\/www.kick-point.com\/de\/\",\"name\":\"Kick-Point\",\"description\":\"Events und Event-Module rund um das elektronische Fu\u00dfballtor\",\"potentialAction\":[{\"@type\":\"SearchAction\",\"target\":{\"@type\":\"EntryPoint\",\"urlTemplate\":\"https:\/\/www.kick-point.com\/de\/?s={search_term_string}\"},\"query-input\":\"required name=search_term_string\"}],\"inLanguage\":\"it-IT\"}]}<\/script>\n<!-- \/ Yoast SEO plugin. -->","yoast_head_json":{"title":"Porta da 1,2 x 0,8m","robots":{"index":"index","follow":"follow","max-snippet":"max-snippet:-1","max-image-preview":"max-image-preview:large","max-video-preview":"max-video-preview:-1"},"canonical":"https:\/\/www.kick-point.com\/it\/porta-da-calcio-interattiva\/la-struttura-del-kick-point-e-disponibile-con-5-misure-di-porta-diverse\/porta-da-12-x-08m\/","og_locale":"it_IT","og_type":"article","og_title":"Porta da 1,2 x 0,8m","og_description":"Si tratta della variante di porta calcio pi\u00f9 piccola che abbiamo a disposizione, ma garantisce divertimento tanto quanto le porte pi\u00f9 grandi. \u00c8 ideale quando gli spazi a disposizione hanno dimensioni limitate. Le altre varianti delle porte calcio del Kick-Point sono: \u2022 5 x 2m \u2022 4 x 2m \u2022 3 x 2m \u2022 1,8 [&hellip;]","og_url":"https:\/\/www.kick-point.com\/it\/porta-da-calcio-interattiva\/la-struttura-del-kick-point-e-disponibile-con-5-misure-di-porta-diverse\/porta-da-12-x-08m\/","og_site_name":"Kick-Point","article_modified_time":"2016-10-14T11:43:56+00:00","og_image":[{"url":"https:\/\/www.kick-point.com\/wp-content\/uploads\/IMG_3005.jpg"}],"schema":{"@context":"https:\/\/schema.org","@graph":[{"@type":"WebPage","@id":"https:\/\/www.kick-point.com\/it\/porta-da-calcio-interattiva\/la-struttura-del-kick-point-e-disponibile-con-5-misure-di-porta-diverse\/porta-da-12-x-08m\/","url":"https:\/\/www.kick-point.com\/it\/porta-da-calcio-interattiva\/la-struttura-del-kick-point-e-disponibile-con-5-misure-di-porta-diverse\/porta-da-12-x-08m\/","name":"Porta da 1,2 x 0,8m","isPartOf":{"@id":"https:\/\/www.kick-point.com\/de\/#website"},"primaryImageOfPage":{"@id":"https:\/\/www.kick-point.com\/it\/porta-da-calcio-interattiva\/la-struttura-del-kick-point-e-disponibile-con-5-misure-di-porta-diverse\/porta-da-12-x-08m\/#primaryimage"},"image":{"@id":"https:\/\/www.kick-point.com\/it\/porta-da-calcio-interattiva\/la-struttura-del-kick-point-e-disponibile-con-5-misure-di-porta-diverse\/porta-da-12-x-08m\/#primaryimage"},"thumbnailUrl":"https:\/\/www.kick-point.com\/wp-content\/uploads\/IMG_3005.jpg","datePublished":"2014-03-19T10:17:14+00:00","dateModified":"2016-10-14T11:43:56+00:00","breadcrumb":{"@id":"https:\/\/www.kick-point.com\/it\/porta-da-calcio-interattiva\/la-struttura-del-kick-point-e-disponibile-con-5-misure-di-porta-diverse\/porta-da-12-x-08m\/#breadcrumb"},"inLanguage":"it-IT","potentialAction":[{"@type":"ReadAction","target":["https:\/\/www.kick-point.com\/it\/porta-da-calcio-interattiva\/la-struttura-del-kick-point-e-disponibile-con-5-misure-di-porta-diverse\/porta-da-12-x-08m\/"]}]},{"@type":"ImageObject","inLanguage":"it-IT","@id":"https:\/\/www.kick-point.com\/it\/porta-da-calcio-interattiva\/la-struttura-del-kick-point-e-disponibile-con-5-misure-di-porta-diverse\/porta-da-12-x-08m\/#primaryimage","url":"https:\/\/www.kick-point.com\/wp-content\/uploads\/IMG_3005.jpg","contentUrl":"https:\/\/www.kick-point.com\/wp-content\/uploads\/IMG_3005.jpg"},{"@type":"BreadcrumbList","@id":"https:\/\/www.kick-point.com\/it\/porta-da-calcio-interattiva\/la-struttura-del-kick-point-e-disponibile-con-5-misure-di-porta-diverse\/porta-da-12-x-08m\/#breadcrumb","itemListElement":[{"@type":"ListItem","position":1,"name":"Porta da calcio interattiva","item":"https:\/\/www.kick-point.com\/it\/porta-da-calcio-interattiva\/"},{"@type":"ListItem","position":2,"name":"Dimensioni porte Kick Point","item":"https:\/\/www.kick-point.com\/it\/porta-da-calcio-interattiva\/la-struttura-del-kick-point-e-disponibile-con-5-misure-di-porta-diverse\/"},{"@type":"ListItem","position":3,"name":"Porta da 1,2 x 0,8m"}]},{"@type":"WebSite","@id":"https:\/\/www.kick-point.com\/de\/#website","url":"https:\/\/www.kick-point.com\/de\/","name":"Kick-Point","description":"Events und Event-Module rund um das elektronische Fu\u00dfballtor","potentialAction":[{"@type":"SearchAction","target":{"@type":"EntryPoint","urlTemplate":"https:\/\/www.kick-point.com\/de\/?s={search_term_string}"},"query-input":"required name=search_term_string"}],"inLanguage":"it-IT"}]}},"_links":{"self":[{"href":"https:\/\/www.kick-point.com\/it\/wp-json\/wp\/v2\/pages\/62120","targetHints":{"allow":["GET"]}}],"collection":[{"href":"https:\/\/www.kick-point.com\/it\/wp-json\/wp\/v2\/pages"}],"about":[{"href":"https:\/\/www.kick-point.com\/it\/wp-json\/wp\/v2\/types\/page"}],"author":[{"embeddable":true,"href":"https:\/\/www.kick-point.com\/it\/wp-json\/wp\/v2\/users\/12"}],"replies":[{"embeddable":true,"href":"https:\/\/www.kick-point.com\/it\/wp-json\/wp\/v2\/comments?post=62120"}],"version-history":[{"count":3,"href":"https:\/\/www.kick-point.com\/it\/wp-json\/wp\/v2\/pages\/62120\/revisions"}],"predecessor-version":[{"id":67150,"href":"https:\/\/www.kick-point.com\/it\/wp-json\/wp\/v2\/pages\/62120\/revisions\/67150"}],"up":[{"embeddable":true,"href":"https:\/\/www.kick-point.com\/it\/wp-json\/wp\/v2\/pages\/62158"}],"wp:attachment":[{"href":"https:\/\/www.kick-point.com\/it\/wp-json\/wp\/v2\/media?parent=62120"}],"curies":[{"name":"wp","href":"https:\/\/api.w.org\/{rel}","templated":true}]}}