{"id":62119,"date":"2014-03-19T12:39:54","date_gmt":"2014-03-19T11:39:54","guid":{"rendered":"https:\/\/www.kick-point.it\/1-8-x-1-2-meters-soccer-goal-size\/"},"modified":"2016-10-14T13:44:56","modified_gmt":"2016-10-14T11:44:56","slug":"porta-da-18-x-12m","status":"publish","type":"page","link":"https:\/\/www.kick-point.com\/it\/porta-da-calcio-interattiva\/la-struttura-del-kick-point-e-disponibile-con-5-misure-di-porta-diverse\/porta-da-18-x-12m\/","title":{"rendered":"Porta da 1,8 x 1,2m"},"content":{"rendered":"<p><a href=\"https:\/\/www.kick-point.com\/wp-content\/uploads\/sky-promotion-champions-league.jpg\"><img loading=\"lazy\" decoding=\"async\" class=\"alignright size-full wp-image-7458\" alt=\"sky-promotion-champions-league\" src=\"https:\/\/www.kick-point.com\/wp-content\/uploads\/sky-promotion-champions-league.jpg\" width=\"600\" height=\"450\" \/><\/a>Questa porta \u00e8 paragonabile alla porta del hockey su ghiaccio. C\u2019\u00e8 la possibilit\u00e0 di allestire una struttura circostante per spazi pubblicitari a partire da 3 x 6m. Questa dimensione \u00e8 ideale per eventi indoor, per esempio event in-store, fiere ecc.<br \/>\nLe altre varianti delle porte calcio del Kick-Point sono:<br \/>\n\u2022 <a title=\"Porta da 5 x 2m\" href=\"https:\/\/www.kick-point.com\/it\/porta-da-calcio-interattiva\/la-struttura-del-kick-point-e-disponibile-con-5-misure-di-porta-diverse\/porta-da-5-x-2m\/\">5 x 2m<\/a><br \/>\n\u2022 <a title=\"Porta da 4 x 2m\" href=\"https:\/\/www.kick-point.com\/it\/porta-da-calcio-interattiva\/la-struttura-del-kick-point-e-disponibile-con-5-misure-di-porta-diverse\/porta-da-4-x-2m\/\">4 x 2m<\/a><br \/>\n\u2022 <a title=\"Porta da 3 x 2m\" href=\"https:\/\/www.kick-point.com\/it\/porta-da-calcio-interattiva\/la-struttura-del-kick-point-e-disponibile-con-5-misure-di-porta-diverse\/porta-da-3-x-2m\/\">3 x 2m<\/a><br \/>\n\u2022 <a title=\"Porta da 1,2 x 0,8m\" href=\"https:\/\/www.kick-point.com\/it\/porta-da-calcio-interattiva\/la-struttura-del-kick-point-e-disponibile-con-5-misure-di-porta-diverse\/porta-da-12-x-08m\/\">1,2 x 0,8m<\/a><\/p>\n<p><a href=\"https:\/\/www.kick-point.com\/wp-content\/uploads\/IMG_2872.jpg\"><img loading=\"lazy\" decoding=\"async\" class=\"alignleft  wp-image-5541\" alt=\"IMG_2872\" src=\"https:\/\/www.kick-point.com\/wp-content\/uploads\/IMG_2872-150x150.jpg\" width=\"72\" height=\"72\" \/><\/a><a href=\"https:\/\/www.kick-point.com\/wp-content\/uploads\/18x121.png\"><img loading=\"lazy\" decoding=\"async\" class=\"alignleft size-thumbnail wp-image-7443\" alt=\"18x12\" src=\"https:\/\/www.kick-point.com\/wp-content\/uploads\/18x121-150x150.png\" width=\"72\" height=\"72\" \/><\/a><\/p>\n","protected":false},"excerpt":{"rendered":"<p>Questa porta \u00e8 paragonabile alla porta del hockey su ghiaccio. C\u2019\u00e8 la possibilit\u00e0 di allestire una struttura circostante per spazi pubblicitari a partire da 3 x 6m. Questa dimensione \u00e8 ideale per eventi indoor, per esempio event in-store, fiere ecc. Le altre varianti delle porte calcio del Kick-Point sono: \u2022 5 x 2m \u2022 4 [&hellip;]<\/p>\n","protected":false},"author":12,"featured_media":0,"parent":62158,"menu_order":0,"comment_status":"closed","ping_status":"closed","template":"","meta":{"footnotes":""},"class_list":["post-62119","page","type-page","status-publish","hentry"],"yoast_head":"<!-- This site is optimized with the Yoast SEO plugin v22.8 - https:\/\/yoast.com\/wordpress\/plugins\/seo\/ -->\n<title>Porta da 1,8 x 1,2m<\/title>\n<meta name=\"robots\" content=\"index, follow, max-snippet:-1, max-image-preview:large, max-video-preview:-1\" \/>\n<link rel=\"canonical\" href=\"https:\/\/www.kick-point.com\/it\/porta-da-calcio-interattiva\/la-struttura-del-kick-point-e-disponibile-con-5-misure-di-porta-diverse\/porta-da-18-x-12m\/\" \/>\n<meta property=\"og:locale\" content=\"it_IT\" \/>\n<meta property=\"og:type\" content=\"article\" \/>\n<meta property=\"og:title\" content=\"Porta da 1,8 x 1,2m\" \/>\n<meta property=\"og:description\" content=\"Questa porta \u00e8 paragonabile alla porta del hockey su ghiaccio. C\u2019\u00e8 la possibilit\u00e0 di allestire una struttura circostante per spazi pubblicitari a partire da 3 x 6m. Questa dimensione \u00e8 ideale per eventi indoor, per esempio event in-store, fiere ecc. Le altre varianti delle porte calcio del Kick-Point sono: \u2022 5 x 2m \u2022 4 [&hellip;]\" \/>\n<meta property=\"og:url\" content=\"https:\/\/www.kick-point.com\/it\/porta-da-calcio-interattiva\/la-struttura-del-kick-point-e-disponibile-con-5-misure-di-porta-diverse\/porta-da-18-x-12m\/\" \/>\n<meta property=\"og:site_name\" content=\"Kick-Point\" \/>\n<meta property=\"article:modified_time\" content=\"2016-10-14T11:44:56+00:00\" \/>\n<meta property=\"og:image\" content=\"https:\/\/www.kick-point.com\/wp-content\/uploads\/sky-promotion-champions-league.jpg\" \/>\n<script type=\"application\/ld+json\" class=\"yoast-schema-graph\">{\"@context\":\"https:\/\/schema.org\",\"@graph\":[{\"@type\":\"WebPage\",\"@id\":\"https:\/\/www.kick-point.com\/it\/porta-da-calcio-interattiva\/la-struttura-del-kick-point-e-disponibile-con-5-misure-di-porta-diverse\/porta-da-18-x-12m\/\",\"url\":\"https:\/\/www.kick-point.com\/it\/porta-da-calcio-interattiva\/la-struttura-del-kick-point-e-disponibile-con-5-misure-di-porta-diverse\/porta-da-18-x-12m\/\",\"name\":\"Porta da 1,8 x 1,2m\",\"isPartOf\":{\"@id\":\"https:\/\/www.kick-point.com\/de\/#website\"},\"primaryImageOfPage\":{\"@id\":\"https:\/\/www.kick-point.com\/it\/porta-da-calcio-interattiva\/la-struttura-del-kick-point-e-disponibile-con-5-misure-di-porta-diverse\/porta-da-18-x-12m\/#primaryimage\"},\"image\":{\"@id\":\"https:\/\/www.kick-point.com\/it\/porta-da-calcio-interattiva\/la-struttura-del-kick-point-e-disponibile-con-5-misure-di-porta-diverse\/porta-da-18-x-12m\/#primaryimage\"},\"thumbnailUrl\":\"https:\/\/www.kick-point.com\/wp-content\/uploads\/sky-promotion-champions-league.jpg\",\"datePublished\":\"2014-03-19T11:39:54+00:00\",\"dateModified\":\"2016-10-14T11:44:56+00:00\",\"breadcrumb\":{\"@id\":\"https:\/\/www.kick-point.com\/it\/porta-da-calcio-interattiva\/la-struttura-del-kick-point-e-disponibile-con-5-misure-di-porta-diverse\/porta-da-18-x-12m\/#breadcrumb\"},\"inLanguage\":\"it-IT\",\"potentialAction\":[{\"@type\":\"ReadAction\",\"target\":[\"https:\/\/www.kick-point.com\/it\/porta-da-calcio-interattiva\/la-struttura-del-kick-point-e-disponibile-con-5-misure-di-porta-diverse\/porta-da-18-x-12m\/\"]}]},{\"@type\":\"ImageObject\",\"inLanguage\":\"it-IT\",\"@id\":\"https:\/\/www.kick-point.com\/it\/porta-da-calcio-interattiva\/la-struttura-del-kick-point-e-disponibile-con-5-misure-di-porta-diverse\/porta-da-18-x-12m\/#primaryimage\",\"url\":\"https:\/\/www.kick-point.com\/wp-content\/uploads\/sky-promotion-champions-league.jpg\",\"contentUrl\":\"https:\/\/www.kick-point.com\/wp-content\/uploads\/sky-promotion-champions-league.jpg\"},{\"@type\":\"BreadcrumbList\",\"@id\":\"https:\/\/www.kick-point.com\/it\/porta-da-calcio-interattiva\/la-struttura-del-kick-point-e-disponibile-con-5-misure-di-porta-diverse\/porta-da-18-x-12m\/#breadcrumb\",\"itemListElement\":[{\"@type\":\"ListItem\",\"position\":1,\"name\":\"Porta da calcio interattiva\",\"item\":\"https:\/\/www.kick-point.com\/it\/porta-da-calcio-interattiva\/\"},{\"@type\":\"ListItem\",\"position\":2,\"name\":\"Dimensioni porte Kick Point\",\"item\":\"https:\/\/www.kick-point.com\/it\/porta-da-calcio-interattiva\/la-struttura-del-kick-point-e-disponibile-con-5-misure-di-porta-diverse\/\"},{\"@type\":\"ListItem\",\"position\":3,\"name\":\"Porta da 1,8 x 1,2m\"}]},{\"@type\":\"WebSite\",\"@id\":\"https:\/\/www.kick-point.com\/de\/#website\",\"url\":\"https:\/\/www.kick-point.com\/de\/\",\"name\":\"Kick-Point\",\"description\":\"Events und Event-Module rund um das elektronische Fu\u00dfballtor\",\"potentialAction\":[{\"@type\":\"SearchAction\",\"target\":{\"@type\":\"EntryPoint\",\"urlTemplate\":\"https:\/\/www.kick-point.com\/de\/?s={search_term_string}\"},\"query-input\":\"required name=search_term_string\"}],\"inLanguage\":\"it-IT\"}]}<\/script>\n<!-- \/ Yoast SEO plugin. -->","yoast_head_json":{"title":"Porta da 1,8 x 1,2m","robots":{"index":"index","follow":"follow","max-snippet":"max-snippet:-1","max-image-preview":"max-image-preview:large","max-video-preview":"max-video-preview:-1"},"canonical":"https:\/\/www.kick-point.com\/it\/porta-da-calcio-interattiva\/la-struttura-del-kick-point-e-disponibile-con-5-misure-di-porta-diverse\/porta-da-18-x-12m\/","og_locale":"it_IT","og_type":"article","og_title":"Porta da 1,8 x 1,2m","og_description":"Questa porta \u00e8 paragonabile alla porta del hockey su ghiaccio. C\u2019\u00e8 la possibilit\u00e0 di allestire una struttura circostante per spazi pubblicitari a partire da 3 x 6m. Questa dimensione \u00e8 ideale per eventi indoor, per esempio event in-store, fiere ecc. Le altre varianti delle porte calcio del Kick-Point sono: \u2022 5 x 2m \u2022 4 [&hellip;]","og_url":"https:\/\/www.kick-point.com\/it\/porta-da-calcio-interattiva\/la-struttura-del-kick-point-e-disponibile-con-5-misure-di-porta-diverse\/porta-da-18-x-12m\/","og_site_name":"Kick-Point","article_modified_time":"2016-10-14T11:44:56+00:00","og_image":[{"url":"https:\/\/www.kick-point.com\/wp-content\/uploads\/sky-promotion-champions-league.jpg"}],"schema":{"@context":"https:\/\/schema.org","@graph":[{"@type":"WebPage","@id":"https:\/\/www.kick-point.com\/it\/porta-da-calcio-interattiva\/la-struttura-del-kick-point-e-disponibile-con-5-misure-di-porta-diverse\/porta-da-18-x-12m\/","url":"https:\/\/www.kick-point.com\/it\/porta-da-calcio-interattiva\/la-struttura-del-kick-point-e-disponibile-con-5-misure-di-porta-diverse\/porta-da-18-x-12m\/","name":"Porta da 1,8 x 1,2m","isPartOf":{"@id":"https:\/\/www.kick-point.com\/de\/#website"},"primaryImageOfPage":{"@id":"https:\/\/www.kick-point.com\/it\/porta-da-calcio-interattiva\/la-struttura-del-kick-point-e-disponibile-con-5-misure-di-porta-diverse\/porta-da-18-x-12m\/#primaryimage"},"image":{"@id":"https:\/\/www.kick-point.com\/it\/porta-da-calcio-interattiva\/la-struttura-del-kick-point-e-disponibile-con-5-misure-di-porta-diverse\/porta-da-18-x-12m\/#primaryimage"},"thumbnailUrl":"https:\/\/www.kick-point.com\/wp-content\/uploads\/sky-promotion-champions-league.jpg","datePublished":"2014-03-19T11:39:54+00:00","dateModified":"2016-10-14T11:44:56+00:00","breadcrumb":{"@id":"https:\/\/www.kick-point.com\/it\/porta-da-calcio-interattiva\/la-struttura-del-kick-point-e-disponibile-con-5-misure-di-porta-diverse\/porta-da-18-x-12m\/#breadcrumb"},"inLanguage":"it-IT","potentialAction":[{"@type":"ReadAction","target":["https:\/\/www.kick-point.com\/it\/porta-da-calcio-interattiva\/la-struttura-del-kick-point-e-disponibile-con-5-misure-di-porta-diverse\/porta-da-18-x-12m\/"]}]},{"@type":"ImageObject","inLanguage":"it-IT","@id":"https:\/\/www.kick-point.com\/it\/porta-da-calcio-interattiva\/la-struttura-del-kick-point-e-disponibile-con-5-misure-di-porta-diverse\/porta-da-18-x-12m\/#primaryimage","url":"https:\/\/www.kick-point.com\/wp-content\/uploads\/sky-promotion-champions-league.jpg","contentUrl":"https:\/\/www.kick-point.com\/wp-content\/uploads\/sky-promotion-champions-league.jpg"},{"@type":"BreadcrumbList","@id":"https:\/\/www.kick-point.com\/it\/porta-da-calcio-interattiva\/la-struttura-del-kick-point-e-disponibile-con-5-misure-di-porta-diverse\/porta-da-18-x-12m\/#breadcrumb","itemListElement":[{"@type":"ListItem","position":1,"name":"Porta da calcio interattiva","item":"https:\/\/www.kick-point.com\/it\/porta-da-calcio-interattiva\/"},{"@type":"ListItem","position":2,"name":"Dimensioni porte Kick Point","item":"https:\/\/www.kick-point.com\/it\/porta-da-calcio-interattiva\/la-struttura-del-kick-point-e-disponibile-con-5-misure-di-porta-diverse\/"},{"@type":"ListItem","position":3,"name":"Porta da 1,8 x 1,2m"}]},{"@type":"WebSite","@id":"https:\/\/www.kick-point.com\/de\/#website","url":"https:\/\/www.kick-point.com\/de\/","name":"Kick-Point","description":"Events und Event-Module rund um das elektronische Fu\u00dfballtor","potentialAction":[{"@type":"SearchAction","target":{"@type":"EntryPoint","urlTemplate":"https:\/\/www.kick-point.com\/de\/?s={search_term_string}"},"query-input":"required name=search_term_string"}],"inLanguage":"it-IT"}]}},"_links":{"self":[{"href":"https:\/\/www.kick-point.com\/it\/wp-json\/wp\/v2\/pages\/62119","targetHints":{"allow":["GET"]}}],"collection":[{"href":"https:\/\/www.kick-point.com\/it\/wp-json\/wp\/v2\/pages"}],"about":[{"href":"https:\/\/www.kick-point.com\/it\/wp-json\/wp\/v2\/types\/page"}],"author":[{"embeddable":true,"href":"https:\/\/www.kick-point.com\/it\/wp-json\/wp\/v2\/users\/12"}],"replies":[{"embeddable":true,"href":"https:\/\/www.kick-point.com\/it\/wp-json\/wp\/v2\/comments?post=62119"}],"version-history":[{"count":3,"href":"https:\/\/www.kick-point.com\/it\/wp-json\/wp\/v2\/pages\/62119\/revisions"}],"predecessor-version":[{"id":67151,"href":"https:\/\/www.kick-point.com\/it\/wp-json\/wp\/v2\/pages\/62119\/revisions\/67151"}],"up":[{"embeddable":true,"href":"https:\/\/www.kick-point.com\/it\/wp-json\/wp\/v2\/pages\/62158"}],"wp:attachment":[{"href":"https:\/\/www.kick-point.com\/it\/wp-json\/wp\/v2\/media?parent=62119"}],"curies":[{"name":"wp","href":"https:\/\/api.w.org\/{rel}","templated":true}]}}