{"id":62111,"date":"2014-03-19T13:25:12","date_gmt":"2014-03-19T12:25:12","guid":{"rendered":"https:\/\/www.kick-point.com\/prize-kick-shoot-wins\/"},"modified":"2015-04-01T12:17:13","modified_gmt":"2015-04-01T10:17:13","slug":"tiro-al-premio","status":"publish","type":"page","link":"https:\/\/www.kick-point.com\/it\/porta-da-calcio-interattiva\/opzioni-di-gioco\/tiro-al-premio\/","title":{"rendered":"Tiro al premio"},"content":{"rendered":"<p><a href=\"https:\/\/www.kick-point.com\/wp-content\/uploads\/preis-kick.jpg\"><img loading=\"lazy\" decoding=\"async\" class=\"alignright size-full wp-image-4987\" alt=\"preis-kick\" src=\"https:\/\/www.kick-point.com\/wp-content\/uploads\/preis-kick.jpg\" width=\"600\" height=\"450\" \/><\/a>Sullo schermo viene visualizzata una tabella con all\u2019interno delle immagini raffiguranti prodotti o loghi. Il giocatore avr\u00e0 a disposizione una serie di tiri. L\u2019immagine che colpir\u00e0, verr\u00e0 automaticamente visualizzata sullo schermo e sar\u00e0 la sua vincita.<br \/>\nL\u2019immagine del prodotto vinto potr\u00e0 essere stampato direttamente sul diploma e il giocatore potr\u00e0 andare a ritirare la sua vincita alla fine del gioco oppure in un secondo momento.<\/p>\n","protected":false},"excerpt":{"rendered":"<p>Sullo schermo viene visualizzata una tabella con all\u2019interno delle immagini raffiguranti prodotti o loghi. Il giocatore avr\u00e0 a disposizione una serie di tiri. L\u2019immagine che colpir\u00e0, verr\u00e0 automaticamente visualizzata sullo schermo e sar\u00e0 la sua vincita. L\u2019immagine del prodotto vinto potr\u00e0 essere stampato direttamente sul diploma e il giocatore potr\u00e0 andare a ritirare la sua [&hellip;]<\/p>\n","protected":false},"author":12,"featured_media":0,"parent":62137,"menu_order":0,"comment_status":"closed","ping_status":"closed","template":"","meta":{"footnotes":""},"class_list":["post-62111","page","type-page","status-publish","hentry"],"yoast_head":"<!-- This site is optimized with the Yoast SEO plugin v22.8 - https:\/\/yoast.com\/wordpress\/plugins\/seo\/ -->\n<title>Tiro al premio<\/title>\n<meta name=\"robots\" content=\"index, follow, max-snippet:-1, max-image-preview:large, max-video-preview:-1\" \/>\n<link rel=\"canonical\" href=\"https:\/\/www.kick-point.com\/it\/porta-da-calcio-interattiva\/opzioni-di-gioco\/tiro-al-premio\/\" \/>\n<meta property=\"og:locale\" content=\"it_IT\" \/>\n<meta property=\"og:type\" content=\"article\" \/>\n<meta property=\"og:title\" content=\"Tiro al premio\" \/>\n<meta property=\"og:description\" content=\"Sullo schermo viene visualizzata una tabella con all\u2019interno delle immagini raffiguranti prodotti o loghi. Il giocatore avr\u00e0 a disposizione una serie di tiri. L\u2019immagine che colpir\u00e0, verr\u00e0 automaticamente visualizzata sullo schermo e sar\u00e0 la sua vincita. L\u2019immagine del prodotto vinto potr\u00e0 essere stampato direttamente sul diploma e il giocatore potr\u00e0 andare a ritirare la sua [&hellip;]\" \/>\n<meta property=\"og:url\" content=\"https:\/\/www.kick-point.com\/it\/porta-da-calcio-interattiva\/opzioni-di-gioco\/tiro-al-premio\/\" \/>\n<meta property=\"og:site_name\" content=\"Kick-Point\" \/>\n<meta property=\"article:modified_time\" content=\"2015-04-01T10:17:13+00:00\" \/>\n<meta property=\"og:image\" content=\"https:\/\/www.kick-point.com\/wp-content\/uploads\/preis-kick.jpg\" \/>\n<script type=\"application\/ld+json\" class=\"yoast-schema-graph\">{\"@context\":\"https:\/\/schema.org\",\"@graph\":[{\"@type\":\"WebPage\",\"@id\":\"https:\/\/www.kick-point.com\/it\/porta-da-calcio-interattiva\/opzioni-di-gioco\/tiro-al-premio\/\",\"url\":\"https:\/\/www.kick-point.com\/it\/porta-da-calcio-interattiva\/opzioni-di-gioco\/tiro-al-premio\/\",\"name\":\"Tiro al premio\",\"isPartOf\":{\"@id\":\"https:\/\/www.kick-point.com\/de\/#website\"},\"primaryImageOfPage\":{\"@id\":\"https:\/\/www.kick-point.com\/it\/porta-da-calcio-interattiva\/opzioni-di-gioco\/tiro-al-premio\/#primaryimage\"},\"image\":{\"@id\":\"https:\/\/www.kick-point.com\/it\/porta-da-calcio-interattiva\/opzioni-di-gioco\/tiro-al-premio\/#primaryimage\"},\"thumbnailUrl\":\"https:\/\/www.kick-point.com\/wp-content\/uploads\/preis-kick.jpg\",\"datePublished\":\"2014-03-19T12:25:12+00:00\",\"dateModified\":\"2015-04-01T10:17:13+00:00\",\"breadcrumb\":{\"@id\":\"https:\/\/www.kick-point.com\/it\/porta-da-calcio-interattiva\/opzioni-di-gioco\/tiro-al-premio\/#breadcrumb\"},\"inLanguage\":\"it-IT\",\"potentialAction\":[{\"@type\":\"ReadAction\",\"target\":[\"https:\/\/www.kick-point.com\/it\/porta-da-calcio-interattiva\/opzioni-di-gioco\/tiro-al-premio\/\"]}]},{\"@type\":\"ImageObject\",\"inLanguage\":\"it-IT\",\"@id\":\"https:\/\/www.kick-point.com\/it\/porta-da-calcio-interattiva\/opzioni-di-gioco\/tiro-al-premio\/#primaryimage\",\"url\":\"https:\/\/www.kick-point.com\/wp-content\/uploads\/preis-kick.jpg\",\"contentUrl\":\"https:\/\/www.kick-point.com\/wp-content\/uploads\/preis-kick.jpg\"},{\"@type\":\"BreadcrumbList\",\"@id\":\"https:\/\/www.kick-point.com\/it\/porta-da-calcio-interattiva\/opzioni-di-gioco\/tiro-al-premio\/#breadcrumb\",\"itemListElement\":[{\"@type\":\"ListItem\",\"position\":1,\"name\":\"Porta da calcio interattiva\",\"item\":\"https:\/\/www.kick-point.com\/it\/porta-da-calcio-interattiva\/\"},{\"@type\":\"ListItem\",\"position\":2,\"name\":\"Opzioni di gioco\",\"item\":\"https:\/\/www.kick-point.com\/it\/porta-da-calcio-interattiva\/opzioni-di-gioco\/\"},{\"@type\":\"ListItem\",\"position\":3,\"name\":\"Tiro al premio\"}]},{\"@type\":\"WebSite\",\"@id\":\"https:\/\/www.kick-point.com\/de\/#website\",\"url\":\"https:\/\/www.kick-point.com\/de\/\",\"name\":\"Kick-Point\",\"description\":\"Events und Event-Module rund um das elektronische Fu\u00dfballtor\",\"potentialAction\":[{\"@type\":\"SearchAction\",\"target\":{\"@type\":\"EntryPoint\",\"urlTemplate\":\"https:\/\/www.kick-point.com\/de\/?s={search_term_string}\"},\"query-input\":\"required name=search_term_string\"}],\"inLanguage\":\"it-IT\"}]}<\/script>\n<!-- \/ Yoast SEO plugin. -->","yoast_head_json":{"title":"Tiro al premio","robots":{"index":"index","follow":"follow","max-snippet":"max-snippet:-1","max-image-preview":"max-image-preview:large","max-video-preview":"max-video-preview:-1"},"canonical":"https:\/\/www.kick-point.com\/it\/porta-da-calcio-interattiva\/opzioni-di-gioco\/tiro-al-premio\/","og_locale":"it_IT","og_type":"article","og_title":"Tiro al premio","og_description":"Sullo schermo viene visualizzata una tabella con all\u2019interno delle immagini raffiguranti prodotti o loghi. Il giocatore avr\u00e0 a disposizione una serie di tiri. L\u2019immagine che colpir\u00e0, verr\u00e0 automaticamente visualizzata sullo schermo e sar\u00e0 la sua vincita. L\u2019immagine del prodotto vinto potr\u00e0 essere stampato direttamente sul diploma e il giocatore potr\u00e0 andare a ritirare la sua [&hellip;]","og_url":"https:\/\/www.kick-point.com\/it\/porta-da-calcio-interattiva\/opzioni-di-gioco\/tiro-al-premio\/","og_site_name":"Kick-Point","article_modified_time":"2015-04-01T10:17:13+00:00","og_image":[{"url":"https:\/\/www.kick-point.com\/wp-content\/uploads\/preis-kick.jpg"}],"schema":{"@context":"https:\/\/schema.org","@graph":[{"@type":"WebPage","@id":"https:\/\/www.kick-point.com\/it\/porta-da-calcio-interattiva\/opzioni-di-gioco\/tiro-al-premio\/","url":"https:\/\/www.kick-point.com\/it\/porta-da-calcio-interattiva\/opzioni-di-gioco\/tiro-al-premio\/","name":"Tiro al premio","isPartOf":{"@id":"https:\/\/www.kick-point.com\/de\/#website"},"primaryImageOfPage":{"@id":"https:\/\/www.kick-point.com\/it\/porta-da-calcio-interattiva\/opzioni-di-gioco\/tiro-al-premio\/#primaryimage"},"image":{"@id":"https:\/\/www.kick-point.com\/it\/porta-da-calcio-interattiva\/opzioni-di-gioco\/tiro-al-premio\/#primaryimage"},"thumbnailUrl":"https:\/\/www.kick-point.com\/wp-content\/uploads\/preis-kick.jpg","datePublished":"2014-03-19T12:25:12+00:00","dateModified":"2015-04-01T10:17:13+00:00","breadcrumb":{"@id":"https:\/\/www.kick-point.com\/it\/porta-da-calcio-interattiva\/opzioni-di-gioco\/tiro-al-premio\/#breadcrumb"},"inLanguage":"it-IT","potentialAction":[{"@type":"ReadAction","target":["https:\/\/www.kick-point.com\/it\/porta-da-calcio-interattiva\/opzioni-di-gioco\/tiro-al-premio\/"]}]},{"@type":"ImageObject","inLanguage":"it-IT","@id":"https:\/\/www.kick-point.com\/it\/porta-da-calcio-interattiva\/opzioni-di-gioco\/tiro-al-premio\/#primaryimage","url":"https:\/\/www.kick-point.com\/wp-content\/uploads\/preis-kick.jpg","contentUrl":"https:\/\/www.kick-point.com\/wp-content\/uploads\/preis-kick.jpg"},{"@type":"BreadcrumbList","@id":"https:\/\/www.kick-point.com\/it\/porta-da-calcio-interattiva\/opzioni-di-gioco\/tiro-al-premio\/#breadcrumb","itemListElement":[{"@type":"ListItem","position":1,"name":"Porta da calcio interattiva","item":"https:\/\/www.kick-point.com\/it\/porta-da-calcio-interattiva\/"},{"@type":"ListItem","position":2,"name":"Opzioni di gioco","item":"https:\/\/www.kick-point.com\/it\/porta-da-calcio-interattiva\/opzioni-di-gioco\/"},{"@type":"ListItem","position":3,"name":"Tiro al premio"}]},{"@type":"WebSite","@id":"https:\/\/www.kick-point.com\/de\/#website","url":"https:\/\/www.kick-point.com\/de\/","name":"Kick-Point","description":"Events und Event-Module rund um das elektronische Fu\u00dfballtor","potentialAction":[{"@type":"SearchAction","target":{"@type":"EntryPoint","urlTemplate":"https:\/\/www.kick-point.com\/de\/?s={search_term_string}"},"query-input":"required name=search_term_string"}],"inLanguage":"it-IT"}]}},"_links":{"self":[{"href":"https:\/\/www.kick-point.com\/it\/wp-json\/wp\/v2\/pages\/62111","targetHints":{"allow":["GET"]}}],"collection":[{"href":"https:\/\/www.kick-point.com\/it\/wp-json\/wp\/v2\/pages"}],"about":[{"href":"https:\/\/www.kick-point.com\/it\/wp-json\/wp\/v2\/types\/page"}],"author":[{"embeddable":true,"href":"https:\/\/www.kick-point.com\/it\/wp-json\/wp\/v2\/users\/12"}],"replies":[{"embeddable":true,"href":"https:\/\/www.kick-point.com\/it\/wp-json\/wp\/v2\/comments?post=62111"}],"version-history":[{"count":1,"href":"https:\/\/www.kick-point.com\/it\/wp-json\/wp\/v2\/pages\/62111\/revisions"}],"predecessor-version":[{"id":62190,"href":"https:\/\/www.kick-point.com\/it\/wp-json\/wp\/v2\/pages\/62111\/revisions\/62190"}],"up":[{"embeddable":true,"href":"https:\/\/www.kick-point.com\/it\/wp-json\/wp\/v2\/pages\/62137"}],"wp:attachment":[{"href":"https:\/\/www.kick-point.com\/it\/wp-json\/wp\/v2\/media?parent=62111"}],"curies":[{"name":"wp","href":"https:\/\/api.w.org\/{rel}","templated":true}]}}