{"id":62109,"date":"2014-03-19T13:42:21","date_gmt":"2014-03-19T12:42:21","guid":{"rendered":"https:\/\/www.kick-point.com\/discount-kick\/"},"modified":"2015-04-01T12:15:26","modified_gmt":"2015-04-01T10:15:26","slug":"tiro-allo-sconto","status":"publish","type":"page","link":"https:\/\/www.kick-point.com\/it\/porta-da-calcio-interattiva\/opzioni-di-gioco\/tiro-allo-sconto\/","title":{"rendered":"Tiro allo sconto"},"content":{"rendered":"<p><a href=\"https:\/\/www.kick-point.com\/wp-content\/uploads\/rabatt-kick.jpg\"><img loading=\"lazy\" decoding=\"async\" class=\"alignright size-full wp-image-7214\" alt=\"Rabatt Kick\" src=\"https:\/\/www.kick-point.com\/wp-content\/uploads\/rabatt-kick.jpg\" width=\"600\" height=\"450\" \/><\/a>Ideale nei centri commerciali o in aree shopping. Il giocatore cerca di colpire la pi\u00f9 alta percentuale di sconto. Ha a disposizione 3 tiri. Al termine del gioco, il corrispondente buono sconto verr\u00e0 stampato direttamente sul diploma che verr\u00e0 consegnato al giocatore.<\/p>\n<p><a href=\"https:\/\/www.kick-point.com\/wp-content\/uploads\/discount-aktion-shopping-center.jpg\"><img loading=\"lazy\" decoding=\"async\" class=\"alignleft size-thumbnail wp-image-7197\" alt=\"discount-aktion-shopping-center\" src=\"https:\/\/www.kick-point.com\/wp-content\/uploads\/discount-aktion-shopping-center-150x150.jpg\" width=\"72\" height=\"72\" \/><\/a><\/p>\n","protected":false},"excerpt":{"rendered":"<p>Ideale nei centri commerciali o in aree shopping. Il giocatore cerca di colpire la pi\u00f9 alta percentuale di sconto. Ha a disposizione 3 tiri. Al termine del gioco, il corrispondente buono sconto verr\u00e0 stampato direttamente sul diploma che verr\u00e0 consegnato al giocatore.<\/p>\n","protected":false},"author":12,"featured_media":0,"parent":62137,"menu_order":0,"comment_status":"closed","ping_status":"closed","template":"","meta":{"footnotes":""},"class_list":["post-62109","page","type-page","status-publish","hentry"],"yoast_head":"<!-- This site is optimized with the Yoast SEO plugin v22.8 - https:\/\/yoast.com\/wordpress\/plugins\/seo\/ -->\n<title>Tiro allo sconto<\/title>\n<meta name=\"robots\" content=\"index, follow, max-snippet:-1, max-image-preview:large, max-video-preview:-1\" \/>\n<link rel=\"canonical\" href=\"https:\/\/www.kick-point.com\/it\/porta-da-calcio-interattiva\/opzioni-di-gioco\/tiro-allo-sconto\/\" \/>\n<meta property=\"og:locale\" content=\"it_IT\" \/>\n<meta property=\"og:type\" content=\"article\" \/>\n<meta property=\"og:title\" content=\"Tiro allo sconto\" \/>\n<meta property=\"og:description\" content=\"Ideale nei centri commerciali o in aree shopping. Il giocatore cerca di colpire la pi\u00f9 alta percentuale di sconto. Ha a disposizione 3 tiri. Al termine del gioco, il corrispondente buono sconto verr\u00e0 stampato direttamente sul diploma che verr\u00e0 consegnato al giocatore.\" \/>\n<meta property=\"og:url\" content=\"https:\/\/www.kick-point.com\/it\/porta-da-calcio-interattiva\/opzioni-di-gioco\/tiro-allo-sconto\/\" \/>\n<meta property=\"og:site_name\" content=\"Kick-Point\" \/>\n<meta property=\"article:modified_time\" content=\"2015-04-01T10:15:26+00:00\" \/>\n<meta property=\"og:image\" content=\"https:\/\/www.kick-point.com\/wp-content\/uploads\/rabatt-kick.jpg\" \/>\n<script type=\"application\/ld+json\" class=\"yoast-schema-graph\">{\"@context\":\"https:\/\/schema.org\",\"@graph\":[{\"@type\":\"WebPage\",\"@id\":\"https:\/\/www.kick-point.com\/it\/porta-da-calcio-interattiva\/opzioni-di-gioco\/tiro-allo-sconto\/\",\"url\":\"https:\/\/www.kick-point.com\/it\/porta-da-calcio-interattiva\/opzioni-di-gioco\/tiro-allo-sconto\/\",\"name\":\"Tiro allo sconto\",\"isPartOf\":{\"@id\":\"https:\/\/www.kick-point.com\/de\/#website\"},\"primaryImageOfPage\":{\"@id\":\"https:\/\/www.kick-point.com\/it\/porta-da-calcio-interattiva\/opzioni-di-gioco\/tiro-allo-sconto\/#primaryimage\"},\"image\":{\"@id\":\"https:\/\/www.kick-point.com\/it\/porta-da-calcio-interattiva\/opzioni-di-gioco\/tiro-allo-sconto\/#primaryimage\"},\"thumbnailUrl\":\"https:\/\/www.kick-point.com\/wp-content\/uploads\/rabatt-kick.jpg\",\"datePublished\":\"2014-03-19T12:42:21+00:00\",\"dateModified\":\"2015-04-01T10:15:26+00:00\",\"breadcrumb\":{\"@id\":\"https:\/\/www.kick-point.com\/it\/porta-da-calcio-interattiva\/opzioni-di-gioco\/tiro-allo-sconto\/#breadcrumb\"},\"inLanguage\":\"it-IT\",\"potentialAction\":[{\"@type\":\"ReadAction\",\"target\":[\"https:\/\/www.kick-point.com\/it\/porta-da-calcio-interattiva\/opzioni-di-gioco\/tiro-allo-sconto\/\"]}]},{\"@type\":\"ImageObject\",\"inLanguage\":\"it-IT\",\"@id\":\"https:\/\/www.kick-point.com\/it\/porta-da-calcio-interattiva\/opzioni-di-gioco\/tiro-allo-sconto\/#primaryimage\",\"url\":\"https:\/\/www.kick-point.com\/wp-content\/uploads\/rabatt-kick.jpg\",\"contentUrl\":\"https:\/\/www.kick-point.com\/wp-content\/uploads\/rabatt-kick.jpg\"},{\"@type\":\"BreadcrumbList\",\"@id\":\"https:\/\/www.kick-point.com\/it\/porta-da-calcio-interattiva\/opzioni-di-gioco\/tiro-allo-sconto\/#breadcrumb\",\"itemListElement\":[{\"@type\":\"ListItem\",\"position\":1,\"name\":\"Porta da calcio interattiva\",\"item\":\"https:\/\/www.kick-point.com\/it\/porta-da-calcio-interattiva\/\"},{\"@type\":\"ListItem\",\"position\":2,\"name\":\"Opzioni di gioco\",\"item\":\"https:\/\/www.kick-point.com\/it\/porta-da-calcio-interattiva\/opzioni-di-gioco\/\"},{\"@type\":\"ListItem\",\"position\":3,\"name\":\"Tiro allo sconto\"}]},{\"@type\":\"WebSite\",\"@id\":\"https:\/\/www.kick-point.com\/de\/#website\",\"url\":\"https:\/\/www.kick-point.com\/de\/\",\"name\":\"Kick-Point\",\"description\":\"Events und Event-Module rund um das elektronische Fu\u00dfballtor\",\"potentialAction\":[{\"@type\":\"SearchAction\",\"target\":{\"@type\":\"EntryPoint\",\"urlTemplate\":\"https:\/\/www.kick-point.com\/de\/?s={search_term_string}\"},\"query-input\":\"required name=search_term_string\"}],\"inLanguage\":\"it-IT\"}]}<\/script>\n<!-- \/ Yoast SEO plugin. -->","yoast_head_json":{"title":"Tiro allo sconto","robots":{"index":"index","follow":"follow","max-snippet":"max-snippet:-1","max-image-preview":"max-image-preview:large","max-video-preview":"max-video-preview:-1"},"canonical":"https:\/\/www.kick-point.com\/it\/porta-da-calcio-interattiva\/opzioni-di-gioco\/tiro-allo-sconto\/","og_locale":"it_IT","og_type":"article","og_title":"Tiro allo sconto","og_description":"Ideale nei centri commerciali o in aree shopping. Il giocatore cerca di colpire la pi\u00f9 alta percentuale di sconto. Ha a disposizione 3 tiri. Al termine del gioco, il corrispondente buono sconto verr\u00e0 stampato direttamente sul diploma che verr\u00e0 consegnato al giocatore.","og_url":"https:\/\/www.kick-point.com\/it\/porta-da-calcio-interattiva\/opzioni-di-gioco\/tiro-allo-sconto\/","og_site_name":"Kick-Point","article_modified_time":"2015-04-01T10:15:26+00:00","og_image":[{"url":"https:\/\/www.kick-point.com\/wp-content\/uploads\/rabatt-kick.jpg"}],"schema":{"@context":"https:\/\/schema.org","@graph":[{"@type":"WebPage","@id":"https:\/\/www.kick-point.com\/it\/porta-da-calcio-interattiva\/opzioni-di-gioco\/tiro-allo-sconto\/","url":"https:\/\/www.kick-point.com\/it\/porta-da-calcio-interattiva\/opzioni-di-gioco\/tiro-allo-sconto\/","name":"Tiro allo sconto","isPartOf":{"@id":"https:\/\/www.kick-point.com\/de\/#website"},"primaryImageOfPage":{"@id":"https:\/\/www.kick-point.com\/it\/porta-da-calcio-interattiva\/opzioni-di-gioco\/tiro-allo-sconto\/#primaryimage"},"image":{"@id":"https:\/\/www.kick-point.com\/it\/porta-da-calcio-interattiva\/opzioni-di-gioco\/tiro-allo-sconto\/#primaryimage"},"thumbnailUrl":"https:\/\/www.kick-point.com\/wp-content\/uploads\/rabatt-kick.jpg","datePublished":"2014-03-19T12:42:21+00:00","dateModified":"2015-04-01T10:15:26+00:00","breadcrumb":{"@id":"https:\/\/www.kick-point.com\/it\/porta-da-calcio-interattiva\/opzioni-di-gioco\/tiro-allo-sconto\/#breadcrumb"},"inLanguage":"it-IT","potentialAction":[{"@type":"ReadAction","target":["https:\/\/www.kick-point.com\/it\/porta-da-calcio-interattiva\/opzioni-di-gioco\/tiro-allo-sconto\/"]}]},{"@type":"ImageObject","inLanguage":"it-IT","@id":"https:\/\/www.kick-point.com\/it\/porta-da-calcio-interattiva\/opzioni-di-gioco\/tiro-allo-sconto\/#primaryimage","url":"https:\/\/www.kick-point.com\/wp-content\/uploads\/rabatt-kick.jpg","contentUrl":"https:\/\/www.kick-point.com\/wp-content\/uploads\/rabatt-kick.jpg"},{"@type":"BreadcrumbList","@id":"https:\/\/www.kick-point.com\/it\/porta-da-calcio-interattiva\/opzioni-di-gioco\/tiro-allo-sconto\/#breadcrumb","itemListElement":[{"@type":"ListItem","position":1,"name":"Porta da calcio interattiva","item":"https:\/\/www.kick-point.com\/it\/porta-da-calcio-interattiva\/"},{"@type":"ListItem","position":2,"name":"Opzioni di gioco","item":"https:\/\/www.kick-point.com\/it\/porta-da-calcio-interattiva\/opzioni-di-gioco\/"},{"@type":"ListItem","position":3,"name":"Tiro allo sconto"}]},{"@type":"WebSite","@id":"https:\/\/www.kick-point.com\/de\/#website","url":"https:\/\/www.kick-point.com\/de\/","name":"Kick-Point","description":"Events und Event-Module rund um das elektronische Fu\u00dfballtor","potentialAction":[{"@type":"SearchAction","target":{"@type":"EntryPoint","urlTemplate":"https:\/\/www.kick-point.com\/de\/?s={search_term_string}"},"query-input":"required name=search_term_string"}],"inLanguage":"it-IT"}]}},"_links":{"self":[{"href":"https:\/\/www.kick-point.com\/it\/wp-json\/wp\/v2\/pages\/62109","targetHints":{"allow":["GET"]}}],"collection":[{"href":"https:\/\/www.kick-point.com\/it\/wp-json\/wp\/v2\/pages"}],"about":[{"href":"https:\/\/www.kick-point.com\/it\/wp-json\/wp\/v2\/types\/page"}],"author":[{"embeddable":true,"href":"https:\/\/www.kick-point.com\/it\/wp-json\/wp\/v2\/users\/12"}],"replies":[{"embeddable":true,"href":"https:\/\/www.kick-point.com\/it\/wp-json\/wp\/v2\/comments?post=62109"}],"version-history":[{"count":1,"href":"https:\/\/www.kick-point.com\/it\/wp-json\/wp\/v2\/pages\/62109\/revisions"}],"predecessor-version":[{"id":62188,"href":"https:\/\/www.kick-point.com\/it\/wp-json\/wp\/v2\/pages\/62109\/revisions\/62188"}],"up":[{"embeddable":true,"href":"https:\/\/www.kick-point.com\/it\/wp-json\/wp\/v2\/pages\/62137"}],"wp:attachment":[{"href":"https:\/\/www.kick-point.com\/it\/wp-json\/wp\/v2\/media?parent=62109"}],"curies":[{"name":"wp","href":"https:\/\/api.w.org\/{rel}","templated":true}]}}