{"id":8464,"date":"2014-03-18T14:49:23","date_gmt":"2014-03-18T13:49:23","guid":{"rendered":"http:\/\/dev.kick-point.fr\/?page_id=8464"},"modified":"2014-03-18T14:49:42","modified_gmt":"2014-03-18T13:49:42","slug":"lots-kick-marquer-un-pour-gagner-des-lots","status":"publish","type":"page","link":"https:\/\/www.kick-point.com\/fr\/louer-la-cage-de-interactive-et-electronique-kick-point\/variantes-du-jeu\/lots-kick-marquer-un-pour-gagner-des-lots\/","title":{"rendered":"Lots Kick \u2013 Marquer un but pour gagner des lots"},"content":{"rendered":"<p><a href=\"https:\/\/www.kick-point.com\/wp-content\/uploads\/preis-kick.jpg\"><img loading=\"lazy\" decoding=\"async\" class=\"alignright size-full wp-image-4987\" alt=\"preis-kick\" src=\"https:\/\/www.kick-point.com\/wp-content\/uploads\/preis-kick.jpg\" width=\"600\" height=\"450\" \/><\/a>Le joueur voit s&rsquo;afficher \u00e0 l&rsquo;\u00e9cran des produits, des lots ou des marques. Ceux-ci sont \u00e0 gagner en tirant dans la cage de but r\u00e9elle. S&rsquo;il r\u00e9ussit, son gain s&rsquo;affiche imm\u00e9diatement \u00e0 l&rsquo;\u00e9cran.<\/p>\n<p>Le lot peut, sur demande, \u00eatre \u00e9galement imprim\u00e9 sur le certificat afin que le joueur puisse venir chercher son lot ult\u00e9rieurement.<\/p>\n","protected":false},"excerpt":{"rendered":"<p>Le joueur voit s&rsquo;afficher \u00e0 l&rsquo;\u00e9cran des produits, des lots ou des marques. Ceux-ci sont \u00e0 gagner en tirant dans la cage de but r\u00e9elle. S&rsquo;il r\u00e9ussit, son gain s&rsquo;affiche imm\u00e9diatement \u00e0 l&rsquo;\u00e9cran. Le lot peut, sur demande, \u00eatre \u00e9galement imprim\u00e9 sur le certificat afin que le joueur puisse venir chercher son lot ult\u00e9rieurement.<\/p>\n","protected":false},"author":12,"featured_media":0,"parent":3498,"menu_order":0,"comment_status":"closed","ping_status":"closed","template":"","meta":{"footnotes":""},"class_list":["post-8464","page","type-page","status-publish","hentry"],"yoast_head":"<!-- This site is optimized with the Yoast SEO plugin v22.8 - https:\/\/yoast.com\/wordpress\/plugins\/seo\/ -->\n<title>Lots Kick \u2013 Marquer un but pour gagner des lots<\/title>\n<meta name=\"robots\" content=\"index, follow, max-snippet:-1, max-image-preview:large, max-video-preview:-1\" \/>\n<link rel=\"canonical\" href=\"https:\/\/www.kick-point.com\/fr\/louer-la-cage-de-interactive-et-electronique-kick-point\/variantes-du-jeu\/lots-kick-marquer-un-pour-gagner-des-lots\/\" \/>\n<meta property=\"og:locale\" content=\"fr_FR\" \/>\n<meta property=\"og:type\" content=\"article\" \/>\n<meta property=\"og:title\" content=\"Lots Kick \u2013 Marquer un but pour gagner des lots\" \/>\n<meta property=\"og:description\" content=\"Le joueur voit s&rsquo;afficher \u00e0 l&rsquo;\u00e9cran des produits, des lots ou des marques. Ceux-ci sont \u00e0 gagner en tirant dans la cage de but r\u00e9elle. S&rsquo;il r\u00e9ussit, son gain s&rsquo;affiche imm\u00e9diatement \u00e0 l&rsquo;\u00e9cran. Le lot peut, sur demande, \u00eatre \u00e9galement imprim\u00e9 sur le certificat afin que le joueur puisse venir chercher son lot ult\u00e9rieurement.\" \/>\n<meta property=\"og:url\" content=\"https:\/\/www.kick-point.com\/fr\/louer-la-cage-de-interactive-et-electronique-kick-point\/variantes-du-jeu\/lots-kick-marquer-un-pour-gagner-des-lots\/\" \/>\n<meta property=\"og:site_name\" content=\"Kick-Point\" \/>\n<meta property=\"article:modified_time\" content=\"2014-03-18T13:49:42+00:00\" \/>\n<meta property=\"og:image\" content=\"https:\/\/www.kick-point.com\/wp-content\/uploads\/preis-kick.jpg\" \/>\n<script type=\"application\/ld+json\" class=\"yoast-schema-graph\">{\"@context\":\"https:\/\/schema.org\",\"@graph\":[{\"@type\":\"WebPage\",\"@id\":\"https:\/\/www.kick-point.com\/fr\/louer-la-cage-de-interactive-et-electronique-kick-point\/variantes-du-jeu\/lots-kick-marquer-un-pour-gagner-des-lots\/\",\"url\":\"https:\/\/www.kick-point.com\/fr\/louer-la-cage-de-interactive-et-electronique-kick-point\/variantes-du-jeu\/lots-kick-marquer-un-pour-gagner-des-lots\/\",\"name\":\"Lots Kick \u2013 Marquer un but pour gagner des lots\",\"isPartOf\":{\"@id\":\"https:\/\/www.kick-point.com\/de\/#website\"},\"primaryImageOfPage\":{\"@id\":\"https:\/\/www.kick-point.com\/fr\/louer-la-cage-de-interactive-et-electronique-kick-point\/variantes-du-jeu\/lots-kick-marquer-un-pour-gagner-des-lots\/#primaryimage\"},\"image\":{\"@id\":\"https:\/\/www.kick-point.com\/fr\/louer-la-cage-de-interactive-et-electronique-kick-point\/variantes-du-jeu\/lots-kick-marquer-un-pour-gagner-des-lots\/#primaryimage\"},\"thumbnailUrl\":\"https:\/\/www.kick-point.com\/wp-content\/uploads\/preis-kick.jpg\",\"datePublished\":\"2014-03-18T13:49:23+00:00\",\"dateModified\":\"2014-03-18T13:49:42+00:00\",\"breadcrumb\":{\"@id\":\"https:\/\/www.kick-point.com\/fr\/louer-la-cage-de-interactive-et-electronique-kick-point\/variantes-du-jeu\/lots-kick-marquer-un-pour-gagner-des-lots\/#breadcrumb\"},\"inLanguage\":\"fr-FR\",\"potentialAction\":[{\"@type\":\"ReadAction\",\"target\":[\"https:\/\/www.kick-point.com\/fr\/louer-la-cage-de-interactive-et-electronique-kick-point\/variantes-du-jeu\/lots-kick-marquer-un-pour-gagner-des-lots\/\"]}]},{\"@type\":\"ImageObject\",\"inLanguage\":\"fr-FR\",\"@id\":\"https:\/\/www.kick-point.com\/fr\/louer-la-cage-de-interactive-et-electronique-kick-point\/variantes-du-jeu\/lots-kick-marquer-un-pour-gagner-des-lots\/#primaryimage\",\"url\":\"https:\/\/www.kick-point.com\/wp-content\/uploads\/preis-kick.jpg\",\"contentUrl\":\"https:\/\/www.kick-point.com\/wp-content\/uploads\/preis-kick.jpg\"},{\"@type\":\"BreadcrumbList\",\"@id\":\"https:\/\/www.kick-point.com\/fr\/louer-la-cage-de-interactive-et-electronique-kick-point\/variantes-du-jeu\/lots-kick-marquer-un-pour-gagner-des-lots\/#breadcrumb\",\"itemListElement\":[{\"@type\":\"ListItem\",\"position\":1,\"name\":\"Louer la cage de but interactive et \u00e9lectronique Kick-Point\",\"item\":\"https:\/\/www.kick-point.com\/fr\/louer-la-cage-de-interactive-et-electronique-kick-point\/\"},{\"@type\":\"ListItem\",\"position\":2,\"name\":\"Variantes du jeu\",\"item\":\"https:\/\/www.kick-point.com\/fr\/louer-la-cage-de-interactive-et-electronique-kick-point\/variantes-du-jeu\/\"},{\"@type\":\"ListItem\",\"position\":3,\"name\":\"Lots Kick \u2013 Marquer un but pour gagner des lots\"}]},{\"@type\":\"WebSite\",\"@id\":\"https:\/\/www.kick-point.com\/de\/#website\",\"url\":\"https:\/\/www.kick-point.com\/de\/\",\"name\":\"Kick-Point\",\"description\":\"Events und Event-Module rund um das elektronische Fu\u00dfballtor\",\"potentialAction\":[{\"@type\":\"SearchAction\",\"target\":{\"@type\":\"EntryPoint\",\"urlTemplate\":\"https:\/\/www.kick-point.com\/de\/?s={search_term_string}\"},\"query-input\":\"required name=search_term_string\"}],\"inLanguage\":\"fr-FR\"}]}<\/script>\n<!-- \/ Yoast SEO plugin. -->","yoast_head_json":{"title":"Lots Kick \u2013 Marquer un but pour gagner des lots","robots":{"index":"index","follow":"follow","max-snippet":"max-snippet:-1","max-image-preview":"max-image-preview:large","max-video-preview":"max-video-preview:-1"},"canonical":"https:\/\/www.kick-point.com\/fr\/louer-la-cage-de-interactive-et-electronique-kick-point\/variantes-du-jeu\/lots-kick-marquer-un-pour-gagner-des-lots\/","og_locale":"fr_FR","og_type":"article","og_title":"Lots Kick \u2013 Marquer un but pour gagner des lots","og_description":"Le joueur voit s&rsquo;afficher \u00e0 l&rsquo;\u00e9cran des produits, des lots ou des marques. Ceux-ci sont \u00e0 gagner en tirant dans la cage de but r\u00e9elle. S&rsquo;il r\u00e9ussit, son gain s&rsquo;affiche imm\u00e9diatement \u00e0 l&rsquo;\u00e9cran. Le lot peut, sur demande, \u00eatre \u00e9galement imprim\u00e9 sur le certificat afin que le joueur puisse venir chercher son lot ult\u00e9rieurement.","og_url":"https:\/\/www.kick-point.com\/fr\/louer-la-cage-de-interactive-et-electronique-kick-point\/variantes-du-jeu\/lots-kick-marquer-un-pour-gagner-des-lots\/","og_site_name":"Kick-Point","article_modified_time":"2014-03-18T13:49:42+00:00","og_image":[{"url":"https:\/\/www.kick-point.com\/wp-content\/uploads\/preis-kick.jpg"}],"schema":{"@context":"https:\/\/schema.org","@graph":[{"@type":"WebPage","@id":"https:\/\/www.kick-point.com\/fr\/louer-la-cage-de-interactive-et-electronique-kick-point\/variantes-du-jeu\/lots-kick-marquer-un-pour-gagner-des-lots\/","url":"https:\/\/www.kick-point.com\/fr\/louer-la-cage-de-interactive-et-electronique-kick-point\/variantes-du-jeu\/lots-kick-marquer-un-pour-gagner-des-lots\/","name":"Lots Kick \u2013 Marquer un but pour gagner des lots","isPartOf":{"@id":"https:\/\/www.kick-point.com\/de\/#website"},"primaryImageOfPage":{"@id":"https:\/\/www.kick-point.com\/fr\/louer-la-cage-de-interactive-et-electronique-kick-point\/variantes-du-jeu\/lots-kick-marquer-un-pour-gagner-des-lots\/#primaryimage"},"image":{"@id":"https:\/\/www.kick-point.com\/fr\/louer-la-cage-de-interactive-et-electronique-kick-point\/variantes-du-jeu\/lots-kick-marquer-un-pour-gagner-des-lots\/#primaryimage"},"thumbnailUrl":"https:\/\/www.kick-point.com\/wp-content\/uploads\/preis-kick.jpg","datePublished":"2014-03-18T13:49:23+00:00","dateModified":"2014-03-18T13:49:42+00:00","breadcrumb":{"@id":"https:\/\/www.kick-point.com\/fr\/louer-la-cage-de-interactive-et-electronique-kick-point\/variantes-du-jeu\/lots-kick-marquer-un-pour-gagner-des-lots\/#breadcrumb"},"inLanguage":"fr-FR","potentialAction":[{"@type":"ReadAction","target":["https:\/\/www.kick-point.com\/fr\/louer-la-cage-de-interactive-et-electronique-kick-point\/variantes-du-jeu\/lots-kick-marquer-un-pour-gagner-des-lots\/"]}]},{"@type":"ImageObject","inLanguage":"fr-FR","@id":"https:\/\/www.kick-point.com\/fr\/louer-la-cage-de-interactive-et-electronique-kick-point\/variantes-du-jeu\/lots-kick-marquer-un-pour-gagner-des-lots\/#primaryimage","url":"https:\/\/www.kick-point.com\/wp-content\/uploads\/preis-kick.jpg","contentUrl":"https:\/\/www.kick-point.com\/wp-content\/uploads\/preis-kick.jpg"},{"@type":"BreadcrumbList","@id":"https:\/\/www.kick-point.com\/fr\/louer-la-cage-de-interactive-et-electronique-kick-point\/variantes-du-jeu\/lots-kick-marquer-un-pour-gagner-des-lots\/#breadcrumb","itemListElement":[{"@type":"ListItem","position":1,"name":"Louer la cage de but interactive et \u00e9lectronique Kick-Point","item":"https:\/\/www.kick-point.com\/fr\/louer-la-cage-de-interactive-et-electronique-kick-point\/"},{"@type":"ListItem","position":2,"name":"Variantes du jeu","item":"https:\/\/www.kick-point.com\/fr\/louer-la-cage-de-interactive-et-electronique-kick-point\/variantes-du-jeu\/"},{"@type":"ListItem","position":3,"name":"Lots Kick \u2013 Marquer un but pour gagner des lots"}]},{"@type":"WebSite","@id":"https:\/\/www.kick-point.com\/de\/#website","url":"https:\/\/www.kick-point.com\/de\/","name":"Kick-Point","description":"Events und Event-Module rund um das elektronische Fu\u00dfballtor","potentialAction":[{"@type":"SearchAction","target":{"@type":"EntryPoint","urlTemplate":"https:\/\/www.kick-point.com\/de\/?s={search_term_string}"},"query-input":"required name=search_term_string"}],"inLanguage":"fr-FR"}]}},"_links":{"self":[{"href":"https:\/\/www.kick-point.com\/fr\/wp-json\/wp\/v2\/pages\/8464","targetHints":{"allow":["GET"]}}],"collection":[{"href":"https:\/\/www.kick-point.com\/fr\/wp-json\/wp\/v2\/pages"}],"about":[{"href":"https:\/\/www.kick-point.com\/fr\/wp-json\/wp\/v2\/types\/page"}],"author":[{"embeddable":true,"href":"https:\/\/www.kick-point.com\/fr\/wp-json\/wp\/v2\/users\/12"}],"replies":[{"embeddable":true,"href":"https:\/\/www.kick-point.com\/fr\/wp-json\/wp\/v2\/comments?post=8464"}],"version-history":[{"count":0,"href":"https:\/\/www.kick-point.com\/fr\/wp-json\/wp\/v2\/pages\/8464\/revisions"}],"up":[{"embeddable":true,"href":"https:\/\/www.kick-point.com\/fr\/wp-json\/wp\/v2\/pages\/3498"}],"wp:attachment":[{"href":"https:\/\/www.kick-point.com\/fr\/wp-json\/wp\/v2\/media?parent=8464"}],"curies":[{"name":"wp","href":"https:\/\/api.w.org\/{rel}","templated":true}]}}