{"id":8463,"date":"2014-03-18T14:50:47","date_gmt":"2014-03-18T13:50:47","guid":{"rendered":"http:\/\/dev.kick-point.fr\/?page_id=8463"},"modified":"2016-10-14T11:13:14","modified_gmt":"2016-10-14T09:13:14","slug":"questionnaire-kick-le-kick-avec-questions-reponses","status":"publish","type":"page","link":"https:\/\/www.kick-point.com\/fr\/louer-la-cage-de-interactive-et-electronique-kick-point\/variantes-du-jeu\/questionnaire-kick-le-kick-avec-questions-reponses\/","title":{"rendered":"Questionnaire Kick \u2013 Le Kick avec questions-r\u00e9ponses"},"content":{"rendered":"<p><a title=\"Quiz-Kick\" href=\"https:\/\/www.kick-point.com\/wp-content\/uploads\/quiz-kick.jpg\"><img loading=\"lazy\" decoding=\"async\" class=\"size-medium wp-image-66879 alignright\" title=\"Quiz-Kick\" alt=\"Quiz-Kick\" src=\"https:\/\/www.kick-point.com\/wp-content\/uploads\/\/quiz-kick-660x495.jpg\" width=\"660\" height=\"495\" srcset=\"https:\/\/www.kick-point.com\/wp-content\/uploads\/quiz-kick-660x495.jpg 660w, https:\/\/www.kick-point.com\/wp-content\/uploads\/quiz-kick.jpg 1024w\" sizes=\"auto, (max-width: 660px) 100vw, 660px\" \/><\/a>Le Questionnaire Kick combine emplacement du tir (amusement) et questionnaire (\u00e9ducation).<\/p>\n<p>Quand le joueur atteint un symbole d\u00e9termin\u00e9 dans le but, une question avec diff\u00e9rentes options de r\u00e9ponse s&rsquo;affiche \u00e0 l&rsquo;\u00e9cran. Si le joueur r\u00e9pond correctement \u00e0 la question, il double ses points marqu\u00e9s. Les questions peuvent \u00eatre choisies librement et peuvent avoir un rapport avec le football, l&rsquo;entreprise ou un autre contenu.<\/p>\n","protected":false},"excerpt":{"rendered":"<p>Le Questionnaire Kick combine emplacement du tir (amusement) et questionnaire (\u00e9ducation). Quand le joueur atteint un symbole d\u00e9termin\u00e9 dans le but, une question avec diff\u00e9rentes options de r\u00e9ponse s&rsquo;affiche \u00e0 l&rsquo;\u00e9cran. Si le joueur r\u00e9pond correctement \u00e0 la question, il double ses points marqu\u00e9s. Les questions peuvent \u00eatre choisies librement et peuvent avoir un rapport [&hellip;]<\/p>\n","protected":false},"author":12,"featured_media":0,"parent":3498,"menu_order":0,"comment_status":"closed","ping_status":"closed","template":"","meta":{"footnotes":""},"class_list":["post-8463","page","type-page","status-publish","hentry"],"yoast_head":"<!-- This site is optimized with the Yoast SEO plugin v22.8 - https:\/\/yoast.com\/wordpress\/plugins\/seo\/ -->\n<title>Questionnaire Kick \u2013 Le Kick avec questions-r\u00e9ponses<\/title>\n<meta name=\"robots\" content=\"index, follow, max-snippet:-1, max-image-preview:large, max-video-preview:-1\" \/>\n<link rel=\"canonical\" href=\"https:\/\/www.kick-point.com\/fr\/louer-la-cage-de-interactive-et-electronique-kick-point\/variantes-du-jeu\/questionnaire-kick-le-kick-avec-questions-reponses\/\" \/>\n<meta property=\"og:locale\" content=\"fr_FR\" \/>\n<meta property=\"og:type\" content=\"article\" \/>\n<meta property=\"og:title\" content=\"Questionnaire Kick \u2013 Le Kick avec questions-r\u00e9ponses\" \/>\n<meta property=\"og:description\" content=\"Le Questionnaire Kick combine emplacement du tir (amusement) et questionnaire (\u00e9ducation). Quand le joueur atteint un symbole d\u00e9termin\u00e9 dans le but, une question avec diff\u00e9rentes options de r\u00e9ponse s&rsquo;affiche \u00e0 l&rsquo;\u00e9cran. Si le joueur r\u00e9pond correctement \u00e0 la question, il double ses points marqu\u00e9s. Les questions peuvent \u00eatre choisies librement et peuvent avoir un rapport [&hellip;]\" \/>\n<meta property=\"og:url\" content=\"https:\/\/www.kick-point.com\/fr\/louer-la-cage-de-interactive-et-electronique-kick-point\/variantes-du-jeu\/questionnaire-kick-le-kick-avec-questions-reponses\/\" \/>\n<meta property=\"og:site_name\" content=\"Kick-Point\" \/>\n<meta property=\"article:modified_time\" content=\"2016-10-14T09:13:14+00:00\" \/>\n<meta property=\"og:image\" content=\"https:\/\/www.kick-point.com\/wp-content\/uploads\/\/quiz-kick-660x495.jpg\" \/>\n<script type=\"application\/ld+json\" class=\"yoast-schema-graph\">{\"@context\":\"https:\/\/schema.org\",\"@graph\":[{\"@type\":\"WebPage\",\"@id\":\"https:\/\/www.kick-point.com\/fr\/louer-la-cage-de-interactive-et-electronique-kick-point\/variantes-du-jeu\/questionnaire-kick-le-kick-avec-questions-reponses\/\",\"url\":\"https:\/\/www.kick-point.com\/fr\/louer-la-cage-de-interactive-et-electronique-kick-point\/variantes-du-jeu\/questionnaire-kick-le-kick-avec-questions-reponses\/\",\"name\":\"Questionnaire Kick \u2013 Le Kick avec questions-r\u00e9ponses\",\"isPartOf\":{\"@id\":\"https:\/\/www.kick-point.com\/de\/#website\"},\"primaryImageOfPage\":{\"@id\":\"https:\/\/www.kick-point.com\/fr\/louer-la-cage-de-interactive-et-electronique-kick-point\/variantes-du-jeu\/questionnaire-kick-le-kick-avec-questions-reponses\/#primaryimage\"},\"image\":{\"@id\":\"https:\/\/www.kick-point.com\/fr\/louer-la-cage-de-interactive-et-electronique-kick-point\/variantes-du-jeu\/questionnaire-kick-le-kick-avec-questions-reponses\/#primaryimage\"},\"thumbnailUrl\":\"https:\/\/www.kick-point.com\/wp-content\/uploads\/\/quiz-kick-660x495.jpg\",\"datePublished\":\"2014-03-18T13:50:47+00:00\",\"dateModified\":\"2016-10-14T09:13:14+00:00\",\"breadcrumb\":{\"@id\":\"https:\/\/www.kick-point.com\/fr\/louer-la-cage-de-interactive-et-electronique-kick-point\/variantes-du-jeu\/questionnaire-kick-le-kick-avec-questions-reponses\/#breadcrumb\"},\"inLanguage\":\"fr-FR\",\"potentialAction\":[{\"@type\":\"ReadAction\",\"target\":[\"https:\/\/www.kick-point.com\/fr\/louer-la-cage-de-interactive-et-electronique-kick-point\/variantes-du-jeu\/questionnaire-kick-le-kick-avec-questions-reponses\/\"]}]},{\"@type\":\"ImageObject\",\"inLanguage\":\"fr-FR\",\"@id\":\"https:\/\/www.kick-point.com\/fr\/louer-la-cage-de-interactive-et-electronique-kick-point\/variantes-du-jeu\/questionnaire-kick-le-kick-avec-questions-reponses\/#primaryimage\",\"url\":\"https:\/\/www.kick-point.com\/wp-content\/uploads\/\/quiz-kick-660x495.jpg\",\"contentUrl\":\"https:\/\/www.kick-point.com\/wp-content\/uploads\/\/quiz-kick-660x495.jpg\"},{\"@type\":\"BreadcrumbList\",\"@id\":\"https:\/\/www.kick-point.com\/fr\/louer-la-cage-de-interactive-et-electronique-kick-point\/variantes-du-jeu\/questionnaire-kick-le-kick-avec-questions-reponses\/#breadcrumb\",\"itemListElement\":[{\"@type\":\"ListItem\",\"position\":1,\"name\":\"Louer la cage de but interactive et \u00e9lectronique Kick-Point\",\"item\":\"https:\/\/www.kick-point.com\/fr\/louer-la-cage-de-interactive-et-electronique-kick-point\/\"},{\"@type\":\"ListItem\",\"position\":2,\"name\":\"Variantes du jeu\",\"item\":\"https:\/\/www.kick-point.com\/fr\/louer-la-cage-de-interactive-et-electronique-kick-point\/variantes-du-jeu\/\"},{\"@type\":\"ListItem\",\"position\":3,\"name\":\"Questionnaire Kick \u2013 Le Kick avec questions-r\u00e9ponses\"}]},{\"@type\":\"WebSite\",\"@id\":\"https:\/\/www.kick-point.com\/de\/#website\",\"url\":\"https:\/\/www.kick-point.com\/de\/\",\"name\":\"Kick-Point\",\"description\":\"Events und Event-Module rund um das elektronische Fu\u00dfballtor\",\"potentialAction\":[{\"@type\":\"SearchAction\",\"target\":{\"@type\":\"EntryPoint\",\"urlTemplate\":\"https:\/\/www.kick-point.com\/de\/?s={search_term_string}\"},\"query-input\":\"required name=search_term_string\"}],\"inLanguage\":\"fr-FR\"}]}<\/script>\n<!-- \/ Yoast SEO plugin. -->","yoast_head_json":{"title":"Questionnaire Kick \u2013 Le Kick avec questions-r\u00e9ponses","robots":{"index":"index","follow":"follow","max-snippet":"max-snippet:-1","max-image-preview":"max-image-preview:large","max-video-preview":"max-video-preview:-1"},"canonical":"https:\/\/www.kick-point.com\/fr\/louer-la-cage-de-interactive-et-electronique-kick-point\/variantes-du-jeu\/questionnaire-kick-le-kick-avec-questions-reponses\/","og_locale":"fr_FR","og_type":"article","og_title":"Questionnaire Kick \u2013 Le Kick avec questions-r\u00e9ponses","og_description":"Le Questionnaire Kick combine emplacement du tir (amusement) et questionnaire (\u00e9ducation). Quand le joueur atteint un symbole d\u00e9termin\u00e9 dans le but, une question avec diff\u00e9rentes options de r\u00e9ponse s&rsquo;affiche \u00e0 l&rsquo;\u00e9cran. Si le joueur r\u00e9pond correctement \u00e0 la question, il double ses points marqu\u00e9s. Les questions peuvent \u00eatre choisies librement et peuvent avoir un rapport [&hellip;]","og_url":"https:\/\/www.kick-point.com\/fr\/louer-la-cage-de-interactive-et-electronique-kick-point\/variantes-du-jeu\/questionnaire-kick-le-kick-avec-questions-reponses\/","og_site_name":"Kick-Point","article_modified_time":"2016-10-14T09:13:14+00:00","og_image":[{"url":"https:\/\/www.kick-point.com\/wp-content\/uploads\/\/quiz-kick-660x495.jpg"}],"schema":{"@context":"https:\/\/schema.org","@graph":[{"@type":"WebPage","@id":"https:\/\/www.kick-point.com\/fr\/louer-la-cage-de-interactive-et-electronique-kick-point\/variantes-du-jeu\/questionnaire-kick-le-kick-avec-questions-reponses\/","url":"https:\/\/www.kick-point.com\/fr\/louer-la-cage-de-interactive-et-electronique-kick-point\/variantes-du-jeu\/questionnaire-kick-le-kick-avec-questions-reponses\/","name":"Questionnaire Kick \u2013 Le Kick avec questions-r\u00e9ponses","isPartOf":{"@id":"https:\/\/www.kick-point.com\/de\/#website"},"primaryImageOfPage":{"@id":"https:\/\/www.kick-point.com\/fr\/louer-la-cage-de-interactive-et-electronique-kick-point\/variantes-du-jeu\/questionnaire-kick-le-kick-avec-questions-reponses\/#primaryimage"},"image":{"@id":"https:\/\/www.kick-point.com\/fr\/louer-la-cage-de-interactive-et-electronique-kick-point\/variantes-du-jeu\/questionnaire-kick-le-kick-avec-questions-reponses\/#primaryimage"},"thumbnailUrl":"https:\/\/www.kick-point.com\/wp-content\/uploads\/\/quiz-kick-660x495.jpg","datePublished":"2014-03-18T13:50:47+00:00","dateModified":"2016-10-14T09:13:14+00:00","breadcrumb":{"@id":"https:\/\/www.kick-point.com\/fr\/louer-la-cage-de-interactive-et-electronique-kick-point\/variantes-du-jeu\/questionnaire-kick-le-kick-avec-questions-reponses\/#breadcrumb"},"inLanguage":"fr-FR","potentialAction":[{"@type":"ReadAction","target":["https:\/\/www.kick-point.com\/fr\/louer-la-cage-de-interactive-et-electronique-kick-point\/variantes-du-jeu\/questionnaire-kick-le-kick-avec-questions-reponses\/"]}]},{"@type":"ImageObject","inLanguage":"fr-FR","@id":"https:\/\/www.kick-point.com\/fr\/louer-la-cage-de-interactive-et-electronique-kick-point\/variantes-du-jeu\/questionnaire-kick-le-kick-avec-questions-reponses\/#primaryimage","url":"https:\/\/www.kick-point.com\/wp-content\/uploads\/\/quiz-kick-660x495.jpg","contentUrl":"https:\/\/www.kick-point.com\/wp-content\/uploads\/\/quiz-kick-660x495.jpg"},{"@type":"BreadcrumbList","@id":"https:\/\/www.kick-point.com\/fr\/louer-la-cage-de-interactive-et-electronique-kick-point\/variantes-du-jeu\/questionnaire-kick-le-kick-avec-questions-reponses\/#breadcrumb","itemListElement":[{"@type":"ListItem","position":1,"name":"Louer la cage de but interactive et \u00e9lectronique Kick-Point","item":"https:\/\/www.kick-point.com\/fr\/louer-la-cage-de-interactive-et-electronique-kick-point\/"},{"@type":"ListItem","position":2,"name":"Variantes du jeu","item":"https:\/\/www.kick-point.com\/fr\/louer-la-cage-de-interactive-et-electronique-kick-point\/variantes-du-jeu\/"},{"@type":"ListItem","position":3,"name":"Questionnaire Kick \u2013 Le Kick avec questions-r\u00e9ponses"}]},{"@type":"WebSite","@id":"https:\/\/www.kick-point.com\/de\/#website","url":"https:\/\/www.kick-point.com\/de\/","name":"Kick-Point","description":"Events und Event-Module rund um das elektronische Fu\u00dfballtor","potentialAction":[{"@type":"SearchAction","target":{"@type":"EntryPoint","urlTemplate":"https:\/\/www.kick-point.com\/de\/?s={search_term_string}"},"query-input":"required name=search_term_string"}],"inLanguage":"fr-FR"}]}},"_links":{"self":[{"href":"https:\/\/www.kick-point.com\/fr\/wp-json\/wp\/v2\/pages\/8463","targetHints":{"allow":["GET"]}}],"collection":[{"href":"https:\/\/www.kick-point.com\/fr\/wp-json\/wp\/v2\/pages"}],"about":[{"href":"https:\/\/www.kick-point.com\/fr\/wp-json\/wp\/v2\/types\/page"}],"author":[{"embeddable":true,"href":"https:\/\/www.kick-point.com\/fr\/wp-json\/wp\/v2\/users\/12"}],"replies":[{"embeddable":true,"href":"https:\/\/www.kick-point.com\/fr\/wp-json\/wp\/v2\/comments?post=8463"}],"version-history":[{"count":4,"href":"https:\/\/www.kick-point.com\/fr\/wp-json\/wp\/v2\/pages\/8463\/revisions"}],"predecessor-version":[{"id":67079,"href":"https:\/\/www.kick-point.com\/fr\/wp-json\/wp\/v2\/pages\/8463\/revisions\/67079"}],"up":[{"embeddable":true,"href":"https:\/\/www.kick-point.com\/fr\/wp-json\/wp\/v2\/pages\/3498"}],"wp:attachment":[{"href":"https:\/\/www.kick-point.com\/fr\/wp-json\/wp\/v2\/media?parent=8463"}],"curies":[{"name":"wp","href":"https:\/\/api.w.org\/{rel}","templated":true}]}}