{"id":8435,"date":"2014-03-18T14:27:07","date_gmt":"2014-03-18T13:27:07","guid":{"rendered":"http:\/\/dev.kick-point.fr\/?page_id=8435"},"modified":"2016-10-14T10:36:10","modified_gmt":"2016-10-14T08:36:10","slug":"4-x-2-m","status":"publish","type":"page","link":"https:\/\/www.kick-point.com\/fr\/louer-la-cage-de-interactive-et-electronique-kick-point\/variantes-de-kick-point\/4-x-2-m\/","title":{"rendered":"4 x 2 m"},"content":{"rendered":"<p><a href=\"https:\/\/www.kick-point.com\/wp-content\/uploads\/Autob\u00f6rse-2011-7.jpg\"><img loading=\"lazy\" decoding=\"async\" class=\"alignright size-full wp-image-4964\" alt=\"SONY DSC\" src=\"https:\/\/www.kick-point.com\/wp-content\/uploads\/Autob\u00f6rse-2011-7.jpg\" width=\"600\" height=\"402\" \/><\/a>Cage de but de 4&#215;2 m \u2013 tout comme un grand! Tout comme le mod\u00e8le 5&#215;2 m, notre cage de but de 4&#215;2 m est fr\u00e9quemment utilis\u00e9e pour des \u00e9v\u00e9nements en ext\u00e9rieur. Mais \u00e0 l&rsquo;inverse de son \u00ab\u00a0grand fr\u00e8re\u00a0\u00bb, elle a besoin de moins de place. Afin de pouvoir faciliter le travail pour les jeunes footballeurs, nous vous proposons diff\u00e9rentes variantes de filet. Qu&rsquo;il s&rsquo;agisse d&rsquo;une construction en filet, d&rsquo;une structure gonflable ou d&rsquo;une cage avec traverse, nous vous proposons toujours la solution adapt\u00e9e.<\/p>\n<p><a href=\"https:\/\/www.kick-point.com\/wp-content\/uploads\/4x2.png\"><img loading=\"lazy\" decoding=\"async\" class=\"alignleft size-thumbnail wp-image-7428\" alt=\"4x2\" src=\"https:\/\/www.kick-point.com\/wp-content\/uploads\/4x2-150x150.png\" width=\"72\" height=\"72\" \/><\/a><\/p>\n<p>&nbsp;<\/p>\n<p>&nbsp;<\/p>\n<p>&nbsp;<\/p>\n<p>&nbsp;<\/p>\n<ul>\n<li><a title=\"5 x 2 m\" href=\"https:\/\/www.kick-point.com\/fr\/louer-la-cage-de-interactive-et-electronique-kick-point\/variantes-de-kick-point\/5-x-2-m\/\"><span style=\"color: #000000;\">Grande cage de but 5&#215;2 m<\/span><\/a><\/li>\n<li><a title=\"3 x 2 m\" href=\"https:\/\/www.kick-point.com\/fr\/louer-la-cage-de-interactive-et-electronique-kick-point\/variantes-de-kick-point\/8434-2\/\"><span style=\"color: #000000;\">Grande cage de but 3&#215;2 m<\/span><\/a><\/li>\n<li><a title=\"1,8 x 1,2 m\" href=\"https:\/\/www.kick-point.com\/fr\/louer-la-cage-de-interactive-et-electronique-kick-point\/variantes-de-kick-point\/18-x-12-m\/\"><span style=\"color: #000000;\">Grande cage de but 1,8&#215;1,2 m<\/span><\/a><\/li>\n<li><a title=\"1,2 x 0,8 m\" href=\"https:\/\/www.kick-point.com\/fr\/louer-la-cage-de-interactive-et-electronique-kick-point\/variantes-de-kick-point\/12-x-08-m\/\"><span style=\"color: #000000;\">Grande cage de but 1,2&#215;0,8 m<\/span><\/a><\/li>\n<\/ul>\n","protected":false},"excerpt":{"rendered":"<p>Cage de but de 4&#215;2 m \u2013 tout comme un grand! Tout comme le mod\u00e8le 5&#215;2 m, notre cage de but de 4&#215;2 m est fr\u00e9quemment utilis\u00e9e pour des \u00e9v\u00e9nements en ext\u00e9rieur. Mais \u00e0 l&rsquo;inverse de son \u00ab\u00a0grand fr\u00e8re\u00a0\u00bb, elle a besoin de moins de place. Afin de pouvoir faciliter le travail pour les jeunes [&hellip;]<\/p>\n","protected":false},"author":12,"featured_media":0,"parent":3487,"menu_order":0,"comment_status":"closed","ping_status":"closed","template":"","meta":{"footnotes":""},"class_list":["post-8435","page","type-page","status-publish","hentry"],"yoast_head":"<!-- This site is optimized with the Yoast SEO plugin v22.8 - https:\/\/yoast.com\/wordpress\/plugins\/seo\/ -->\n<title>4 x 2 m<\/title>\n<meta name=\"robots\" content=\"index, follow, max-snippet:-1, max-image-preview:large, max-video-preview:-1\" \/>\n<link rel=\"canonical\" href=\"https:\/\/www.kick-point.com\/fr\/louer-la-cage-de-interactive-et-electronique-kick-point\/variantes-de-kick-point\/4-x-2-m\/\" \/>\n<meta property=\"og:locale\" content=\"fr_FR\" \/>\n<meta property=\"og:type\" content=\"article\" \/>\n<meta property=\"og:title\" content=\"4 x 2 m\" \/>\n<meta property=\"og:description\" content=\"Cage de but de 4&#215;2 m \u2013 tout comme un grand! Tout comme le mod\u00e8le 5&#215;2 m, notre cage de but de 4&#215;2 m est fr\u00e9quemment utilis\u00e9e pour des \u00e9v\u00e9nements en ext\u00e9rieur. Mais \u00e0 l&rsquo;inverse de son \u00ab\u00a0grand fr\u00e8re\u00a0\u00bb, elle a besoin de moins de place. Afin de pouvoir faciliter le travail pour les jeunes [&hellip;]\" \/>\n<meta property=\"og:url\" content=\"https:\/\/www.kick-point.com\/fr\/louer-la-cage-de-interactive-et-electronique-kick-point\/variantes-de-kick-point\/4-x-2-m\/\" \/>\n<meta property=\"og:site_name\" content=\"Kick-Point\" \/>\n<meta property=\"article:modified_time\" content=\"2016-10-14T08:36:10+00:00\" \/>\n<meta property=\"og:image\" content=\"https:\/\/www.kick-point.com\/wp-content\/uploads\/Autob\u00f6rse-2011-7.jpg\" \/>\n<meta name=\"twitter:label1\" content=\"Dur\u00e9e de lecture estim\u00e9e\" \/>\n\t<meta name=\"twitter:data1\" content=\"1 minute\" \/>\n<script type=\"application\/ld+json\" class=\"yoast-schema-graph\">{\"@context\":\"https:\/\/schema.org\",\"@graph\":[{\"@type\":\"WebPage\",\"@id\":\"https:\/\/www.kick-point.com\/fr\/louer-la-cage-de-interactive-et-electronique-kick-point\/variantes-de-kick-point\/4-x-2-m\/\",\"url\":\"https:\/\/www.kick-point.com\/fr\/louer-la-cage-de-interactive-et-electronique-kick-point\/variantes-de-kick-point\/4-x-2-m\/\",\"name\":\"4 x 2 m\",\"isPartOf\":{\"@id\":\"https:\/\/www.kick-point.com\/de\/#website\"},\"primaryImageOfPage\":{\"@id\":\"https:\/\/www.kick-point.com\/fr\/louer-la-cage-de-interactive-et-electronique-kick-point\/variantes-de-kick-point\/4-x-2-m\/#primaryimage\"},\"image\":{\"@id\":\"https:\/\/www.kick-point.com\/fr\/louer-la-cage-de-interactive-et-electronique-kick-point\/variantes-de-kick-point\/4-x-2-m\/#primaryimage\"},\"thumbnailUrl\":\"https:\/\/www.kick-point.com\/wp-content\/uploads\/4x2-150x150.png\",\"datePublished\":\"2014-03-18T13:27:07+00:00\",\"dateModified\":\"2016-10-14T08:36:10+00:00\",\"breadcrumb\":{\"@id\":\"https:\/\/www.kick-point.com\/fr\/louer-la-cage-de-interactive-et-electronique-kick-point\/variantes-de-kick-point\/4-x-2-m\/#breadcrumb\"},\"inLanguage\":\"fr-FR\",\"potentialAction\":[{\"@type\":\"ReadAction\",\"target\":[\"https:\/\/www.kick-point.com\/fr\/louer-la-cage-de-interactive-et-electronique-kick-point\/variantes-de-kick-point\/4-x-2-m\/\"]}]},{\"@type\":\"ImageObject\",\"inLanguage\":\"fr-FR\",\"@id\":\"https:\/\/www.kick-point.com\/fr\/louer-la-cage-de-interactive-et-electronique-kick-point\/variantes-de-kick-point\/4-x-2-m\/#primaryimage\",\"url\":\"https:\/\/www.kick-point.com\/wp-content\/uploads\/4x2-150x150.png\",\"contentUrl\":\"https:\/\/www.kick-point.com\/wp-content\/uploads\/4x2-150x150.png\"},{\"@type\":\"BreadcrumbList\",\"@id\":\"https:\/\/www.kick-point.com\/fr\/louer-la-cage-de-interactive-et-electronique-kick-point\/variantes-de-kick-point\/4-x-2-m\/#breadcrumb\",\"itemListElement\":[{\"@type\":\"ListItem\",\"position\":1,\"name\":\"Louer la cage de but interactive et \u00e9lectronique Kick-Point\",\"item\":\"https:\/\/www.kick-point.com\/fr\/louer-la-cage-de-interactive-et-electronique-kick-point\/\"},{\"@type\":\"ListItem\",\"position\":2,\"name\":\"Dimensions des buts\",\"item\":\"https:\/\/www.kick-point.com\/fr\/louer-la-cage-de-interactive-et-electronique-kick-point\/variantes-de-kick-point\/\"},{\"@type\":\"ListItem\",\"position\":3,\"name\":\"4 x 2 m\"}]},{\"@type\":\"WebSite\",\"@id\":\"https:\/\/www.kick-point.com\/de\/#website\",\"url\":\"https:\/\/www.kick-point.com\/de\/\",\"name\":\"Kick-Point\",\"description\":\"Events und Event-Module rund um das elektronische Fu\u00dfballtor\",\"potentialAction\":[{\"@type\":\"SearchAction\",\"target\":{\"@type\":\"EntryPoint\",\"urlTemplate\":\"https:\/\/www.kick-point.com\/de\/?s={search_term_string}\"},\"query-input\":\"required name=search_term_string\"}],\"inLanguage\":\"fr-FR\"}]}<\/script>\n<!-- \/ Yoast SEO plugin. -->","yoast_head_json":{"title":"4 x 2 m","robots":{"index":"index","follow":"follow","max-snippet":"max-snippet:-1","max-image-preview":"max-image-preview:large","max-video-preview":"max-video-preview:-1"},"canonical":"https:\/\/www.kick-point.com\/fr\/louer-la-cage-de-interactive-et-electronique-kick-point\/variantes-de-kick-point\/4-x-2-m\/","og_locale":"fr_FR","og_type":"article","og_title":"4 x 2 m","og_description":"Cage de but de 4&#215;2 m \u2013 tout comme un grand! Tout comme le mod\u00e8le 5&#215;2 m, notre cage de but de 4&#215;2 m est fr\u00e9quemment utilis\u00e9e pour des \u00e9v\u00e9nements en ext\u00e9rieur. Mais \u00e0 l&rsquo;inverse de son \u00ab\u00a0grand fr\u00e8re\u00a0\u00bb, elle a besoin de moins de place. Afin de pouvoir faciliter le travail pour les jeunes [&hellip;]","og_url":"https:\/\/www.kick-point.com\/fr\/louer-la-cage-de-interactive-et-electronique-kick-point\/variantes-de-kick-point\/4-x-2-m\/","og_site_name":"Kick-Point","article_modified_time":"2016-10-14T08:36:10+00:00","og_image":[{"url":"https:\/\/www.kick-point.com\/wp-content\/uploads\/Autob\u00f6rse-2011-7.jpg"}],"twitter_misc":{"Dur\u00e9e de lecture estim\u00e9e":"1 minute"},"schema":{"@context":"https:\/\/schema.org","@graph":[{"@type":"WebPage","@id":"https:\/\/www.kick-point.com\/fr\/louer-la-cage-de-interactive-et-electronique-kick-point\/variantes-de-kick-point\/4-x-2-m\/","url":"https:\/\/www.kick-point.com\/fr\/louer-la-cage-de-interactive-et-electronique-kick-point\/variantes-de-kick-point\/4-x-2-m\/","name":"4 x 2 m","isPartOf":{"@id":"https:\/\/www.kick-point.com\/de\/#website"},"primaryImageOfPage":{"@id":"https:\/\/www.kick-point.com\/fr\/louer-la-cage-de-interactive-et-electronique-kick-point\/variantes-de-kick-point\/4-x-2-m\/#primaryimage"},"image":{"@id":"https:\/\/www.kick-point.com\/fr\/louer-la-cage-de-interactive-et-electronique-kick-point\/variantes-de-kick-point\/4-x-2-m\/#primaryimage"},"thumbnailUrl":"https:\/\/www.kick-point.com\/wp-content\/uploads\/4x2-150x150.png","datePublished":"2014-03-18T13:27:07+00:00","dateModified":"2016-10-14T08:36:10+00:00","breadcrumb":{"@id":"https:\/\/www.kick-point.com\/fr\/louer-la-cage-de-interactive-et-electronique-kick-point\/variantes-de-kick-point\/4-x-2-m\/#breadcrumb"},"inLanguage":"fr-FR","potentialAction":[{"@type":"ReadAction","target":["https:\/\/www.kick-point.com\/fr\/louer-la-cage-de-interactive-et-electronique-kick-point\/variantes-de-kick-point\/4-x-2-m\/"]}]},{"@type":"ImageObject","inLanguage":"fr-FR","@id":"https:\/\/www.kick-point.com\/fr\/louer-la-cage-de-interactive-et-electronique-kick-point\/variantes-de-kick-point\/4-x-2-m\/#primaryimage","url":"https:\/\/www.kick-point.com\/wp-content\/uploads\/4x2-150x150.png","contentUrl":"https:\/\/www.kick-point.com\/wp-content\/uploads\/4x2-150x150.png"},{"@type":"BreadcrumbList","@id":"https:\/\/www.kick-point.com\/fr\/louer-la-cage-de-interactive-et-electronique-kick-point\/variantes-de-kick-point\/4-x-2-m\/#breadcrumb","itemListElement":[{"@type":"ListItem","position":1,"name":"Louer la cage de but interactive et \u00e9lectronique Kick-Point","item":"https:\/\/www.kick-point.com\/fr\/louer-la-cage-de-interactive-et-electronique-kick-point\/"},{"@type":"ListItem","position":2,"name":"Dimensions des buts","item":"https:\/\/www.kick-point.com\/fr\/louer-la-cage-de-interactive-et-electronique-kick-point\/variantes-de-kick-point\/"},{"@type":"ListItem","position":3,"name":"4 x 2 m"}]},{"@type":"WebSite","@id":"https:\/\/www.kick-point.com\/de\/#website","url":"https:\/\/www.kick-point.com\/de\/","name":"Kick-Point","description":"Events und Event-Module rund um das elektronische Fu\u00dfballtor","potentialAction":[{"@type":"SearchAction","target":{"@type":"EntryPoint","urlTemplate":"https:\/\/www.kick-point.com\/de\/?s={search_term_string}"},"query-input":"required name=search_term_string"}],"inLanguage":"fr-FR"}]}},"_links":{"self":[{"href":"https:\/\/www.kick-point.com\/fr\/wp-json\/wp\/v2\/pages\/8435","targetHints":{"allow":["GET"]}}],"collection":[{"href":"https:\/\/www.kick-point.com\/fr\/wp-json\/wp\/v2\/pages"}],"about":[{"href":"https:\/\/www.kick-point.com\/fr\/wp-json\/wp\/v2\/types\/page"}],"author":[{"embeddable":true,"href":"https:\/\/www.kick-point.com\/fr\/wp-json\/wp\/v2\/users\/12"}],"replies":[{"embeddable":true,"href":"https:\/\/www.kick-point.com\/fr\/wp-json\/wp\/v2\/comments?post=8435"}],"version-history":[{"count":2,"href":"https:\/\/www.kick-point.com\/fr\/wp-json\/wp\/v2\/pages\/8435\/revisions"}],"predecessor-version":[{"id":67057,"href":"https:\/\/www.kick-point.com\/fr\/wp-json\/wp\/v2\/pages\/8435\/revisions\/67057"}],"up":[{"embeddable":true,"href":"https:\/\/www.kick-point.com\/fr\/wp-json\/wp\/v2\/pages\/3487"}],"wp:attachment":[{"href":"https:\/\/www.kick-point.com\/fr\/wp-json\/wp\/v2\/media?parent=8435"}],"curies":[{"name":"wp","href":"https:\/\/api.w.org\/{rel}","templated":true}]}}