{"id":8416,"date":"2014-03-18T14:05:25","date_gmt":"2014-03-18T13:05:25","guid":{"rendered":"http:\/\/dev.kick-point.fr\/?page_id=8416"},"modified":"2014-03-18T15:41:16","modified_gmt":"2014-03-18T14:41:16","slug":"association-evenement-et-facebook","status":"publish","type":"page","link":"https:\/\/www.kick-point.com\/fr\/louer-la-cage-de-interactive-et-electronique-kick-point\/mise-en-ligne\/association-evenement-et-facebook\/","title":{"rendered":"Association \u00e9v\u00e9nement et facebook"},"content":{"rendered":"<p><a href=\"https:\/\/www.kick-point.com\/wp-content\/uploads\/punkteschiessen-online.jpg\"><img loading=\"lazy\" decoding=\"async\" class=\"alignright size-full wp-image-4949\" alt=\"punkteschiessen-online\" src=\"https:\/\/www.kick-point.com\/wp-content\/uploads\/punkteschiessen-online.jpg\" width=\"253\" height=\"450\" \/><\/a><a href=\"https:\/\/www.kick-point.com\/wp-content\/uploads\/Screenshot_2013-11-20-10-38-42.jpg\"><img loading=\"lazy\" decoding=\"async\" class=\"alignright size-full wp-image-5526\" alt=\"Screenshot_2013-11-20-10-38-42\" src=\"https:\/\/www.kick-point.com\/wp-content\/uploads\/Screenshot_2013-11-20-10-38-42.jpg\" width=\"253\" height=\"450\" \/><\/a>Associez les r\u00e9seaux de donn\u00e9es mobiles (t\u00e9l\u00e9phones portables) et l&rsquo;\u00e9v\u00e9nement. Le logiciel Kick-Point vous permet de transf\u00e9rer les donn\u00e9es du jeu et du joueur et de cr\u00e9er ainsi l&rsquo;interaction avec la propre communaut\u00e9 en temps r\u00e9el m\u00eame pendant l&rsquo;\u00e9v\u00e9nement!<\/p>\n<p>De cette mani\u00e8re, les joueurs peuvent d&rsquo;un part consulter directement leur classement et le partager sur facebook et Co.<\/p>\n","protected":false},"excerpt":{"rendered":"<p>Associez les r\u00e9seaux de donn\u00e9es mobiles (t\u00e9l\u00e9phones portables) et l&rsquo;\u00e9v\u00e9nement. Le logiciel Kick-Point vous permet de transf\u00e9rer les donn\u00e9es du jeu et du joueur et de cr\u00e9er ainsi l&rsquo;interaction avec la propre communaut\u00e9 en temps r\u00e9el m\u00eame pendant l&rsquo;\u00e9v\u00e9nement! De cette mani\u00e8re, les joueurs peuvent d&rsquo;un part consulter directement leur classement et le partager sur [&hellip;]<\/p>\n","protected":false},"author":12,"featured_media":0,"parent":8412,"menu_order":0,"comment_status":"closed","ping_status":"closed","template":"","meta":{"footnotes":""},"class_list":["post-8416","page","type-page","status-publish","hentry"],"yoast_head":"<!-- This site is optimized with the Yoast SEO plugin v22.8 - https:\/\/yoast.com\/wordpress\/plugins\/seo\/ -->\n<title>Association \u00e9v\u00e9nement et facebook<\/title>\n<meta name=\"robots\" content=\"index, follow, max-snippet:-1, max-image-preview:large, max-video-preview:-1\" \/>\n<link rel=\"canonical\" href=\"https:\/\/www.kick-point.com\/fr\/louer-la-cage-de-interactive-et-electronique-kick-point\/mise-en-ligne\/association-evenement-et-facebook\/\" \/>\n<meta property=\"og:locale\" content=\"fr_FR\" \/>\n<meta property=\"og:type\" content=\"article\" \/>\n<meta property=\"og:title\" content=\"Association \u00e9v\u00e9nement et facebook\" \/>\n<meta property=\"og:description\" content=\"Associez les r\u00e9seaux de donn\u00e9es mobiles (t\u00e9l\u00e9phones portables) et l&rsquo;\u00e9v\u00e9nement. Le logiciel Kick-Point vous permet de transf\u00e9rer les donn\u00e9es du jeu et du joueur et de cr\u00e9er ainsi l&rsquo;interaction avec la propre communaut\u00e9 en temps r\u00e9el m\u00eame pendant l&rsquo;\u00e9v\u00e9nement! De cette mani\u00e8re, les joueurs peuvent d&rsquo;un part consulter directement leur classement et le partager sur [&hellip;]\" \/>\n<meta property=\"og:url\" content=\"https:\/\/www.kick-point.com\/fr\/louer-la-cage-de-interactive-et-electronique-kick-point\/mise-en-ligne\/association-evenement-et-facebook\/\" \/>\n<meta property=\"og:site_name\" content=\"Kick-Point\" \/>\n<meta property=\"article:modified_time\" content=\"2014-03-18T14:41:16+00:00\" \/>\n<meta property=\"og:image\" content=\"https:\/\/www.kick-point.com\/wp-content\/uploads\/punkteschiessen-online.jpg\" \/>\n<script type=\"application\/ld+json\" class=\"yoast-schema-graph\">{\"@context\":\"https:\/\/schema.org\",\"@graph\":[{\"@type\":\"WebPage\",\"@id\":\"https:\/\/www.kick-point.com\/fr\/louer-la-cage-de-interactive-et-electronique-kick-point\/mise-en-ligne\/association-evenement-et-facebook\/\",\"url\":\"https:\/\/www.kick-point.com\/fr\/louer-la-cage-de-interactive-et-electronique-kick-point\/mise-en-ligne\/association-evenement-et-facebook\/\",\"name\":\"Association \u00e9v\u00e9nement et facebook\",\"isPartOf\":{\"@id\":\"https:\/\/www.kick-point.com\/de\/#website\"},\"primaryImageOfPage\":{\"@id\":\"https:\/\/www.kick-point.com\/fr\/louer-la-cage-de-interactive-et-electronique-kick-point\/mise-en-ligne\/association-evenement-et-facebook\/#primaryimage\"},\"image\":{\"@id\":\"https:\/\/www.kick-point.com\/fr\/louer-la-cage-de-interactive-et-electronique-kick-point\/mise-en-ligne\/association-evenement-et-facebook\/#primaryimage\"},\"thumbnailUrl\":\"https:\/\/www.kick-point.com\/wp-content\/uploads\/punkteschiessen-online.jpg\",\"datePublished\":\"2014-03-18T13:05:25+00:00\",\"dateModified\":\"2014-03-18T14:41:16+00:00\",\"breadcrumb\":{\"@id\":\"https:\/\/www.kick-point.com\/fr\/louer-la-cage-de-interactive-et-electronique-kick-point\/mise-en-ligne\/association-evenement-et-facebook\/#breadcrumb\"},\"inLanguage\":\"fr-FR\",\"potentialAction\":[{\"@type\":\"ReadAction\",\"target\":[\"https:\/\/www.kick-point.com\/fr\/louer-la-cage-de-interactive-et-electronique-kick-point\/mise-en-ligne\/association-evenement-et-facebook\/\"]}]},{\"@type\":\"ImageObject\",\"inLanguage\":\"fr-FR\",\"@id\":\"https:\/\/www.kick-point.com\/fr\/louer-la-cage-de-interactive-et-electronique-kick-point\/mise-en-ligne\/association-evenement-et-facebook\/#primaryimage\",\"url\":\"https:\/\/www.kick-point.com\/wp-content\/uploads\/punkteschiessen-online.jpg\",\"contentUrl\":\"https:\/\/www.kick-point.com\/wp-content\/uploads\/punkteschiessen-online.jpg\"},{\"@type\":\"BreadcrumbList\",\"@id\":\"https:\/\/www.kick-point.com\/fr\/louer-la-cage-de-interactive-et-electronique-kick-point\/mise-en-ligne\/association-evenement-et-facebook\/#breadcrumb\",\"itemListElement\":[{\"@type\":\"ListItem\",\"position\":1,\"name\":\"Louer la cage de but interactive et \u00e9lectronique Kick-Point\",\"item\":\"https:\/\/www.kick-point.com\/fr\/louer-la-cage-de-interactive-et-electronique-kick-point\/\"},{\"@type\":\"ListItem\",\"position\":2,\"name\":\"Mise en ligne\",\"item\":\"https:\/\/www.kick-point.com\/fr\/louer-la-cage-de-interactive-et-electronique-kick-point\/mise-en-ligne\/\"},{\"@type\":\"ListItem\",\"position\":3,\"name\":\"Association \u00e9v\u00e9nement et facebook\"}]},{\"@type\":\"WebSite\",\"@id\":\"https:\/\/www.kick-point.com\/de\/#website\",\"url\":\"https:\/\/www.kick-point.com\/de\/\",\"name\":\"Kick-Point\",\"description\":\"Events und Event-Module rund um das elektronische Fu\u00dfballtor\",\"potentialAction\":[{\"@type\":\"SearchAction\",\"target\":{\"@type\":\"EntryPoint\",\"urlTemplate\":\"https:\/\/www.kick-point.com\/de\/?s={search_term_string}\"},\"query-input\":\"required name=search_term_string\"}],\"inLanguage\":\"fr-FR\"}]}<\/script>\n<!-- \/ Yoast SEO plugin. -->","yoast_head_json":{"title":"Association \u00e9v\u00e9nement et facebook","robots":{"index":"index","follow":"follow","max-snippet":"max-snippet:-1","max-image-preview":"max-image-preview:large","max-video-preview":"max-video-preview:-1"},"canonical":"https:\/\/www.kick-point.com\/fr\/louer-la-cage-de-interactive-et-electronique-kick-point\/mise-en-ligne\/association-evenement-et-facebook\/","og_locale":"fr_FR","og_type":"article","og_title":"Association \u00e9v\u00e9nement et facebook","og_description":"Associez les r\u00e9seaux de donn\u00e9es mobiles (t\u00e9l\u00e9phones portables) et l&rsquo;\u00e9v\u00e9nement. Le logiciel Kick-Point vous permet de transf\u00e9rer les donn\u00e9es du jeu et du joueur et de cr\u00e9er ainsi l&rsquo;interaction avec la propre communaut\u00e9 en temps r\u00e9el m\u00eame pendant l&rsquo;\u00e9v\u00e9nement! De cette mani\u00e8re, les joueurs peuvent d&rsquo;un part consulter directement leur classement et le partager sur [&hellip;]","og_url":"https:\/\/www.kick-point.com\/fr\/louer-la-cage-de-interactive-et-electronique-kick-point\/mise-en-ligne\/association-evenement-et-facebook\/","og_site_name":"Kick-Point","article_modified_time":"2014-03-18T14:41:16+00:00","og_image":[{"url":"https:\/\/www.kick-point.com\/wp-content\/uploads\/punkteschiessen-online.jpg"}],"schema":{"@context":"https:\/\/schema.org","@graph":[{"@type":"WebPage","@id":"https:\/\/www.kick-point.com\/fr\/louer-la-cage-de-interactive-et-electronique-kick-point\/mise-en-ligne\/association-evenement-et-facebook\/","url":"https:\/\/www.kick-point.com\/fr\/louer-la-cage-de-interactive-et-electronique-kick-point\/mise-en-ligne\/association-evenement-et-facebook\/","name":"Association \u00e9v\u00e9nement et facebook","isPartOf":{"@id":"https:\/\/www.kick-point.com\/de\/#website"},"primaryImageOfPage":{"@id":"https:\/\/www.kick-point.com\/fr\/louer-la-cage-de-interactive-et-electronique-kick-point\/mise-en-ligne\/association-evenement-et-facebook\/#primaryimage"},"image":{"@id":"https:\/\/www.kick-point.com\/fr\/louer-la-cage-de-interactive-et-electronique-kick-point\/mise-en-ligne\/association-evenement-et-facebook\/#primaryimage"},"thumbnailUrl":"https:\/\/www.kick-point.com\/wp-content\/uploads\/punkteschiessen-online.jpg","datePublished":"2014-03-18T13:05:25+00:00","dateModified":"2014-03-18T14:41:16+00:00","breadcrumb":{"@id":"https:\/\/www.kick-point.com\/fr\/louer-la-cage-de-interactive-et-electronique-kick-point\/mise-en-ligne\/association-evenement-et-facebook\/#breadcrumb"},"inLanguage":"fr-FR","potentialAction":[{"@type":"ReadAction","target":["https:\/\/www.kick-point.com\/fr\/louer-la-cage-de-interactive-et-electronique-kick-point\/mise-en-ligne\/association-evenement-et-facebook\/"]}]},{"@type":"ImageObject","inLanguage":"fr-FR","@id":"https:\/\/www.kick-point.com\/fr\/louer-la-cage-de-interactive-et-electronique-kick-point\/mise-en-ligne\/association-evenement-et-facebook\/#primaryimage","url":"https:\/\/www.kick-point.com\/wp-content\/uploads\/punkteschiessen-online.jpg","contentUrl":"https:\/\/www.kick-point.com\/wp-content\/uploads\/punkteschiessen-online.jpg"},{"@type":"BreadcrumbList","@id":"https:\/\/www.kick-point.com\/fr\/louer-la-cage-de-interactive-et-electronique-kick-point\/mise-en-ligne\/association-evenement-et-facebook\/#breadcrumb","itemListElement":[{"@type":"ListItem","position":1,"name":"Louer la cage de but interactive et \u00e9lectronique Kick-Point","item":"https:\/\/www.kick-point.com\/fr\/louer-la-cage-de-interactive-et-electronique-kick-point\/"},{"@type":"ListItem","position":2,"name":"Mise en ligne","item":"https:\/\/www.kick-point.com\/fr\/louer-la-cage-de-interactive-et-electronique-kick-point\/mise-en-ligne\/"},{"@type":"ListItem","position":3,"name":"Association \u00e9v\u00e9nement et facebook"}]},{"@type":"WebSite","@id":"https:\/\/www.kick-point.com\/de\/#website","url":"https:\/\/www.kick-point.com\/de\/","name":"Kick-Point","description":"Events und Event-Module rund um das elektronische Fu\u00dfballtor","potentialAction":[{"@type":"SearchAction","target":{"@type":"EntryPoint","urlTemplate":"https:\/\/www.kick-point.com\/de\/?s={search_term_string}"},"query-input":"required name=search_term_string"}],"inLanguage":"fr-FR"}]}},"_links":{"self":[{"href":"https:\/\/www.kick-point.com\/fr\/wp-json\/wp\/v2\/pages\/8416","targetHints":{"allow":["GET"]}}],"collection":[{"href":"https:\/\/www.kick-point.com\/fr\/wp-json\/wp\/v2\/pages"}],"about":[{"href":"https:\/\/www.kick-point.com\/fr\/wp-json\/wp\/v2\/types\/page"}],"author":[{"embeddable":true,"href":"https:\/\/www.kick-point.com\/fr\/wp-json\/wp\/v2\/users\/12"}],"replies":[{"embeddable":true,"href":"https:\/\/www.kick-point.com\/fr\/wp-json\/wp\/v2\/comments?post=8416"}],"version-history":[{"count":0,"href":"https:\/\/www.kick-point.com\/fr\/wp-json\/wp\/v2\/pages\/8416\/revisions"}],"up":[{"embeddable":true,"href":"https:\/\/www.kick-point.com\/fr\/wp-json\/wp\/v2\/pages\/8412"}],"wp:attachment":[{"href":"https:\/\/www.kick-point.com\/fr\/wp-json\/wp\/v2\/media?parent=8416"}],"curies":[{"name":"wp","href":"https:\/\/api.w.org\/{rel}","templated":true}]}}