{"id":8414,"date":"2014-03-18T14:03:31","date_gmt":"2014-03-18T13:03:31","guid":{"rendered":"http:\/\/dev.kick-point.fr\/?page_id=8414"},"modified":"2016-10-14T10:10:05","modified_gmt":"2016-10-14T08:10:05","slug":"association-evenement-et-internet","status":"publish","type":"page","link":"https:\/\/www.kick-point.com\/fr\/louer-la-cage-de-interactive-et-electronique-kick-point\/mise-en-ligne\/association-evenement-et-internet\/","title":{"rendered":"Association \u00e9v\u00e9nement et Internet"},"content":{"rendered":"<p><a href=\"https:\/\/www.kick-point.com\/wp-content\/uploads\/kick_point_011.jpg\"><img loading=\"lazy\" decoding=\"async\" class=\"alignright size-full wp-image-3580\" alt=\"kick_point_01\" src=\"https:\/\/www.kick-point.com\/wp-content\/uploads\/kick_point_011.jpg\" width=\"550\" height=\"411\" \/><\/a>Kick-Point est un jeu multim\u00e9dia \u2013 toutes les donn\u00e9es du jeu et du joueur peuvent \u00eatre trait\u00e9es ult\u00e9rieurement. Apr\u00e8s avoir particip\u00e9 \u00e0 Kick-Point, ce n&rsquo;est pas encore termin\u00e9 car les donn\u00e9es (scores, participants\u2026) peuvent \u00eatre mises \u00e0 disposition \u00e0 l&rsquo;issue du jeu ou en temps r\u00e9el sur Internet. A l&rsquo;issue de l&rsquo;\u00e9v\u00e9nement, le joueur y trouve un tableau avec tous les participants et voit ses scores compar\u00e9s \u00e0 ceux des autres joueurs.<\/p>\n<p>Les jeunes participants sont tr\u00e8s enthousiastes d&rsquo;utiliser Internet. La page Internet peut \u00eatre compl\u00e8tement adapt\u00e9e au Look &amp; Feel d&rsquo;une marque. L&rsquo;utilisation de <a title=\"Association \u00e9v\u00e9nement et facebook\" href=\"https:\/\/www.kick-point.com\/fr\/louer-la-cage-de-interactive-et-electronique-kick-point\/mise-en-ligne\/association-evenement-et-facebook\/\">plateformes de r\u00e9seaux-sociaux<\/a> qui peuvent \u00eatre utilis\u00e9es \u00e0 l&rsquo;aide du plugin mobile du logiciel Kick-Point constitue un attrait particulier pour chaque organisateur.<\/p>\n","protected":false},"excerpt":{"rendered":"<p>Kick-Point est un jeu multim\u00e9dia \u2013 toutes les donn\u00e9es du jeu et du joueur peuvent \u00eatre trait\u00e9es ult\u00e9rieurement. Apr\u00e8s avoir particip\u00e9 \u00e0 Kick-Point, ce n&rsquo;est pas encore termin\u00e9 car les donn\u00e9es (scores, participants\u2026) peuvent \u00eatre mises \u00e0 disposition \u00e0 l&rsquo;issue du jeu ou en temps r\u00e9el sur Internet. A l&rsquo;issue de l&rsquo;\u00e9v\u00e9nement, le joueur y [&hellip;]<\/p>\n","protected":false},"author":12,"featured_media":0,"parent":8412,"menu_order":0,"comment_status":"closed","ping_status":"closed","template":"","meta":{"footnotes":""},"class_list":["post-8414","page","type-page","status-publish","hentry"],"yoast_head":"<!-- This site is optimized with the Yoast SEO plugin v22.8 - https:\/\/yoast.com\/wordpress\/plugins\/seo\/ -->\n<title>Association \u00e9v\u00e9nement et Internet<\/title>\n<meta name=\"robots\" content=\"index, follow, max-snippet:-1, max-image-preview:large, max-video-preview:-1\" \/>\n<link rel=\"canonical\" href=\"https:\/\/www.kick-point.com\/fr\/louer-la-cage-de-interactive-et-electronique-kick-point\/mise-en-ligne\/association-evenement-et-internet\/\" \/>\n<meta property=\"og:locale\" content=\"fr_FR\" \/>\n<meta property=\"og:type\" content=\"article\" \/>\n<meta property=\"og:title\" content=\"Association \u00e9v\u00e9nement et Internet\" \/>\n<meta property=\"og:description\" content=\"Kick-Point est un jeu multim\u00e9dia \u2013 toutes les donn\u00e9es du jeu et du joueur peuvent \u00eatre trait\u00e9es ult\u00e9rieurement. Apr\u00e8s avoir particip\u00e9 \u00e0 Kick-Point, ce n&rsquo;est pas encore termin\u00e9 car les donn\u00e9es (scores, participants\u2026) peuvent \u00eatre mises \u00e0 disposition \u00e0 l&rsquo;issue du jeu ou en temps r\u00e9el sur Internet. A l&rsquo;issue de l&rsquo;\u00e9v\u00e9nement, le joueur y [&hellip;]\" \/>\n<meta property=\"og:url\" content=\"https:\/\/www.kick-point.com\/fr\/louer-la-cage-de-interactive-et-electronique-kick-point\/mise-en-ligne\/association-evenement-et-internet\/\" \/>\n<meta property=\"og:site_name\" content=\"Kick-Point\" \/>\n<meta property=\"article:modified_time\" content=\"2016-10-14T08:10:05+00:00\" \/>\n<meta property=\"og:image\" content=\"https:\/\/www.kick-point.com\/wp-content\/uploads\/kick_point_011.jpg\" \/>\n<meta name=\"twitter:label1\" content=\"Dur\u00e9e de lecture estim\u00e9e\" \/>\n\t<meta name=\"twitter:data1\" content=\"1 minute\" \/>\n<script type=\"application\/ld+json\" class=\"yoast-schema-graph\">{\"@context\":\"https:\/\/schema.org\",\"@graph\":[{\"@type\":\"WebPage\",\"@id\":\"https:\/\/www.kick-point.com\/fr\/louer-la-cage-de-interactive-et-electronique-kick-point\/mise-en-ligne\/association-evenement-et-internet\/\",\"url\":\"https:\/\/www.kick-point.com\/fr\/louer-la-cage-de-interactive-et-electronique-kick-point\/mise-en-ligne\/association-evenement-et-internet\/\",\"name\":\"Association \u00e9v\u00e9nement et Internet\",\"isPartOf\":{\"@id\":\"https:\/\/www.kick-point.com\/de\/#website\"},\"primaryImageOfPage\":{\"@id\":\"https:\/\/www.kick-point.com\/fr\/louer-la-cage-de-interactive-et-electronique-kick-point\/mise-en-ligne\/association-evenement-et-internet\/#primaryimage\"},\"image\":{\"@id\":\"https:\/\/www.kick-point.com\/fr\/louer-la-cage-de-interactive-et-electronique-kick-point\/mise-en-ligne\/association-evenement-et-internet\/#primaryimage\"},\"thumbnailUrl\":\"https:\/\/www.kick-point.com\/wp-content\/uploads\/kick_point_011.jpg\",\"datePublished\":\"2014-03-18T13:03:31+00:00\",\"dateModified\":\"2016-10-14T08:10:05+00:00\",\"breadcrumb\":{\"@id\":\"https:\/\/www.kick-point.com\/fr\/louer-la-cage-de-interactive-et-electronique-kick-point\/mise-en-ligne\/association-evenement-et-internet\/#breadcrumb\"},\"inLanguage\":\"fr-FR\",\"potentialAction\":[{\"@type\":\"ReadAction\",\"target\":[\"https:\/\/www.kick-point.com\/fr\/louer-la-cage-de-interactive-et-electronique-kick-point\/mise-en-ligne\/association-evenement-et-internet\/\"]}]},{\"@type\":\"ImageObject\",\"inLanguage\":\"fr-FR\",\"@id\":\"https:\/\/www.kick-point.com\/fr\/louer-la-cage-de-interactive-et-electronique-kick-point\/mise-en-ligne\/association-evenement-et-internet\/#primaryimage\",\"url\":\"https:\/\/www.kick-point.com\/wp-content\/uploads\/kick_point_011.jpg\",\"contentUrl\":\"https:\/\/www.kick-point.com\/wp-content\/uploads\/kick_point_011.jpg\"},{\"@type\":\"BreadcrumbList\",\"@id\":\"https:\/\/www.kick-point.com\/fr\/louer-la-cage-de-interactive-et-electronique-kick-point\/mise-en-ligne\/association-evenement-et-internet\/#breadcrumb\",\"itemListElement\":[{\"@type\":\"ListItem\",\"position\":1,\"name\":\"Louer la cage de but interactive et \u00e9lectronique Kick-Point\",\"item\":\"https:\/\/www.kick-point.com\/fr\/louer-la-cage-de-interactive-et-electronique-kick-point\/\"},{\"@type\":\"ListItem\",\"position\":2,\"name\":\"Mise en ligne\",\"item\":\"https:\/\/www.kick-point.com\/fr\/louer-la-cage-de-interactive-et-electronique-kick-point\/mise-en-ligne\/\"},{\"@type\":\"ListItem\",\"position\":3,\"name\":\"Association \u00e9v\u00e9nement et Internet\"}]},{\"@type\":\"WebSite\",\"@id\":\"https:\/\/www.kick-point.com\/de\/#website\",\"url\":\"https:\/\/www.kick-point.com\/de\/\",\"name\":\"Kick-Point\",\"description\":\"Events und Event-Module rund um das elektronische Fu\u00dfballtor\",\"potentialAction\":[{\"@type\":\"SearchAction\",\"target\":{\"@type\":\"EntryPoint\",\"urlTemplate\":\"https:\/\/www.kick-point.com\/de\/?s={search_term_string}\"},\"query-input\":\"required name=search_term_string\"}],\"inLanguage\":\"fr-FR\"}]}<\/script>\n<!-- \/ Yoast SEO plugin. -->","yoast_head_json":{"title":"Association \u00e9v\u00e9nement et Internet","robots":{"index":"index","follow":"follow","max-snippet":"max-snippet:-1","max-image-preview":"max-image-preview:large","max-video-preview":"max-video-preview:-1"},"canonical":"https:\/\/www.kick-point.com\/fr\/louer-la-cage-de-interactive-et-electronique-kick-point\/mise-en-ligne\/association-evenement-et-internet\/","og_locale":"fr_FR","og_type":"article","og_title":"Association \u00e9v\u00e9nement et Internet","og_description":"Kick-Point est un jeu multim\u00e9dia \u2013 toutes les donn\u00e9es du jeu et du joueur peuvent \u00eatre trait\u00e9es ult\u00e9rieurement. Apr\u00e8s avoir particip\u00e9 \u00e0 Kick-Point, ce n&rsquo;est pas encore termin\u00e9 car les donn\u00e9es (scores, participants\u2026) peuvent \u00eatre mises \u00e0 disposition \u00e0 l&rsquo;issue du jeu ou en temps r\u00e9el sur Internet. A l&rsquo;issue de l&rsquo;\u00e9v\u00e9nement, le joueur y [&hellip;]","og_url":"https:\/\/www.kick-point.com\/fr\/louer-la-cage-de-interactive-et-electronique-kick-point\/mise-en-ligne\/association-evenement-et-internet\/","og_site_name":"Kick-Point","article_modified_time":"2016-10-14T08:10:05+00:00","og_image":[{"url":"https:\/\/www.kick-point.com\/wp-content\/uploads\/kick_point_011.jpg"}],"twitter_misc":{"Dur\u00e9e de lecture estim\u00e9e":"1 minute"},"schema":{"@context":"https:\/\/schema.org","@graph":[{"@type":"WebPage","@id":"https:\/\/www.kick-point.com\/fr\/louer-la-cage-de-interactive-et-electronique-kick-point\/mise-en-ligne\/association-evenement-et-internet\/","url":"https:\/\/www.kick-point.com\/fr\/louer-la-cage-de-interactive-et-electronique-kick-point\/mise-en-ligne\/association-evenement-et-internet\/","name":"Association \u00e9v\u00e9nement et Internet","isPartOf":{"@id":"https:\/\/www.kick-point.com\/de\/#website"},"primaryImageOfPage":{"@id":"https:\/\/www.kick-point.com\/fr\/louer-la-cage-de-interactive-et-electronique-kick-point\/mise-en-ligne\/association-evenement-et-internet\/#primaryimage"},"image":{"@id":"https:\/\/www.kick-point.com\/fr\/louer-la-cage-de-interactive-et-electronique-kick-point\/mise-en-ligne\/association-evenement-et-internet\/#primaryimage"},"thumbnailUrl":"https:\/\/www.kick-point.com\/wp-content\/uploads\/kick_point_011.jpg","datePublished":"2014-03-18T13:03:31+00:00","dateModified":"2016-10-14T08:10:05+00:00","breadcrumb":{"@id":"https:\/\/www.kick-point.com\/fr\/louer-la-cage-de-interactive-et-electronique-kick-point\/mise-en-ligne\/association-evenement-et-internet\/#breadcrumb"},"inLanguage":"fr-FR","potentialAction":[{"@type":"ReadAction","target":["https:\/\/www.kick-point.com\/fr\/louer-la-cage-de-interactive-et-electronique-kick-point\/mise-en-ligne\/association-evenement-et-internet\/"]}]},{"@type":"ImageObject","inLanguage":"fr-FR","@id":"https:\/\/www.kick-point.com\/fr\/louer-la-cage-de-interactive-et-electronique-kick-point\/mise-en-ligne\/association-evenement-et-internet\/#primaryimage","url":"https:\/\/www.kick-point.com\/wp-content\/uploads\/kick_point_011.jpg","contentUrl":"https:\/\/www.kick-point.com\/wp-content\/uploads\/kick_point_011.jpg"},{"@type":"BreadcrumbList","@id":"https:\/\/www.kick-point.com\/fr\/louer-la-cage-de-interactive-et-electronique-kick-point\/mise-en-ligne\/association-evenement-et-internet\/#breadcrumb","itemListElement":[{"@type":"ListItem","position":1,"name":"Louer la cage de but interactive et \u00e9lectronique Kick-Point","item":"https:\/\/www.kick-point.com\/fr\/louer-la-cage-de-interactive-et-electronique-kick-point\/"},{"@type":"ListItem","position":2,"name":"Mise en ligne","item":"https:\/\/www.kick-point.com\/fr\/louer-la-cage-de-interactive-et-electronique-kick-point\/mise-en-ligne\/"},{"@type":"ListItem","position":3,"name":"Association \u00e9v\u00e9nement et Internet"}]},{"@type":"WebSite","@id":"https:\/\/www.kick-point.com\/de\/#website","url":"https:\/\/www.kick-point.com\/de\/","name":"Kick-Point","description":"Events und Event-Module rund um das elektronische Fu\u00dfballtor","potentialAction":[{"@type":"SearchAction","target":{"@type":"EntryPoint","urlTemplate":"https:\/\/www.kick-point.com\/de\/?s={search_term_string}"},"query-input":"required name=search_term_string"}],"inLanguage":"fr-FR"}]}},"_links":{"self":[{"href":"https:\/\/www.kick-point.com\/fr\/wp-json\/wp\/v2\/pages\/8414","targetHints":{"allow":["GET"]}}],"collection":[{"href":"https:\/\/www.kick-point.com\/fr\/wp-json\/wp\/v2\/pages"}],"about":[{"href":"https:\/\/www.kick-point.com\/fr\/wp-json\/wp\/v2\/types\/page"}],"author":[{"embeddable":true,"href":"https:\/\/www.kick-point.com\/fr\/wp-json\/wp\/v2\/users\/12"}],"replies":[{"embeddable":true,"href":"https:\/\/www.kick-point.com\/fr\/wp-json\/wp\/v2\/comments?post=8414"}],"version-history":[{"count":1,"href":"https:\/\/www.kick-point.com\/fr\/wp-json\/wp\/v2\/pages\/8414\/revisions"}],"predecessor-version":[{"id":67046,"href":"https:\/\/www.kick-point.com\/fr\/wp-json\/wp\/v2\/pages\/8414\/revisions\/67046"}],"up":[{"embeddable":true,"href":"https:\/\/www.kick-point.com\/fr\/wp-json\/wp\/v2\/pages\/8412"}],"wp:attachment":[{"href":"https:\/\/www.kick-point.com\/fr\/wp-json\/wp\/v2\/media?parent=8414"}],"curies":[{"name":"wp","href":"https:\/\/api.w.org\/{rel}","templated":true}]}}