{"id":8412,"date":"2014-03-18T13:58:00","date_gmt":"2014-03-18T12:58:00","guid":{"rendered":"http:\/\/dev.kick-point.fr\/?page_id=8412"},"modified":"2014-03-18T15:42:00","modified_gmt":"2014-03-18T14:42:00","slug":"mise-en-ligne","status":"publish","type":"page","link":"https:\/\/www.kick-point.com\/fr\/louer-la-cage-de-interactive-et-electronique-kick-point\/mise-en-ligne\/","title":{"rendered":"Mise en ligne"},"content":{"rendered":"<h2 style=\"text-align: center;\">Nous mettons en ligne les \u00e9v\u00e9nements<\/h2>\n<p><a href=\"https:\/\/www.kick-point.com\/wp-content\/uploads\/online-event-marketing.jpg\"><img loading=\"lazy\" decoding=\"async\" class=\"alignright size-full wp-image-7531\" alt=\"online-event-marketing\" src=\"https:\/\/www.kick-point.com\/wp-content\/uploads\/online-event-marketing.jpg\" width=\"600\" height=\"541\" \/><\/a>De nombreux experts en Marketing se posent souvent cette question: Comment puis-je associer communication \u00e9v\u00e9nementielle et communication en ligne, puisque de nos jours toute la communication en ligne passe par Internet, Google, Facebook, twitter, etc. et occupe une place tr\u00e8s importante dans le portfolio de la communication pour l&rsquo;entreprise.<\/p>\n<p>On se pose la question de savoir par quels messages et par quels canaux il faut passer pour mettre en ligne l&rsquo;\u00e9v\u00e9nement, les r\u00e9sultats, les impressions, ou le r\u00e9sum\u00e9 en mots et en images, qui peut \u00eatre effectu\u00e9 par nous-m\u00eames ou par les visiteurs ou les invit\u00e9s.<\/p>\n<p>La cage de but \u00e9lectronique Kick-Point propose des utilisations et des solutions adapt\u00e9es.<\/p>\n","protected":false},"excerpt":{"rendered":"<p>Nous mettons en ligne les \u00e9v\u00e9nements De nombreux experts en Marketing se posent souvent cette question: Comment puis-je associer communication \u00e9v\u00e9nementielle et communication en ligne, puisque de nos jours toute la communication en ligne passe par Internet, Google, Facebook, twitter, etc. et occupe une place tr\u00e8s importante dans le portfolio de la communication pour l&rsquo;entreprise. [&hellip;]<\/p>\n","protected":false},"author":12,"featured_media":0,"parent":8378,"menu_order":0,"comment_status":"closed","ping_status":"closed","template":"","meta":{"footnotes":""},"class_list":["post-8412","page","type-page","status-publish","hentry"],"yoast_head":"<!-- This site is optimized with the Yoast SEO plugin v22.8 - https:\/\/yoast.com\/wordpress\/plugins\/seo\/ -->\n<title>Mise en ligne<\/title>\n<meta name=\"robots\" content=\"index, follow, max-snippet:-1, max-image-preview:large, max-video-preview:-1\" \/>\n<link rel=\"canonical\" href=\"https:\/\/www.kick-point.com\/fr\/louer-la-cage-de-interactive-et-electronique-kick-point\/mise-en-ligne\/\" \/>\n<meta property=\"og:locale\" content=\"fr_FR\" \/>\n<meta property=\"og:type\" content=\"article\" \/>\n<meta property=\"og:title\" content=\"Mise en ligne\" \/>\n<meta property=\"og:description\" content=\"Nous mettons en ligne les \u00e9v\u00e9nements De nombreux experts en Marketing se posent souvent cette question: Comment puis-je associer communication \u00e9v\u00e9nementielle et communication en ligne, puisque de nos jours toute la communication en ligne passe par Internet, Google, Facebook, twitter, etc. et occupe une place tr\u00e8s importante dans le portfolio de la communication pour l&rsquo;entreprise. [&hellip;]\" \/>\n<meta property=\"og:url\" content=\"https:\/\/www.kick-point.com\/fr\/louer-la-cage-de-interactive-et-electronique-kick-point\/mise-en-ligne\/\" \/>\n<meta property=\"og:site_name\" content=\"Kick-Point\" \/>\n<meta property=\"article:modified_time\" content=\"2014-03-18T14:42:00+00:00\" \/>\n<meta property=\"og:image\" content=\"https:\/\/www.kick-point.com\/wp-content\/uploads\/online-event-marketing.jpg\" \/>\n<meta name=\"twitter:label1\" content=\"Dur\u00e9e de lecture estim\u00e9e\" \/>\n\t<meta name=\"twitter:data1\" content=\"1 minute\" \/>\n<script type=\"application\/ld+json\" class=\"yoast-schema-graph\">{\"@context\":\"https:\/\/schema.org\",\"@graph\":[{\"@type\":\"WebPage\",\"@id\":\"https:\/\/www.kick-point.com\/fr\/louer-la-cage-de-interactive-et-electronique-kick-point\/mise-en-ligne\/\",\"url\":\"https:\/\/www.kick-point.com\/fr\/louer-la-cage-de-interactive-et-electronique-kick-point\/mise-en-ligne\/\",\"name\":\"Mise en ligne\",\"isPartOf\":{\"@id\":\"https:\/\/www.kick-point.com\/de\/#website\"},\"primaryImageOfPage\":{\"@id\":\"https:\/\/www.kick-point.com\/fr\/louer-la-cage-de-interactive-et-electronique-kick-point\/mise-en-ligne\/#primaryimage\"},\"image\":{\"@id\":\"https:\/\/www.kick-point.com\/fr\/louer-la-cage-de-interactive-et-electronique-kick-point\/mise-en-ligne\/#primaryimage\"},\"thumbnailUrl\":\"https:\/\/www.kick-point.com\/wp-content\/uploads\/online-event-marketing.jpg\",\"datePublished\":\"2014-03-18T12:58:00+00:00\",\"dateModified\":\"2014-03-18T14:42:00+00:00\",\"breadcrumb\":{\"@id\":\"https:\/\/www.kick-point.com\/fr\/louer-la-cage-de-interactive-et-electronique-kick-point\/mise-en-ligne\/#breadcrumb\"},\"inLanguage\":\"fr-FR\",\"potentialAction\":[{\"@type\":\"ReadAction\",\"target\":[\"https:\/\/www.kick-point.com\/fr\/louer-la-cage-de-interactive-et-electronique-kick-point\/mise-en-ligne\/\"]}]},{\"@type\":\"ImageObject\",\"inLanguage\":\"fr-FR\",\"@id\":\"https:\/\/www.kick-point.com\/fr\/louer-la-cage-de-interactive-et-electronique-kick-point\/mise-en-ligne\/#primaryimage\",\"url\":\"https:\/\/www.kick-point.com\/wp-content\/uploads\/online-event-marketing.jpg\",\"contentUrl\":\"https:\/\/www.kick-point.com\/wp-content\/uploads\/online-event-marketing.jpg\"},{\"@type\":\"BreadcrumbList\",\"@id\":\"https:\/\/www.kick-point.com\/fr\/louer-la-cage-de-interactive-et-electronique-kick-point\/mise-en-ligne\/#breadcrumb\",\"itemListElement\":[{\"@type\":\"ListItem\",\"position\":1,\"name\":\"Louer la cage de but interactive et \u00e9lectronique Kick-Point\",\"item\":\"https:\/\/www.kick-point.com\/fr\/louer-la-cage-de-interactive-et-electronique-kick-point\/\"},{\"@type\":\"ListItem\",\"position\":2,\"name\":\"Mise en ligne\"}]},{\"@type\":\"WebSite\",\"@id\":\"https:\/\/www.kick-point.com\/de\/#website\",\"url\":\"https:\/\/www.kick-point.com\/de\/\",\"name\":\"Kick-Point\",\"description\":\"Events und Event-Module rund um das elektronische Fu\u00dfballtor\",\"potentialAction\":[{\"@type\":\"SearchAction\",\"target\":{\"@type\":\"EntryPoint\",\"urlTemplate\":\"https:\/\/www.kick-point.com\/de\/?s={search_term_string}\"},\"query-input\":\"required name=search_term_string\"}],\"inLanguage\":\"fr-FR\"}]}<\/script>\n<!-- \/ Yoast SEO plugin. -->","yoast_head_json":{"title":"Mise en ligne","robots":{"index":"index","follow":"follow","max-snippet":"max-snippet:-1","max-image-preview":"max-image-preview:large","max-video-preview":"max-video-preview:-1"},"canonical":"https:\/\/www.kick-point.com\/fr\/louer-la-cage-de-interactive-et-electronique-kick-point\/mise-en-ligne\/","og_locale":"fr_FR","og_type":"article","og_title":"Mise en ligne","og_description":"Nous mettons en ligne les \u00e9v\u00e9nements De nombreux experts en Marketing se posent souvent cette question: Comment puis-je associer communication \u00e9v\u00e9nementielle et communication en ligne, puisque de nos jours toute la communication en ligne passe par Internet, Google, Facebook, twitter, etc. et occupe une place tr\u00e8s importante dans le portfolio de la communication pour l&rsquo;entreprise. [&hellip;]","og_url":"https:\/\/www.kick-point.com\/fr\/louer-la-cage-de-interactive-et-electronique-kick-point\/mise-en-ligne\/","og_site_name":"Kick-Point","article_modified_time":"2014-03-18T14:42:00+00:00","og_image":[{"url":"https:\/\/www.kick-point.com\/wp-content\/uploads\/online-event-marketing.jpg"}],"twitter_misc":{"Dur\u00e9e de lecture estim\u00e9e":"1 minute"},"schema":{"@context":"https:\/\/schema.org","@graph":[{"@type":"WebPage","@id":"https:\/\/www.kick-point.com\/fr\/louer-la-cage-de-interactive-et-electronique-kick-point\/mise-en-ligne\/","url":"https:\/\/www.kick-point.com\/fr\/louer-la-cage-de-interactive-et-electronique-kick-point\/mise-en-ligne\/","name":"Mise en ligne","isPartOf":{"@id":"https:\/\/www.kick-point.com\/de\/#website"},"primaryImageOfPage":{"@id":"https:\/\/www.kick-point.com\/fr\/louer-la-cage-de-interactive-et-electronique-kick-point\/mise-en-ligne\/#primaryimage"},"image":{"@id":"https:\/\/www.kick-point.com\/fr\/louer-la-cage-de-interactive-et-electronique-kick-point\/mise-en-ligne\/#primaryimage"},"thumbnailUrl":"https:\/\/www.kick-point.com\/wp-content\/uploads\/online-event-marketing.jpg","datePublished":"2014-03-18T12:58:00+00:00","dateModified":"2014-03-18T14:42:00+00:00","breadcrumb":{"@id":"https:\/\/www.kick-point.com\/fr\/louer-la-cage-de-interactive-et-electronique-kick-point\/mise-en-ligne\/#breadcrumb"},"inLanguage":"fr-FR","potentialAction":[{"@type":"ReadAction","target":["https:\/\/www.kick-point.com\/fr\/louer-la-cage-de-interactive-et-electronique-kick-point\/mise-en-ligne\/"]}]},{"@type":"ImageObject","inLanguage":"fr-FR","@id":"https:\/\/www.kick-point.com\/fr\/louer-la-cage-de-interactive-et-electronique-kick-point\/mise-en-ligne\/#primaryimage","url":"https:\/\/www.kick-point.com\/wp-content\/uploads\/online-event-marketing.jpg","contentUrl":"https:\/\/www.kick-point.com\/wp-content\/uploads\/online-event-marketing.jpg"},{"@type":"BreadcrumbList","@id":"https:\/\/www.kick-point.com\/fr\/louer-la-cage-de-interactive-et-electronique-kick-point\/mise-en-ligne\/#breadcrumb","itemListElement":[{"@type":"ListItem","position":1,"name":"Louer la cage de but interactive et \u00e9lectronique Kick-Point","item":"https:\/\/www.kick-point.com\/fr\/louer-la-cage-de-interactive-et-electronique-kick-point\/"},{"@type":"ListItem","position":2,"name":"Mise en ligne"}]},{"@type":"WebSite","@id":"https:\/\/www.kick-point.com\/de\/#website","url":"https:\/\/www.kick-point.com\/de\/","name":"Kick-Point","description":"Events und Event-Module rund um das elektronische Fu\u00dfballtor","potentialAction":[{"@type":"SearchAction","target":{"@type":"EntryPoint","urlTemplate":"https:\/\/www.kick-point.com\/de\/?s={search_term_string}"},"query-input":"required name=search_term_string"}],"inLanguage":"fr-FR"}]}},"_links":{"self":[{"href":"https:\/\/www.kick-point.com\/fr\/wp-json\/wp\/v2\/pages\/8412","targetHints":{"allow":["GET"]}}],"collection":[{"href":"https:\/\/www.kick-point.com\/fr\/wp-json\/wp\/v2\/pages"}],"about":[{"href":"https:\/\/www.kick-point.com\/fr\/wp-json\/wp\/v2\/types\/page"}],"author":[{"embeddable":true,"href":"https:\/\/www.kick-point.com\/fr\/wp-json\/wp\/v2\/users\/12"}],"replies":[{"embeddable":true,"href":"https:\/\/www.kick-point.com\/fr\/wp-json\/wp\/v2\/comments?post=8412"}],"version-history":[{"count":0,"href":"https:\/\/www.kick-point.com\/fr\/wp-json\/wp\/v2\/pages\/8412\/revisions"}],"up":[{"embeddable":true,"href":"https:\/\/www.kick-point.com\/fr\/wp-json\/wp\/v2\/pages\/8378"}],"wp:attachment":[{"href":"https:\/\/www.kick-point.com\/fr\/wp-json\/wp\/v2\/media?parent=8412"}],"curies":[{"name":"wp","href":"https:\/\/api.w.org\/{rel}","templated":true}]}}