{"id":8407,"date":"2014-03-18T13:45:33","date_gmt":"2014-03-18T12:45:33","guid":{"rendered":"http:\/\/dev.kick-point.fr\/?page_id=8407"},"modified":"2016-10-14T10:07:43","modified_gmt":"2016-10-14T08:07:43","slug":"publicite-sur-les-certificats","status":"publish","type":"page","link":"https:\/\/www.kick-point.com\/fr\/publicite-sur-les-certificats\/","title":{"rendered":"Publicit\u00e9 sur les certificats"},"content":{"rendered":"<p><a href=\"https:\/\/www.kick-point.com\/wp-content\/uploads\/sport-urkunde-eventmodul.jpg\"><img loading=\"lazy\" decoding=\"async\" class=\"alignright size-full wp-image-4946\" alt=\"sport-urkunde-eventmodul\" src=\"https:\/\/www.kick-point.com\/wp-content\/uploads\/sport-urkunde-eventmodul.jpg\" width=\"600\" height=\"400\" \/><\/a>Chaque joueur du Kick-Point re\u00e7oit automatiquement un certificat qui mentionne ses r\u00e9sultats en mati\u00e8re de pr\u00e9cision du tir et de vitesse du tir. Le certificat peut naturellement \u00eatre adapt\u00e9 et faire appara\u00eetre le logo du client. Associ\u00e9 \u00e0 un <a title=\"Association \u00e9v\u00e9nement et facebook\" href=\"https:\/\/www.kick-point.com\/fr\/louer-la-cage-de-interactive-et-electronique-kick-point\/mise-en-ligne\/association-evenement-et-facebook\/\">code QR<\/a> imprim\u00e9, il est \u00e9galement possible que le joueur puisse voir en ligne ses performances, par exemple par le biais d&rsquo;un classement que <a title=\"Association \u00e9v\u00e9nement et Internet\" href=\"https:\/\/www.kick-point.com\/fr\/louer-la-cage-de-interactive-et-electronique-kick-point\/mise-en-ligne\/association-evenement-et-internet\/\">vous pouvez int\u00e9grer directement dans votre site<\/a>.<\/p>\n<p>&nbsp;<\/p>\n<p><a href=\"https:\/\/www.kick-point.com\/wp-content\/uploads\/event-urkunde-gestalten.jpg\"><img loading=\"lazy\" decoding=\"async\" class=\"alignleft  wp-image-5518\" alt=\"event-urkunde-gestalten\" src=\"https:\/\/www.kick-point.com\/wp-content\/uploads\/event-urkunde-gestalten-150x150.jpg\" width=\"72\" height=\"72\" \/><\/a> <a href=\"https:\/\/www.kick-point.com\/wp-content\/uploads\/fussball-modul-urkunde.jpg\"><img loading=\"lazy\" decoding=\"async\" class=\"alignleft  wp-image-5519\" alt=\"fussball-modul-urkunde\" src=\"https:\/\/www.kick-point.com\/wp-content\/uploads\/fussball-modul-urkunde-150x150.jpg\" width=\"72\" height=\"72\" \/><\/a><a href=\"https:\/\/www.kick-point.com\/wp-content\/uploads\/torwandschiessen-mit-urkunde.jpg\"><img loading=\"lazy\" decoding=\"async\" class=\"alignleft size-thumbnail wp-image-7178\" alt=\"torwandschiessen-mit-urkunde\" src=\"https:\/\/www.kick-point.com\/wp-content\/uploads\/torwandschiessen-mit-urkunde-150x150.jpg\" width=\"72\" height=\"72\" \/><\/a><\/p>\n","protected":false},"excerpt":{"rendered":"<p>Chaque joueur du Kick-Point re\u00e7oit automatiquement un certificat qui mentionne ses r\u00e9sultats en mati\u00e8re de pr\u00e9cision du tir et de vitesse du tir. Le certificat peut naturellement \u00eatre adapt\u00e9 et faire appara\u00eetre le logo du client. Associ\u00e9 \u00e0 un code QR imprim\u00e9, il est \u00e9galement possible que le joueur puisse voir en ligne ses performances, [&hellip;]<\/p>\n","protected":false},"author":12,"featured_media":0,"parent":0,"menu_order":0,"comment_status":"closed","ping_status":"closed","template":"","meta":{"footnotes":""},"class_list":["post-8407","page","type-page","status-publish","hentry"],"yoast_head":"<!-- This site is optimized with the Yoast SEO plugin v22.8 - https:\/\/yoast.com\/wordpress\/plugins\/seo\/ -->\n<title>Publicit\u00e9 sur les certificats<\/title>\n<meta name=\"robots\" content=\"index, follow, max-snippet:-1, max-image-preview:large, max-video-preview:-1\" \/>\n<link rel=\"canonical\" href=\"https:\/\/www.kick-point.com\/fr\/publicite-sur-les-certificats\/\" \/>\n<meta property=\"og:locale\" content=\"fr_FR\" \/>\n<meta property=\"og:type\" content=\"article\" \/>\n<meta property=\"og:title\" content=\"Publicit\u00e9 sur les certificats\" \/>\n<meta property=\"og:description\" content=\"Chaque joueur du Kick-Point re\u00e7oit automatiquement un certificat qui mentionne ses r\u00e9sultats en mati\u00e8re de pr\u00e9cision du tir et de vitesse du tir. Le certificat peut naturellement \u00eatre adapt\u00e9 et faire appara\u00eetre le logo du client. Associ\u00e9 \u00e0 un code QR imprim\u00e9, il est \u00e9galement possible que le joueur puisse voir en ligne ses performances, [&hellip;]\" \/>\n<meta property=\"og:url\" content=\"https:\/\/www.kick-point.com\/fr\/publicite-sur-les-certificats\/\" \/>\n<meta property=\"og:site_name\" content=\"Kick-Point\" \/>\n<meta property=\"article:modified_time\" content=\"2016-10-14T08:07:43+00:00\" \/>\n<meta property=\"og:image\" content=\"https:\/\/www.kick-point.com\/wp-content\/uploads\/sport-urkunde-eventmodul.jpg\" \/>\n<script type=\"application\/ld+json\" class=\"yoast-schema-graph\">{\"@context\":\"https:\/\/schema.org\",\"@graph\":[{\"@type\":\"WebPage\",\"@id\":\"https:\/\/www.kick-point.com\/fr\/publicite-sur-les-certificats\/\",\"url\":\"https:\/\/www.kick-point.com\/fr\/publicite-sur-les-certificats\/\",\"name\":\"Publicit\u00e9 sur les certificats\",\"isPartOf\":{\"@id\":\"https:\/\/www.kick-point.com\/de\/#website\"},\"primaryImageOfPage\":{\"@id\":\"https:\/\/www.kick-point.com\/fr\/publicite-sur-les-certificats\/#primaryimage\"},\"image\":{\"@id\":\"https:\/\/www.kick-point.com\/fr\/publicite-sur-les-certificats\/#primaryimage\"},\"thumbnailUrl\":\"https:\/\/www.kick-point.com\/wp-content\/uploads\/sport-urkunde-eventmodul.jpg\",\"datePublished\":\"2014-03-18T12:45:33+00:00\",\"dateModified\":\"2016-10-14T08:07:43+00:00\",\"inLanguage\":\"fr-FR\",\"potentialAction\":[{\"@type\":\"ReadAction\",\"target\":[\"https:\/\/www.kick-point.com\/fr\/publicite-sur-les-certificats\/\"]}]},{\"@type\":\"ImageObject\",\"inLanguage\":\"fr-FR\",\"@id\":\"https:\/\/www.kick-point.com\/fr\/publicite-sur-les-certificats\/#primaryimage\",\"url\":\"https:\/\/www.kick-point.com\/wp-content\/uploads\/sport-urkunde-eventmodul.jpg\",\"contentUrl\":\"https:\/\/www.kick-point.com\/wp-content\/uploads\/sport-urkunde-eventmodul.jpg\"},{\"@type\":\"WebSite\",\"@id\":\"https:\/\/www.kick-point.com\/de\/#website\",\"url\":\"https:\/\/www.kick-point.com\/de\/\",\"name\":\"Kick-Point\",\"description\":\"Events und Event-Module rund um das elektronische Fu\u00dfballtor\",\"potentialAction\":[{\"@type\":\"SearchAction\",\"target\":{\"@type\":\"EntryPoint\",\"urlTemplate\":\"https:\/\/www.kick-point.com\/de\/?s={search_term_string}\"},\"query-input\":\"required name=search_term_string\"}],\"inLanguage\":\"fr-FR\"}]}<\/script>\n<!-- \/ Yoast SEO plugin. -->","yoast_head_json":{"title":"Publicit\u00e9 sur les certificats","robots":{"index":"index","follow":"follow","max-snippet":"max-snippet:-1","max-image-preview":"max-image-preview:large","max-video-preview":"max-video-preview:-1"},"canonical":"https:\/\/www.kick-point.com\/fr\/publicite-sur-les-certificats\/","og_locale":"fr_FR","og_type":"article","og_title":"Publicit\u00e9 sur les certificats","og_description":"Chaque joueur du Kick-Point re\u00e7oit automatiquement un certificat qui mentionne ses r\u00e9sultats en mati\u00e8re de pr\u00e9cision du tir et de vitesse du tir. Le certificat peut naturellement \u00eatre adapt\u00e9 et faire appara\u00eetre le logo du client. Associ\u00e9 \u00e0 un code QR imprim\u00e9, il est \u00e9galement possible que le joueur puisse voir en ligne ses performances, [&hellip;]","og_url":"https:\/\/www.kick-point.com\/fr\/publicite-sur-les-certificats\/","og_site_name":"Kick-Point","article_modified_time":"2016-10-14T08:07:43+00:00","og_image":[{"url":"https:\/\/www.kick-point.com\/wp-content\/uploads\/sport-urkunde-eventmodul.jpg"}],"schema":{"@context":"https:\/\/schema.org","@graph":[{"@type":"WebPage","@id":"https:\/\/www.kick-point.com\/fr\/publicite-sur-les-certificats\/","url":"https:\/\/www.kick-point.com\/fr\/publicite-sur-les-certificats\/","name":"Publicit\u00e9 sur les certificats","isPartOf":{"@id":"https:\/\/www.kick-point.com\/de\/#website"},"primaryImageOfPage":{"@id":"https:\/\/www.kick-point.com\/fr\/publicite-sur-les-certificats\/#primaryimage"},"image":{"@id":"https:\/\/www.kick-point.com\/fr\/publicite-sur-les-certificats\/#primaryimage"},"thumbnailUrl":"https:\/\/www.kick-point.com\/wp-content\/uploads\/sport-urkunde-eventmodul.jpg","datePublished":"2014-03-18T12:45:33+00:00","dateModified":"2016-10-14T08:07:43+00:00","inLanguage":"fr-FR","potentialAction":[{"@type":"ReadAction","target":["https:\/\/www.kick-point.com\/fr\/publicite-sur-les-certificats\/"]}]},{"@type":"ImageObject","inLanguage":"fr-FR","@id":"https:\/\/www.kick-point.com\/fr\/publicite-sur-les-certificats\/#primaryimage","url":"https:\/\/www.kick-point.com\/wp-content\/uploads\/sport-urkunde-eventmodul.jpg","contentUrl":"https:\/\/www.kick-point.com\/wp-content\/uploads\/sport-urkunde-eventmodul.jpg"},{"@type":"WebSite","@id":"https:\/\/www.kick-point.com\/de\/#website","url":"https:\/\/www.kick-point.com\/de\/","name":"Kick-Point","description":"Events und Event-Module rund um das elektronische Fu\u00dfballtor","potentialAction":[{"@type":"SearchAction","target":{"@type":"EntryPoint","urlTemplate":"https:\/\/www.kick-point.com\/de\/?s={search_term_string}"},"query-input":"required name=search_term_string"}],"inLanguage":"fr-FR"}]}},"_links":{"self":[{"href":"https:\/\/www.kick-point.com\/fr\/wp-json\/wp\/v2\/pages\/8407","targetHints":{"allow":["GET"]}}],"collection":[{"href":"https:\/\/www.kick-point.com\/fr\/wp-json\/wp\/v2\/pages"}],"about":[{"href":"https:\/\/www.kick-point.com\/fr\/wp-json\/wp\/v2\/types\/page"}],"author":[{"embeddable":true,"href":"https:\/\/www.kick-point.com\/fr\/wp-json\/wp\/v2\/users\/12"}],"replies":[{"embeddable":true,"href":"https:\/\/www.kick-point.com\/fr\/wp-json\/wp\/v2\/comments?post=8407"}],"version-history":[{"count":2,"href":"https:\/\/www.kick-point.com\/fr\/wp-json\/wp\/v2\/pages\/8407\/revisions"}],"predecessor-version":[{"id":67045,"href":"https:\/\/www.kick-point.com\/fr\/wp-json\/wp\/v2\/pages\/8407\/revisions\/67045"}],"wp:attachment":[{"href":"https:\/\/www.kick-point.com\/fr\/wp-json\/wp\/v2\/media?parent=8407"}],"curies":[{"name":"wp","href":"https:\/\/api.w.org\/{rel}","templated":true}]}}