{"id":8405,"date":"2014-03-18T13:26:05","date_gmt":"2014-03-18T12:26:05","guid":{"rendered":"http:\/\/dev.kick-point.fr\/?page_id=8405"},"modified":"2014-03-18T13:30:21","modified_gmt":"2014-03-18T12:30:21","slug":"publicites-en-bordures","status":"publish","type":"page","link":"https:\/\/www.kick-point.com\/fr\/louer-la-cage-de-interactive-et-electronique-kick-point\/mettre-en-scene-les-marques\/publicites-en-bordures\/","title":{"rendered":"Publicit\u00e9s en bordures"},"content":{"rendered":"<p><img loading=\"lazy\" decoding=\"async\" class=\"size-full wp-image-5515 alignright\" alt=\"bande-branding-werbeflaeche\" src=\"https:\/\/www.kick-point.com\/wp-content\/uploads\/bande-branding-werbeflaeche.jpg\" width=\"600\" height=\"400\" \/><\/p>\n<p>Le terrain peut \u00eatre d\u00e9limit\u00e9 par des bordures publicitaires qui donnent une impression ferm\u00e9e et compacte de la cage de but Kick-Point. Il est ainsi possible de mettre en sc\u00e8ne des messages publicitaires. Les bordures publicitaires se montent facilement et rapidement et sont <a title=\"Banden\" href=\"https:\/\/www.kick-point.com\/weitere-fussballmodule\/banden\/\">tr\u00e8s variables<\/a>. Il est \u00e9galement possible de mettre comme alternative des <a title=\"Soccer-Inflatables\" href=\"https:\/\/www.kick-point.com\/weitere-fussballmodule\/soccer-inflatables\/\">structures gonflables<\/a> comme d\u00e9limitation du jeu.<\/p>\n<p>.<\/p>\n","protected":false},"excerpt":{"rendered":"<p>Le terrain peut \u00eatre d\u00e9limit\u00e9 par des bordures publicitaires qui donnent une impression ferm\u00e9e et compacte de la cage de but Kick-Point. Il est ainsi possible de mettre en sc\u00e8ne des messages publicitaires. Les bordures publicitaires se montent facilement et rapidement et sont tr\u00e8s variables. Il est \u00e9galement possible de mettre comme alternative des structures [&hellip;]<\/p>\n","protected":false},"author":12,"featured_media":0,"parent":8501,"menu_order":0,"comment_status":"closed","ping_status":"closed","template":"","meta":{"footnotes":""},"class_list":["post-8405","page","type-page","status-publish","hentry"],"yoast_head":"<!-- This site is optimized with the Yoast SEO plugin v22.8 - https:\/\/yoast.com\/wordpress\/plugins\/seo\/ -->\n<title>Publicit\u00e9s en bordures<\/title>\n<meta name=\"robots\" content=\"index, follow, max-snippet:-1, max-image-preview:large, max-video-preview:-1\" \/>\n<link rel=\"canonical\" href=\"https:\/\/www.kick-point.com\/fr\/louer-la-cage-de-interactive-et-electronique-kick-point\/mettre-en-scene-les-marques\/publicites-en-bordures\/\" \/>\n<meta property=\"og:locale\" content=\"fr_FR\" \/>\n<meta property=\"og:type\" content=\"article\" \/>\n<meta property=\"og:title\" content=\"Publicit\u00e9s en bordures\" \/>\n<meta property=\"og:description\" content=\"Le terrain peut \u00eatre d\u00e9limit\u00e9 par des bordures publicitaires qui donnent une impression ferm\u00e9e et compacte de la cage de but Kick-Point. Il est ainsi possible de mettre en sc\u00e8ne des messages publicitaires. Les bordures publicitaires se montent facilement et rapidement et sont tr\u00e8s variables. Il est \u00e9galement possible de mettre comme alternative des structures [&hellip;]\" \/>\n<meta property=\"og:url\" content=\"https:\/\/www.kick-point.com\/fr\/louer-la-cage-de-interactive-et-electronique-kick-point\/mettre-en-scene-les-marques\/publicites-en-bordures\/\" \/>\n<meta property=\"og:site_name\" content=\"Kick-Point\" \/>\n<meta property=\"article:modified_time\" content=\"2014-03-18T12:30:21+00:00\" \/>\n<meta property=\"og:image\" content=\"https:\/\/www.kick-point.com\/wp-content\/uploads\/bande-branding-werbeflaeche.jpg\" \/>\n<script type=\"application\/ld+json\" class=\"yoast-schema-graph\">{\"@context\":\"https:\/\/schema.org\",\"@graph\":[{\"@type\":\"WebPage\",\"@id\":\"https:\/\/www.kick-point.com\/fr\/louer-la-cage-de-interactive-et-electronique-kick-point\/mettre-en-scene-les-marques\/publicites-en-bordures\/\",\"url\":\"https:\/\/www.kick-point.com\/fr\/louer-la-cage-de-interactive-et-electronique-kick-point\/mettre-en-scene-les-marques\/publicites-en-bordures\/\",\"name\":\"Publicit\u00e9s en bordures\",\"isPartOf\":{\"@id\":\"https:\/\/www.kick-point.com\/de\/#website\"},\"primaryImageOfPage\":{\"@id\":\"https:\/\/www.kick-point.com\/fr\/louer-la-cage-de-interactive-et-electronique-kick-point\/mettre-en-scene-les-marques\/publicites-en-bordures\/#primaryimage\"},\"image\":{\"@id\":\"https:\/\/www.kick-point.com\/fr\/louer-la-cage-de-interactive-et-electronique-kick-point\/mettre-en-scene-les-marques\/publicites-en-bordures\/#primaryimage\"},\"thumbnailUrl\":\"https:\/\/www.kick-point.com\/wp-content\/uploads\/bande-branding-werbeflaeche.jpg\",\"datePublished\":\"2014-03-18T12:26:05+00:00\",\"dateModified\":\"2014-03-18T12:30:21+00:00\",\"breadcrumb\":{\"@id\":\"https:\/\/www.kick-point.com\/fr\/louer-la-cage-de-interactive-et-electronique-kick-point\/mettre-en-scene-les-marques\/publicites-en-bordures\/#breadcrumb\"},\"inLanguage\":\"fr-FR\",\"potentialAction\":[{\"@type\":\"ReadAction\",\"target\":[\"https:\/\/www.kick-point.com\/fr\/louer-la-cage-de-interactive-et-electronique-kick-point\/mettre-en-scene-les-marques\/publicites-en-bordures\/\"]}]},{\"@type\":\"ImageObject\",\"inLanguage\":\"fr-FR\",\"@id\":\"https:\/\/www.kick-point.com\/fr\/louer-la-cage-de-interactive-et-electronique-kick-point\/mettre-en-scene-les-marques\/publicites-en-bordures\/#primaryimage\",\"url\":\"https:\/\/www.kick-point.com\/wp-content\/uploads\/bande-branding-werbeflaeche.jpg\",\"contentUrl\":\"https:\/\/www.kick-point.com\/wp-content\/uploads\/bande-branding-werbeflaeche.jpg\"},{\"@type\":\"BreadcrumbList\",\"@id\":\"https:\/\/www.kick-point.com\/fr\/louer-la-cage-de-interactive-et-electronique-kick-point\/mettre-en-scene-les-marques\/publicites-en-bordures\/#breadcrumb\",\"itemListElement\":[{\"@type\":\"ListItem\",\"position\":1,\"name\":\"Louer la cage de but interactive et \u00e9lectronique Kick-Point\",\"item\":\"https:\/\/www.kick-point.com\/fr\/louer-la-cage-de-interactive-et-electronique-kick-point\/\"},{\"@type\":\"ListItem\",\"position\":2,\"name\":\"Mettre en sc\u00e8ne les marques\",\"item\":\"https:\/\/www.kick-point.com\/fr\/louer-la-cage-de-interactive-et-electronique-kick-point\/mettre-en-scene-les-marques\/\"},{\"@type\":\"ListItem\",\"position\":3,\"name\":\"Publicit\u00e9s en bordures\"}]},{\"@type\":\"WebSite\",\"@id\":\"https:\/\/www.kick-point.com\/de\/#website\",\"url\":\"https:\/\/www.kick-point.com\/de\/\",\"name\":\"Kick-Point\",\"description\":\"Events und Event-Module rund um das elektronische Fu\u00dfballtor\",\"potentialAction\":[{\"@type\":\"SearchAction\",\"target\":{\"@type\":\"EntryPoint\",\"urlTemplate\":\"https:\/\/www.kick-point.com\/de\/?s={search_term_string}\"},\"query-input\":\"required name=search_term_string\"}],\"inLanguage\":\"fr-FR\"}]}<\/script>\n<!-- \/ Yoast SEO plugin. -->","yoast_head_json":{"title":"Publicit\u00e9s en bordures","robots":{"index":"index","follow":"follow","max-snippet":"max-snippet:-1","max-image-preview":"max-image-preview:large","max-video-preview":"max-video-preview:-1"},"canonical":"https:\/\/www.kick-point.com\/fr\/louer-la-cage-de-interactive-et-electronique-kick-point\/mettre-en-scene-les-marques\/publicites-en-bordures\/","og_locale":"fr_FR","og_type":"article","og_title":"Publicit\u00e9s en bordures","og_description":"Le terrain peut \u00eatre d\u00e9limit\u00e9 par des bordures publicitaires qui donnent une impression ferm\u00e9e et compacte de la cage de but Kick-Point. Il est ainsi possible de mettre en sc\u00e8ne des messages publicitaires. Les bordures publicitaires se montent facilement et rapidement et sont tr\u00e8s variables. Il est \u00e9galement possible de mettre comme alternative des structures [&hellip;]","og_url":"https:\/\/www.kick-point.com\/fr\/louer-la-cage-de-interactive-et-electronique-kick-point\/mettre-en-scene-les-marques\/publicites-en-bordures\/","og_site_name":"Kick-Point","article_modified_time":"2014-03-18T12:30:21+00:00","og_image":[{"url":"https:\/\/www.kick-point.com\/wp-content\/uploads\/bande-branding-werbeflaeche.jpg"}],"schema":{"@context":"https:\/\/schema.org","@graph":[{"@type":"WebPage","@id":"https:\/\/www.kick-point.com\/fr\/louer-la-cage-de-interactive-et-electronique-kick-point\/mettre-en-scene-les-marques\/publicites-en-bordures\/","url":"https:\/\/www.kick-point.com\/fr\/louer-la-cage-de-interactive-et-electronique-kick-point\/mettre-en-scene-les-marques\/publicites-en-bordures\/","name":"Publicit\u00e9s en bordures","isPartOf":{"@id":"https:\/\/www.kick-point.com\/de\/#website"},"primaryImageOfPage":{"@id":"https:\/\/www.kick-point.com\/fr\/louer-la-cage-de-interactive-et-electronique-kick-point\/mettre-en-scene-les-marques\/publicites-en-bordures\/#primaryimage"},"image":{"@id":"https:\/\/www.kick-point.com\/fr\/louer-la-cage-de-interactive-et-electronique-kick-point\/mettre-en-scene-les-marques\/publicites-en-bordures\/#primaryimage"},"thumbnailUrl":"https:\/\/www.kick-point.com\/wp-content\/uploads\/bande-branding-werbeflaeche.jpg","datePublished":"2014-03-18T12:26:05+00:00","dateModified":"2014-03-18T12:30:21+00:00","breadcrumb":{"@id":"https:\/\/www.kick-point.com\/fr\/louer-la-cage-de-interactive-et-electronique-kick-point\/mettre-en-scene-les-marques\/publicites-en-bordures\/#breadcrumb"},"inLanguage":"fr-FR","potentialAction":[{"@type":"ReadAction","target":["https:\/\/www.kick-point.com\/fr\/louer-la-cage-de-interactive-et-electronique-kick-point\/mettre-en-scene-les-marques\/publicites-en-bordures\/"]}]},{"@type":"ImageObject","inLanguage":"fr-FR","@id":"https:\/\/www.kick-point.com\/fr\/louer-la-cage-de-interactive-et-electronique-kick-point\/mettre-en-scene-les-marques\/publicites-en-bordures\/#primaryimage","url":"https:\/\/www.kick-point.com\/wp-content\/uploads\/bande-branding-werbeflaeche.jpg","contentUrl":"https:\/\/www.kick-point.com\/wp-content\/uploads\/bande-branding-werbeflaeche.jpg"},{"@type":"BreadcrumbList","@id":"https:\/\/www.kick-point.com\/fr\/louer-la-cage-de-interactive-et-electronique-kick-point\/mettre-en-scene-les-marques\/publicites-en-bordures\/#breadcrumb","itemListElement":[{"@type":"ListItem","position":1,"name":"Louer la cage de but interactive et \u00e9lectronique Kick-Point","item":"https:\/\/www.kick-point.com\/fr\/louer-la-cage-de-interactive-et-electronique-kick-point\/"},{"@type":"ListItem","position":2,"name":"Mettre en sc\u00e8ne les marques","item":"https:\/\/www.kick-point.com\/fr\/louer-la-cage-de-interactive-et-electronique-kick-point\/mettre-en-scene-les-marques\/"},{"@type":"ListItem","position":3,"name":"Publicit\u00e9s en bordures"}]},{"@type":"WebSite","@id":"https:\/\/www.kick-point.com\/de\/#website","url":"https:\/\/www.kick-point.com\/de\/","name":"Kick-Point","description":"Events und Event-Module rund um das elektronische Fu\u00dfballtor","potentialAction":[{"@type":"SearchAction","target":{"@type":"EntryPoint","urlTemplate":"https:\/\/www.kick-point.com\/de\/?s={search_term_string}"},"query-input":"required name=search_term_string"}],"inLanguage":"fr-FR"}]}},"_links":{"self":[{"href":"https:\/\/www.kick-point.com\/fr\/wp-json\/wp\/v2\/pages\/8405","targetHints":{"allow":["GET"]}}],"collection":[{"href":"https:\/\/www.kick-point.com\/fr\/wp-json\/wp\/v2\/pages"}],"about":[{"href":"https:\/\/www.kick-point.com\/fr\/wp-json\/wp\/v2\/types\/page"}],"author":[{"embeddable":true,"href":"https:\/\/www.kick-point.com\/fr\/wp-json\/wp\/v2\/users\/12"}],"replies":[{"embeddable":true,"href":"https:\/\/www.kick-point.com\/fr\/wp-json\/wp\/v2\/comments?post=8405"}],"version-history":[{"count":0,"href":"https:\/\/www.kick-point.com\/fr\/wp-json\/wp\/v2\/pages\/8405\/revisions"}],"up":[{"embeddable":true,"href":"https:\/\/www.kick-point.com\/fr\/wp-json\/wp\/v2\/pages\/8501"}],"wp:attachment":[{"href":"https:\/\/www.kick-point.com\/fr\/wp-json\/wp\/v2\/media?parent=8405"}],"curies":[{"name":"wp","href":"https:\/\/api.w.org\/{rel}","templated":true}]}}