{"id":8403,"date":"2014-03-18T13:21:35","date_gmt":"2014-03-18T12:21:35","guid":{"rendered":"https:\/\/www.kick-point.com\/?page_id=8403"},"modified":"2014-03-18T13:21:35","modified_gmt":"2014-03-18T12:21:35","slug":"banniere-publicitaire","status":"publish","type":"page","link":"https:\/\/www.kick-point.com\/fr\/louer-la-cage-de-interactive-et-electronique-kick-point\/mettre-en-scene-les-marques\/banniere-publicitaire\/","title":{"rendered":"Banni\u00e8re publicitaire"},"content":{"rendered":"<p>&nbsp;<\/p>\n<p><a href=\"https:\/\/www.kick-point.com\/wp-content\/uploads\/moderne-torwand.jpg\"><img loading=\"lazy\" decoding=\"async\" class=\"size-full wp-image-4943 alignright\" alt=\"moderne-torwand\" src=\"https:\/\/www.kick-point.com\/wp-content\/uploads\/moderne-torwand.jpg\" width=\"600\" height=\"450\" \/><\/a>DLes filets de s\u00e9curit\u00e9 Kick-Point et le filet de la cage sont parfaits pour fixer des banni\u00e8res publicitaires. Le Kick-Point associ\u00e9 \u00e0 une traverse \u00e9quip\u00e9e de banni\u00e8res individuelles dispos\u00e9es en forme de cercle garantit une accroche visuelle toute particuli\u00e8re!<br \/>\n<a href=\"https:\/\/www.kick-point.com\/wp-content\/uploads\/digitale-torwand.jpg\"><img loading=\"lazy\" decoding=\"async\" class=\"alignleft  wp-image-5502\" alt=\"digitale-torwand\" src=\"https:\/\/www.kick-point.com\/wp-content\/uploads\/digitale-torwand-150x150.jpg\" width=\"72\" height=\"72\" \/><\/a> <a href=\"https:\/\/www.kick-point.com\/wp-content\/uploads\/elektronisches-eventmodul-mieten.jpg\"><img loading=\"lazy\" decoding=\"async\" class=\"alignleft  wp-image-5503\" alt=\"elektronisches-eventmodul-mieten\" src=\"https:\/\/www.kick-point.com\/wp-content\/uploads\/elektronisches-eventmodul-mieten-150x150.jpg\" width=\"72\" height=\"72\" \/><\/a> <a href=\"https:\/\/www.kick-point.com\/wp-content\/uploads\/elektronische-torwand-mieten.jpg\"><img loading=\"lazy\" decoding=\"async\" class=\"alignleft  wp-image-5504\" alt=\"elektronische-torwand-mieten\" src=\"https:\/\/www.kick-point.com\/wp-content\/uploads\/elektronische-torwand-mieten-150x150.jpg\" width=\"72\" height=\"72\" \/><\/a> <a href=\"https:\/\/www.kick-point.com\/wp-content\/uploads\/interaktives-fussball-modul.jpg\"><img loading=\"lazy\" decoding=\"async\" class=\"alignleft  wp-image-5505\" alt=\"interaktives-fussball-modul\" src=\"https:\/\/www.kick-point.com\/wp-content\/uploads\/interaktives-fussball-modul-150x150.jpg\" width=\"72\" height=\"72\" \/><\/a> <a href=\"https:\/\/www.kick-point.com\/wp-content\/uploads\/interaktives-torwandschiessen.jpg\"><img loading=\"lazy\" decoding=\"async\" class=\"alignleft  wp-image-5506\" alt=\"interaktives-torwandschiessen\" src=\"https:\/\/www.kick-point.com\/wp-content\/uploads\/interaktives-torwandschiessen-150x150.jpg\" width=\"72\" height=\"72\" \/><\/a> <a href=\"https:\/\/www.kick-point.com\/wp-content\/uploads\/mobile-torwand-interaktiv.jpg\"><img loading=\"lazy\" decoding=\"async\" class=\"alignleft  wp-image-5507\" alt=\"mobile-torwand-interaktiv\" src=\"https:\/\/www.kick-point.com\/wp-content\/uploads\/mobile-torwand-interaktiv-150x150.jpg\" width=\"72\" height=\"72\" \/><\/a><\/p>\n","protected":false},"excerpt":{"rendered":"<p>&nbsp; DLes filets de s\u00e9curit\u00e9 Kick-Point et le filet de la cage sont parfaits pour fixer des banni\u00e8res publicitaires. Le Kick-Point associ\u00e9 \u00e0 une traverse \u00e9quip\u00e9e de banni\u00e8res individuelles dispos\u00e9es en forme de cercle garantit une accroche visuelle toute particuli\u00e8re!<\/p>\n","protected":false},"author":12,"featured_media":0,"parent":8501,"menu_order":0,"comment_status":"closed","ping_status":"closed","template":"","meta":{"footnotes":""},"class_list":["post-8403","page","type-page","status-publish","hentry"],"yoast_head":"<!-- This site is optimized with the Yoast SEO plugin v22.8 - https:\/\/yoast.com\/wordpress\/plugins\/seo\/ -->\n<title>Banni\u00e8re publicitaire<\/title>\n<meta name=\"robots\" content=\"index, follow, max-snippet:-1, max-image-preview:large, max-video-preview:-1\" \/>\n<link rel=\"canonical\" href=\"https:\/\/www.kick-point.com\/fr\/louer-la-cage-de-interactive-et-electronique-kick-point\/mettre-en-scene-les-marques\/banniere-publicitaire\/\" \/>\n<meta property=\"og:locale\" content=\"fr_FR\" \/>\n<meta property=\"og:type\" content=\"article\" \/>\n<meta property=\"og:title\" content=\"Banni\u00e8re publicitaire\" \/>\n<meta property=\"og:description\" content=\"&nbsp; DLes filets de s\u00e9curit\u00e9 Kick-Point et le filet de la cage sont parfaits pour fixer des banni\u00e8res publicitaires. Le Kick-Point associ\u00e9 \u00e0 une traverse \u00e9quip\u00e9e de banni\u00e8res individuelles dispos\u00e9es en forme de cercle garantit une accroche visuelle toute particuli\u00e8re!\" \/>\n<meta property=\"og:url\" content=\"https:\/\/www.kick-point.com\/fr\/louer-la-cage-de-interactive-et-electronique-kick-point\/mettre-en-scene-les-marques\/banniere-publicitaire\/\" \/>\n<meta property=\"og:site_name\" content=\"Kick-Point\" \/>\n<meta property=\"og:image\" content=\"https:\/\/www.kick-point.com\/wp-content\/uploads\/moderne-torwand.jpg\" \/>\n<script type=\"application\/ld+json\" class=\"yoast-schema-graph\">{\"@context\":\"https:\/\/schema.org\",\"@graph\":[{\"@type\":\"WebPage\",\"@id\":\"https:\/\/www.kick-point.com\/fr\/louer-la-cage-de-interactive-et-electronique-kick-point\/mettre-en-scene-les-marques\/banniere-publicitaire\/\",\"url\":\"https:\/\/www.kick-point.com\/fr\/louer-la-cage-de-interactive-et-electronique-kick-point\/mettre-en-scene-les-marques\/banniere-publicitaire\/\",\"name\":\"Banni\u00e8re publicitaire\",\"isPartOf\":{\"@id\":\"https:\/\/www.kick-point.com\/de\/#website\"},\"primaryImageOfPage\":{\"@id\":\"https:\/\/www.kick-point.com\/fr\/louer-la-cage-de-interactive-et-electronique-kick-point\/mettre-en-scene-les-marques\/banniere-publicitaire\/#primaryimage\"},\"image\":{\"@id\":\"https:\/\/www.kick-point.com\/fr\/louer-la-cage-de-interactive-et-electronique-kick-point\/mettre-en-scene-les-marques\/banniere-publicitaire\/#primaryimage\"},\"thumbnailUrl\":\"https:\/\/www.kick-point.com\/wp-content\/uploads\/moderne-torwand.jpg\",\"datePublished\":\"2014-03-18T12:21:35+00:00\",\"dateModified\":\"2014-03-18T12:21:35+00:00\",\"breadcrumb\":{\"@id\":\"https:\/\/www.kick-point.com\/fr\/louer-la-cage-de-interactive-et-electronique-kick-point\/mettre-en-scene-les-marques\/banniere-publicitaire\/#breadcrumb\"},\"inLanguage\":\"fr-FR\",\"potentialAction\":[{\"@type\":\"ReadAction\",\"target\":[\"https:\/\/www.kick-point.com\/fr\/louer-la-cage-de-interactive-et-electronique-kick-point\/mettre-en-scene-les-marques\/banniere-publicitaire\/\"]}]},{\"@type\":\"ImageObject\",\"inLanguage\":\"fr-FR\",\"@id\":\"https:\/\/www.kick-point.com\/fr\/louer-la-cage-de-interactive-et-electronique-kick-point\/mettre-en-scene-les-marques\/banniere-publicitaire\/#primaryimage\",\"url\":\"https:\/\/www.kick-point.com\/wp-content\/uploads\/moderne-torwand.jpg\",\"contentUrl\":\"https:\/\/www.kick-point.com\/wp-content\/uploads\/moderne-torwand.jpg\"},{\"@type\":\"BreadcrumbList\",\"@id\":\"https:\/\/www.kick-point.com\/fr\/louer-la-cage-de-interactive-et-electronique-kick-point\/mettre-en-scene-les-marques\/banniere-publicitaire\/#breadcrumb\",\"itemListElement\":[{\"@type\":\"ListItem\",\"position\":1,\"name\":\"Louer la cage de but interactive et \u00e9lectronique Kick-Point\",\"item\":\"https:\/\/www.kick-point.com\/fr\/louer-la-cage-de-interactive-et-electronique-kick-point\/\"},{\"@type\":\"ListItem\",\"position\":2,\"name\":\"Mettre en sc\u00e8ne les marques\",\"item\":\"https:\/\/www.kick-point.com\/fr\/louer-la-cage-de-interactive-et-electronique-kick-point\/mettre-en-scene-les-marques\/\"},{\"@type\":\"ListItem\",\"position\":3,\"name\":\"Banni\u00e8re publicitaire\"}]},{\"@type\":\"WebSite\",\"@id\":\"https:\/\/www.kick-point.com\/de\/#website\",\"url\":\"https:\/\/www.kick-point.com\/de\/\",\"name\":\"Kick-Point\",\"description\":\"Events und Event-Module rund um das elektronische Fu\u00dfballtor\",\"potentialAction\":[{\"@type\":\"SearchAction\",\"target\":{\"@type\":\"EntryPoint\",\"urlTemplate\":\"https:\/\/www.kick-point.com\/de\/?s={search_term_string}\"},\"query-input\":\"required name=search_term_string\"}],\"inLanguage\":\"fr-FR\"}]}<\/script>\n<!-- \/ Yoast SEO plugin. -->","yoast_head_json":{"title":"Banni\u00e8re publicitaire","robots":{"index":"index","follow":"follow","max-snippet":"max-snippet:-1","max-image-preview":"max-image-preview:large","max-video-preview":"max-video-preview:-1"},"canonical":"https:\/\/www.kick-point.com\/fr\/louer-la-cage-de-interactive-et-electronique-kick-point\/mettre-en-scene-les-marques\/banniere-publicitaire\/","og_locale":"fr_FR","og_type":"article","og_title":"Banni\u00e8re publicitaire","og_description":"&nbsp; DLes filets de s\u00e9curit\u00e9 Kick-Point et le filet de la cage sont parfaits pour fixer des banni\u00e8res publicitaires. Le Kick-Point associ\u00e9 \u00e0 une traverse \u00e9quip\u00e9e de banni\u00e8res individuelles dispos\u00e9es en forme de cercle garantit une accroche visuelle toute particuli\u00e8re!","og_url":"https:\/\/www.kick-point.com\/fr\/louer-la-cage-de-interactive-et-electronique-kick-point\/mettre-en-scene-les-marques\/banniere-publicitaire\/","og_site_name":"Kick-Point","og_image":[{"url":"https:\/\/www.kick-point.com\/wp-content\/uploads\/moderne-torwand.jpg"}],"schema":{"@context":"https:\/\/schema.org","@graph":[{"@type":"WebPage","@id":"https:\/\/www.kick-point.com\/fr\/louer-la-cage-de-interactive-et-electronique-kick-point\/mettre-en-scene-les-marques\/banniere-publicitaire\/","url":"https:\/\/www.kick-point.com\/fr\/louer-la-cage-de-interactive-et-electronique-kick-point\/mettre-en-scene-les-marques\/banniere-publicitaire\/","name":"Banni\u00e8re publicitaire","isPartOf":{"@id":"https:\/\/www.kick-point.com\/de\/#website"},"primaryImageOfPage":{"@id":"https:\/\/www.kick-point.com\/fr\/louer-la-cage-de-interactive-et-electronique-kick-point\/mettre-en-scene-les-marques\/banniere-publicitaire\/#primaryimage"},"image":{"@id":"https:\/\/www.kick-point.com\/fr\/louer-la-cage-de-interactive-et-electronique-kick-point\/mettre-en-scene-les-marques\/banniere-publicitaire\/#primaryimage"},"thumbnailUrl":"https:\/\/www.kick-point.com\/wp-content\/uploads\/moderne-torwand.jpg","datePublished":"2014-03-18T12:21:35+00:00","dateModified":"2014-03-18T12:21:35+00:00","breadcrumb":{"@id":"https:\/\/www.kick-point.com\/fr\/louer-la-cage-de-interactive-et-electronique-kick-point\/mettre-en-scene-les-marques\/banniere-publicitaire\/#breadcrumb"},"inLanguage":"fr-FR","potentialAction":[{"@type":"ReadAction","target":["https:\/\/www.kick-point.com\/fr\/louer-la-cage-de-interactive-et-electronique-kick-point\/mettre-en-scene-les-marques\/banniere-publicitaire\/"]}]},{"@type":"ImageObject","inLanguage":"fr-FR","@id":"https:\/\/www.kick-point.com\/fr\/louer-la-cage-de-interactive-et-electronique-kick-point\/mettre-en-scene-les-marques\/banniere-publicitaire\/#primaryimage","url":"https:\/\/www.kick-point.com\/wp-content\/uploads\/moderne-torwand.jpg","contentUrl":"https:\/\/www.kick-point.com\/wp-content\/uploads\/moderne-torwand.jpg"},{"@type":"BreadcrumbList","@id":"https:\/\/www.kick-point.com\/fr\/louer-la-cage-de-interactive-et-electronique-kick-point\/mettre-en-scene-les-marques\/banniere-publicitaire\/#breadcrumb","itemListElement":[{"@type":"ListItem","position":1,"name":"Louer la cage de but interactive et \u00e9lectronique Kick-Point","item":"https:\/\/www.kick-point.com\/fr\/louer-la-cage-de-interactive-et-electronique-kick-point\/"},{"@type":"ListItem","position":2,"name":"Mettre en sc\u00e8ne les marques","item":"https:\/\/www.kick-point.com\/fr\/louer-la-cage-de-interactive-et-electronique-kick-point\/mettre-en-scene-les-marques\/"},{"@type":"ListItem","position":3,"name":"Banni\u00e8re publicitaire"}]},{"@type":"WebSite","@id":"https:\/\/www.kick-point.com\/de\/#website","url":"https:\/\/www.kick-point.com\/de\/","name":"Kick-Point","description":"Events und Event-Module rund um das elektronische Fu\u00dfballtor","potentialAction":[{"@type":"SearchAction","target":{"@type":"EntryPoint","urlTemplate":"https:\/\/www.kick-point.com\/de\/?s={search_term_string}"},"query-input":"required name=search_term_string"}],"inLanguage":"fr-FR"}]}},"_links":{"self":[{"href":"https:\/\/www.kick-point.com\/fr\/wp-json\/wp\/v2\/pages\/8403","targetHints":{"allow":["GET"]}}],"collection":[{"href":"https:\/\/www.kick-point.com\/fr\/wp-json\/wp\/v2\/pages"}],"about":[{"href":"https:\/\/www.kick-point.com\/fr\/wp-json\/wp\/v2\/types\/page"}],"author":[{"embeddable":true,"href":"https:\/\/www.kick-point.com\/fr\/wp-json\/wp\/v2\/users\/12"}],"replies":[{"embeddable":true,"href":"https:\/\/www.kick-point.com\/fr\/wp-json\/wp\/v2\/comments?post=8403"}],"version-history":[{"count":0,"href":"https:\/\/www.kick-point.com\/fr\/wp-json\/wp\/v2\/pages\/8403\/revisions"}],"up":[{"embeddable":true,"href":"https:\/\/www.kick-point.com\/fr\/wp-json\/wp\/v2\/pages\/8501"}],"wp:attachment":[{"href":"https:\/\/www.kick-point.com\/fr\/wp-json\/wp\/v2\/media?parent=8403"}],"curies":[{"name":"wp","href":"https:\/\/api.w.org\/{rel}","templated":true}]}}