{"id":3531,"date":"2012-11-07T11:09:53","date_gmt":"2012-11-07T09:09:53","guid":{"rendered":"http:\/\/s174678280.online.de\/?page_id=3531"},"modified":"2012-11-07T11:09:53","modified_gmt":"2012-11-07T09:09:53","slug":"telechargements-kick-point","status":"publish","type":"page","link":"https:\/\/www.kick-point.com\/fr\/telechargements-kick-point\/","title":{"rendered":"T\u00e9l\u00e9chargements Kick-Point"},"content":{"rendered":"<p><strong>Vous pouvez t\u00e9l\u00e9charger ici des documents d\u2019information actualis\u00e9s sur Kick-Point\u00ae <\/strong><\/p>\n<p><a href=\"\/wp-content\/uploads\/flyer_english.pdf\" target=\"_blank\"><img loading=\"lazy\" decoding=\"async\" class=\"alignleft size-full wp-image-2990\" title=\"flyer_english\" src=\"\/wp-content\/uploads\/flyer_english.jpg\" alt=\"\" width=\"134\" height=\"190\" \/><\/a>&gt;&gt;<a href=\"\/wp-content\/uploads\/flyer_english.pdf\" target=\"_blank\"> T\u00e9l\u00e9chargement<\/a><strong> le Kick Point\u00ae banc<\/strong><\/p>\n","protected":false},"excerpt":{"rendered":"<p>Vous pouvez t\u00e9l\u00e9charger ici des documents d\u2019information actualis\u00e9s sur Kick-Point\u00ae &gt;&gt; T\u00e9l\u00e9chargement le Kick Point\u00ae banc<\/p>\n","protected":false},"author":12,"featured_media":0,"parent":0,"menu_order":10,"comment_status":"closed","ping_status":"closed","template":"","meta":{"footnotes":""},"class_list":["post-3531","page","type-page","status-publish","hentry"],"yoast_head":"<!-- This site is optimized with the Yoast SEO plugin v22.8 - https:\/\/yoast.com\/wordpress\/plugins\/seo\/ -->\n<title>T\u00e9l\u00e9chargements Kick-Point<\/title>\n<meta name=\"robots\" content=\"index, follow, max-snippet:-1, max-image-preview:large, max-video-preview:-1\" \/>\n<link rel=\"canonical\" href=\"https:\/\/www.kick-point.com\/fr\/telechargements-kick-point\/\" \/>\n<meta property=\"og:locale\" content=\"fr_FR\" \/>\n<meta property=\"og:type\" content=\"article\" \/>\n<meta property=\"og:title\" content=\"T\u00e9l\u00e9chargements Kick-Point\" \/>\n<meta property=\"og:description\" content=\"Vous pouvez t\u00e9l\u00e9charger ici des documents d\u2019information actualis\u00e9s sur Kick-Point\u00ae &gt;&gt; T\u00e9l\u00e9chargement le Kick Point\u00ae banc\" \/>\n<meta property=\"og:url\" content=\"https:\/\/www.kick-point.com\/fr\/telechargements-kick-point\/\" \/>\n<meta property=\"og:site_name\" content=\"Kick-Point\" \/>\n<meta property=\"og:image\" content=\"https:\/\/www.kick-point.com\/wp-content\/uploads\/flyer_english.jpg\" \/>\n<script type=\"application\/ld+json\" class=\"yoast-schema-graph\">{\"@context\":\"https:\/\/schema.org\",\"@graph\":[{\"@type\":\"WebPage\",\"@id\":\"https:\/\/www.kick-point.com\/fr\/telechargements-kick-point\/\",\"url\":\"https:\/\/www.kick-point.com\/fr\/telechargements-kick-point\/\",\"name\":\"T\u00e9l\u00e9chargements Kick-Point\",\"isPartOf\":{\"@id\":\"https:\/\/www.kick-point.com\/de\/#website\"},\"datePublished\":\"2012-11-07T09:09:53+00:00\",\"dateModified\":\"2012-11-07T09:09:53+00:00\",\"inLanguage\":\"fr-FR\",\"potentialAction\":[{\"@type\":\"ReadAction\",\"target\":[\"https:\/\/www.kick-point.com\/fr\/telechargements-kick-point\/\"]}]},{\"@type\":\"WebSite\",\"@id\":\"https:\/\/www.kick-point.com\/de\/#website\",\"url\":\"https:\/\/www.kick-point.com\/de\/\",\"name\":\"Kick-Point\",\"description\":\"Events und Event-Module rund um das elektronische Fu\u00dfballtor\",\"potentialAction\":[{\"@type\":\"SearchAction\",\"target\":{\"@type\":\"EntryPoint\",\"urlTemplate\":\"https:\/\/www.kick-point.com\/de\/?s={search_term_string}\"},\"query-input\":\"required name=search_term_string\"}],\"inLanguage\":\"fr-FR\"}]}<\/script>\n<!-- \/ Yoast SEO plugin. -->","yoast_head_json":{"title":"T\u00e9l\u00e9chargements Kick-Point","robots":{"index":"index","follow":"follow","max-snippet":"max-snippet:-1","max-image-preview":"max-image-preview:large","max-video-preview":"max-video-preview:-1"},"canonical":"https:\/\/www.kick-point.com\/fr\/telechargements-kick-point\/","og_locale":"fr_FR","og_type":"article","og_title":"T\u00e9l\u00e9chargements Kick-Point","og_description":"Vous pouvez t\u00e9l\u00e9charger ici des documents d\u2019information actualis\u00e9s sur Kick-Point\u00ae &gt;&gt; T\u00e9l\u00e9chargement le Kick Point\u00ae banc","og_url":"https:\/\/www.kick-point.com\/fr\/telechargements-kick-point\/","og_site_name":"Kick-Point","og_image":[{"url":"https:\/\/www.kick-point.com\/wp-content\/uploads\/flyer_english.jpg"}],"schema":{"@context":"https:\/\/schema.org","@graph":[{"@type":"WebPage","@id":"https:\/\/www.kick-point.com\/fr\/telechargements-kick-point\/","url":"https:\/\/www.kick-point.com\/fr\/telechargements-kick-point\/","name":"T\u00e9l\u00e9chargements Kick-Point","isPartOf":{"@id":"https:\/\/www.kick-point.com\/de\/#website"},"datePublished":"2012-11-07T09:09:53+00:00","dateModified":"2012-11-07T09:09:53+00:00","inLanguage":"fr-FR","potentialAction":[{"@type":"ReadAction","target":["https:\/\/www.kick-point.com\/fr\/telechargements-kick-point\/"]}]},{"@type":"WebSite","@id":"https:\/\/www.kick-point.com\/de\/#website","url":"https:\/\/www.kick-point.com\/de\/","name":"Kick-Point","description":"Events und Event-Module rund um das elektronische Fu\u00dfballtor","potentialAction":[{"@type":"SearchAction","target":{"@type":"EntryPoint","urlTemplate":"https:\/\/www.kick-point.com\/de\/?s={search_term_string}"},"query-input":"required name=search_term_string"}],"inLanguage":"fr-FR"}]}},"_links":{"self":[{"href":"https:\/\/www.kick-point.com\/fr\/wp-json\/wp\/v2\/pages\/3531","targetHints":{"allow":["GET"]}}],"collection":[{"href":"https:\/\/www.kick-point.com\/fr\/wp-json\/wp\/v2\/pages"}],"about":[{"href":"https:\/\/www.kick-point.com\/fr\/wp-json\/wp\/v2\/types\/page"}],"author":[{"embeddable":true,"href":"https:\/\/www.kick-point.com\/fr\/wp-json\/wp\/v2\/users\/12"}],"replies":[{"embeddable":true,"href":"https:\/\/www.kick-point.com\/fr\/wp-json\/wp\/v2\/comments?post=3531"}],"version-history":[{"count":0,"href":"https:\/\/www.kick-point.com\/fr\/wp-json\/wp\/v2\/pages\/3531\/revisions"}],"wp:attachment":[{"href":"https:\/\/www.kick-point.com\/fr\/wp-json\/wp\/v2\/media?parent=3531"}],"curies":[{"name":"wp","href":"https:\/\/api.w.org\/{rel}","templated":true}]}}