{"id":3527,"date":"2012-11-07T11:06:09","date_gmt":"2012-11-07T09:06:09","guid":{"rendered":"http:\/\/s174678280.online.de\/?page_id=3527"},"modified":"2012-11-07T11:06:09","modified_gmt":"2012-11-07T09:06:09","slug":"nous-recherchons-des-distributeurs","status":"publish","type":"page","link":"https:\/\/www.kick-point.com\/fr\/nous-recherchons-des-distributeurs\/","title":{"rendered":"Nous recherchons des distributeurs"},"content":{"rendered":"<p><strong>Rejoignez Kick-Point en tant que distributeur local dans votre pays.<\/strong><\/p>\n<p>Nous recherchons des distributeurs internationaux int\u00e9ress\u00e9s par un partenariat.<\/p>\n<p>La cage de but \u00e9lectronique Kick-Point a d\u00e9j\u00e0 \u00e9t\u00e9 vendue et lou\u00e9e avec succ\u00e8s dans de nombreux pays du monde.<br \/>\nNous sommes \u00e0 la recherche de partenaires de distribution pour \u00e9tendre le r\u00e9seau Kick-Point.<\/p>\n<p>Si vous souhaitez obtenir des informations plus d\u00e9taill\u00e9es sur notre service pour distributeurs, veuillez nous laisser un message.<\/p>\n<p>Nous vous contacterons aussi rapidement que possible.<\/p>\n<p>We will contact you as soon as possible! <\/p>\n","protected":false},"excerpt":{"rendered":"<p>Rejoignez Kick-Point en tant que distributeur local dans votre pays. Nous recherchons des distributeurs internationaux int\u00e9ress\u00e9s par un partenariat. La cage de but \u00e9lectronique Kick-Point a d\u00e9j\u00e0 \u00e9t\u00e9 vendue et lou\u00e9e avec succ\u00e8s dans de nombreux pays du monde. Nous sommes \u00e0 la recherche de partenaires de distribution pour \u00e9tendre le r\u00e9seau Kick-Point. Si vous [&hellip;]<\/p>\n","protected":false},"author":12,"featured_media":0,"parent":0,"menu_order":100,"comment_status":"closed","ping_status":"closed","template":"","meta":{"footnotes":""},"class_list":["post-3527","page","type-page","status-publish","hentry"],"yoast_head":"<!-- This site is optimized with the Yoast SEO plugin v22.8 - https:\/\/yoast.com\/wordpress\/plugins\/seo\/ -->\n<title>Nous recherchons des distributeurs<\/title>\n<meta name=\"robots\" content=\"index, follow, max-snippet:-1, max-image-preview:large, max-video-preview:-1\" \/>\n<link rel=\"canonical\" href=\"https:\/\/www.kick-point.com\/fr\/nous-recherchons-des-distributeurs\/\" \/>\n<meta property=\"og:locale\" content=\"fr_FR\" \/>\n<meta property=\"og:type\" content=\"article\" \/>\n<meta property=\"og:title\" content=\"Nous recherchons des distributeurs\" \/>\n<meta property=\"og:description\" content=\"Rejoignez Kick-Point en tant que distributeur local dans votre pays. Nous recherchons des distributeurs internationaux int\u00e9ress\u00e9s par un partenariat. La cage de but \u00e9lectronique Kick-Point a d\u00e9j\u00e0 \u00e9t\u00e9 vendue et lou\u00e9e avec succ\u00e8s dans de nombreux pays du monde. Nous sommes \u00e0 la recherche de partenaires de distribution pour \u00e9tendre le r\u00e9seau Kick-Point. Si vous [&hellip;]\" \/>\n<meta property=\"og:url\" content=\"https:\/\/www.kick-point.com\/fr\/nous-recherchons-des-distributeurs\/\" \/>\n<meta property=\"og:site_name\" content=\"Kick-Point\" \/>\n<script type=\"application\/ld+json\" class=\"yoast-schema-graph\">{\"@context\":\"https:\/\/schema.org\",\"@graph\":[{\"@type\":\"WebPage\",\"@id\":\"https:\/\/www.kick-point.com\/fr\/nous-recherchons-des-distributeurs\/\",\"url\":\"https:\/\/www.kick-point.com\/fr\/nous-recherchons-des-distributeurs\/\",\"name\":\"Nous recherchons des distributeurs\",\"isPartOf\":{\"@id\":\"https:\/\/www.kick-point.com\/de\/#website\"},\"datePublished\":\"2012-11-07T09:06:09+00:00\",\"dateModified\":\"2012-11-07T09:06:09+00:00\",\"inLanguage\":\"fr-FR\",\"potentialAction\":[{\"@type\":\"ReadAction\",\"target\":[\"https:\/\/www.kick-point.com\/fr\/nous-recherchons-des-distributeurs\/\"]}]},{\"@type\":\"WebSite\",\"@id\":\"https:\/\/www.kick-point.com\/de\/#website\",\"url\":\"https:\/\/www.kick-point.com\/de\/\",\"name\":\"Kick-Point\",\"description\":\"Events und Event-Module rund um das elektronische Fu\u00dfballtor\",\"potentialAction\":[{\"@type\":\"SearchAction\",\"target\":{\"@type\":\"EntryPoint\",\"urlTemplate\":\"https:\/\/www.kick-point.com\/de\/?s={search_term_string}\"},\"query-input\":\"required name=search_term_string\"}],\"inLanguage\":\"fr-FR\"}]}<\/script>\n<!-- \/ Yoast SEO plugin. -->","yoast_head_json":{"title":"Nous recherchons des distributeurs","robots":{"index":"index","follow":"follow","max-snippet":"max-snippet:-1","max-image-preview":"max-image-preview:large","max-video-preview":"max-video-preview:-1"},"canonical":"https:\/\/www.kick-point.com\/fr\/nous-recherchons-des-distributeurs\/","og_locale":"fr_FR","og_type":"article","og_title":"Nous recherchons des distributeurs","og_description":"Rejoignez Kick-Point en tant que distributeur local dans votre pays. Nous recherchons des distributeurs internationaux int\u00e9ress\u00e9s par un partenariat. La cage de but \u00e9lectronique Kick-Point a d\u00e9j\u00e0 \u00e9t\u00e9 vendue et lou\u00e9e avec succ\u00e8s dans de nombreux pays du monde. Nous sommes \u00e0 la recherche de partenaires de distribution pour \u00e9tendre le r\u00e9seau Kick-Point. Si vous [&hellip;]","og_url":"https:\/\/www.kick-point.com\/fr\/nous-recherchons-des-distributeurs\/","og_site_name":"Kick-Point","schema":{"@context":"https:\/\/schema.org","@graph":[{"@type":"WebPage","@id":"https:\/\/www.kick-point.com\/fr\/nous-recherchons-des-distributeurs\/","url":"https:\/\/www.kick-point.com\/fr\/nous-recherchons-des-distributeurs\/","name":"Nous recherchons des distributeurs","isPartOf":{"@id":"https:\/\/www.kick-point.com\/de\/#website"},"datePublished":"2012-11-07T09:06:09+00:00","dateModified":"2012-11-07T09:06:09+00:00","inLanguage":"fr-FR","potentialAction":[{"@type":"ReadAction","target":["https:\/\/www.kick-point.com\/fr\/nous-recherchons-des-distributeurs\/"]}]},{"@type":"WebSite","@id":"https:\/\/www.kick-point.com\/de\/#website","url":"https:\/\/www.kick-point.com\/de\/","name":"Kick-Point","description":"Events und Event-Module rund um das elektronische Fu\u00dfballtor","potentialAction":[{"@type":"SearchAction","target":{"@type":"EntryPoint","urlTemplate":"https:\/\/www.kick-point.com\/de\/?s={search_term_string}"},"query-input":"required name=search_term_string"}],"inLanguage":"fr-FR"}]}},"_links":{"self":[{"href":"https:\/\/www.kick-point.com\/fr\/wp-json\/wp\/v2\/pages\/3527","targetHints":{"allow":["GET"]}}],"collection":[{"href":"https:\/\/www.kick-point.com\/fr\/wp-json\/wp\/v2\/pages"}],"about":[{"href":"https:\/\/www.kick-point.com\/fr\/wp-json\/wp\/v2\/types\/page"}],"author":[{"embeddable":true,"href":"https:\/\/www.kick-point.com\/fr\/wp-json\/wp\/v2\/users\/12"}],"replies":[{"embeddable":true,"href":"https:\/\/www.kick-point.com\/fr\/wp-json\/wp\/v2\/comments?post=3527"}],"version-history":[{"count":0,"href":"https:\/\/www.kick-point.com\/fr\/wp-json\/wp\/v2\/pages\/3527\/revisions"}],"wp:attachment":[{"href":"https:\/\/www.kick-point.com\/fr\/wp-json\/wp\/v2\/media?parent=3527"}],"curies":[{"name":"wp","href":"https:\/\/api.w.org\/{rel}","templated":true}]}}