{"id":3523,"date":"2011-03-01T14:03:58","date_gmt":"2011-03-01T13:03:58","guid":{"rendered":"http:\/\/s174678280.online.de\/?page_id=3523"},"modified":"2025-09-29T13:30:23","modified_gmt":"2025-09-29T11:30:23","slug":"contact","status":"publish","type":"page","link":"https:\/\/www.kick-point.com\/fr\/contact\/","title":{"rendered":"contact"},"content":{"rendered":"\n<style type=\"text\/css\" data-created_by=\"avia_inline_auto\" id=\"style-css-av-2ap6n-5d860b75cd3b400e28c4b2f5ff673af4\">\n#top .av-special-heading.av-2ap6n-5d860b75cd3b400e28c4b2f5ff673af4{\npadding-bottom:10px;\ncolor:#83a846;\nfont-size:20px;\n}\nbody .av-special-heading.av-2ap6n-5d860b75cd3b400e28c4b2f5ff673af4 .av-special-heading-tag .heading-char{\nfont-size:25px;\n}\n#top #wrap_all .av-special-heading.av-2ap6n-5d860b75cd3b400e28c4b2f5ff673af4 .av-special-heading-tag{\nfont-size:20px;\n}\n.av-special-heading.av-2ap6n-5d860b75cd3b400e28c4b2f5ff673af4 .special-heading-inner-border{\nborder-color:#83a846;\n}\n.av-special-heading.av-2ap6n-5d860b75cd3b400e28c4b2f5ff673af4 .av-subheading{\nfont-size:15px;\n}\n\n@media only screen and (min-width: 480px) and (max-width: 767px){ \n#top #wrap_all .av-special-heading.av-2ap6n-5d860b75cd3b400e28c4b2f5ff673af4 .av-special-heading-tag{\nfont-size:0.8em;\n}\n}\n\n@media only screen and (max-width: 479px){ \n#top #wrap_all .av-special-heading.av-2ap6n-5d860b75cd3b400e28c4b2f5ff673af4 .av-special-heading-tag{\nfont-size:0.8em;\n}\n}\n<\/style>\n<div  class='av-special-heading av-2ap6n-5d860b75cd3b400e28c4b2f5ff673af4 av-special-heading-h1 custom-color-heading blockquote modern-quote modern-centered  avia-builder-el-0  el_before_av_hr  avia-builder-el-first  av-inherit-size'><h1 class='av-special-heading-tag'  itemprop=\"headline\"  >Comment nous joindre<\/h1><div class=\"special-heading-border\"><div class=\"special-heading-inner-border\"><\/div><\/div><\/div>\n<div  class='hr av-qno3-6ab7aded33b0ef257fdb47fe6e58278a hr-default  avia-builder-el-1  el_after_av_heading  el_before_av_one_half '><span class='hr-inner '><span class=\"hr-inner-style\"><\/span><\/span><\/div>\n\n<style type=\"text\/css\" data-created_by=\"avia_inline_auto\" id=\"style-css-av-3p17z-77bb549860620ae1dcb4fe4598333824\">\n.flex_column.av-3p17z-77bb549860620ae1dcb4fe4598333824{\nborder-radius:0px 0px 0px 0px;\npadding:0px 0px 0px 0px;\n}\n<\/style>\n<div  class='flex_column av-3p17z-77bb549860620ae1dcb4fe4598333824 av_one_half  avia-builder-el-2  el_after_av_hr  el_before_av_contact  first flex_column_div av-zero-column-padding  '     ><form action=\"https:\/\/www.kick-point.com\/fr\/contact\/\" method=\"post\" data-fields-with-error=\"Erreurs trouv\u00e9es dans les champs suivants :\" class=\"avia_ajax_form av-form-labels-visible   avia-builder-el-3  el_after_av_one_half  el_before_av_heading   \" data-avia-form-id=\"2\" data-avia-redirect='' ><h3 class=''>Envoyer un e-mail<\/h3><fieldset><p class='  first_form  form_element form_fullwidth' id='element_avia_1_2'><label for=\"avia_1_2\">nom <abbr class=\"required\" title=\"requis(e)\">*<\/abbr><\/label> <input name=\"avia_1_2\" class=\"text_input is_empty\" type=\"text\" id=\"avia_1_2\" value=\"\" \/><\/p><p class='  first_form  form_element form_fullwidth' id='element_avia_2_2'><label for=\"avia_2_2\">E-Mail <abbr class=\"required\" title=\"requis(e)\">*<\/abbr><\/label> <input name=\"avia_2_2\" class=\"text_input is_email\" type=\"text\" id=\"avia_2_2\" value=\"\" \/><\/p><p class='  first_form  form_element form_fullwidth' id='element_avia_3_2'><label for=\"avia_3_2\">Num\u00e9ro de t\u00e9l\u00e9phone pour les demandes de renseignements <abbr class=\"required\" title=\"requis(e)\">*<\/abbr><\/label> <input name=\"avia_3_2\" class=\"text_input is_empty\" type=\"text\" id=\"avia_3_2\" value=\"\" \/><\/p><p class='  first_form  form_element form_fullwidth av-last-visible-form-element' id='element_avia_4_2'><label for=\"avia_4_2\" class=\"textare_label hidden textare_label_avia_4_2\">message <abbr class=\"required\" title=\"requis(e)\">*<\/abbr><\/label><textarea  name=\"avia_4_2\" class=\"text_area is_empty\" cols=\"40\" rows=\"7\" id=\"avia_4_2\" ><\/textarea><\/p><p class=\"hidden\"><input type=\"text\" name=\"avia_5_2\" class=\"hidden \" id=\"avia_5_2\" value=\"\" \/><\/p><p class=\"form_element \"><input type=\"hidden\" value=\"1\" name=\"avia_generated_form2\" \/><input type=\"submit\" value=\"Submit\" class=\"button\"  data-sending-label=\"Envoi\"\/><\/p><\/fieldset><\/form><div id=\"ajaxresponse_2\" class=\"ajaxresponse ajaxresponse_2 hidden\"><\/div><\/div>\n<style type=\"text\/css\" data-created_by=\"avia_inline_auto\" id=\"style-css-av-12tbn-091114c183d2d174d09a7b149926a556\">\n.flex_column.av-12tbn-091114c183d2d174d09a7b149926a556{\nborder-radius:0px 0px 0px 0px;\npadding:0px 0px 0px 0px;\n}\n<\/style>\n<div  class='flex_column av-12tbn-091114c183d2d174d09a7b149926a556 av_one_half  avia-builder-el-8  el_after_av_one_half  avia-builder-el-last  flex_column_div av-zero-column-padding  '     ><section  class='av_textblock_section av-js3anmgj-abf0f923e31eccd5f2667c49bc529273 '   itemscope=\"itemscope\" itemtype=\"https:\/\/schema.org\/CreativeWork\" ><div class='avia_textblock'  itemprop=\"text\" ><p>N\u2019h\u00e9sitez pas \u00e0 nous laisser un message pour nous dire si vous souhaitez devenir distributeur local de Kick-Point dans votre pays ou si vous aimeriez disposer de la cage de but Kick-Point pour votre prochain \u00e9v\u00e8nement.<\/p>\n<p>Nous r\u00e9pondrons \u00e0 vos questions le plus rapidement possible !<\/p>\n<p>Headquarter Germany<\/p>\n<p><strong>Kick Point GmbH Allemagne<\/strong><br \/>\nErich-K\u00e4stner-Strasse 29<br \/>\n48485 Neuenkirchen<br \/>\nAllemagne<br \/>\nTel.: +49 &#8211; (0) 5971 931 314<br \/>\nFax +49 &#8211; (0) 5971 931 315<\/p>\n<p>eMail: info@kick-point.de<br \/>\nInternet: www.kick-point.de<\/p>\n<p>G\u00e9rant d\u2019affaires: Volker Dingwerth<\/p>\n<\/div><\/section><\/div><\/p>\n","protected":false},"excerpt":{"rendered":"","protected":false},"author":12,"featured_media":0,"parent":0,"menu_order":0,"comment_status":"closed","ping_status":"closed","template":"","meta":{"footnotes":""},"class_list":["post-3523","page","type-page","status-publish","hentry"],"yoast_head":"<!-- This site is optimized with the Yoast SEO plugin v22.8 - https:\/\/yoast.com\/wordpress\/plugins\/seo\/ -->\n<title>contact<\/title>\n<meta name=\"robots\" content=\"index, follow, max-snippet:-1, max-image-preview:large, max-video-preview:-1\" \/>\n<link rel=\"canonical\" href=\"https:\/\/www.kick-point.com\/fr\/contact\/\" \/>\n<meta property=\"og:locale\" content=\"fr_FR\" \/>\n<meta property=\"og:type\" content=\"article\" \/>\n<meta property=\"og:title\" content=\"contact\" \/>\n<meta property=\"og:url\" content=\"https:\/\/www.kick-point.com\/fr\/contact\/\" \/>\n<meta property=\"og:site_name\" content=\"Kick-Point\" \/>\n<meta property=\"article:modified_time\" content=\"2025-09-29T11:30:23+00:00\" \/>\n<meta name=\"twitter:label1\" content=\"Dur\u00e9e de lecture estim\u00e9e\" \/>\n\t<meta name=\"twitter:data1\" content=\"1 minute\" \/>\n<script type=\"application\/ld+json\" class=\"yoast-schema-graph\">{\"@context\":\"https:\/\/schema.org\",\"@graph\":[{\"@type\":\"WebPage\",\"@id\":\"https:\/\/www.kick-point.com\/fr\/contact\/\",\"url\":\"https:\/\/www.kick-point.com\/fr\/contact\/\",\"name\":\"contact\",\"isPartOf\":{\"@id\":\"https:\/\/www.kick-point.com\/de\/#website\"},\"datePublished\":\"2011-03-01T13:03:58+00:00\",\"dateModified\":\"2025-09-29T11:30:23+00:00\",\"inLanguage\":\"fr-FR\",\"potentialAction\":[{\"@type\":\"ReadAction\",\"target\":[\"https:\/\/www.kick-point.com\/fr\/contact\/\"]}]},{\"@type\":\"WebSite\",\"@id\":\"https:\/\/www.kick-point.com\/de\/#website\",\"url\":\"https:\/\/www.kick-point.com\/de\/\",\"name\":\"Kick-Point\",\"description\":\"Events und Event-Module rund um das elektronische Fu\u00dfballtor\",\"potentialAction\":[{\"@type\":\"SearchAction\",\"target\":{\"@type\":\"EntryPoint\",\"urlTemplate\":\"https:\/\/www.kick-point.com\/de\/?s={search_term_string}\"},\"query-input\":\"required name=search_term_string\"}],\"inLanguage\":\"fr-FR\"}]}<\/script>\n<!-- \/ Yoast SEO plugin. -->","yoast_head_json":{"title":"contact","robots":{"index":"index","follow":"follow","max-snippet":"max-snippet:-1","max-image-preview":"max-image-preview:large","max-video-preview":"max-video-preview:-1"},"canonical":"https:\/\/www.kick-point.com\/fr\/contact\/","og_locale":"fr_FR","og_type":"article","og_title":"contact","og_url":"https:\/\/www.kick-point.com\/fr\/contact\/","og_site_name":"Kick-Point","article_modified_time":"2025-09-29T11:30:23+00:00","twitter_misc":{"Dur\u00e9e de lecture estim\u00e9e":"1 minute"},"schema":{"@context":"https:\/\/schema.org","@graph":[{"@type":"WebPage","@id":"https:\/\/www.kick-point.com\/fr\/contact\/","url":"https:\/\/www.kick-point.com\/fr\/contact\/","name":"contact","isPartOf":{"@id":"https:\/\/www.kick-point.com\/de\/#website"},"datePublished":"2011-03-01T13:03:58+00:00","dateModified":"2025-09-29T11:30:23+00:00","inLanguage":"fr-FR","potentialAction":[{"@type":"ReadAction","target":["https:\/\/www.kick-point.com\/fr\/contact\/"]}]},{"@type":"WebSite","@id":"https:\/\/www.kick-point.com\/de\/#website","url":"https:\/\/www.kick-point.com\/de\/","name":"Kick-Point","description":"Events und Event-Module rund um das elektronische Fu\u00dfballtor","potentialAction":[{"@type":"SearchAction","target":{"@type":"EntryPoint","urlTemplate":"https:\/\/www.kick-point.com\/de\/?s={search_term_string}"},"query-input":"required name=search_term_string"}],"inLanguage":"fr-FR"}]}},"_links":{"self":[{"href":"https:\/\/www.kick-point.com\/fr\/wp-json\/wp\/v2\/pages\/3523","targetHints":{"allow":["GET"]}}],"collection":[{"href":"https:\/\/www.kick-point.com\/fr\/wp-json\/wp\/v2\/pages"}],"about":[{"href":"https:\/\/www.kick-point.com\/fr\/wp-json\/wp\/v2\/types\/page"}],"author":[{"embeddable":true,"href":"https:\/\/www.kick-point.com\/fr\/wp-json\/wp\/v2\/users\/12"}],"replies":[{"embeddable":true,"href":"https:\/\/www.kick-point.com\/fr\/wp-json\/wp\/v2\/comments?post=3523"}],"version-history":[{"count":24,"href":"https:\/\/www.kick-point.com\/fr\/wp-json\/wp\/v2\/pages\/3523\/revisions"}],"predecessor-version":[{"id":86456,"href":"https:\/\/www.kick-point.com\/fr\/wp-json\/wp\/v2\/pages\/3523\/revisions\/86456"}],"wp:attachment":[{"href":"https:\/\/www.kick-point.com\/fr\/wp-json\/wp\/v2\/media?parent=3523"}],"curies":[{"name":"wp","href":"https:\/\/api.w.org\/{rel}","templated":true}]}}