{"id":3516,"date":"2012-11-07T10:56:30","date_gmt":"2012-11-07T08:56:30","guid":{"rendered":"http:\/\/s174678280.online.de\/?page_id=3516"},"modified":"2012-11-07T10:56:56","modified_gmt":"2012-11-07T08:56:56","slug":"resultats-du-jeu-en-ligne-avec-kick-point","status":"publish","type":"page","link":"https:\/\/www.kick-point.com\/fr\/resultats-du-jeu-en-ligne-avec-kick-point\/","title":{"rendered":"R\u00e9sultats du jeu en ligne avec Kick-Point"},"content":{"rendered":"<p>A l\u2019issue de l\u2019\u00e9v\u00e8nement, les informations relatives aux buts tir\u00e9s par chaque joueur peuvent \u00eatre mises en ligne et consult\u00e9es par tous les joueurs, leur permettant ainsi de r\u00e9cup\u00e9rer et de contr\u00f4ler leur classement en ligne pour v\u00e9rifier s\u2019ils sont joueur du jour, de la semaine ou du mois.<\/p>\n<p>Le nombre de visiteurs des pages d\u2019accueil peut \u00eatre consid\u00e9rablement augment\u00e9 \u00e0 l\u2019aide de cette fonction. Des comp\u00e9titions avec des prix int\u00e9ressants peuvent \u00eatre organis\u00e9es. <\/p>\n<p><img loading=\"lazy\" decoding=\"async\" src=\"\/wp-content\/uploads\/kick_point_01.jpg\" alt=\"\" title=\"kick_point_01\" width=\"550\" height=\"411\" class=\"aligncenter size-full wp-image-2973\" \/><\/p>\n","protected":false},"excerpt":{"rendered":"<p>A l\u2019issue de l\u2019\u00e9v\u00e8nement, les informations relatives aux buts tir\u00e9s par chaque joueur peuvent \u00eatre mises en ligne et consult\u00e9es par tous les joueurs, leur permettant ainsi de r\u00e9cup\u00e9rer et de contr\u00f4ler leur classement en ligne pour v\u00e9rifier s\u2019ils sont joueur du jour, de la semaine ou du mois. Le nombre de visiteurs des pages [&hellip;]<\/p>\n","protected":false},"author":12,"featured_media":0,"parent":0,"menu_order":9999,"comment_status":"closed","ping_status":"closed","template":"","meta":{"footnotes":""},"class_list":["post-3516","page","type-page","status-publish","hentry"],"yoast_head":"<!-- This site is optimized with the Yoast SEO plugin v22.8 - https:\/\/yoast.com\/wordpress\/plugins\/seo\/ -->\n<title>R\u00e9sultats du jeu en ligne avec Kick-Point<\/title>\n<meta name=\"robots\" content=\"index, follow, max-snippet:-1, max-image-preview:large, max-video-preview:-1\" \/>\n<link rel=\"canonical\" href=\"https:\/\/www.kick-point.com\/fr\/resultats-du-jeu-en-ligne-avec-kick-point\/\" \/>\n<meta property=\"og:locale\" content=\"fr_FR\" \/>\n<meta property=\"og:type\" content=\"article\" \/>\n<meta property=\"og:title\" content=\"R\u00e9sultats du jeu en ligne avec Kick-Point\" \/>\n<meta property=\"og:description\" content=\"A l\u2019issue de l\u2019\u00e9v\u00e8nement, les informations relatives aux buts tir\u00e9s par chaque joueur peuvent \u00eatre mises en ligne et consult\u00e9es par tous les joueurs, leur permettant ainsi de r\u00e9cup\u00e9rer et de contr\u00f4ler leur classement en ligne pour v\u00e9rifier s\u2019ils sont joueur du jour, de la semaine ou du mois. Le nombre de visiteurs des pages [&hellip;]\" \/>\n<meta property=\"og:url\" content=\"https:\/\/www.kick-point.com\/fr\/resultats-du-jeu-en-ligne-avec-kick-point\/\" \/>\n<meta property=\"og:site_name\" content=\"Kick-Point\" \/>\n<meta property=\"article:modified_time\" content=\"2012-11-07T08:56:56+00:00\" \/>\n<meta property=\"og:image\" content=\"https:\/\/www.kick-point.com\/wp-content\/uploads\/kick_point_01.jpg\" \/>\n<script type=\"application\/ld+json\" class=\"yoast-schema-graph\">{\"@context\":\"https:\/\/schema.org\",\"@graph\":[{\"@type\":\"WebPage\",\"@id\":\"https:\/\/www.kick-point.com\/fr\/resultats-du-jeu-en-ligne-avec-kick-point\/\",\"url\":\"https:\/\/www.kick-point.com\/fr\/resultats-du-jeu-en-ligne-avec-kick-point\/\",\"name\":\"R\u00e9sultats du jeu en ligne avec Kick-Point\",\"isPartOf\":{\"@id\":\"https:\/\/www.kick-point.com\/de\/#website\"},\"datePublished\":\"2012-11-07T08:56:30+00:00\",\"dateModified\":\"2012-11-07T08:56:56+00:00\",\"inLanguage\":\"fr-FR\",\"potentialAction\":[{\"@type\":\"ReadAction\",\"target\":[\"https:\/\/www.kick-point.com\/fr\/resultats-du-jeu-en-ligne-avec-kick-point\/\"]}]},{\"@type\":\"WebSite\",\"@id\":\"https:\/\/www.kick-point.com\/de\/#website\",\"url\":\"https:\/\/www.kick-point.com\/de\/\",\"name\":\"Kick-Point\",\"description\":\"Events und Event-Module rund um das elektronische Fu\u00dfballtor\",\"potentialAction\":[{\"@type\":\"SearchAction\",\"target\":{\"@type\":\"EntryPoint\",\"urlTemplate\":\"https:\/\/www.kick-point.com\/de\/?s={search_term_string}\"},\"query-input\":\"required name=search_term_string\"}],\"inLanguage\":\"fr-FR\"}]}<\/script>\n<!-- \/ Yoast SEO plugin. -->","yoast_head_json":{"title":"R\u00e9sultats du jeu en ligne avec Kick-Point","robots":{"index":"index","follow":"follow","max-snippet":"max-snippet:-1","max-image-preview":"max-image-preview:large","max-video-preview":"max-video-preview:-1"},"canonical":"https:\/\/www.kick-point.com\/fr\/resultats-du-jeu-en-ligne-avec-kick-point\/","og_locale":"fr_FR","og_type":"article","og_title":"R\u00e9sultats du jeu en ligne avec Kick-Point","og_description":"A l\u2019issue de l\u2019\u00e9v\u00e8nement, les informations relatives aux buts tir\u00e9s par chaque joueur peuvent \u00eatre mises en ligne et consult\u00e9es par tous les joueurs, leur permettant ainsi de r\u00e9cup\u00e9rer et de contr\u00f4ler leur classement en ligne pour v\u00e9rifier s\u2019ils sont joueur du jour, de la semaine ou du mois. Le nombre de visiteurs des pages [&hellip;]","og_url":"https:\/\/www.kick-point.com\/fr\/resultats-du-jeu-en-ligne-avec-kick-point\/","og_site_name":"Kick-Point","article_modified_time":"2012-11-07T08:56:56+00:00","og_image":[{"url":"https:\/\/www.kick-point.com\/wp-content\/uploads\/kick_point_01.jpg"}],"schema":{"@context":"https:\/\/schema.org","@graph":[{"@type":"WebPage","@id":"https:\/\/www.kick-point.com\/fr\/resultats-du-jeu-en-ligne-avec-kick-point\/","url":"https:\/\/www.kick-point.com\/fr\/resultats-du-jeu-en-ligne-avec-kick-point\/","name":"R\u00e9sultats du jeu en ligne avec Kick-Point","isPartOf":{"@id":"https:\/\/www.kick-point.com\/de\/#website"},"datePublished":"2012-11-07T08:56:30+00:00","dateModified":"2012-11-07T08:56:56+00:00","inLanguage":"fr-FR","potentialAction":[{"@type":"ReadAction","target":["https:\/\/www.kick-point.com\/fr\/resultats-du-jeu-en-ligne-avec-kick-point\/"]}]},{"@type":"WebSite","@id":"https:\/\/www.kick-point.com\/de\/#website","url":"https:\/\/www.kick-point.com\/de\/","name":"Kick-Point","description":"Events und Event-Module rund um das elektronische Fu\u00dfballtor","potentialAction":[{"@type":"SearchAction","target":{"@type":"EntryPoint","urlTemplate":"https:\/\/www.kick-point.com\/de\/?s={search_term_string}"},"query-input":"required name=search_term_string"}],"inLanguage":"fr-FR"}]}},"_links":{"self":[{"href":"https:\/\/www.kick-point.com\/fr\/wp-json\/wp\/v2\/pages\/3516","targetHints":{"allow":["GET"]}}],"collection":[{"href":"https:\/\/www.kick-point.com\/fr\/wp-json\/wp\/v2\/pages"}],"about":[{"href":"https:\/\/www.kick-point.com\/fr\/wp-json\/wp\/v2\/types\/page"}],"author":[{"embeddable":true,"href":"https:\/\/www.kick-point.com\/fr\/wp-json\/wp\/v2\/users\/12"}],"replies":[{"embeddable":true,"href":"https:\/\/www.kick-point.com\/fr\/wp-json\/wp\/v2\/comments?post=3516"}],"version-history":[{"count":0,"href":"https:\/\/www.kick-point.com\/fr\/wp-json\/wp\/v2\/pages\/3516\/revisions"}],"wp:attachment":[{"href":"https:\/\/www.kick-point.com\/fr\/wp-json\/wp\/v2\/media?parent=3516"}],"curies":[{"name":"wp","href":"https:\/\/api.w.org\/{rel}","templated":true}]}}