{"id":3498,"date":"2011-03-01T14:01:56","date_gmt":"2011-03-01T13:01:56","guid":{"rendered":"http:\/\/s174678280.online.de\/?page_id=3498"},"modified":"2016-10-14T11:09:48","modified_gmt":"2016-10-14T09:09:48","slug":"variantes-du-jeu","status":"publish","type":"page","link":"https:\/\/www.kick-point.com\/fr\/louer-la-cage-de-interactive-et-electronique-kick-point\/variantes-du-jeu\/","title":{"rendered":"Variantes du jeu"},"content":{"rendered":"<h2 style=\"text-align: center;\"><b>Le logiciel Kick-Point permet une s\u00e9lection presque infinie de variantes du jeu du tir \u00e0 points jusqu&rsquo;au tir associ\u00e9 \u00e0 un questionnaire. <\/b><\/h2>\n<div class=\"BorlabsCookie _brlbs-cb-youtube\"><div class=\"_brlbs-content-blocker\"> <div class=\"_brlbs-embed _brlbs-video-youtube\"> <img class=\"_brlbs-thumbnail\" src=\"https:\/\/www.kick-point.com\/wp-content\/plugins\/borlabs-cookie\/assets\/images\/cb-no-thumbnail.png\" alt=\"YouTube\"> <div class=\"_brlbs-caption\"> <p>Mit dem Laden des Videos akzeptieren Sie die Datenschutzerkl\u00e4rung von YouTube.<br><a href=\"https:\/\/policies.google.com\/privacy\" target=\"_blank\" rel=\"nofollow noopener noreferrer\">Mehr erfahren<\/a><\/p> <p><a class=\"_brlbs-btn _brlbs-icon-play-white\" href=\"#\" data-borlabs-cookie-unblock role=\"button\">Video laden<\/a><\/p> <p><label><input type=\"checkbox\" name=\"unblockAll\" value=\"1\" checked> <small>YouTube immer entsperren<\/small><\/label><\/p> <\/div> <\/div> <\/div><div class=\"borlabs-hide\" data-borlabs-cookie-type=\"content-blocker\" data-borlabs-cookie-id=\"youtube\"><script type=\"text\/template\">PHA+PGlmcmFtZSBsb2FkaW5nPSJsYXp5IiBzdHlsZT0iZmxvYXQ6IHJpZ2h0OyBib3JkZXItd2lkdGg6IDE1cHg7IGJvcmRlci1jb2xvcjogI0ZGRkZGRjsgYm9yZGVyLXN0eWxlOiBzb2xpZDsiIHNyYz0iaHR0cHM6Ly93d3cueW91dHViZS1ub2Nvb2tpZS5jb20vZW1iZWQvdzExTXlxcVQtSXM\/cmVsPTAiIGhlaWdodD0iNDUwIiB3aWR0aD0iNjAwIiBhbGxvd2Z1bGxzY3JlZW49IiIgZnJhbWVib3JkZXI9IjEiIGFsaWduPSJyaWdodCI+PC9pZnJhbWU+<\/script><\/div><\/div><br \/>\nChez Kick-Point, ce qui compte ce n&rsquo;est pas seulement la vitesse du tir, mais aussi l&rsquo;adresse. Vous fixer les degr\u00e9s de difficult\u00e9 par le biais du gestionnaire du jeu interactif sur l&rsquo;\u00e9cran. Faut-il atteindre de grands ou de petits objectifs? Ou bien d\u00e9sirez-vous combiner le tir avec un questionnaire? Tous les types de graphisme, logo, image, texte et question peuvent \u00eatre int\u00e9gr\u00e9s dans le gestionnaire du jeu sur le moniteur. Ici, l&rsquo;imagination n&rsquo;a pas de limites, car on peut aussi utiliser des vid\u00e9os et des clips audio dans le gestionnaire du jeu. De plus, toutes les donn\u00e9es du joueur peuvent \u00eatre transmises par \u00a0<a title=\"Mise en ligne\" href=\"https:\/\/www.kick-point.com\/fr\/louer-la-cage-de-interactive-et-electronique-kick-point\/mise-en-ligne\/\">Internet<\/a> et <a title=\"Association \u00e9v\u00e9nement et Internet\" href=\"https:\/\/www.kick-point.com\/fr\/louer-la-cage-de-interactive-et-electronique-kick-point\/mise-en-ligne\/association-evenement-et-internet\/\">partag\u00e9es avec des amis<\/a> afin de rendre la comp\u00e9tition plus interactive \u2013 apr\u00e8s le match, c&rsquo;est avant le match!<\/p>\n<p><a title=\"5x2Logos\" href=\"https:\/\/www.kick-point.com\/wp-content\/uploads\/5x2mitlogos.jpg\"><img loading=\"lazy\" decoding=\"async\" class=\"aligncenter  wp-image-66940\" title=\"5x2Logos\" alt=\"5x2Logos\" src=\"https:\/\/www.kick-point.com\/wp-content\/uploads\/5x2mitlogos.jpg\" width=\"72\" height=\"72\" \/><\/a><a href=\"https:\/\/www.kick-point.com\/wp-content\/uploads\/discount-aktion-shopping-center.jpg\"><img loading=\"lazy\" decoding=\"async\" class=\"alignleft size-thumbnail wp-image-7197\" alt=\"discount-aktion-shopping-center\" src=\"https:\/\/www.kick-point.com\/wp-content\/uploads\/discount-aktion-shopping-center-150x150.jpg\" width=\"72\" height=\"72\" \/><\/a> <a href=\"https:\/\/www.kick-point.com\/wp-content\/uploads\/fussball-promotion2.jpg\"><img loading=\"lazy\" decoding=\"async\" class=\"alignleft  wp-image-5573\" alt=\"fussball-promotion2\" src=\"https:\/\/www.kick-point.com\/wp-content\/uploads\/fussball-promotion2-150x150.jpg\" width=\"72\" height=\"72\" \/><\/a><\/p>\n","protected":false},"excerpt":{"rendered":"<p>Le logiciel Kick-Point permet une s\u00e9lection presque infinie de variantes du jeu du tir \u00e0 points jusqu&rsquo;au tir associ\u00e9 \u00e0 un questionnaire. Mit dem Laden des Videos akzeptieren Sie die Datenschutzerkl\u00e4rung von YouTube.Mehr erfahren Video laden YouTube immer entsperren Chez Kick-Point, ce qui compte ce n&rsquo;est pas seulement la vitesse du tir, mais aussi l&rsquo;adresse. [&hellip;]<\/p>\n","protected":false},"author":12,"featured_media":0,"parent":8378,"menu_order":3,"comment_status":"closed","ping_status":"closed","template":"","meta":{"footnotes":""},"class_list":["post-3498","page","type-page","status-publish","hentry"],"yoast_head":"<!-- This site is optimized with the Yoast SEO plugin v22.8 - https:\/\/yoast.com\/wordpress\/plugins\/seo\/ -->\n<title>variantes-du-jeu<\/title>\n<meta name=\"description\" content=\"Bei Kick-Point geht es nicht in erster Linie um die Schussgeschwindigkeit, sondern um Geschicklichkeit. Punkteschiessen, Logos abschie\u00dfen und Spenden schie\u00dfen.\" \/>\n<meta name=\"robots\" content=\"index, follow, max-snippet:-1, max-image-preview:large, max-video-preview:-1\" \/>\n<link rel=\"canonical\" href=\"https:\/\/www.kick-point.com\/fr\/louer-la-cage-de-interactive-et-electronique-kick-point\/variantes-du-jeu\/\" \/>\n<meta property=\"og:locale\" content=\"fr_FR\" \/>\n<meta property=\"og:type\" content=\"article\" \/>\n<meta property=\"og:title\" content=\"variantes-du-jeu\" \/>\n<meta property=\"og:description\" content=\"Bei Kick-Point geht es nicht in erster Linie um die Schussgeschwindigkeit, sondern um Geschicklichkeit. Punkteschiessen, Logos abschie\u00dfen und Spenden schie\u00dfen.\" \/>\n<meta property=\"og:url\" content=\"https:\/\/www.kick-point.com\/fr\/louer-la-cage-de-interactive-et-electronique-kick-point\/variantes-du-jeu\/\" \/>\n<meta property=\"og:site_name\" content=\"Kick-Point\" \/>\n<meta property=\"article:modified_time\" content=\"2016-10-14T09:09:48+00:00\" \/>\n<meta property=\"og:image\" content=\"https:\/\/www.kick-point.com\/wp-content\/uploads\/5x2mitlogos.jpg\" \/>\n<meta name=\"twitter:label1\" content=\"Dur\u00e9e de lecture estim\u00e9e\" \/>\n\t<meta name=\"twitter:data1\" content=\"1 minute\" \/>\n<script type=\"application\/ld+json\" class=\"yoast-schema-graph\">{\"@context\":\"https:\/\/schema.org\",\"@graph\":[{\"@type\":\"WebPage\",\"@id\":\"https:\/\/www.kick-point.com\/fr\/louer-la-cage-de-interactive-et-electronique-kick-point\/variantes-du-jeu\/\",\"url\":\"https:\/\/www.kick-point.com\/fr\/louer-la-cage-de-interactive-et-electronique-kick-point\/variantes-du-jeu\/\",\"name\":\"variantes-du-jeu\",\"isPartOf\":{\"@id\":\"https:\/\/www.kick-point.com\/de\/#website\"},\"primaryImageOfPage\":{\"@id\":\"https:\/\/www.kick-point.com\/fr\/louer-la-cage-de-interactive-et-electronique-kick-point\/variantes-du-jeu\/#primaryimage\"},\"image\":{\"@id\":\"https:\/\/www.kick-point.com\/fr\/louer-la-cage-de-interactive-et-electronique-kick-point\/variantes-du-jeu\/#primaryimage\"},\"thumbnailUrl\":\"https:\/\/www.kick-point.com\/wp-content\/uploads\/5x2mitlogos.jpg\",\"datePublished\":\"2011-03-01T13:01:56+00:00\",\"dateModified\":\"2016-10-14T09:09:48+00:00\",\"description\":\"Bei Kick-Point geht es nicht in erster Linie um die Schussgeschwindigkeit, sondern um Geschicklichkeit. Punkteschiessen, Logos abschie\u00dfen und Spenden schie\u00dfen.\",\"breadcrumb\":{\"@id\":\"https:\/\/www.kick-point.com\/fr\/louer-la-cage-de-interactive-et-electronique-kick-point\/variantes-du-jeu\/#breadcrumb\"},\"inLanguage\":\"fr-FR\",\"potentialAction\":[{\"@type\":\"ReadAction\",\"target\":[\"https:\/\/www.kick-point.com\/fr\/louer-la-cage-de-interactive-et-electronique-kick-point\/variantes-du-jeu\/\"]}]},{\"@type\":\"ImageObject\",\"inLanguage\":\"fr-FR\",\"@id\":\"https:\/\/www.kick-point.com\/fr\/louer-la-cage-de-interactive-et-electronique-kick-point\/variantes-du-jeu\/#primaryimage\",\"url\":\"https:\/\/www.kick-point.com\/wp-content\/uploads\/5x2mitlogos.jpg\",\"contentUrl\":\"https:\/\/www.kick-point.com\/wp-content\/uploads\/5x2mitlogos.jpg\"},{\"@type\":\"BreadcrumbList\",\"@id\":\"https:\/\/www.kick-point.com\/fr\/louer-la-cage-de-interactive-et-electronique-kick-point\/variantes-du-jeu\/#breadcrumb\",\"itemListElement\":[{\"@type\":\"ListItem\",\"position\":1,\"name\":\"Louer la cage de but interactive et \u00e9lectronique Kick-Point\",\"item\":\"https:\/\/www.kick-point.com\/fr\/louer-la-cage-de-interactive-et-electronique-kick-point\/\"},{\"@type\":\"ListItem\",\"position\":2,\"name\":\"Variantes du jeu\"}]},{\"@type\":\"WebSite\",\"@id\":\"https:\/\/www.kick-point.com\/de\/#website\",\"url\":\"https:\/\/www.kick-point.com\/de\/\",\"name\":\"Kick-Point\",\"description\":\"Events und Event-Module rund um das elektronische Fu\u00dfballtor\",\"potentialAction\":[{\"@type\":\"SearchAction\",\"target\":{\"@type\":\"EntryPoint\",\"urlTemplate\":\"https:\/\/www.kick-point.com\/de\/?s={search_term_string}\"},\"query-input\":\"required name=search_term_string\"}],\"inLanguage\":\"fr-FR\"}]}<\/script>\n<!-- \/ Yoast SEO plugin. -->","yoast_head_json":{"title":"variantes-du-jeu","description":"Bei Kick-Point geht es nicht in erster Linie um die Schussgeschwindigkeit, sondern um Geschicklichkeit. Punkteschiessen, Logos abschie\u00dfen und Spenden schie\u00dfen.","robots":{"index":"index","follow":"follow","max-snippet":"max-snippet:-1","max-image-preview":"max-image-preview:large","max-video-preview":"max-video-preview:-1"},"canonical":"https:\/\/www.kick-point.com\/fr\/louer-la-cage-de-interactive-et-electronique-kick-point\/variantes-du-jeu\/","og_locale":"fr_FR","og_type":"article","og_title":"variantes-du-jeu","og_description":"Bei Kick-Point geht es nicht in erster Linie um die Schussgeschwindigkeit, sondern um Geschicklichkeit. Punkteschiessen, Logos abschie\u00dfen und Spenden schie\u00dfen.","og_url":"https:\/\/www.kick-point.com\/fr\/louer-la-cage-de-interactive-et-electronique-kick-point\/variantes-du-jeu\/","og_site_name":"Kick-Point","article_modified_time":"2016-10-14T09:09:48+00:00","og_image":[{"url":"https:\/\/www.kick-point.com\/wp-content\/uploads\/5x2mitlogos.jpg"}],"twitter_misc":{"Dur\u00e9e de lecture estim\u00e9e":"1 minute"},"schema":{"@context":"https:\/\/schema.org","@graph":[{"@type":"WebPage","@id":"https:\/\/www.kick-point.com\/fr\/louer-la-cage-de-interactive-et-electronique-kick-point\/variantes-du-jeu\/","url":"https:\/\/www.kick-point.com\/fr\/louer-la-cage-de-interactive-et-electronique-kick-point\/variantes-du-jeu\/","name":"variantes-du-jeu","isPartOf":{"@id":"https:\/\/www.kick-point.com\/de\/#website"},"primaryImageOfPage":{"@id":"https:\/\/www.kick-point.com\/fr\/louer-la-cage-de-interactive-et-electronique-kick-point\/variantes-du-jeu\/#primaryimage"},"image":{"@id":"https:\/\/www.kick-point.com\/fr\/louer-la-cage-de-interactive-et-electronique-kick-point\/variantes-du-jeu\/#primaryimage"},"thumbnailUrl":"https:\/\/www.kick-point.com\/wp-content\/uploads\/5x2mitlogos.jpg","datePublished":"2011-03-01T13:01:56+00:00","dateModified":"2016-10-14T09:09:48+00:00","description":"Bei Kick-Point geht es nicht in erster Linie um die Schussgeschwindigkeit, sondern um Geschicklichkeit. Punkteschiessen, Logos abschie\u00dfen und Spenden schie\u00dfen.","breadcrumb":{"@id":"https:\/\/www.kick-point.com\/fr\/louer-la-cage-de-interactive-et-electronique-kick-point\/variantes-du-jeu\/#breadcrumb"},"inLanguage":"fr-FR","potentialAction":[{"@type":"ReadAction","target":["https:\/\/www.kick-point.com\/fr\/louer-la-cage-de-interactive-et-electronique-kick-point\/variantes-du-jeu\/"]}]},{"@type":"ImageObject","inLanguage":"fr-FR","@id":"https:\/\/www.kick-point.com\/fr\/louer-la-cage-de-interactive-et-electronique-kick-point\/variantes-du-jeu\/#primaryimage","url":"https:\/\/www.kick-point.com\/wp-content\/uploads\/5x2mitlogos.jpg","contentUrl":"https:\/\/www.kick-point.com\/wp-content\/uploads\/5x2mitlogos.jpg"},{"@type":"BreadcrumbList","@id":"https:\/\/www.kick-point.com\/fr\/louer-la-cage-de-interactive-et-electronique-kick-point\/variantes-du-jeu\/#breadcrumb","itemListElement":[{"@type":"ListItem","position":1,"name":"Louer la cage de but interactive et \u00e9lectronique Kick-Point","item":"https:\/\/www.kick-point.com\/fr\/louer-la-cage-de-interactive-et-electronique-kick-point\/"},{"@type":"ListItem","position":2,"name":"Variantes du jeu"}]},{"@type":"WebSite","@id":"https:\/\/www.kick-point.com\/de\/#website","url":"https:\/\/www.kick-point.com\/de\/","name":"Kick-Point","description":"Events und Event-Module rund um das elektronische Fu\u00dfballtor","potentialAction":[{"@type":"SearchAction","target":{"@type":"EntryPoint","urlTemplate":"https:\/\/www.kick-point.com\/de\/?s={search_term_string}"},"query-input":"required name=search_term_string"}],"inLanguage":"fr-FR"}]}},"_links":{"self":[{"href":"https:\/\/www.kick-point.com\/fr\/wp-json\/wp\/v2\/pages\/3498","targetHints":{"allow":["GET"]}}],"collection":[{"href":"https:\/\/www.kick-point.com\/fr\/wp-json\/wp\/v2\/pages"}],"about":[{"href":"https:\/\/www.kick-point.com\/fr\/wp-json\/wp\/v2\/types\/page"}],"author":[{"embeddable":true,"href":"https:\/\/www.kick-point.com\/fr\/wp-json\/wp\/v2\/users\/12"}],"replies":[{"embeddable":true,"href":"https:\/\/www.kick-point.com\/fr\/wp-json\/wp\/v2\/comments?post=3498"}],"version-history":[{"count":21,"href":"https:\/\/www.kick-point.com\/fr\/wp-json\/wp\/v2\/pages\/3498\/revisions"}],"predecessor-version":[{"id":67077,"href":"https:\/\/www.kick-point.com\/fr\/wp-json\/wp\/v2\/pages\/3498\/revisions\/67077"}],"up":[{"embeddable":true,"href":"https:\/\/www.kick-point.com\/fr\/wp-json\/wp\/v2\/pages\/8378"}],"wp:attachment":[{"href":"https:\/\/www.kick-point.com\/fr\/wp-json\/wp\/v2\/media?parent=3498"}],"curies":[{"name":"wp","href":"https:\/\/api.w.org\/{rel}","templated":true}]}}