{"id":3487,"date":"2012-11-06T17:30:04","date_gmt":"2012-11-06T15:30:04","guid":{"rendered":"http:\/\/s174678280.online.de\/?page_id=3487"},"modified":"2016-10-14T10:21:20","modified_gmt":"2016-10-14T08:21:20","slug":"variantes-de-kick-point","status":"publish","type":"page","link":"https:\/\/www.kick-point.com\/fr\/louer-la-cage-de-interactive-et-electronique-kick-point\/variantes-de-kick-point\/","title":{"rendered":"Dimensions des buts"},"content":{"rendered":"<h2 style=\"text-align: center;\" align=\"center\">\u00a0La cage de but interactive Kick-Point existe en 5 dimensions<\/h2>\n<p><img loading=\"lazy\" decoding=\"async\" class=\"alignright size-full wp-image-82408\" alt=\"AWD Promotion Tour\" src=\"https:\/\/www.kick-point.com\/wp-content\/uploads\/AWD-Promotion-Tour.jpg\" width=\"600\" height=\"400\" \/><\/p>\n<p>Pour tout site et toute occasion, \u00e0 l&rsquo;int\u00e9rieur comme \u00e0 l&rsquo;ext\u00e9rieur: les diff\u00e9rentes dimensions de but Kick-Point et leur modulation de montage proposent toujours une solution adapt\u00e9e.<\/p>\n<p>Choisissez en fonction de la dimension de l&#8217;emplacement et de l&rsquo;utilisation la cage de but adapt\u00e9e parmi les dimensions de nos cages de but interactives ci-dessous:<\/p>\n<ul>\n<li><a title=\"5 x 2 m\" href=\"https:\/\/www.kick-point.com\/fr\/louer-la-cage-de-interactive-et-electronique-kick-point\/variantes-de-kick-point\/5-x-2-m\/\"><span style=\"color: #000000;\">Grande cage de but 5&#215;2 m<\/span><\/a><\/li>\n<li><a title=\"4 x 2 m\" href=\"https:\/\/www.kick-point.com\/fr\/louer-la-cage-de-interactive-et-electronique-kick-point\/variantes-de-kick-point\/4-x-2-m\/\"><span style=\"color: #000000;\">Grande cage de but 4&#215;2 m<\/span><\/a><\/li>\n<li><a title=\"3 x 2 m\" href=\"https:\/\/www.kick-point.com\/fr\/louer-la-cage-de-interactive-et-electronique-kick-point\/variantes-de-kick-point\/8434-2\/\"><span style=\"color: #000000;\">Grande cage de but 3&#215;2 m<\/span><\/a><\/li>\n<li><a title=\"1,8 x 1,2 m\" href=\"https:\/\/www.kick-point.com\/fr\/louer-la-cage-de-interactive-et-electronique-kick-point\/variantes-de-kick-point\/18-x-12-m\/\"><span style=\"color: #000000;\">Grande cage de but 1,8&#215;1,2 m<\/span><\/a><\/li>\n<li><a title=\"1,2 x 0,8 m\" href=\"https:\/\/www.kick-point.com\/fr\/louer-la-cage-de-interactive-et-electronique-kick-point\/variantes-de-kick-point\/12-x-08-m\/\"><span style=\"color: #000000;\">Grande cage de but 1,2&#215;0,8 m<\/span><\/a><\/li>\n<\/ul>\n<p>&nbsp;<\/p>\n<p>&nbsp;<\/p>\n<p>&nbsp;<\/p>\n<p>&nbsp;<br \/>\n<a href=\"https:\/\/www.kick-point.com\/wp-content\/uploads\/12x081.png\"><img loading=\"lazy\" decoding=\"async\" class=\"alignleft size-thumbnail wp-image-7438\" alt=\"12x08\" src=\"https:\/\/www.kick-point.com\/wp-content\/uploads\/\/12x081-150x150.png\" width=\"72\" height=\"72\" \/><\/a><a href=\"https:\/\/www.kick-point.com\/wp-content\/uploads\/18x121.png\"><img loading=\"lazy\" decoding=\"async\" class=\"alignleft size-thumbnail wp-image-7443\" alt=\"18x12\" src=\"https:\/\/www.kick-point.com\/wp-content\/uploads\/\/18x121-150x150.png\" width=\"72\" height=\"72\" \/><\/a><a href=\"https:\/\/www.kick-point.com\/wp-content\/uploads\/3x21.png\"><img loading=\"lazy\" decoding=\"async\" class=\"alignleft size-thumbnail wp-image-7423\" alt=\"3x2\" src=\"https:\/\/www.kick-point.com\/wp-content\/uploads\/\/3x21-150x150.png\" width=\"72\" height=\"72\" \/><\/a><a href=\"https:\/\/www.kick-point.com\/wp-content\/uploads\/4x2.png\"><img loading=\"lazy\" decoding=\"async\" class=\"alignleft size-thumbnail wp-image-7428\" alt=\"4x2\" src=\"https:\/\/www.kick-point.com\/wp-content\/uploads\/\/4x2-150x150.png\" width=\"72\" height=\"72\" \/><\/a><a href=\"https:\/\/www.kick-point.com\/wp-content\/uploads\/5x2.png\"><img loading=\"lazy\" decoding=\"async\" class=\"alignleft size-thumbnail wp-image-7433\" alt=\"5x2\" src=\"https:\/\/www.kick-point.com\/wp-content\/uploads\/\/5x2-150x150.png\" width=\"72\" height=\"72\" \/><\/a><\/p>\n","protected":false},"excerpt":{"rendered":"<p>\u00a0La cage de but interactive Kick-Point existe en 5 dimensions Pour tout site et toute occasion, \u00e0 l&rsquo;int\u00e9rieur comme \u00e0 l&rsquo;ext\u00e9rieur: les diff\u00e9rentes dimensions de but Kick-Point et leur modulation de montage proposent toujours une solution adapt\u00e9e. Choisissez en fonction de la dimension de l&#8217;emplacement et de l&rsquo;utilisation la cage de but adapt\u00e9e parmi les [&hellip;]<\/p>\n","protected":false},"author":12,"featured_media":0,"parent":8378,"menu_order":2,"comment_status":"closed","ping_status":"closed","template":"","meta":{"footnotes":""},"class_list":["post-3487","page","type-page","status-publish","hentry"],"yoast_head":"<!-- This site is optimized with the Yoast SEO plugin v22.8 - https:\/\/yoast.com\/wordpress\/plugins\/seo\/ -->\n<title>Dimensions des buts<\/title>\n<meta name=\"robots\" content=\"index, follow, max-snippet:-1, max-image-preview:large, max-video-preview:-1\" \/>\n<link rel=\"canonical\" href=\"https:\/\/www.kick-point.com\/fr\/louer-la-cage-de-interactive-et-electronique-kick-point\/variantes-de-kick-point\/\" \/>\n<meta property=\"og:locale\" content=\"fr_FR\" \/>\n<meta property=\"og:type\" content=\"article\" \/>\n<meta property=\"og:title\" content=\"Dimensions des buts\" \/>\n<meta property=\"og:description\" content=\"\u00a0La cage de but interactive Kick-Point existe en 5 dimensions Pour tout site et toute occasion, \u00e0 l&rsquo;int\u00e9rieur comme \u00e0 l&rsquo;ext\u00e9rieur: les diff\u00e9rentes dimensions de but Kick-Point et leur modulation de montage proposent toujours une solution adapt\u00e9e. Choisissez en fonction de la dimension de l&#8217;emplacement et de l&rsquo;utilisation la cage de but adapt\u00e9e parmi les [&hellip;]\" \/>\n<meta property=\"og:url\" content=\"https:\/\/www.kick-point.com\/fr\/louer-la-cage-de-interactive-et-electronique-kick-point\/variantes-de-kick-point\/\" \/>\n<meta property=\"og:site_name\" content=\"Kick-Point\" \/>\n<meta property=\"article:modified_time\" content=\"2016-10-14T08:21:20+00:00\" \/>\n<meta property=\"og:image\" content=\"https:\/\/www.kick-point.com\/wp-content\/uploads\/AWD-Promotion-Tour.jpg\" \/>\n<script type=\"application\/ld+json\" class=\"yoast-schema-graph\">{\"@context\":\"https:\/\/schema.org\",\"@graph\":[{\"@type\":\"WebPage\",\"@id\":\"https:\/\/www.kick-point.com\/fr\/louer-la-cage-de-interactive-et-electronique-kick-point\/variantes-de-kick-point\/\",\"url\":\"https:\/\/www.kick-point.com\/fr\/louer-la-cage-de-interactive-et-electronique-kick-point\/variantes-de-kick-point\/\",\"name\":\"Dimensions des buts\",\"isPartOf\":{\"@id\":\"https:\/\/www.kick-point.com\/de\/#website\"},\"primaryImageOfPage\":{\"@id\":\"https:\/\/www.kick-point.com\/fr\/louer-la-cage-de-interactive-et-electronique-kick-point\/variantes-de-kick-point\/#primaryimage\"},\"image\":{\"@id\":\"https:\/\/www.kick-point.com\/fr\/louer-la-cage-de-interactive-et-electronique-kick-point\/variantes-de-kick-point\/#primaryimage\"},\"thumbnailUrl\":\"https:\/\/www.kick-point.com\/wp-content\/uploads\/AWD-Promotion-Tour.jpg\",\"datePublished\":\"2012-11-06T15:30:04+00:00\",\"dateModified\":\"2016-10-14T08:21:20+00:00\",\"breadcrumb\":{\"@id\":\"https:\/\/www.kick-point.com\/fr\/louer-la-cage-de-interactive-et-electronique-kick-point\/variantes-de-kick-point\/#breadcrumb\"},\"inLanguage\":\"fr-FR\",\"potentialAction\":[{\"@type\":\"ReadAction\",\"target\":[\"https:\/\/www.kick-point.com\/fr\/louer-la-cage-de-interactive-et-electronique-kick-point\/variantes-de-kick-point\/\"]}]},{\"@type\":\"ImageObject\",\"inLanguage\":\"fr-FR\",\"@id\":\"https:\/\/www.kick-point.com\/fr\/louer-la-cage-de-interactive-et-electronique-kick-point\/variantes-de-kick-point\/#primaryimage\",\"url\":\"https:\/\/www.kick-point.com\/wp-content\/uploads\/AWD-Promotion-Tour.jpg\",\"contentUrl\":\"https:\/\/www.kick-point.com\/wp-content\/uploads\/AWD-Promotion-Tour.jpg\"},{\"@type\":\"BreadcrumbList\",\"@id\":\"https:\/\/www.kick-point.com\/fr\/louer-la-cage-de-interactive-et-electronique-kick-point\/variantes-de-kick-point\/#breadcrumb\",\"itemListElement\":[{\"@type\":\"ListItem\",\"position\":1,\"name\":\"Louer la cage de but interactive et \u00e9lectronique Kick-Point\",\"item\":\"https:\/\/www.kick-point.com\/fr\/louer-la-cage-de-interactive-et-electronique-kick-point\/\"},{\"@type\":\"ListItem\",\"position\":2,\"name\":\"Dimensions des buts\"}]},{\"@type\":\"WebSite\",\"@id\":\"https:\/\/www.kick-point.com\/de\/#website\",\"url\":\"https:\/\/www.kick-point.com\/de\/\",\"name\":\"Kick-Point\",\"description\":\"Events und Event-Module rund um das elektronische Fu\u00dfballtor\",\"potentialAction\":[{\"@type\":\"SearchAction\",\"target\":{\"@type\":\"EntryPoint\",\"urlTemplate\":\"https:\/\/www.kick-point.com\/de\/?s={search_term_string}\"},\"query-input\":\"required name=search_term_string\"}],\"inLanguage\":\"fr-FR\"}]}<\/script>\n<!-- \/ Yoast SEO plugin. -->","yoast_head_json":{"title":"Dimensions des buts","robots":{"index":"index","follow":"follow","max-snippet":"max-snippet:-1","max-image-preview":"max-image-preview:large","max-video-preview":"max-video-preview:-1"},"canonical":"https:\/\/www.kick-point.com\/fr\/louer-la-cage-de-interactive-et-electronique-kick-point\/variantes-de-kick-point\/","og_locale":"fr_FR","og_type":"article","og_title":"Dimensions des buts","og_description":"\u00a0La cage de but interactive Kick-Point existe en 5 dimensions Pour tout site et toute occasion, \u00e0 l&rsquo;int\u00e9rieur comme \u00e0 l&rsquo;ext\u00e9rieur: les diff\u00e9rentes dimensions de but Kick-Point et leur modulation de montage proposent toujours une solution adapt\u00e9e. Choisissez en fonction de la dimension de l&#8217;emplacement et de l&rsquo;utilisation la cage de but adapt\u00e9e parmi les [&hellip;]","og_url":"https:\/\/www.kick-point.com\/fr\/louer-la-cage-de-interactive-et-electronique-kick-point\/variantes-de-kick-point\/","og_site_name":"Kick-Point","article_modified_time":"2016-10-14T08:21:20+00:00","og_image":[{"url":"https:\/\/www.kick-point.com\/wp-content\/uploads\/AWD-Promotion-Tour.jpg"}],"schema":{"@context":"https:\/\/schema.org","@graph":[{"@type":"WebPage","@id":"https:\/\/www.kick-point.com\/fr\/louer-la-cage-de-interactive-et-electronique-kick-point\/variantes-de-kick-point\/","url":"https:\/\/www.kick-point.com\/fr\/louer-la-cage-de-interactive-et-electronique-kick-point\/variantes-de-kick-point\/","name":"Dimensions des buts","isPartOf":{"@id":"https:\/\/www.kick-point.com\/de\/#website"},"primaryImageOfPage":{"@id":"https:\/\/www.kick-point.com\/fr\/louer-la-cage-de-interactive-et-electronique-kick-point\/variantes-de-kick-point\/#primaryimage"},"image":{"@id":"https:\/\/www.kick-point.com\/fr\/louer-la-cage-de-interactive-et-electronique-kick-point\/variantes-de-kick-point\/#primaryimage"},"thumbnailUrl":"https:\/\/www.kick-point.com\/wp-content\/uploads\/AWD-Promotion-Tour.jpg","datePublished":"2012-11-06T15:30:04+00:00","dateModified":"2016-10-14T08:21:20+00:00","breadcrumb":{"@id":"https:\/\/www.kick-point.com\/fr\/louer-la-cage-de-interactive-et-electronique-kick-point\/variantes-de-kick-point\/#breadcrumb"},"inLanguage":"fr-FR","potentialAction":[{"@type":"ReadAction","target":["https:\/\/www.kick-point.com\/fr\/louer-la-cage-de-interactive-et-electronique-kick-point\/variantes-de-kick-point\/"]}]},{"@type":"ImageObject","inLanguage":"fr-FR","@id":"https:\/\/www.kick-point.com\/fr\/louer-la-cage-de-interactive-et-electronique-kick-point\/variantes-de-kick-point\/#primaryimage","url":"https:\/\/www.kick-point.com\/wp-content\/uploads\/AWD-Promotion-Tour.jpg","contentUrl":"https:\/\/www.kick-point.com\/wp-content\/uploads\/AWD-Promotion-Tour.jpg"},{"@type":"BreadcrumbList","@id":"https:\/\/www.kick-point.com\/fr\/louer-la-cage-de-interactive-et-electronique-kick-point\/variantes-de-kick-point\/#breadcrumb","itemListElement":[{"@type":"ListItem","position":1,"name":"Louer la cage de but interactive et \u00e9lectronique Kick-Point","item":"https:\/\/www.kick-point.com\/fr\/louer-la-cage-de-interactive-et-electronique-kick-point\/"},{"@type":"ListItem","position":2,"name":"Dimensions des buts"}]},{"@type":"WebSite","@id":"https:\/\/www.kick-point.com\/de\/#website","url":"https:\/\/www.kick-point.com\/de\/","name":"Kick-Point","description":"Events und Event-Module rund um das elektronische Fu\u00dfballtor","potentialAction":[{"@type":"SearchAction","target":{"@type":"EntryPoint","urlTemplate":"https:\/\/www.kick-point.com\/de\/?s={search_term_string}"},"query-input":"required name=search_term_string"}],"inLanguage":"fr-FR"}]}},"_links":{"self":[{"href":"https:\/\/www.kick-point.com\/fr\/wp-json\/wp\/v2\/pages\/3487","targetHints":{"allow":["GET"]}}],"collection":[{"href":"https:\/\/www.kick-point.com\/fr\/wp-json\/wp\/v2\/pages"}],"about":[{"href":"https:\/\/www.kick-point.com\/fr\/wp-json\/wp\/v2\/types\/page"}],"author":[{"embeddable":true,"href":"https:\/\/www.kick-point.com\/fr\/wp-json\/wp\/v2\/users\/12"}],"replies":[{"embeddable":true,"href":"https:\/\/www.kick-point.com\/fr\/wp-json\/wp\/v2\/comments?post=3487"}],"version-history":[{"count":10,"href":"https:\/\/www.kick-point.com\/fr\/wp-json\/wp\/v2\/pages\/3487\/revisions"}],"predecessor-version":[{"id":67047,"href":"https:\/\/www.kick-point.com\/fr\/wp-json\/wp\/v2\/pages\/3487\/revisions\/67047"}],"up":[{"embeddable":true,"href":"https:\/\/www.kick-point.com\/fr\/wp-json\/wp\/v2\/pages\/8378"}],"wp:attachment":[{"href":"https:\/\/www.kick-point.com\/fr\/wp-json\/wp\/v2\/media?parent=3487"}],"curies":[{"name":"wp","href":"https:\/\/api.w.org\/{rel}","templated":true}]}}