{"id":3478,"date":"2012-11-06T17:16:15","date_gmt":"2012-11-06T15:16:15","guid":{"rendered":"http:\/\/s174678280.online.de\/?page_id=3478"},"modified":"2025-09-29T13:19:31","modified_gmt":"2025-09-29T11:19:31","slug":"3478-2","status":"publish","type":"page","link":"https:\/\/www.kick-point.com\/fr\/","title":{"rendered":"Football \u00e9v\u00e9nements et modules"},"content":{"rendered":"<div class=\"avia-video av-kt47eqy7-e86386fb086311966ec69b03a15044a3 avia-video-16-9 av-no-preview-image avia-video-load-always avia-video-html5\" style=\"\" itemprop=\"video\" itemtype=\"https:\/\/schema.org\/VideoObject\" data-original_url=\"https:\/\/www.kick-point.com\/wp-content\/uploads\/KP_Promo_converted.mp4\"><video class='avia_video'    preload=\"auto\"  controls id='player_3478_400792269_1779460162'><source src='https:\/\/www.kick-point.com\/wp-content\/uploads\/KP_Promo_converted.mp4' type='video\/mp4' \/><\/video><\/div>\n\n<style type=\"text\/css\" data-created_by=\"avia_inline_auto\" id=\"style-css-av-7xoi0-fc4328311b93570a054f257e8a18f80a\">\n.flex_column.av-7xoi0-fc4328311b93570a054f257e8a18f80a{\nborder-radius:0px 0px 0px 0px;\npadding:0px 0px 0px 0px;\n}\n<\/style>\n<div  class='flex_column av-7xoi0-fc4328311b93570a054f257e8a18f80a av_one_third  avia-builder-el-1  el_after_av_video  el_before_av_one_third  first flex_column_div av-zero-column-padding  '     ><section  class='av_textblock_section av-jrgd2psx-4a26c11994822e5c80326200872d1a1f '   itemscope=\"itemscope\" itemtype=\"https:\/\/schema.org\/CreativeWork\" ><div class='avia_textblock'  itemprop=\"text\" ><p>En tant qu&rsquo;agence \u00e9v\u00e9nementielle et de promotion ayant son si\u00e8ge social en Allemagne, la soci\u00e9t\u00e9 Kick-Point GmbH s&rsquo;est enti\u00e8rement concentr\u00e9e depuis 2002 sur le sport populaire num\u00e9ro 1 \u2013 le football -. De la concep\u00adtion d&rsquo;un \u00e9v\u00e9nement footballistique complet jusqu&rsquo;\u00e0 la location de tous les modules du football en passant par la cr\u00e9ation et l&rsquo;ex\u00e9cution de road\u00adshows nationaux et internationaux sur le th\u00e8me du football, l&rsquo;\u00e9quipe Kick-Point vous propose le concept adapt\u00e9 au th\u00e8me du football.<\/p>\n<\/div><\/section><\/div>\n\n<style type=\"text\/css\" data-created_by=\"avia_inline_auto\" id=\"style-css-av-7go5k-3292e816e228b37ebde44d75d1ed4bdd\">\n.flex_column.av-7go5k-3292e816e228b37ebde44d75d1ed4bdd{\nborder-radius:0px 0px 0px 0px;\npadding:0px 0px 0px 0px;\n}\n<\/style>\n<div  class='flex_column av-7go5k-3292e816e228b37ebde44d75d1ed4bdd av_one_third  avia-builder-el-3  el_after_av_one_third  el_before_av_one_third  flex_column_div av-zero-column-padding  '     ><section  class='av_textblock_section av-jrgd2psx-4a26c11994822e5c80326200872d1a1f '   itemscope=\"itemscope\" itemtype=\"https:\/\/schema.org\/CreativeWork\" ><div class='avia_textblock'  itemprop=\"text\" ><p>La soci\u00e9t\u00e9 Kick-Point GmbH est active dans plus de 25 pays et sa part du chiffre d&rsquo;affaires \u00e0 l&rsquo;exportation est de plus de 50%. Le succ\u00e8s international de la soci\u00e9t\u00e9 Kick-Point GmbH r\u00e9side et a r\u00e9sid\u00e9 dans le d\u00e9veloppement de la cage de but \u00e9lectronique et interactive Kick-Point. La cage de but interactive Kick-Point a \u00e9t\u00e9 brevet\u00e9e en 2005.<\/p>\n<\/div><\/section><\/div>\n\n<style type=\"text\/css\" data-created_by=\"avia_inline_auto\" id=\"style-css-av-px5uf3-62b27effb396c3ef81fc764963c808bd\">\n.flex_column.av-px5uf3-62b27effb396c3ef81fc764963c808bd{\nborder-radius:0px 0px 0px 0px;\npadding:0px 0px 0px 0px;\n}\n<\/style>\n<div  class='flex_column av-px5uf3-62b27effb396c3ef81fc764963c808bd av_one_third  avia-builder-el-5  el_after_av_one_third  el_before_av_masonry_gallery  avia-builder-el-last  flex_column_div av-zero-column-padding  '     ><p>\n<style type=\"text\/css\" data-created_by=\"avia_inline_auto\" id=\"style-css-av-av_heading-2663bf1b225a40d0861b685cece69144\">\n#top .av-special-heading.av-av_heading-2663bf1b225a40d0861b685cece69144{\npadding-bottom:10px;\n}\nbody .av-special-heading.av-av_heading-2663bf1b225a40d0861b685cece69144 .av-special-heading-tag .heading-char{\nfont-size:25px;\n}\n.av-special-heading.av-av_heading-2663bf1b225a40d0861b685cece69144 .av-subheading{\nfont-size:15px;\n}\n<\/style>\n<div  class='av-special-heading av-av_heading-2663bf1b225a40d0861b685cece69144 av-special-heading-h3  avia-builder-el-6  el_before_av_iconlist  avia-builder-el-first '><h3 class='av-special-heading-tag'  itemprop=\"headline\"  >Nous sommes l\u00e0 pour vous:<\/h3><div class=\"special-heading-border\"><div class=\"special-heading-inner-border\"><\/div><\/div><\/div><br \/>\n\n<style type=\"text\/css\" data-created_by=\"avia_inline_auto\" id=\"style-css-av-jqqg0k3p-235614784115cfd242d6631396bcda91\">\n#top .avia-icon-list-container.av-jqqg0k3p-235614784115cfd242d6631396bcda91 .iconlist_icon{\nbackground-color:#83a846;\n}\n#top #wrap_all .avia-icon-list-container.av-jqqg0k3p-235614784115cfd242d6631396bcda91 .av_iconlist_title{\nfont-size:18px;\n}\n<\/style>\n<div  class='avia-icon-list-container av-jqqg0k3p-235614784115cfd242d6631396bcda91  avia-builder-el-7  el_after_av_heading  avia-builder-el-last '><ul class='avia-icon-list avia_animate_when_almost_visible avia-icon-list-right av-iconlist-big av-jqqg0k3p-235614784115cfd242d6631396bcda91 avia-iconlist-animate'>\n<li><a href='tel:+499123456789' title='par t\u00e9l\u00e9phone' target=\"_blank\" rel=\"noopener noreferrer\" class='iconlist_icon av-av_iconlist_item-de537febaeede2f678a07d759dd8f437 avia-font-entypo-fontello'><span class='iconlist-char' aria-hidden='true' data-av_icon='\ue854' data-av_iconfont='entypo-fontello'><\/span><\/a><article class=\"article-icon-entry \"  itemscope=\"itemscope\" itemtype=\"https:\/\/schema.org\/CreativeWork\" ><div class=\"iconlist_content_wrap\"><header class=\"entry-content-header\"><h4 class='av_iconlist_title iconlist_title  '  itemprop=\"headline\" ><a href='tel:+499123456789' title='par t\u00e9l\u00e9phone' target=\"_blank\" rel=\"noopener noreferrer\">par t\u00e9l\u00e9phone<\/a><\/h4><\/header><div class='iconlist_content '  itemprop=\"text\" ><p><a href=\"tel:+4959738270010\">+49 (0) 5973 \/ 827 0010<\/a><\/p>\n<\/div><\/div><footer class=\"entry-footer\"><\/footer><\/article><div class=\"iconlist-timeline\"><\/div><\/li>\n<li><a href='mailto:info@kick-point.de?subject=Anfrage%3A%20Fu\u00dfballmodule&amp;body=Sehr%20geehrte%20Damen%20und%20Herren%2C%0A%0Abitten%20senden%20Sie%20mir%20ein%20unverbindliches%20Angebot%20f%C3%BCr%20folgende%20Module:%0AVeranstaltungsdatum%3A%0AVeranstaltungsort%3A' title='par email'  class='iconlist_icon av-av_iconlist_item-7e4833438b31edbd54d9934fdaf7de08 avia-font-entypo-fontello'><span class='iconlist-char' aria-hidden='true' data-av_icon='\ue805' data-av_iconfont='entypo-fontello'><\/span><\/a><article class=\"article-icon-entry \"  itemscope=\"itemscope\" itemtype=\"https:\/\/schema.org\/CreativeWork\" ><div class=\"iconlist_content_wrap\"><header class=\"entry-content-header\"><h4 class='av_iconlist_title iconlist_title  '  itemprop=\"headline\" ><a href='mailto:info@kick-point.de?subject=Anfrage%3A%20Fu\u00dfballmodule&amp;body=Sehr%20geehrte%20Damen%20und%20Herren%2C%0A%0Abitten%20senden%20Sie%20mir%20ein%20unverbindliches%20Angebot%20f%C3%BCr%20folgende%20Module:%0AVeranstaltungsdatum%3A%0AVeranstaltungsort%3A' title='par email'>par email<\/a><\/h4><\/header><div class='iconlist_content '  itemprop=\"text\" ><p><span class=\"tlid-translation translation\"><span class=\"\" title=\"\">ou envoyez-nous un e-mail \u00e0:<\/span><\/span> <a href=\"http:\/\/info@kick-point.de?subject=Anfrage%3A%20Fu\u00dfballmodule&amp;body=Sehr%20geehrte%20Damen%20und%20Herren%2C%0A%0Abitten%20senden%20Sie%20mir%20ein%20unverbindliches%20Angebot%20f%C3%BCr%20folgende%20Module:%0AVeranstaltungsdatum%3A%0AVeranstaltungsort%3A\">info@kick-point.de<\/a><\/p>\n<\/div><\/div><footer class=\"entry-footer\"><\/footer><\/article><div class=\"iconlist-timeline\"><\/div><\/li>\n<\/ul><\/div><\/p><\/div>\n<div id='av-masonry-1' class='av-masonry av-jr9a3ekr-061f1eef4c905a931c52c30fbe39fe2a noHover av-fixed-size av-large-gap av-hover-overlay-active av-masonry-animation-active av-masonry-col-4 av-caption-on-hover av-caption-style- av-masonry-gallery ' data-post_id=\"3478\"><div class=\"av-masonry-container isotope av-js-disabled\"><div class='av-masonry-entry isotope-item av-masonry-item-no-image '><\/div><div id='av-masonry-1-item-73241' data-av-masonry-item='73241' class='av-masonry-entry isotope-item post-73241 attachment type-attachment status-inherit hentry  av-masonry-item-with-image'    itemprop=\"thumbnailUrl\" ><div class='av-inner-masonry-sizer'><\/div><figure class='av-inner-masonry main_color'><div class=\"av-masonry-outerimage-container\"><div class='av-masonry-image-container' style=\"background-image: url(https:\/\/www.kick-point.com\/wp-content\/uploads\/interaktives-Fu\u00dfballtor023-705x529.jpg);\"  title=\"Sch\u00f6nerWohnen Polarweiss\"   alt=\"kunstrasen mieten\" ><\/div><\/div><figcaption class='av-inner-masonry-content site-background'><div class='av-inner-masonry-content-pos'><div class='av-inner-masonry-content-pos-content'><div class='avia-arrow'><\/div><h3 class='av-masonry-entry-title entry-title '  itemprop=\"headline\" >Sch\u00f6nerWohnen Polarweiss<\/h3><div class='av-masonry-entry-content entry-content'  itemprop=\"text\" >Kick-Point<\/div><\/div><\/div><\/figcaption><\/figure><\/div><!--end av-masonry entry--><div id='av-masonry-1-item-73693' data-av-masonry-item='73693' class='av-masonry-entry isotope-item post-73693 attachment type-attachment status-inherit hentry  av-masonry-item-with-image'    itemprop=\"thumbnailUrl\" ><div class='av-inner-masonry-sizer'><\/div><figure class='av-inner-masonry main_color'><div class=\"av-masonry-outerimage-container\"><div class='av-masonry-image-container' style=\"background-image: url(https:\/\/www.kick-point.com\/wp-content\/uploads\/Speed-Kick-mit-Traverse-3-705x397.jpg);\"  title=\"telecolumbus\"  ><\/div><\/div><figcaption class='av-inner-masonry-content site-background'><div class='av-inner-masonry-content-pos'><div class='av-inner-masonry-content-pos-content'><div class='avia-arrow'><\/div><h3 class='av-masonry-entry-title entry-title '  itemprop=\"headline\" >telecolumbus<\/h3><div class='av-masonry-entry-content entry-content'  itemprop=\"text\" >Speed-Kick - mide la velocidad de disparo<\/div><\/div><\/div><\/figcaption><\/figure><\/div><!--end av-masonry entry--><div id='av-masonry-1-item-68711' data-av-masonry-item='68711' class='av-masonry-entry isotope-item post-68711 attachment type-attachment status-inherit hentry  av-masonry-item-with-image'    itemprop=\"thumbnailUrl\" ><div class='av-inner-masonry-sizer'><\/div><figure class='av-inner-masonry main_color'><div class=\"av-masonry-outerimage-container\"><div class='av-masonry-image-container' style=\"background-image: url(https:\/\/www.kick-point.com\/wp-content\/uploads\/foto-kick_start-slider.jpg);\"  title=\"Foto-Kick_start-slider\"  ><\/div><\/div><figcaption class='av-inner-masonry-content site-background'><div class='av-inner-masonry-content-pos'><div class='av-inner-masonry-content-pos-content'><div class='avia-arrow'><\/div><h3 class='av-masonry-entry-title entry-title '  itemprop=\"headline\" >Foto-Kick_start-slider<\/h3><div class='av-masonry-entry-content entry-content'  itemprop=\"text\" >Speed-Kick avec foto<\/div><\/div><\/div><\/figcaption><\/figure><\/div><!--end av-masonry entry--><div id='av-masonry-1-item-75433' data-av-masonry-item='75433' class='av-masonry-entry isotope-item post-75433 attachment type-attachment status-inherit hentry  av-masonry-item-with-image'    itemprop=\"thumbnailUrl\" ><div class='av-inner-masonry-sizer'><\/div><figure class='av-inner-masonry main_color'><div class=\"av-masonry-outerimage-container\"><div class='av-masonry-image-container' style=\"background-image: url(https:\/\/www.kick-point.com\/wp-content\/uploads\/Werbebanden-mieten-Header002-705x470.jpg);\"  title=\"Werbebanden mieten Header002\"  ><\/div><\/div><figcaption class='av-inner-masonry-content site-background'><div class='av-inner-masonry-content-pos'><div class='av-inner-masonry-content-pos-content'><div class='avia-arrow'><\/div><h3 class='av-masonry-entry-title entry-title '  itemprop=\"headline\" >Werbebanden mieten Header002<\/h3><div class='av-masonry-entry-content entry-content'  itemprop=\"text\" >Dribble-Parcours<\/div><\/div><\/div><\/figcaption><\/figure><\/div><!--end av-masonry entry--><\/div><\/div>\n\n<style type=\"text\/css\" data-created_by=\"avia_inline_auto\" id=\"style-css-av-5uw7s-f7fdc473427e823aaa90e1d36cb34aa6\">\n.flex_column.av-5uw7s-f7fdc473427e823aaa90e1d36cb34aa6{\nborder-radius:0px 0px 0px 0px;\npadding:0px 0px 0px 0px;\n}\n<\/style>\n<div  class='flex_column av-5uw7s-f7fdc473427e823aaa90e1d36cb34aa6 av_one_full  avia-builder-el-9  el_after_av_masonry_gallery  el_before_av_one_half  avia-builder-el-first  first flex_column_div av-zero-column-padding  '     ><p><div  class='hr av-5bz1k-5a3bd9705b379e2351221f5f8e393067 hr-default  avia-builder-el-10  el_before_av_headline_rotator  avia-builder-el-first '><span class='hr-inner '><span class=\"hr-inner-style\"><\/span><\/span><\/div><br \/>\n\n<style type=\"text\/css\" data-created_by=\"avia_inline_auto\" id=\"style-css-av-jrgd5wr7-2bb165e79f45dc38626cc3c22ee7edd2\">\n#top .av-rotator-container.av-jrgd5wr7-2bb165e79f45dc38626cc3c22ee7edd2{\ntext-align:center;\ncolor:#83a846;\n}\n#top #wrap_all .av-rotator-container.av-jrgd5wr7-2bb165e79f45dc38626cc3c22ee7edd2 .av-rotator-container-inner{\nfont-size:3vw;\n}\n<\/style>\n<div  class='av-rotator-container av-rotation-container-center av-jrgd5wr7-2bb165e79f45dc38626cc3c22ee7edd2  avia-builder-el-11  el_after_av_hr  el_before_av_hr  av-fixed-rotator-width' data-interval='5' data-animation='1' data-fixWidth='1'><h3 class='av-rotator-container-inner'>Inspirer<span class='av-rotator-text av-rotator-multiline-on'>\n<span class='av-rotator-text-single av-av_rotator_item-4af1cb64a90629a616a1497c5b5e7325 av-rotator-text-single-1' >vos visiteurs<\/span>\n<span class='av-rotator-text-single av-av_rotator_item-34148511351a256a97f638160b149a34 av-rotator-text-single-2' >vos clients<\/span>\n<span class='av-rotator-text-single av-av_rotator_item-f945d31d7a9abc09e3b20d6c5cb832c0 av-rotator-text-single-3' >vos partenaires commerciaux<\/span>\n<span class='av-rotator-text-single av-av_rotator_item-63170e98aed1bdfaa61069e19f194e67 av-rotator-text-single-4' >vos fans<\/span>\n<\/span><\/h3><\/div><br \/>\n<div  class='hr av-2gi1k-19cf8686d71bc5884c30b1ab9d61c1b9 hr-default  avia-builder-el-12  el_after_av_headline_rotator  avia-builder-el-last '><span class='hr-inner '><span class=\"hr-inner-style\"><\/span><\/span><\/div><\/p><\/div>\n\n<style type=\"text\/css\" data-created_by=\"avia_inline_auto\" id=\"style-css-av-1ux44-59d8c3b134772ec149f05d98d81f72d8\">\n.flex_column.av-1ux44-59d8c3b134772ec149f05d98d81f72d8{\nborder-radius:0px 0px 0px 0px;\npadding:0px 0px 0px 0px;\n}\n<\/style>\n<div  class='flex_column av-1ux44-59d8c3b134772ec149f05d98d81f72d8 av_one_half  avia-builder-el-13  el_after_av_one_full  el_before_av_one_half  first flex_column_div av-zero-column-padding  column-top-margin'     ><section  class='av_textblock_section av-jrgd2psx-4a26c11994822e5c80326200872d1a1f '   itemscope=\"itemscope\" itemtype=\"https:\/\/schema.org\/CreativeWork\" ><div class='avia_textblock'  itemprop=\"text\" ><p>En tant qu&rsquo;agence pour \u00e9v\u00e9nements footballistiques et de promotion pour le football, la soci\u00e9t\u00e9 est pr\u00e9sente dans le monde entier en tant que d\u00e9veloppeur et producteur de la cage de but interactive et \u00e9lectronique Kick-Point. La soci\u00e9t\u00e9 Kick-Point GmbH coop\u00e8re avec un r\u00e9seau international de prestataires dans le domaine du football.<\/p>\n<\/div><\/section><\/div>\n\n<style type=\"text\/css\" data-created_by=\"avia_inline_auto\" id=\"style-css-av-1ofpc-c7e735d3819221f0c111b243a20106d0\">\n.flex_column.av-1ofpc-c7e735d3819221f0c111b243a20106d0{\nborder-radius:0px 0px 0px 0px;\npadding:0px 0px 0px 0px;\n}\n<\/style>\n<div  class='flex_column av-1ofpc-c7e735d3819221f0c111b243a20106d0 av_one_half  avia-builder-el-15  el_after_av_one_half  el_before_av_hr  flex_column_div av-zero-column-padding  column-top-margin'     ><section  class='av_textblock_section av-jrgd2psx-4a26c11994822e5c80326200872d1a1f '   itemscope=\"itemscope\" itemtype=\"https:\/\/schema.org\/CreativeWork\" ><div class='avia_textblock'  itemprop=\"text\" ><p>Face \u00e0 la demande toujours croissance de la cage de but Kick-Point, la soci\u00e9t\u00e9 Kick-Point GmbH souhaiterait rencontrer ses partenaires de distribution pour \u00e9tendre son r\u00e9seau.<\/p>\n<\/div><\/section><\/div>\n<div  class='hr av-rjg0-13e8d544617d68ef527965924f4e23d1 hr-default  avia-builder-el-17  el_after_av_one_half  avia-builder-el-last '><span class='hr-inner '><span class=\"hr-inner-style\"><\/span><\/span><\/div>\n","protected":false},"excerpt":{"rendered":"","protected":false},"author":12,"featured_media":0,"parent":0,"menu_order":0,"comment_status":"closed","ping_status":"closed","template":"","meta":{"footnotes":""},"class_list":["post-3478","page","type-page","status-publish","hentry"],"yoast_head":"<!-- This site is optimized with the Yoast SEO plugin v22.8 - https:\/\/yoast.com\/wordpress\/plugins\/seo\/ -->\n<title>Kick-Point - Fu\u00dfball Eventmodule, die Sie und Ihre G\u00e4ste begeistern<\/title>\n<meta name=\"description\" content=\"Kick-Point: Fu\u00dfball Eventmodule von den Profis rund ums Thema Fu\u00dfball. Passende L\u00f6sungen f\u00fcr Messen, Firmenfeiern und Promotions!\" \/>\n<meta name=\"robots\" content=\"index, follow, max-snippet:-1, max-image-preview:large, max-video-preview:-1\" \/>\n<link rel=\"canonical\" href=\"https:\/\/www.kick-point.com\/fr\/3478-2\/\" \/>\n<meta property=\"og:locale\" content=\"fr_FR\" \/>\n<meta property=\"og:type\" content=\"article\" \/>\n<meta property=\"og:title\" content=\"Kick-Point - Fu\u00dfball Eventmodule, die Sie und Ihre G\u00e4ste begeistern\" \/>\n<meta property=\"og:description\" content=\"Kick-Point: Fu\u00dfball Eventmodule von den Profis rund ums Thema Fu\u00dfball. Passende L\u00f6sungen f\u00fcr Messen, Firmenfeiern und Promotions!\" \/>\n<meta property=\"og:url\" content=\"https:\/\/www.kick-point.com\/fr\/3478-2\/\" \/>\n<meta property=\"og:site_name\" content=\"Kick-Point\" \/>\n<meta property=\"article:modified_time\" content=\"2025-09-29T11:19:31+00:00\" \/>\n<meta name=\"twitter:label1\" content=\"Dur\u00e9e de lecture estim\u00e9e\" \/>\n\t<meta name=\"twitter:data1\" content=\"2 minutes\" \/>\n<script type=\"application\/ld+json\" class=\"yoast-schema-graph\">{\"@context\":\"https:\/\/schema.org\",\"@graph\":[{\"@type\":\"WebPage\",\"@id\":\"https:\/\/www.kick-point.com\/fr\/3478-2\/\",\"url\":\"https:\/\/www.kick-point.com\/fr\/3478-2\/\",\"name\":\"Kick-Point - Fu\u00dfball Eventmodule, die Sie und Ihre G\u00e4ste begeistern\",\"isPartOf\":{\"@id\":\"https:\/\/www.kick-point.com\/de\/#website\"},\"datePublished\":\"2012-11-06T15:16:15+00:00\",\"dateModified\":\"2025-09-29T11:19:31+00:00\",\"description\":\"Kick-Point: Fu\u00dfball Eventmodule von den Profis rund ums Thema Fu\u00dfball. Passende L\u00f6sungen f\u00fcr Messen, Firmenfeiern und Promotions!\",\"inLanguage\":\"fr-FR\",\"potentialAction\":[{\"@type\":\"ReadAction\",\"target\":[\"https:\/\/www.kick-point.com\/fr\/3478-2\/\"]}]},{\"@type\":\"WebSite\",\"@id\":\"https:\/\/www.kick-point.com\/de\/#website\",\"url\":\"https:\/\/www.kick-point.com\/de\/\",\"name\":\"Kick-Point\",\"description\":\"Events und Event-Module rund um das elektronische Fu\u00dfballtor\",\"potentialAction\":[{\"@type\":\"SearchAction\",\"target\":{\"@type\":\"EntryPoint\",\"urlTemplate\":\"https:\/\/www.kick-point.com\/de\/?s={search_term_string}\"},\"query-input\":\"required name=search_term_string\"}],\"inLanguage\":\"fr-FR\"}]}<\/script>\n<!-- \/ Yoast SEO plugin. -->","yoast_head_json":{"title":"Kick-Point - Fu\u00dfball Eventmodule, die Sie und Ihre G\u00e4ste begeistern","description":"Kick-Point: Fu\u00dfball Eventmodule von den Profis rund ums Thema Fu\u00dfball. Passende L\u00f6sungen f\u00fcr Messen, Firmenfeiern und Promotions!","robots":{"index":"index","follow":"follow","max-snippet":"max-snippet:-1","max-image-preview":"max-image-preview:large","max-video-preview":"max-video-preview:-1"},"canonical":"https:\/\/www.kick-point.com\/fr\/3478-2\/","og_locale":"fr_FR","og_type":"article","og_title":"Kick-Point - Fu\u00dfball Eventmodule, die Sie und Ihre G\u00e4ste begeistern","og_description":"Kick-Point: Fu\u00dfball Eventmodule von den Profis rund ums Thema Fu\u00dfball. Passende L\u00f6sungen f\u00fcr Messen, Firmenfeiern und Promotions!","og_url":"https:\/\/www.kick-point.com\/fr\/3478-2\/","og_site_name":"Kick-Point","article_modified_time":"2025-09-29T11:19:31+00:00","twitter_misc":{"Dur\u00e9e de lecture estim\u00e9e":"2 minutes"},"schema":{"@context":"https:\/\/schema.org","@graph":[{"@type":"WebPage","@id":"https:\/\/www.kick-point.com\/fr\/3478-2\/","url":"https:\/\/www.kick-point.com\/fr\/3478-2\/","name":"Kick-Point - Fu\u00dfball Eventmodule, die Sie und Ihre G\u00e4ste begeistern","isPartOf":{"@id":"https:\/\/www.kick-point.com\/de\/#website"},"datePublished":"2012-11-06T15:16:15+00:00","dateModified":"2025-09-29T11:19:31+00:00","description":"Kick-Point: Fu\u00dfball Eventmodule von den Profis rund ums Thema Fu\u00dfball. Passende L\u00f6sungen f\u00fcr Messen, Firmenfeiern und Promotions!","inLanguage":"fr-FR","potentialAction":[{"@type":"ReadAction","target":["https:\/\/www.kick-point.com\/fr\/3478-2\/"]}]},{"@type":"WebSite","@id":"https:\/\/www.kick-point.com\/de\/#website","url":"https:\/\/www.kick-point.com\/de\/","name":"Kick-Point","description":"Events und Event-Module rund um das elektronische Fu\u00dfballtor","potentialAction":[{"@type":"SearchAction","target":{"@type":"EntryPoint","urlTemplate":"https:\/\/www.kick-point.com\/de\/?s={search_term_string}"},"query-input":"required name=search_term_string"}],"inLanguage":"fr-FR"}]}},"_links":{"self":[{"href":"https:\/\/www.kick-point.com\/fr\/wp-json\/wp\/v2\/pages\/3478","targetHints":{"allow":["GET"]}}],"collection":[{"href":"https:\/\/www.kick-point.com\/fr\/wp-json\/wp\/v2\/pages"}],"about":[{"href":"https:\/\/www.kick-point.com\/fr\/wp-json\/wp\/v2\/types\/page"}],"author":[{"embeddable":true,"href":"https:\/\/www.kick-point.com\/fr\/wp-json\/wp\/v2\/users\/12"}],"replies":[{"embeddable":true,"href":"https:\/\/www.kick-point.com\/fr\/wp-json\/wp\/v2\/comments?post=3478"}],"version-history":[{"count":12,"href":"https:\/\/www.kick-point.com\/fr\/wp-json\/wp\/v2\/pages\/3478\/revisions"}],"predecessor-version":[{"id":82817,"href":"https:\/\/www.kick-point.com\/fr\/wp-json\/wp\/v2\/pages\/3478\/revisions\/82817"}],"wp:attachment":[{"href":"https:\/\/www.kick-point.com\/fr\/wp-json\/wp\/v2\/media?parent=3478"}],"curies":[{"name":"wp","href":"https:\/\/api.w.org\/{rel}","templated":true}]}}