{"id":8880,"date":"2014-03-25T10:08:15","date_gmt":"2014-03-25T09:08:15","guid":{"rendered":"https:\/\/www.kick-point.com\/?page_id=8880"},"modified":"2016-10-14T12:40:25","modified_gmt":"2016-10-14T10:40:25","slug":"concurso-tiros-con-preguntas-y-respuestas","status":"publish","type":"page","link":"https:\/\/www.kick-point.com\/es\/porteria-electronica-e-interactiva-kick-point-2\/variedades-de-juego-con-kick-point\/concurso-tiros-con-preguntas-y-respuestas\/","title":{"rendered":"Concurso: tiros con preguntas y respuestas"},"content":{"rendered":"<p><a href=\"https:\/\/www.kick-point.com\/wp-content\/uploads\/quiz-kick.jpg\"><img loading=\"lazy\" decoding=\"async\" class=\"alignright size-medium wp-image-66882\" alt=\"QuizKick\" src=\"https:\/\/www.kick-point.com\/wp-content\/uploads\/\/quiz-kick-660x495.jpg\" width=\"660\" height=\"495\" srcset=\"https:\/\/www.kick-point.com\/wp-content\/uploads\/quiz-kick-660x495.jpg 660w, https:\/\/www.kick-point.com\/wp-content\/uploads\/quiz-kick.jpg 1024w\" sizes=\"auto, (max-width: 660px) 100vw, 660px\" \/><\/a> En esta variante se unen la diversi\u00f3n y la educaci\u00f3n mediante un concurso-juego.<\/p>\n<p>Cuando un participante acierta en un s\u00edmbolo en la porter\u00eda, aparece una pregunta con cuatro posibles respuestas en la pantalla. Si el jugador responde correctamente se le doblan los puntos conseguidos.<\/p>\n","protected":false},"excerpt":{"rendered":"<p>En esta variante se unen la diversi\u00f3n y la educaci\u00f3n mediante un concurso-juego. Cuando un participante acierta en un s\u00edmbolo en la porter\u00eda, aparece una pregunta con cuatro posibles respuestas en la pantalla. Si el jugador responde correctamente se le doblan los puntos conseguidos.<\/p>\n","protected":false},"author":12,"featured_media":0,"parent":3540,"menu_order":0,"comment_status":"closed","ping_status":"closed","template":"","meta":{"footnotes":""},"class_list":["post-8880","page","type-page","status-publish","hentry"],"yoast_head":"<!-- This site is optimized with the Yoast SEO plugin v22.8 - https:\/\/yoast.com\/wordpress\/plugins\/seo\/ -->\n<title>Concurso: tiros con preguntas y respuestas<\/title>\n<meta name=\"robots\" content=\"index, follow, max-snippet:-1, max-image-preview:large, max-video-preview:-1\" \/>\n<link rel=\"canonical\" href=\"https:\/\/www.kick-point.com\/es\/porteria-electronica-e-interactiva-kick-point-2\/variedades-de-juego-con-kick-point\/concurso-tiros-con-preguntas-y-respuestas\/\" \/>\n<meta property=\"og:locale\" content=\"es_ES\" \/>\n<meta property=\"og:type\" content=\"article\" \/>\n<meta property=\"og:title\" content=\"Concurso: tiros con preguntas y respuestas\" \/>\n<meta property=\"og:description\" content=\"En esta variante se unen la diversi\u00f3n y la educaci\u00f3n mediante un concurso-juego. Cuando un participante acierta en un s\u00edmbolo en la porter\u00eda, aparece una pregunta con cuatro posibles respuestas en la pantalla. Si el jugador responde correctamente se le doblan los puntos conseguidos.\" \/>\n<meta property=\"og:url\" content=\"https:\/\/www.kick-point.com\/es\/porteria-electronica-e-interactiva-kick-point-2\/variedades-de-juego-con-kick-point\/concurso-tiros-con-preguntas-y-respuestas\/\" \/>\n<meta property=\"og:site_name\" content=\"Kick-Point\" \/>\n<meta property=\"article:modified_time\" content=\"2016-10-14T10:40:25+00:00\" \/>\n<meta property=\"og:image\" content=\"https:\/\/www.kick-point.com\/wp-content\/uploads\/\/quiz-kick-660x495.jpg\" \/>\n<script type=\"application\/ld+json\" class=\"yoast-schema-graph\">{\"@context\":\"https:\/\/schema.org\",\"@graph\":[{\"@type\":\"WebPage\",\"@id\":\"https:\/\/www.kick-point.com\/es\/porteria-electronica-e-interactiva-kick-point-2\/variedades-de-juego-con-kick-point\/concurso-tiros-con-preguntas-y-respuestas\/\",\"url\":\"https:\/\/www.kick-point.com\/es\/porteria-electronica-e-interactiva-kick-point-2\/variedades-de-juego-con-kick-point\/concurso-tiros-con-preguntas-y-respuestas\/\",\"name\":\"Concurso: tiros con preguntas y respuestas\",\"isPartOf\":{\"@id\":\"https:\/\/www.kick-point.com\/de\/#website\"},\"primaryImageOfPage\":{\"@id\":\"https:\/\/www.kick-point.com\/es\/porteria-electronica-e-interactiva-kick-point-2\/variedades-de-juego-con-kick-point\/concurso-tiros-con-preguntas-y-respuestas\/#primaryimage\"},\"image\":{\"@id\":\"https:\/\/www.kick-point.com\/es\/porteria-electronica-e-interactiva-kick-point-2\/variedades-de-juego-con-kick-point\/concurso-tiros-con-preguntas-y-respuestas\/#primaryimage\"},\"thumbnailUrl\":\"https:\/\/www.kick-point.com\/wp-content\/uploads\/\/quiz-kick-660x495.jpg\",\"datePublished\":\"2014-03-25T09:08:15+00:00\",\"dateModified\":\"2016-10-14T10:40:25+00:00\",\"breadcrumb\":{\"@id\":\"https:\/\/www.kick-point.com\/es\/porteria-electronica-e-interactiva-kick-point-2\/variedades-de-juego-con-kick-point\/concurso-tiros-con-preguntas-y-respuestas\/#breadcrumb\"},\"inLanguage\":\"es\",\"potentialAction\":[{\"@type\":\"ReadAction\",\"target\":[\"https:\/\/www.kick-point.com\/es\/porteria-electronica-e-interactiva-kick-point-2\/variedades-de-juego-con-kick-point\/concurso-tiros-con-preguntas-y-respuestas\/\"]}]},{\"@type\":\"ImageObject\",\"inLanguage\":\"es\",\"@id\":\"https:\/\/www.kick-point.com\/es\/porteria-electronica-e-interactiva-kick-point-2\/variedades-de-juego-con-kick-point\/concurso-tiros-con-preguntas-y-respuestas\/#primaryimage\",\"url\":\"https:\/\/www.kick-point.com\/wp-content\/uploads\/\/quiz-kick-660x495.jpg\",\"contentUrl\":\"https:\/\/www.kick-point.com\/wp-content\/uploads\/\/quiz-kick-660x495.jpg\"},{\"@type\":\"BreadcrumbList\",\"@id\":\"https:\/\/www.kick-point.com\/es\/porteria-electronica-e-interactiva-kick-point-2\/variedades-de-juego-con-kick-point\/concurso-tiros-con-preguntas-y-respuestas\/#breadcrumb\",\"itemListElement\":[{\"@type\":\"ListItem\",\"position\":1,\"name\":\"PORTER\u00cdA ELECTR\u00d3NICA E INTERACTIVA KICK POINT\",\"item\":\"https:\/\/www.kick-point.com\/es\/porteria-electronica-e-interactiva-kick-point-2\/\"},{\"@type\":\"ListItem\",\"position\":2,\"name\":\"GRAN VARIEDAD DE JUEGOS\",\"item\":\"https:\/\/www.kick-point.com\/es\/porteria-electronica-e-interactiva-kick-point-2\/variedades-de-juego-con-kick-point\/\"},{\"@type\":\"ListItem\",\"position\":3,\"name\":\"Concurso: tiros con preguntas y respuestas\"}]},{\"@type\":\"WebSite\",\"@id\":\"https:\/\/www.kick-point.com\/de\/#website\",\"url\":\"https:\/\/www.kick-point.com\/de\/\",\"name\":\"Kick-Point\",\"description\":\"Events und Event-Module rund um das elektronische Fu\u00dfballtor\",\"potentialAction\":[{\"@type\":\"SearchAction\",\"target\":{\"@type\":\"EntryPoint\",\"urlTemplate\":\"https:\/\/www.kick-point.com\/de\/?s={search_term_string}\"},\"query-input\":\"required name=search_term_string\"}],\"inLanguage\":\"es\"}]}<\/script>\n<!-- \/ Yoast SEO plugin. -->","yoast_head_json":{"title":"Concurso: tiros con preguntas y respuestas","robots":{"index":"index","follow":"follow","max-snippet":"max-snippet:-1","max-image-preview":"max-image-preview:large","max-video-preview":"max-video-preview:-1"},"canonical":"https:\/\/www.kick-point.com\/es\/porteria-electronica-e-interactiva-kick-point-2\/variedades-de-juego-con-kick-point\/concurso-tiros-con-preguntas-y-respuestas\/","og_locale":"es_ES","og_type":"article","og_title":"Concurso: tiros con preguntas y respuestas","og_description":"En esta variante se unen la diversi\u00f3n y la educaci\u00f3n mediante un concurso-juego. Cuando un participante acierta en un s\u00edmbolo en la porter\u00eda, aparece una pregunta con cuatro posibles respuestas en la pantalla. Si el jugador responde correctamente se le doblan los puntos conseguidos.","og_url":"https:\/\/www.kick-point.com\/es\/porteria-electronica-e-interactiva-kick-point-2\/variedades-de-juego-con-kick-point\/concurso-tiros-con-preguntas-y-respuestas\/","og_site_name":"Kick-Point","article_modified_time":"2016-10-14T10:40:25+00:00","og_image":[{"url":"https:\/\/www.kick-point.com\/wp-content\/uploads\/\/quiz-kick-660x495.jpg"}],"schema":{"@context":"https:\/\/schema.org","@graph":[{"@type":"WebPage","@id":"https:\/\/www.kick-point.com\/es\/porteria-electronica-e-interactiva-kick-point-2\/variedades-de-juego-con-kick-point\/concurso-tiros-con-preguntas-y-respuestas\/","url":"https:\/\/www.kick-point.com\/es\/porteria-electronica-e-interactiva-kick-point-2\/variedades-de-juego-con-kick-point\/concurso-tiros-con-preguntas-y-respuestas\/","name":"Concurso: tiros con preguntas y respuestas","isPartOf":{"@id":"https:\/\/www.kick-point.com\/de\/#website"},"primaryImageOfPage":{"@id":"https:\/\/www.kick-point.com\/es\/porteria-electronica-e-interactiva-kick-point-2\/variedades-de-juego-con-kick-point\/concurso-tiros-con-preguntas-y-respuestas\/#primaryimage"},"image":{"@id":"https:\/\/www.kick-point.com\/es\/porteria-electronica-e-interactiva-kick-point-2\/variedades-de-juego-con-kick-point\/concurso-tiros-con-preguntas-y-respuestas\/#primaryimage"},"thumbnailUrl":"https:\/\/www.kick-point.com\/wp-content\/uploads\/\/quiz-kick-660x495.jpg","datePublished":"2014-03-25T09:08:15+00:00","dateModified":"2016-10-14T10:40:25+00:00","breadcrumb":{"@id":"https:\/\/www.kick-point.com\/es\/porteria-electronica-e-interactiva-kick-point-2\/variedades-de-juego-con-kick-point\/concurso-tiros-con-preguntas-y-respuestas\/#breadcrumb"},"inLanguage":"es","potentialAction":[{"@type":"ReadAction","target":["https:\/\/www.kick-point.com\/es\/porteria-electronica-e-interactiva-kick-point-2\/variedades-de-juego-con-kick-point\/concurso-tiros-con-preguntas-y-respuestas\/"]}]},{"@type":"ImageObject","inLanguage":"es","@id":"https:\/\/www.kick-point.com\/es\/porteria-electronica-e-interactiva-kick-point-2\/variedades-de-juego-con-kick-point\/concurso-tiros-con-preguntas-y-respuestas\/#primaryimage","url":"https:\/\/www.kick-point.com\/wp-content\/uploads\/\/quiz-kick-660x495.jpg","contentUrl":"https:\/\/www.kick-point.com\/wp-content\/uploads\/\/quiz-kick-660x495.jpg"},{"@type":"BreadcrumbList","@id":"https:\/\/www.kick-point.com\/es\/porteria-electronica-e-interactiva-kick-point-2\/variedades-de-juego-con-kick-point\/concurso-tiros-con-preguntas-y-respuestas\/#breadcrumb","itemListElement":[{"@type":"ListItem","position":1,"name":"PORTER\u00cdA ELECTR\u00d3NICA E INTERACTIVA KICK POINT","item":"https:\/\/www.kick-point.com\/es\/porteria-electronica-e-interactiva-kick-point-2\/"},{"@type":"ListItem","position":2,"name":"GRAN VARIEDAD DE JUEGOS","item":"https:\/\/www.kick-point.com\/es\/porteria-electronica-e-interactiva-kick-point-2\/variedades-de-juego-con-kick-point\/"},{"@type":"ListItem","position":3,"name":"Concurso: tiros con preguntas y respuestas"}]},{"@type":"WebSite","@id":"https:\/\/www.kick-point.com\/de\/#website","url":"https:\/\/www.kick-point.com\/de\/","name":"Kick-Point","description":"Events und Event-Module rund um das elektronische Fu\u00dfballtor","potentialAction":[{"@type":"SearchAction","target":{"@type":"EntryPoint","urlTemplate":"https:\/\/www.kick-point.com\/de\/?s={search_term_string}"},"query-input":"required name=search_term_string"}],"inLanguage":"es"}]}},"_links":{"self":[{"href":"https:\/\/www.kick-point.com\/es\/wp-json\/wp\/v2\/pages\/8880","targetHints":{"allow":["GET"]}}],"collection":[{"href":"https:\/\/www.kick-point.com\/es\/wp-json\/wp\/v2\/pages"}],"about":[{"href":"https:\/\/www.kick-point.com\/es\/wp-json\/wp\/v2\/types\/page"}],"author":[{"embeddable":true,"href":"https:\/\/www.kick-point.com\/es\/wp-json\/wp\/v2\/users\/12"}],"replies":[{"embeddable":true,"href":"https:\/\/www.kick-point.com\/es\/wp-json\/wp\/v2\/comments?post=8880"}],"version-history":[{"count":1,"href":"https:\/\/www.kick-point.com\/es\/wp-json\/wp\/v2\/pages\/8880\/revisions"}],"predecessor-version":[{"id":67107,"href":"https:\/\/www.kick-point.com\/es\/wp-json\/wp\/v2\/pages\/8880\/revisions\/67107"}],"up":[{"embeddable":true,"href":"https:\/\/www.kick-point.com\/es\/wp-json\/wp\/v2\/pages\/3540"}],"wp:attachment":[{"href":"https:\/\/www.kick-point.com\/es\/wp-json\/wp\/v2\/media?parent=8880"}],"curies":[{"name":"wp","href":"https:\/\/api.w.org\/{rel}","templated":true}]}}