{"id":8876,"date":"2014-03-25T10:04:26","date_gmt":"2014-03-25T09:04:26","guid":{"rendered":"https:\/\/www.kick-point.com\/?page_id=8876"},"modified":"2016-10-14T12:38:41","modified_gmt":"2016-10-14T10:38:42","slug":"chutar-un-logotipo","status":"publish","type":"page","link":"https:\/\/www.kick-point.com\/es\/porteria-electronica-e-interactiva-kick-point-2\/variedades-de-juego-con-kick-point\/chutar-un-logotipo\/","title":{"rendered":"Chutar un logotipo"},"content":{"rendered":"<p><a href=\"https:\/\/www.kick-point.com\/wp-content\/uploads\/erdinger-logo-kick.jpg\"><img loading=\"lazy\" decoding=\"async\" class=\"alignright size-full wp-image-4979\" alt=\"erdinger-logo-kick\" src=\"https:\/\/www.kick-point.com\/wp-content\/uploads\/erdinger-logo-kick.jpg\" width=\"600\" height=\"450\" \/><\/a>El jugador intenta darle a los logotipos que aparecen en pantalla en una porter\u00eda real. Si acierta un determinado n\u00famero de objetivos obtiene un premio. El tama\u00f1o y la posici\u00f3n de los logos se pueden elegir. El sistema multimedia de Kick-Point tambi\u00e9n permite poner efectos de sonido al tocar ciertas zonas. Por ejemplo si dan a un determinado logo se oyen aplausos o si falla, se oyen abucheos como en el f\u00fatbol.<\/p>\n<p>Tambi\u00e9n se puede integrar un video, cuando se acierta un logotipo aparece un anuncio publicitario o un v\u00eddeo.<\/p>\n<p><a href=\"https:\/\/www.kick-point.com\/wp-content\/uploads\/wu-goal-screen.jpg\"><img loading=\"lazy\" decoding=\"async\" class=\"alignleft size-thumbnail wp-image-7868\" alt=\"WU-Goal-Screen\" src=\"https:\/\/www.kick-point.com\/wp-content\/uploads\/wu-goal-screen-150x150.jpg\" width=\"72\" height=\"72\" \/><\/a><a href=\"https:\/\/www.kick-point.com\/wp-content\/uploads\/jaguar.jpg\"><img loading=\"lazy\" decoding=\"async\" class=\"alignleft size-thumbnail wp-image-7875\" alt=\"jaguar\" src=\"https:\/\/www.kick-point.com\/wp-content\/uploads\/jaguar-150x150.jpg\" width=\"72\" height=\"72\" \/><\/a><\/p>\n","protected":false},"excerpt":{"rendered":"<p>El jugador intenta darle a los logotipos que aparecen en pantalla en una porter\u00eda real. Si acierta un determinado n\u00famero de objetivos obtiene un premio. El tama\u00f1o y la posici\u00f3n de los logos se pueden elegir. El sistema multimedia de Kick-Point tambi\u00e9n permite poner efectos de sonido al tocar ciertas zonas. Por ejemplo si dan [&hellip;]<\/p>\n","protected":false},"author":12,"featured_media":0,"parent":3540,"menu_order":0,"comment_status":"closed","ping_status":"closed","template":"","meta":{"footnotes":""},"class_list":["post-8876","page","type-page","status-publish","hentry"],"yoast_head":"<!-- This site is optimized with the Yoast SEO plugin v22.8 - https:\/\/yoast.com\/wordpress\/plugins\/seo\/ -->\n<title>Chutar un logotipo<\/title>\n<meta name=\"robots\" content=\"index, follow, max-snippet:-1, max-image-preview:large, max-video-preview:-1\" \/>\n<link rel=\"canonical\" href=\"https:\/\/www.kick-point.com\/es\/porteria-electronica-e-interactiva-kick-point-2\/variedades-de-juego-con-kick-point\/chutar-un-logotipo\/\" \/>\n<meta property=\"og:locale\" content=\"es_ES\" \/>\n<meta property=\"og:type\" content=\"article\" \/>\n<meta property=\"og:title\" content=\"Chutar un logotipo\" \/>\n<meta property=\"og:description\" content=\"El jugador intenta darle a los logotipos que aparecen en pantalla en una porter\u00eda real. Si acierta un determinado n\u00famero de objetivos obtiene un premio. El tama\u00f1o y la posici\u00f3n de los logos se pueden elegir. El sistema multimedia de Kick-Point tambi\u00e9n permite poner efectos de sonido al tocar ciertas zonas. Por ejemplo si dan [&hellip;]\" \/>\n<meta property=\"og:url\" content=\"https:\/\/www.kick-point.com\/es\/porteria-electronica-e-interactiva-kick-point-2\/variedades-de-juego-con-kick-point\/chutar-un-logotipo\/\" \/>\n<meta property=\"og:site_name\" content=\"Kick-Point\" \/>\n<meta property=\"article:modified_time\" content=\"2016-10-14T10:38:42+00:00\" \/>\n<meta property=\"og:image\" content=\"https:\/\/www.kick-point.com\/wp-content\/uploads\/erdinger-logo-kick.jpg\" \/>\n<script type=\"application\/ld+json\" class=\"yoast-schema-graph\">{\"@context\":\"https:\/\/schema.org\",\"@graph\":[{\"@type\":\"WebPage\",\"@id\":\"https:\/\/www.kick-point.com\/es\/porteria-electronica-e-interactiva-kick-point-2\/variedades-de-juego-con-kick-point\/chutar-un-logotipo\/\",\"url\":\"https:\/\/www.kick-point.com\/es\/porteria-electronica-e-interactiva-kick-point-2\/variedades-de-juego-con-kick-point\/chutar-un-logotipo\/\",\"name\":\"Chutar un logotipo\",\"isPartOf\":{\"@id\":\"https:\/\/www.kick-point.com\/de\/#website\"},\"primaryImageOfPage\":{\"@id\":\"https:\/\/www.kick-point.com\/es\/porteria-electronica-e-interactiva-kick-point-2\/variedades-de-juego-con-kick-point\/chutar-un-logotipo\/#primaryimage\"},\"image\":{\"@id\":\"https:\/\/www.kick-point.com\/es\/porteria-electronica-e-interactiva-kick-point-2\/variedades-de-juego-con-kick-point\/chutar-un-logotipo\/#primaryimage\"},\"thumbnailUrl\":\"https:\/\/www.kick-point.com\/wp-content\/uploads\/erdinger-logo-kick.jpg\",\"datePublished\":\"2014-03-25T09:04:26+00:00\",\"dateModified\":\"2016-10-14T10:38:42+00:00\",\"breadcrumb\":{\"@id\":\"https:\/\/www.kick-point.com\/es\/porteria-electronica-e-interactiva-kick-point-2\/variedades-de-juego-con-kick-point\/chutar-un-logotipo\/#breadcrumb\"},\"inLanguage\":\"es\",\"potentialAction\":[{\"@type\":\"ReadAction\",\"target\":[\"https:\/\/www.kick-point.com\/es\/porteria-electronica-e-interactiva-kick-point-2\/variedades-de-juego-con-kick-point\/chutar-un-logotipo\/\"]}]},{\"@type\":\"ImageObject\",\"inLanguage\":\"es\",\"@id\":\"https:\/\/www.kick-point.com\/es\/porteria-electronica-e-interactiva-kick-point-2\/variedades-de-juego-con-kick-point\/chutar-un-logotipo\/#primaryimage\",\"url\":\"https:\/\/www.kick-point.com\/wp-content\/uploads\/erdinger-logo-kick.jpg\",\"contentUrl\":\"https:\/\/www.kick-point.com\/wp-content\/uploads\/erdinger-logo-kick.jpg\"},{\"@type\":\"BreadcrumbList\",\"@id\":\"https:\/\/www.kick-point.com\/es\/porteria-electronica-e-interactiva-kick-point-2\/variedades-de-juego-con-kick-point\/chutar-un-logotipo\/#breadcrumb\",\"itemListElement\":[{\"@type\":\"ListItem\",\"position\":1,\"name\":\"PORTER\u00cdA ELECTR\u00d3NICA E INTERACTIVA KICK POINT\",\"item\":\"https:\/\/www.kick-point.com\/es\/porteria-electronica-e-interactiva-kick-point-2\/\"},{\"@type\":\"ListItem\",\"position\":2,\"name\":\"GRAN VARIEDAD DE JUEGOS\",\"item\":\"https:\/\/www.kick-point.com\/es\/porteria-electronica-e-interactiva-kick-point-2\/variedades-de-juego-con-kick-point\/\"},{\"@type\":\"ListItem\",\"position\":3,\"name\":\"Chutar un logotipo\"}]},{\"@type\":\"WebSite\",\"@id\":\"https:\/\/www.kick-point.com\/de\/#website\",\"url\":\"https:\/\/www.kick-point.com\/de\/\",\"name\":\"Kick-Point\",\"description\":\"Events und Event-Module rund um das elektronische Fu\u00dfballtor\",\"potentialAction\":[{\"@type\":\"SearchAction\",\"target\":{\"@type\":\"EntryPoint\",\"urlTemplate\":\"https:\/\/www.kick-point.com\/de\/?s={search_term_string}\"},\"query-input\":\"required name=search_term_string\"}],\"inLanguage\":\"es\"}]}<\/script>\n<!-- \/ Yoast SEO plugin. -->","yoast_head_json":{"title":"Chutar un logotipo","robots":{"index":"index","follow":"follow","max-snippet":"max-snippet:-1","max-image-preview":"max-image-preview:large","max-video-preview":"max-video-preview:-1"},"canonical":"https:\/\/www.kick-point.com\/es\/porteria-electronica-e-interactiva-kick-point-2\/variedades-de-juego-con-kick-point\/chutar-un-logotipo\/","og_locale":"es_ES","og_type":"article","og_title":"Chutar un logotipo","og_description":"El jugador intenta darle a los logotipos que aparecen en pantalla en una porter\u00eda real. Si acierta un determinado n\u00famero de objetivos obtiene un premio. El tama\u00f1o y la posici\u00f3n de los logos se pueden elegir. El sistema multimedia de Kick-Point tambi\u00e9n permite poner efectos de sonido al tocar ciertas zonas. Por ejemplo si dan [&hellip;]","og_url":"https:\/\/www.kick-point.com\/es\/porteria-electronica-e-interactiva-kick-point-2\/variedades-de-juego-con-kick-point\/chutar-un-logotipo\/","og_site_name":"Kick-Point","article_modified_time":"2016-10-14T10:38:42+00:00","og_image":[{"url":"https:\/\/www.kick-point.com\/wp-content\/uploads\/erdinger-logo-kick.jpg"}],"schema":{"@context":"https:\/\/schema.org","@graph":[{"@type":"WebPage","@id":"https:\/\/www.kick-point.com\/es\/porteria-electronica-e-interactiva-kick-point-2\/variedades-de-juego-con-kick-point\/chutar-un-logotipo\/","url":"https:\/\/www.kick-point.com\/es\/porteria-electronica-e-interactiva-kick-point-2\/variedades-de-juego-con-kick-point\/chutar-un-logotipo\/","name":"Chutar un logotipo","isPartOf":{"@id":"https:\/\/www.kick-point.com\/de\/#website"},"primaryImageOfPage":{"@id":"https:\/\/www.kick-point.com\/es\/porteria-electronica-e-interactiva-kick-point-2\/variedades-de-juego-con-kick-point\/chutar-un-logotipo\/#primaryimage"},"image":{"@id":"https:\/\/www.kick-point.com\/es\/porteria-electronica-e-interactiva-kick-point-2\/variedades-de-juego-con-kick-point\/chutar-un-logotipo\/#primaryimage"},"thumbnailUrl":"https:\/\/www.kick-point.com\/wp-content\/uploads\/erdinger-logo-kick.jpg","datePublished":"2014-03-25T09:04:26+00:00","dateModified":"2016-10-14T10:38:42+00:00","breadcrumb":{"@id":"https:\/\/www.kick-point.com\/es\/porteria-electronica-e-interactiva-kick-point-2\/variedades-de-juego-con-kick-point\/chutar-un-logotipo\/#breadcrumb"},"inLanguage":"es","potentialAction":[{"@type":"ReadAction","target":["https:\/\/www.kick-point.com\/es\/porteria-electronica-e-interactiva-kick-point-2\/variedades-de-juego-con-kick-point\/chutar-un-logotipo\/"]}]},{"@type":"ImageObject","inLanguage":"es","@id":"https:\/\/www.kick-point.com\/es\/porteria-electronica-e-interactiva-kick-point-2\/variedades-de-juego-con-kick-point\/chutar-un-logotipo\/#primaryimage","url":"https:\/\/www.kick-point.com\/wp-content\/uploads\/erdinger-logo-kick.jpg","contentUrl":"https:\/\/www.kick-point.com\/wp-content\/uploads\/erdinger-logo-kick.jpg"},{"@type":"BreadcrumbList","@id":"https:\/\/www.kick-point.com\/es\/porteria-electronica-e-interactiva-kick-point-2\/variedades-de-juego-con-kick-point\/chutar-un-logotipo\/#breadcrumb","itemListElement":[{"@type":"ListItem","position":1,"name":"PORTER\u00cdA ELECTR\u00d3NICA E INTERACTIVA KICK POINT","item":"https:\/\/www.kick-point.com\/es\/porteria-electronica-e-interactiva-kick-point-2\/"},{"@type":"ListItem","position":2,"name":"GRAN VARIEDAD DE JUEGOS","item":"https:\/\/www.kick-point.com\/es\/porteria-electronica-e-interactiva-kick-point-2\/variedades-de-juego-con-kick-point\/"},{"@type":"ListItem","position":3,"name":"Chutar un logotipo"}]},{"@type":"WebSite","@id":"https:\/\/www.kick-point.com\/de\/#website","url":"https:\/\/www.kick-point.com\/de\/","name":"Kick-Point","description":"Events und Event-Module rund um das elektronische Fu\u00dfballtor","potentialAction":[{"@type":"SearchAction","target":{"@type":"EntryPoint","urlTemplate":"https:\/\/www.kick-point.com\/de\/?s={search_term_string}"},"query-input":"required name=search_term_string"}],"inLanguage":"es"}]}},"_links":{"self":[{"href":"https:\/\/www.kick-point.com\/es\/wp-json\/wp\/v2\/pages\/8876","targetHints":{"allow":["GET"]}}],"collection":[{"href":"https:\/\/www.kick-point.com\/es\/wp-json\/wp\/v2\/pages"}],"about":[{"href":"https:\/\/www.kick-point.com\/es\/wp-json\/wp\/v2\/types\/page"}],"author":[{"embeddable":true,"href":"https:\/\/www.kick-point.com\/es\/wp-json\/wp\/v2\/users\/12"}],"replies":[{"embeddable":true,"href":"https:\/\/www.kick-point.com\/es\/wp-json\/wp\/v2\/comments?post=8876"}],"version-history":[{"count":1,"href":"https:\/\/www.kick-point.com\/es\/wp-json\/wp\/v2\/pages\/8876\/revisions"}],"predecessor-version":[{"id":67106,"href":"https:\/\/www.kick-point.com\/es\/wp-json\/wp\/v2\/pages\/8876\/revisions\/67106"}],"up":[{"embeddable":true,"href":"https:\/\/www.kick-point.com\/es\/wp-json\/wp\/v2\/pages\/3540"}],"wp:attachment":[{"href":"https:\/\/www.kick-point.com\/es\/wp-json\/wp\/v2\/media?parent=8876"}],"curies":[{"name":"wp","href":"https:\/\/api.w.org\/{rel}","templated":true}]}}