{"id":8871,"date":"2014-03-25T10:00:00","date_gmt":"2014-03-25T09:00:00","guid":{"rendered":"https:\/\/www.kick-point.com\/?page_id=8871"},"modified":"2014-03-25T10:00:00","modified_gmt":"2014-03-25T09:00:00","slug":"tiros-con-un-fin-benefico","status":"publish","type":"page","link":"https:\/\/www.kick-point.com\/es\/porteria-electronica-e-interactiva-kick-point-2\/variedades-de-juego-con-kick-point\/tiros-con-un-fin-benefico\/","title":{"rendered":"Tiros con un fin ben\u00e9fico"},"content":{"rendered":"<p><a href=\"https:\/\/www.kick-point.com\/wp-content\/uploads\/spenden-kick.jpg\"><img loading=\"lazy\" decoding=\"async\" class=\"alignright size-full wp-image-7962\" alt=\"spenden-kick\" src=\"https:\/\/www.kick-point.com\/wp-content\/uploads\/spenden-kick.jpg\" width=\"600\" height=\"450\" \/><\/a> Es una de las opciones m\u00e1s solicitadas. En lugar de ganar puntos la idea es obtener la mayor cantidad de euros para un fin ben\u00e9fico. La cantidad conseguida puede ser aportada por la empresa patrocinadora.<\/p>\n<p><a href=\"https:\/\/www.kick-point.com\/wp-content\/uploads\/charity-kick.jpg\"><img loading=\"lazy\" decoding=\"async\" class=\"alignleft size-thumbnail wp-image-4982\" alt=\"charity kick\" src=\"https:\/\/www.kick-point.com\/wp-content\/uploads\/charity-kick-150x150.jpg\" width=\"72\" height=\"72\" \/><\/a><\/p>\n","protected":false},"excerpt":{"rendered":"<p>Es una de las opciones m\u00e1s solicitadas. En lugar de ganar puntos la idea es obtener la mayor cantidad de euros para un fin ben\u00e9fico. La cantidad conseguida puede ser aportada por la empresa patrocinadora.<\/p>\n","protected":false},"author":12,"featured_media":0,"parent":3540,"menu_order":0,"comment_status":"closed","ping_status":"closed","template":"","meta":{"footnotes":""},"class_list":["post-8871","page","type-page","status-publish","hentry"],"yoast_head":"<!-- This site is optimized with the Yoast SEO plugin v22.8 - https:\/\/yoast.com\/wordpress\/plugins\/seo\/ -->\n<title>Tiros con un fin ben\u00e9fico<\/title>\n<meta name=\"robots\" content=\"index, follow, max-snippet:-1, max-image-preview:large, max-video-preview:-1\" \/>\n<link rel=\"canonical\" href=\"https:\/\/www.kick-point.com\/es\/porteria-electronica-e-interactiva-kick-point-2\/variedades-de-juego-con-kick-point\/tiros-con-un-fin-benefico\/\" \/>\n<meta property=\"og:locale\" content=\"es_ES\" \/>\n<meta property=\"og:type\" content=\"article\" \/>\n<meta property=\"og:title\" content=\"Tiros con un fin ben\u00e9fico\" \/>\n<meta property=\"og:description\" content=\"Es una de las opciones m\u00e1s solicitadas. En lugar de ganar puntos la idea es obtener la mayor cantidad de euros para un fin ben\u00e9fico. La cantidad conseguida puede ser aportada por la empresa patrocinadora.\" \/>\n<meta property=\"og:url\" content=\"https:\/\/www.kick-point.com\/es\/porteria-electronica-e-interactiva-kick-point-2\/variedades-de-juego-con-kick-point\/tiros-con-un-fin-benefico\/\" \/>\n<meta property=\"og:site_name\" content=\"Kick-Point\" \/>\n<meta property=\"og:image\" content=\"https:\/\/www.kick-point.com\/wp-content\/uploads\/spenden-kick.jpg\" \/>\n<script type=\"application\/ld+json\" class=\"yoast-schema-graph\">{\"@context\":\"https:\/\/schema.org\",\"@graph\":[{\"@type\":\"WebPage\",\"@id\":\"https:\/\/www.kick-point.com\/es\/porteria-electronica-e-interactiva-kick-point-2\/variedades-de-juego-con-kick-point\/tiros-con-un-fin-benefico\/\",\"url\":\"https:\/\/www.kick-point.com\/es\/porteria-electronica-e-interactiva-kick-point-2\/variedades-de-juego-con-kick-point\/tiros-con-un-fin-benefico\/\",\"name\":\"Tiros con un fin ben\u00e9fico\",\"isPartOf\":{\"@id\":\"https:\/\/www.kick-point.com\/de\/#website\"},\"primaryImageOfPage\":{\"@id\":\"https:\/\/www.kick-point.com\/es\/porteria-electronica-e-interactiva-kick-point-2\/variedades-de-juego-con-kick-point\/tiros-con-un-fin-benefico\/#primaryimage\"},\"image\":{\"@id\":\"https:\/\/www.kick-point.com\/es\/porteria-electronica-e-interactiva-kick-point-2\/variedades-de-juego-con-kick-point\/tiros-con-un-fin-benefico\/#primaryimage\"},\"thumbnailUrl\":\"https:\/\/www.kick-point.com\/wp-content\/uploads\/spenden-kick.jpg\",\"datePublished\":\"2014-03-25T09:00:00+00:00\",\"dateModified\":\"2014-03-25T09:00:00+00:00\",\"breadcrumb\":{\"@id\":\"https:\/\/www.kick-point.com\/es\/porteria-electronica-e-interactiva-kick-point-2\/variedades-de-juego-con-kick-point\/tiros-con-un-fin-benefico\/#breadcrumb\"},\"inLanguage\":\"es\",\"potentialAction\":[{\"@type\":\"ReadAction\",\"target\":[\"https:\/\/www.kick-point.com\/es\/porteria-electronica-e-interactiva-kick-point-2\/variedades-de-juego-con-kick-point\/tiros-con-un-fin-benefico\/\"]}]},{\"@type\":\"ImageObject\",\"inLanguage\":\"es\",\"@id\":\"https:\/\/www.kick-point.com\/es\/porteria-electronica-e-interactiva-kick-point-2\/variedades-de-juego-con-kick-point\/tiros-con-un-fin-benefico\/#primaryimage\",\"url\":\"https:\/\/www.kick-point.com\/wp-content\/uploads\/spenden-kick.jpg\",\"contentUrl\":\"https:\/\/www.kick-point.com\/wp-content\/uploads\/spenden-kick.jpg\"},{\"@type\":\"BreadcrumbList\",\"@id\":\"https:\/\/www.kick-point.com\/es\/porteria-electronica-e-interactiva-kick-point-2\/variedades-de-juego-con-kick-point\/tiros-con-un-fin-benefico\/#breadcrumb\",\"itemListElement\":[{\"@type\":\"ListItem\",\"position\":1,\"name\":\"PORTER\u00cdA ELECTR\u00d3NICA E INTERACTIVA KICK POINT\",\"item\":\"https:\/\/www.kick-point.com\/es\/porteria-electronica-e-interactiva-kick-point-2\/\"},{\"@type\":\"ListItem\",\"position\":2,\"name\":\"GRAN VARIEDAD DE JUEGOS\",\"item\":\"https:\/\/www.kick-point.com\/es\/porteria-electronica-e-interactiva-kick-point-2\/variedades-de-juego-con-kick-point\/\"},{\"@type\":\"ListItem\",\"position\":3,\"name\":\"Tiros con un fin ben\u00e9fico\"}]},{\"@type\":\"WebSite\",\"@id\":\"https:\/\/www.kick-point.com\/de\/#website\",\"url\":\"https:\/\/www.kick-point.com\/de\/\",\"name\":\"Kick-Point\",\"description\":\"Events und Event-Module rund um das elektronische Fu\u00dfballtor\",\"potentialAction\":[{\"@type\":\"SearchAction\",\"target\":{\"@type\":\"EntryPoint\",\"urlTemplate\":\"https:\/\/www.kick-point.com\/de\/?s={search_term_string}\"},\"query-input\":\"required name=search_term_string\"}],\"inLanguage\":\"es\"}]}<\/script>\n<!-- \/ Yoast SEO plugin. -->","yoast_head_json":{"title":"Tiros con un fin ben\u00e9fico","robots":{"index":"index","follow":"follow","max-snippet":"max-snippet:-1","max-image-preview":"max-image-preview:large","max-video-preview":"max-video-preview:-1"},"canonical":"https:\/\/www.kick-point.com\/es\/porteria-electronica-e-interactiva-kick-point-2\/variedades-de-juego-con-kick-point\/tiros-con-un-fin-benefico\/","og_locale":"es_ES","og_type":"article","og_title":"Tiros con un fin ben\u00e9fico","og_description":"Es una de las opciones m\u00e1s solicitadas. En lugar de ganar puntos la idea es obtener la mayor cantidad de euros para un fin ben\u00e9fico. La cantidad conseguida puede ser aportada por la empresa patrocinadora.","og_url":"https:\/\/www.kick-point.com\/es\/porteria-electronica-e-interactiva-kick-point-2\/variedades-de-juego-con-kick-point\/tiros-con-un-fin-benefico\/","og_site_name":"Kick-Point","og_image":[{"url":"https:\/\/www.kick-point.com\/wp-content\/uploads\/spenden-kick.jpg"}],"schema":{"@context":"https:\/\/schema.org","@graph":[{"@type":"WebPage","@id":"https:\/\/www.kick-point.com\/es\/porteria-electronica-e-interactiva-kick-point-2\/variedades-de-juego-con-kick-point\/tiros-con-un-fin-benefico\/","url":"https:\/\/www.kick-point.com\/es\/porteria-electronica-e-interactiva-kick-point-2\/variedades-de-juego-con-kick-point\/tiros-con-un-fin-benefico\/","name":"Tiros con un fin ben\u00e9fico","isPartOf":{"@id":"https:\/\/www.kick-point.com\/de\/#website"},"primaryImageOfPage":{"@id":"https:\/\/www.kick-point.com\/es\/porteria-electronica-e-interactiva-kick-point-2\/variedades-de-juego-con-kick-point\/tiros-con-un-fin-benefico\/#primaryimage"},"image":{"@id":"https:\/\/www.kick-point.com\/es\/porteria-electronica-e-interactiva-kick-point-2\/variedades-de-juego-con-kick-point\/tiros-con-un-fin-benefico\/#primaryimage"},"thumbnailUrl":"https:\/\/www.kick-point.com\/wp-content\/uploads\/spenden-kick.jpg","datePublished":"2014-03-25T09:00:00+00:00","dateModified":"2014-03-25T09:00:00+00:00","breadcrumb":{"@id":"https:\/\/www.kick-point.com\/es\/porteria-electronica-e-interactiva-kick-point-2\/variedades-de-juego-con-kick-point\/tiros-con-un-fin-benefico\/#breadcrumb"},"inLanguage":"es","potentialAction":[{"@type":"ReadAction","target":["https:\/\/www.kick-point.com\/es\/porteria-electronica-e-interactiva-kick-point-2\/variedades-de-juego-con-kick-point\/tiros-con-un-fin-benefico\/"]}]},{"@type":"ImageObject","inLanguage":"es","@id":"https:\/\/www.kick-point.com\/es\/porteria-electronica-e-interactiva-kick-point-2\/variedades-de-juego-con-kick-point\/tiros-con-un-fin-benefico\/#primaryimage","url":"https:\/\/www.kick-point.com\/wp-content\/uploads\/spenden-kick.jpg","contentUrl":"https:\/\/www.kick-point.com\/wp-content\/uploads\/spenden-kick.jpg"},{"@type":"BreadcrumbList","@id":"https:\/\/www.kick-point.com\/es\/porteria-electronica-e-interactiva-kick-point-2\/variedades-de-juego-con-kick-point\/tiros-con-un-fin-benefico\/#breadcrumb","itemListElement":[{"@type":"ListItem","position":1,"name":"PORTER\u00cdA ELECTR\u00d3NICA E INTERACTIVA KICK POINT","item":"https:\/\/www.kick-point.com\/es\/porteria-electronica-e-interactiva-kick-point-2\/"},{"@type":"ListItem","position":2,"name":"GRAN VARIEDAD DE JUEGOS","item":"https:\/\/www.kick-point.com\/es\/porteria-electronica-e-interactiva-kick-point-2\/variedades-de-juego-con-kick-point\/"},{"@type":"ListItem","position":3,"name":"Tiros con un fin ben\u00e9fico"}]},{"@type":"WebSite","@id":"https:\/\/www.kick-point.com\/de\/#website","url":"https:\/\/www.kick-point.com\/de\/","name":"Kick-Point","description":"Events und Event-Module rund um das elektronische Fu\u00dfballtor","potentialAction":[{"@type":"SearchAction","target":{"@type":"EntryPoint","urlTemplate":"https:\/\/www.kick-point.com\/de\/?s={search_term_string}"},"query-input":"required name=search_term_string"}],"inLanguage":"es"}]}},"_links":{"self":[{"href":"https:\/\/www.kick-point.com\/es\/wp-json\/wp\/v2\/pages\/8871","targetHints":{"allow":["GET"]}}],"collection":[{"href":"https:\/\/www.kick-point.com\/es\/wp-json\/wp\/v2\/pages"}],"about":[{"href":"https:\/\/www.kick-point.com\/es\/wp-json\/wp\/v2\/types\/page"}],"author":[{"embeddable":true,"href":"https:\/\/www.kick-point.com\/es\/wp-json\/wp\/v2\/users\/12"}],"replies":[{"embeddable":true,"href":"https:\/\/www.kick-point.com\/es\/wp-json\/wp\/v2\/comments?post=8871"}],"version-history":[{"count":0,"href":"https:\/\/www.kick-point.com\/es\/wp-json\/wp\/v2\/pages\/8871\/revisions"}],"up":[{"embeddable":true,"href":"https:\/\/www.kick-point.com\/es\/wp-json\/wp\/v2\/pages\/3540"}],"wp:attachment":[{"href":"https:\/\/www.kick-point.com\/es\/wp-json\/wp\/v2\/media?parent=8871"}],"curies":[{"name":"wp","href":"https:\/\/api.w.org\/{rel}","templated":true}]}}