{"id":8862,"date":"2014-03-25T09:41:23","date_gmt":"2014-03-25T08:41:23","guid":{"rendered":"https:\/\/www.kick-point.com\/?page_id=8862"},"modified":"2016-10-14T12:28:47","modified_gmt":"2016-10-14T10:28:47","slug":"porteria-de-4x2-metros","status":"publish","type":"page","link":"https:\/\/www.kick-point.com\/es\/porteria-electronica-e-interactiva-kick-point-2\/variedades-de-kick-point\/porteria-de-4x2-metros\/","title":{"rendered":"Porter\u00eda de 4&#215;2 metros"},"content":{"rendered":"<p><a href=\"https:\/\/www.kick-point.com\/wp-content\/uploads\/Autob\u00f6rse-2011-7.jpg\"><img loading=\"lazy\" decoding=\"async\" class=\"alignright size-full wp-image-4964\" alt=\"SONY DSC\" src=\"https:\/\/www.kick-point.com\/wp-content\/uploads\/Autob\u00f6rse-2011-7.jpg\" width=\"600\" height=\"402\" \/><\/a>Es id\u00e9ntica a la porter\u00eda m\u00e1s grande. Este tama\u00f1o es tambi\u00e9n muy apropiado para eventos en el exterior, aunque requiere menos espacio. Para evitar tener que contratar recoge pelotas, las redes disponibles son perfectas. Existe gran variedad de redes, pancartas o hinchables.<\/p>\n<p><a href=\"https:\/\/www.kick-point.com\/wp-content\/uploads\/4x2.png\"><img loading=\"lazy\" decoding=\"async\" class=\"alignleft size-thumbnail wp-image-7428\" alt=\"4x2\" src=\"https:\/\/www.kick-point.com\/wp-content\/uploads\/4x2-150x150.png\" width=\"72\" height=\"72\" \/><\/a><\/p>\n<p>&nbsp;<\/p>\n<p>&nbsp;<\/p>\n<p>&nbsp;<\/p>\n<p><span style=\"color: #000000;\">\u00a0<\/span><\/p>\n<p><span style=\"color: #000000;\">Alternativas:<\/span><\/p>\n<ul>\n<li><a title=\"Porter\u00eda de 5\u00d72 metros\" href=\"https:\/\/www.kick-point.com\/es\/porteria-electronica-e-interactiva-kick-point-2\/variedades-de-kick-point\/porteria-de-5x2-metros\/\"><span style=\"color: #000000;\">5&#215;2 metros<\/span><\/a><\/li>\n<li><a title=\"Porter\u00eda de 3\u00d72 metros\" href=\"https:\/\/www.kick-point.com\/es\/porteria-electronica-e-interactiva-kick-point-2\/variedades-de-kick-point\/porteria-de-3x2-metros\/\"><span style=\"color: #000000;\">3&#215;2 metros<\/span><\/a><\/li>\n<li><a title=\"Porter\u00eda de 1.8\u00d71.2 metros\" href=\"https:\/\/www.kick-point.com\/es\/porteria-electronica-e-interactiva-kick-point-2\/variedades-de-kick-point\/porteria-de-1-8x1-2-metros\/\"><span style=\"color: #000000;\">1.8&#215;1.2 metros<\/span><\/a><\/li>\n<li><a title=\"Porter\u00eda de 1.2\u00d70.8 metros\" href=\"https:\/\/www.kick-point.com\/es\/porteria-electronica-e-interactiva-kick-point-2\/variedades-de-kick-point\/porteria-de-1-2x0-8-metros\/\"><span style=\"color: #000000;\">1.2&#215;0.8 metros<\/span><\/a><\/li>\n<\/ul>\n","protected":false},"excerpt":{"rendered":"<p>Es id\u00e9ntica a la porter\u00eda m\u00e1s grande. Este tama\u00f1o es tambi\u00e9n muy apropiado para eventos en el exterior, aunque requiere menos espacio. Para evitar tener que contratar recoge pelotas, las redes disponibles son perfectas. Existe gran variedad de redes, pancartas o hinchables. &nbsp; &nbsp; &nbsp; \u00a0 Alternativas: 5&#215;2 metros 3&#215;2 metros 1.8&#215;1.2 metros 1.2&#215;0.8 metros<\/p>\n","protected":false},"author":12,"featured_media":0,"parent":3538,"menu_order":0,"comment_status":"closed","ping_status":"closed","template":"","meta":{"footnotes":""},"class_list":["post-8862","page","type-page","status-publish","hentry"],"yoast_head":"<!-- This site is optimized with the Yoast SEO plugin v22.8 - https:\/\/yoast.com\/wordpress\/plugins\/seo\/ -->\n<title>Porter\u00eda de 4x2 metros<\/title>\n<meta name=\"robots\" content=\"index, follow, max-snippet:-1, max-image-preview:large, max-video-preview:-1\" \/>\n<link rel=\"canonical\" href=\"https:\/\/www.kick-point.com\/es\/porteria-electronica-e-interactiva-kick-point-2\/variedades-de-kick-point\/porteria-de-4x2-metros\/\" \/>\n<meta property=\"og:locale\" content=\"es_ES\" \/>\n<meta property=\"og:type\" content=\"article\" \/>\n<meta property=\"og:title\" content=\"Porter\u00eda de 4x2 metros\" \/>\n<meta property=\"og:description\" content=\"Es id\u00e9ntica a la porter\u00eda m\u00e1s grande. Este tama\u00f1o es tambi\u00e9n muy apropiado para eventos en el exterior, aunque requiere menos espacio. Para evitar tener que contratar recoge pelotas, las redes disponibles son perfectas. Existe gran variedad de redes, pancartas o hinchables. &nbsp; &nbsp; &nbsp; \u00a0 Alternativas: 5&#215;2 metros 3&#215;2 metros 1.8&#215;1.2 metros 1.2&#215;0.8 metros\" \/>\n<meta property=\"og:url\" content=\"https:\/\/www.kick-point.com\/es\/porteria-electronica-e-interactiva-kick-point-2\/variedades-de-kick-point\/porteria-de-4x2-metros\/\" \/>\n<meta property=\"og:site_name\" content=\"Kick-Point\" \/>\n<meta property=\"article:modified_time\" content=\"2016-10-14T10:28:47+00:00\" \/>\n<meta property=\"og:image\" content=\"https:\/\/www.kick-point.com\/wp-content\/uploads\/Autob\u00f6rse-2011-7.jpg\" \/>\n<script type=\"application\/ld+json\" class=\"yoast-schema-graph\">{\"@context\":\"https:\/\/schema.org\",\"@graph\":[{\"@type\":\"WebPage\",\"@id\":\"https:\/\/www.kick-point.com\/es\/porteria-electronica-e-interactiva-kick-point-2\/variedades-de-kick-point\/porteria-de-4x2-metros\/\",\"url\":\"https:\/\/www.kick-point.com\/es\/porteria-electronica-e-interactiva-kick-point-2\/variedades-de-kick-point\/porteria-de-4x2-metros\/\",\"name\":\"Porter\u00eda de 4x2 metros\",\"isPartOf\":{\"@id\":\"https:\/\/www.kick-point.com\/de\/#website\"},\"primaryImageOfPage\":{\"@id\":\"https:\/\/www.kick-point.com\/es\/porteria-electronica-e-interactiva-kick-point-2\/variedades-de-kick-point\/porteria-de-4x2-metros\/#primaryimage\"},\"image\":{\"@id\":\"https:\/\/www.kick-point.com\/es\/porteria-electronica-e-interactiva-kick-point-2\/variedades-de-kick-point\/porteria-de-4x2-metros\/#primaryimage\"},\"thumbnailUrl\":\"https:\/\/www.kick-point.com\/wp-content\/uploads\/4x2-150x150.png\",\"datePublished\":\"2014-03-25T08:41:23+00:00\",\"dateModified\":\"2016-10-14T10:28:47+00:00\",\"breadcrumb\":{\"@id\":\"https:\/\/www.kick-point.com\/es\/porteria-electronica-e-interactiva-kick-point-2\/variedades-de-kick-point\/porteria-de-4x2-metros\/#breadcrumb\"},\"inLanguage\":\"es\",\"potentialAction\":[{\"@type\":\"ReadAction\",\"target\":[\"https:\/\/www.kick-point.com\/es\/porteria-electronica-e-interactiva-kick-point-2\/variedades-de-kick-point\/porteria-de-4x2-metros\/\"]}]},{\"@type\":\"ImageObject\",\"inLanguage\":\"es\",\"@id\":\"https:\/\/www.kick-point.com\/es\/porteria-electronica-e-interactiva-kick-point-2\/variedades-de-kick-point\/porteria-de-4x2-metros\/#primaryimage\",\"url\":\"https:\/\/www.kick-point.com\/wp-content\/uploads\/4x2-150x150.png\",\"contentUrl\":\"https:\/\/www.kick-point.com\/wp-content\/uploads\/4x2-150x150.png\"},{\"@type\":\"BreadcrumbList\",\"@id\":\"https:\/\/www.kick-point.com\/es\/porteria-electronica-e-interactiva-kick-point-2\/variedades-de-kick-point\/porteria-de-4x2-metros\/#breadcrumb\",\"itemListElement\":[{\"@type\":\"ListItem\",\"position\":1,\"name\":\"PORTER\u00cdA ELECTR\u00d3NICA E INTERACTIVA KICK POINT\",\"item\":\"https:\/\/www.kick-point.com\/es\/porteria-electronica-e-interactiva-kick-point-2\/\"},{\"@type\":\"ListItem\",\"position\":2,\"name\":\"TAMA\u00d1OS DE LAS PORTER\u00cdAS\",\"item\":\"https:\/\/www.kick-point.com\/es\/porteria-electronica-e-interactiva-kick-point-2\/variedades-de-kick-point\/\"},{\"@type\":\"ListItem\",\"position\":3,\"name\":\"Porter\u00eda de 4&#215;2 metros\"}]},{\"@type\":\"WebSite\",\"@id\":\"https:\/\/www.kick-point.com\/de\/#website\",\"url\":\"https:\/\/www.kick-point.com\/de\/\",\"name\":\"Kick-Point\",\"description\":\"Events und Event-Module rund um das elektronische Fu\u00dfballtor\",\"potentialAction\":[{\"@type\":\"SearchAction\",\"target\":{\"@type\":\"EntryPoint\",\"urlTemplate\":\"https:\/\/www.kick-point.com\/de\/?s={search_term_string}\"},\"query-input\":\"required name=search_term_string\"}],\"inLanguage\":\"es\"}]}<\/script>\n<!-- \/ Yoast SEO plugin. -->","yoast_head_json":{"title":"Porter\u00eda de 4x2 metros","robots":{"index":"index","follow":"follow","max-snippet":"max-snippet:-1","max-image-preview":"max-image-preview:large","max-video-preview":"max-video-preview:-1"},"canonical":"https:\/\/www.kick-point.com\/es\/porteria-electronica-e-interactiva-kick-point-2\/variedades-de-kick-point\/porteria-de-4x2-metros\/","og_locale":"es_ES","og_type":"article","og_title":"Porter\u00eda de 4x2 metros","og_description":"Es id\u00e9ntica a la porter\u00eda m\u00e1s grande. Este tama\u00f1o es tambi\u00e9n muy apropiado para eventos en el exterior, aunque requiere menos espacio. Para evitar tener que contratar recoge pelotas, las redes disponibles son perfectas. Existe gran variedad de redes, pancartas o hinchables. &nbsp; &nbsp; &nbsp; \u00a0 Alternativas: 5&#215;2 metros 3&#215;2 metros 1.8&#215;1.2 metros 1.2&#215;0.8 metros","og_url":"https:\/\/www.kick-point.com\/es\/porteria-electronica-e-interactiva-kick-point-2\/variedades-de-kick-point\/porteria-de-4x2-metros\/","og_site_name":"Kick-Point","article_modified_time":"2016-10-14T10:28:47+00:00","og_image":[{"url":"https:\/\/www.kick-point.com\/wp-content\/uploads\/Autob\u00f6rse-2011-7.jpg"}],"schema":{"@context":"https:\/\/schema.org","@graph":[{"@type":"WebPage","@id":"https:\/\/www.kick-point.com\/es\/porteria-electronica-e-interactiva-kick-point-2\/variedades-de-kick-point\/porteria-de-4x2-metros\/","url":"https:\/\/www.kick-point.com\/es\/porteria-electronica-e-interactiva-kick-point-2\/variedades-de-kick-point\/porteria-de-4x2-metros\/","name":"Porter\u00eda de 4x2 metros","isPartOf":{"@id":"https:\/\/www.kick-point.com\/de\/#website"},"primaryImageOfPage":{"@id":"https:\/\/www.kick-point.com\/es\/porteria-electronica-e-interactiva-kick-point-2\/variedades-de-kick-point\/porteria-de-4x2-metros\/#primaryimage"},"image":{"@id":"https:\/\/www.kick-point.com\/es\/porteria-electronica-e-interactiva-kick-point-2\/variedades-de-kick-point\/porteria-de-4x2-metros\/#primaryimage"},"thumbnailUrl":"https:\/\/www.kick-point.com\/wp-content\/uploads\/4x2-150x150.png","datePublished":"2014-03-25T08:41:23+00:00","dateModified":"2016-10-14T10:28:47+00:00","breadcrumb":{"@id":"https:\/\/www.kick-point.com\/es\/porteria-electronica-e-interactiva-kick-point-2\/variedades-de-kick-point\/porteria-de-4x2-metros\/#breadcrumb"},"inLanguage":"es","potentialAction":[{"@type":"ReadAction","target":["https:\/\/www.kick-point.com\/es\/porteria-electronica-e-interactiva-kick-point-2\/variedades-de-kick-point\/porteria-de-4x2-metros\/"]}]},{"@type":"ImageObject","inLanguage":"es","@id":"https:\/\/www.kick-point.com\/es\/porteria-electronica-e-interactiva-kick-point-2\/variedades-de-kick-point\/porteria-de-4x2-metros\/#primaryimage","url":"https:\/\/www.kick-point.com\/wp-content\/uploads\/4x2-150x150.png","contentUrl":"https:\/\/www.kick-point.com\/wp-content\/uploads\/4x2-150x150.png"},{"@type":"BreadcrumbList","@id":"https:\/\/www.kick-point.com\/es\/porteria-electronica-e-interactiva-kick-point-2\/variedades-de-kick-point\/porteria-de-4x2-metros\/#breadcrumb","itemListElement":[{"@type":"ListItem","position":1,"name":"PORTER\u00cdA ELECTR\u00d3NICA E INTERACTIVA KICK POINT","item":"https:\/\/www.kick-point.com\/es\/porteria-electronica-e-interactiva-kick-point-2\/"},{"@type":"ListItem","position":2,"name":"TAMA\u00d1OS DE LAS PORTER\u00cdAS","item":"https:\/\/www.kick-point.com\/es\/porteria-electronica-e-interactiva-kick-point-2\/variedades-de-kick-point\/"},{"@type":"ListItem","position":3,"name":"Porter\u00eda de 4&#215;2 metros"}]},{"@type":"WebSite","@id":"https:\/\/www.kick-point.com\/de\/#website","url":"https:\/\/www.kick-point.com\/de\/","name":"Kick-Point","description":"Events und Event-Module rund um das elektronische Fu\u00dfballtor","potentialAction":[{"@type":"SearchAction","target":{"@type":"EntryPoint","urlTemplate":"https:\/\/www.kick-point.com\/de\/?s={search_term_string}"},"query-input":"required name=search_term_string"}],"inLanguage":"es"}]}},"_links":{"self":[{"href":"https:\/\/www.kick-point.com\/es\/wp-json\/wp\/v2\/pages\/8862","targetHints":{"allow":["GET"]}}],"collection":[{"href":"https:\/\/www.kick-point.com\/es\/wp-json\/wp\/v2\/pages"}],"about":[{"href":"https:\/\/www.kick-point.com\/es\/wp-json\/wp\/v2\/types\/page"}],"author":[{"embeddable":true,"href":"https:\/\/www.kick-point.com\/es\/wp-json\/wp\/v2\/users\/12"}],"replies":[{"embeddable":true,"href":"https:\/\/www.kick-point.com\/es\/wp-json\/wp\/v2\/comments?post=8862"}],"version-history":[{"count":2,"href":"https:\/\/www.kick-point.com\/es\/wp-json\/wp\/v2\/pages\/8862\/revisions"}],"predecessor-version":[{"id":67100,"href":"https:\/\/www.kick-point.com\/es\/wp-json\/wp\/v2\/pages\/8862\/revisions\/67100"}],"up":[{"embeddable":true,"href":"https:\/\/www.kick-point.com\/es\/wp-json\/wp\/v2\/pages\/3538"}],"wp:attachment":[{"href":"https:\/\/www.kick-point.com\/es\/wp-json\/wp\/v2\/media?parent=8862"}],"curies":[{"name":"wp","href":"https:\/\/api.w.org\/{rel}","templated":true}]}}