{"id":8854,"date":"2014-03-25T09:34:11","date_gmt":"2014-03-25T08:34:11","guid":{"rendered":"https:\/\/www.kick-point.com\/?page_id=8854"},"modified":"2016-10-14T12:23:45","modified_gmt":"2016-10-14T10:23:45","slug":"porteria-de-1-2x0-8-metros","status":"publish","type":"page","link":"https:\/\/www.kick-point.com\/es\/porteria-electronica-e-interactiva-kick-point-2\/variedades-de-kick-point\/porteria-de-1-2x0-8-metros\/","title":{"rendered":"Porter\u00eda de 1.2&#215;0.8 metros"},"content":{"rendered":"<p><a href=\"https:\/\/www.kick-point.com\/wp-content\/uploads\/IMG_3005.jpg\"><img loading=\"lazy\" decoding=\"async\" class=\"alignright size-full wp-image-4974\" alt=\"IMG_3005\" src=\"https:\/\/www.kick-point.com\/wp-content\/uploads\/IMG_3005.jpg\" width=\"337\" height=\"450\" \/><\/a> <span style=\"color: #000000;\">Es nuestra porter\u00eda m\u00e1s peque\u00f1a, con una superficie para publicidad de unos 2&#215;5 metros. A pesar de su reducido tama\u00f1o aporta una gran posibilidad de diversi\u00f3n con las mismas caracter\u00edsticas que cualquiera de nuestras porter\u00edas mayores.<\/span><\/p>\n<p><span style=\"color: #000000;\"><a href=\"https:\/\/www.kick-point.com\/wp-content\/uploads\/12x081.png\"><span style=\"color: #000000;\"><img loading=\"lazy\" decoding=\"async\" class=\"alignleft size-thumbnail wp-image-7438\" alt=\"12x08\" src=\"https:\/\/www.kick-point.com\/wp-content\/uploads\/12x081-150x150.png\" width=\"72\" height=\"72\" \/><\/span><\/a><\/span><\/p>\n<p><span style=\"color: #000000;\">\u00a0<\/span><\/p>\n<p><span style=\"color: #000000;\">\u00a0<\/span><\/p>\n<p>&nbsp;<\/p>\n<p>&nbsp;<\/p>\n<p><span style=\"color: #000000;\">\u00a0Alternativas:<\/span><\/p>\n<ul>\n<li><a title=\"Porter\u00eda de 5\u00d72 metros\" href=\"https:\/\/www.kick-point.com\/es\/porteria-electronica-e-interactiva-kick-point-2\/variedades-de-kick-point\/porteria-de-5x2-metros\/\"><span style=\"color: #000000;\">5&#215;2 metros<\/span><\/a><\/li>\n<li><a title=\"Porter\u00eda de 4\u00d72 metros\" href=\"https:\/\/www.kick-point.com\/es\/porteria-electronica-e-interactiva-kick-point-2\/variedades-de-kick-point\/porteria-de-4x2-metros\/\"><span style=\"color: #000000;\">4&#215;2 metros<\/span><\/a><\/li>\n<li><a title=\"Porter\u00eda de 3\u00d72 metros\" href=\"https:\/\/www.kick-point.com\/es\/porteria-electronica-e-interactiva-kick-point-2\/variedades-de-kick-point\/porteria-de-3x2-metros\/\"><span style=\"color: #000000;\">3&#215;2 metros<\/span><\/a><\/li>\n<li><a title=\"Porter\u00eda de 1.8\u00d71.2 metros\" href=\"https:\/\/www.kick-point.com\/es\/porteria-electronica-e-interactiva-kick-point-2\/variedades-de-kick-point\/porteria-de-1-8x1-2-metros\/\"><span style=\"color: #000000;\">1.8&#215;1.2 metros<\/span><\/a><\/li>\n<\/ul>\n<p>&nbsp;<\/p>\n","protected":false},"excerpt":{"rendered":"<p>Es nuestra porter\u00eda m\u00e1s peque\u00f1a, con una superficie para publicidad de unos 2&#215;5 metros. A pesar de su reducido tama\u00f1o aporta una gran posibilidad de diversi\u00f3n con las mismas caracter\u00edsticas que cualquiera de nuestras porter\u00edas mayores. \u00a0 \u00a0 &nbsp; &nbsp; \u00a0Alternativas: 5&#215;2 metros 4&#215;2 metros 3&#215;2 metros 1.8&#215;1.2 metros &nbsp;<\/p>\n","protected":false},"author":12,"featured_media":0,"parent":3538,"menu_order":0,"comment_status":"closed","ping_status":"closed","template":"","meta":{"footnotes":""},"class_list":["post-8854","page","type-page","status-publish","hentry"],"yoast_head":"<!-- This site is optimized with the Yoast SEO plugin v22.8 - https:\/\/yoast.com\/wordpress\/plugins\/seo\/ -->\n<title>Porter\u00eda de 1.2x0.8 metros<\/title>\n<meta name=\"robots\" content=\"index, follow, max-snippet:-1, max-image-preview:large, max-video-preview:-1\" \/>\n<link rel=\"canonical\" href=\"https:\/\/www.kick-point.com\/es\/porteria-electronica-e-interactiva-kick-point-2\/variedades-de-kick-point\/porteria-de-1-2x0-8-metros\/\" \/>\n<meta property=\"og:locale\" content=\"es_ES\" \/>\n<meta property=\"og:type\" content=\"article\" \/>\n<meta property=\"og:title\" content=\"Porter\u00eda de 1.2x0.8 metros\" \/>\n<meta property=\"og:description\" content=\"Es nuestra porter\u00eda m\u00e1s peque\u00f1a, con una superficie para publicidad de unos 2&#215;5 metros. A pesar de su reducido tama\u00f1o aporta una gran posibilidad de diversi\u00f3n con las mismas caracter\u00edsticas que cualquiera de nuestras porter\u00edas mayores. \u00a0 \u00a0 &nbsp; &nbsp; \u00a0Alternativas: 5&#215;2 metros 4&#215;2 metros 3&#215;2 metros 1.8&#215;1.2 metros &nbsp;\" \/>\n<meta property=\"og:url\" content=\"https:\/\/www.kick-point.com\/es\/porteria-electronica-e-interactiva-kick-point-2\/variedades-de-kick-point\/porteria-de-1-2x0-8-metros\/\" \/>\n<meta property=\"og:site_name\" content=\"Kick-Point\" \/>\n<meta property=\"article:modified_time\" content=\"2016-10-14T10:23:45+00:00\" \/>\n<meta property=\"og:image\" content=\"https:\/\/www.kick-point.com\/wp-content\/uploads\/IMG_3005.jpg\" \/>\n<script type=\"application\/ld+json\" class=\"yoast-schema-graph\">{\"@context\":\"https:\/\/schema.org\",\"@graph\":[{\"@type\":\"WebPage\",\"@id\":\"https:\/\/www.kick-point.com\/es\/porteria-electronica-e-interactiva-kick-point-2\/variedades-de-kick-point\/porteria-de-1-2x0-8-metros\/\",\"url\":\"https:\/\/www.kick-point.com\/es\/porteria-electronica-e-interactiva-kick-point-2\/variedades-de-kick-point\/porteria-de-1-2x0-8-metros\/\",\"name\":\"Porter\u00eda de 1.2x0.8 metros\",\"isPartOf\":{\"@id\":\"https:\/\/www.kick-point.com\/de\/#website\"},\"primaryImageOfPage\":{\"@id\":\"https:\/\/www.kick-point.com\/es\/porteria-electronica-e-interactiva-kick-point-2\/variedades-de-kick-point\/porteria-de-1-2x0-8-metros\/#primaryimage\"},\"image\":{\"@id\":\"https:\/\/www.kick-point.com\/es\/porteria-electronica-e-interactiva-kick-point-2\/variedades-de-kick-point\/porteria-de-1-2x0-8-metros\/#primaryimage\"},\"thumbnailUrl\":\"https:\/\/www.kick-point.com\/wp-content\/uploads\/IMG_3005.jpg\",\"datePublished\":\"2014-03-25T08:34:11+00:00\",\"dateModified\":\"2016-10-14T10:23:45+00:00\",\"breadcrumb\":{\"@id\":\"https:\/\/www.kick-point.com\/es\/porteria-electronica-e-interactiva-kick-point-2\/variedades-de-kick-point\/porteria-de-1-2x0-8-metros\/#breadcrumb\"},\"inLanguage\":\"es\",\"potentialAction\":[{\"@type\":\"ReadAction\",\"target\":[\"https:\/\/www.kick-point.com\/es\/porteria-electronica-e-interactiva-kick-point-2\/variedades-de-kick-point\/porteria-de-1-2x0-8-metros\/\"]}]},{\"@type\":\"ImageObject\",\"inLanguage\":\"es\",\"@id\":\"https:\/\/www.kick-point.com\/es\/porteria-electronica-e-interactiva-kick-point-2\/variedades-de-kick-point\/porteria-de-1-2x0-8-metros\/#primaryimage\",\"url\":\"https:\/\/www.kick-point.com\/wp-content\/uploads\/IMG_3005.jpg\",\"contentUrl\":\"https:\/\/www.kick-point.com\/wp-content\/uploads\/IMG_3005.jpg\"},{\"@type\":\"BreadcrumbList\",\"@id\":\"https:\/\/www.kick-point.com\/es\/porteria-electronica-e-interactiva-kick-point-2\/variedades-de-kick-point\/porteria-de-1-2x0-8-metros\/#breadcrumb\",\"itemListElement\":[{\"@type\":\"ListItem\",\"position\":1,\"name\":\"PORTER\u00cdA ELECTR\u00d3NICA E INTERACTIVA KICK POINT\",\"item\":\"https:\/\/www.kick-point.com\/es\/porteria-electronica-e-interactiva-kick-point-2\/\"},{\"@type\":\"ListItem\",\"position\":2,\"name\":\"TAMA\u00d1OS DE LAS PORTER\u00cdAS\",\"item\":\"https:\/\/www.kick-point.com\/es\/porteria-electronica-e-interactiva-kick-point-2\/variedades-de-kick-point\/\"},{\"@type\":\"ListItem\",\"position\":3,\"name\":\"Porter\u00eda de 1.2&#215;0.8 metros\"}]},{\"@type\":\"WebSite\",\"@id\":\"https:\/\/www.kick-point.com\/de\/#website\",\"url\":\"https:\/\/www.kick-point.com\/de\/\",\"name\":\"Kick-Point\",\"description\":\"Events und Event-Module rund um das elektronische Fu\u00dfballtor\",\"potentialAction\":[{\"@type\":\"SearchAction\",\"target\":{\"@type\":\"EntryPoint\",\"urlTemplate\":\"https:\/\/www.kick-point.com\/de\/?s={search_term_string}\"},\"query-input\":\"required name=search_term_string\"}],\"inLanguage\":\"es\"}]}<\/script>\n<!-- \/ Yoast SEO plugin. -->","yoast_head_json":{"title":"Porter\u00eda de 1.2x0.8 metros","robots":{"index":"index","follow":"follow","max-snippet":"max-snippet:-1","max-image-preview":"max-image-preview:large","max-video-preview":"max-video-preview:-1"},"canonical":"https:\/\/www.kick-point.com\/es\/porteria-electronica-e-interactiva-kick-point-2\/variedades-de-kick-point\/porteria-de-1-2x0-8-metros\/","og_locale":"es_ES","og_type":"article","og_title":"Porter\u00eda de 1.2x0.8 metros","og_description":"Es nuestra porter\u00eda m\u00e1s peque\u00f1a, con una superficie para publicidad de unos 2&#215;5 metros. A pesar de su reducido tama\u00f1o aporta una gran posibilidad de diversi\u00f3n con las mismas caracter\u00edsticas que cualquiera de nuestras porter\u00edas mayores. \u00a0 \u00a0 &nbsp; &nbsp; \u00a0Alternativas: 5&#215;2 metros 4&#215;2 metros 3&#215;2 metros 1.8&#215;1.2 metros &nbsp;","og_url":"https:\/\/www.kick-point.com\/es\/porteria-electronica-e-interactiva-kick-point-2\/variedades-de-kick-point\/porteria-de-1-2x0-8-metros\/","og_site_name":"Kick-Point","article_modified_time":"2016-10-14T10:23:45+00:00","og_image":[{"url":"https:\/\/www.kick-point.com\/wp-content\/uploads\/IMG_3005.jpg"}],"schema":{"@context":"https:\/\/schema.org","@graph":[{"@type":"WebPage","@id":"https:\/\/www.kick-point.com\/es\/porteria-electronica-e-interactiva-kick-point-2\/variedades-de-kick-point\/porteria-de-1-2x0-8-metros\/","url":"https:\/\/www.kick-point.com\/es\/porteria-electronica-e-interactiva-kick-point-2\/variedades-de-kick-point\/porteria-de-1-2x0-8-metros\/","name":"Porter\u00eda de 1.2x0.8 metros","isPartOf":{"@id":"https:\/\/www.kick-point.com\/de\/#website"},"primaryImageOfPage":{"@id":"https:\/\/www.kick-point.com\/es\/porteria-electronica-e-interactiva-kick-point-2\/variedades-de-kick-point\/porteria-de-1-2x0-8-metros\/#primaryimage"},"image":{"@id":"https:\/\/www.kick-point.com\/es\/porteria-electronica-e-interactiva-kick-point-2\/variedades-de-kick-point\/porteria-de-1-2x0-8-metros\/#primaryimage"},"thumbnailUrl":"https:\/\/www.kick-point.com\/wp-content\/uploads\/IMG_3005.jpg","datePublished":"2014-03-25T08:34:11+00:00","dateModified":"2016-10-14T10:23:45+00:00","breadcrumb":{"@id":"https:\/\/www.kick-point.com\/es\/porteria-electronica-e-interactiva-kick-point-2\/variedades-de-kick-point\/porteria-de-1-2x0-8-metros\/#breadcrumb"},"inLanguage":"es","potentialAction":[{"@type":"ReadAction","target":["https:\/\/www.kick-point.com\/es\/porteria-electronica-e-interactiva-kick-point-2\/variedades-de-kick-point\/porteria-de-1-2x0-8-metros\/"]}]},{"@type":"ImageObject","inLanguage":"es","@id":"https:\/\/www.kick-point.com\/es\/porteria-electronica-e-interactiva-kick-point-2\/variedades-de-kick-point\/porteria-de-1-2x0-8-metros\/#primaryimage","url":"https:\/\/www.kick-point.com\/wp-content\/uploads\/IMG_3005.jpg","contentUrl":"https:\/\/www.kick-point.com\/wp-content\/uploads\/IMG_3005.jpg"},{"@type":"BreadcrumbList","@id":"https:\/\/www.kick-point.com\/es\/porteria-electronica-e-interactiva-kick-point-2\/variedades-de-kick-point\/porteria-de-1-2x0-8-metros\/#breadcrumb","itemListElement":[{"@type":"ListItem","position":1,"name":"PORTER\u00cdA ELECTR\u00d3NICA E INTERACTIVA KICK POINT","item":"https:\/\/www.kick-point.com\/es\/porteria-electronica-e-interactiva-kick-point-2\/"},{"@type":"ListItem","position":2,"name":"TAMA\u00d1OS DE LAS PORTER\u00cdAS","item":"https:\/\/www.kick-point.com\/es\/porteria-electronica-e-interactiva-kick-point-2\/variedades-de-kick-point\/"},{"@type":"ListItem","position":3,"name":"Porter\u00eda de 1.2&#215;0.8 metros"}]},{"@type":"WebSite","@id":"https:\/\/www.kick-point.com\/de\/#website","url":"https:\/\/www.kick-point.com\/de\/","name":"Kick-Point","description":"Events und Event-Module rund um das elektronische Fu\u00dfballtor","potentialAction":[{"@type":"SearchAction","target":{"@type":"EntryPoint","urlTemplate":"https:\/\/www.kick-point.com\/de\/?s={search_term_string}"},"query-input":"required name=search_term_string"}],"inLanguage":"es"}]}},"_links":{"self":[{"href":"https:\/\/www.kick-point.com\/es\/wp-json\/wp\/v2\/pages\/8854","targetHints":{"allow":["GET"]}}],"collection":[{"href":"https:\/\/www.kick-point.com\/es\/wp-json\/wp\/v2\/pages"}],"about":[{"href":"https:\/\/www.kick-point.com\/es\/wp-json\/wp\/v2\/types\/page"}],"author":[{"embeddable":true,"href":"https:\/\/www.kick-point.com\/es\/wp-json\/wp\/v2\/users\/12"}],"replies":[{"embeddable":true,"href":"https:\/\/www.kick-point.com\/es\/wp-json\/wp\/v2\/comments?post=8854"}],"version-history":[{"count":4,"href":"https:\/\/www.kick-point.com\/es\/wp-json\/wp\/v2\/pages\/8854\/revisions"}],"predecessor-version":[{"id":67095,"href":"https:\/\/www.kick-point.com\/es\/wp-json\/wp\/v2\/pages\/8854\/revisions\/67095"}],"up":[{"embeddable":true,"href":"https:\/\/www.kick-point.com\/es\/wp-json\/wp\/v2\/pages\/3538"}],"wp:attachment":[{"href":"https:\/\/www.kick-point.com\/es\/wp-json\/wp\/v2\/media?parent=8854"}],"curies":[{"name":"wp","href":"https:\/\/api.w.org\/{rel}","templated":true}]}}