{"id":8849,"date":"2014-03-25T09:27:48","date_gmt":"2014-03-25T08:27:48","guid":{"rendered":"https:\/\/www.kick-point.com\/?page_id=8849"},"modified":"2016-10-14T12:14:47","modified_gmt":"2016-10-14T10:14:47","slug":"subir-eventos-internet","status":"publish","type":"page","link":"https:\/\/www.kick-point.com\/es\/porteria-electronica-e-interactiva-kick-point-2\/line\/subir-eventos-internet\/","title":{"rendered":"Subir eventos a Internet"},"content":{"rendered":"<p><a href=\"https:\/\/www.kick-point.com\/wp-content\/uploads\/kick_point_011.jpg\"><img loading=\"lazy\" decoding=\"async\" class=\"alignright size-full wp-image-3580\" alt=\"kick_point_01\" src=\"https:\/\/www.kick-point.com\/wp-content\/uploads\/kick_point_011.jpg\" width=\"550\" height=\"411\" \/><\/a> Kick Point es una empresa multimedia ya que todos los datos de las partidas y de los jugadores se procesan en Internet. La relaci\u00f3n con Kick Point no finaliza al terminar la partida, los datos de la clasificaci\u00f3n, de los participantes, etc\u2026 pueden ser subidos a la red en tiempo real. Los jugadores ven una tabla de clasificaci\u00f3n tras su participaci\u00f3n y pueden consultar sus datos individuales o los de otros jugadores o de un grupo.<\/p>\n<p>Los participantes m\u00e1s j\u00f3venes estar\u00e1n especialmente interesados ante la posibilidad de subir sus datos a Internet. La P\u00e1gina web puede ser dise\u00f1ada para introducir a los jugadores en la empresa promotora. Un atractivo a resaltar para el organizador del evento, es que se pueden <a title=\"Subir eventos a Facebook\" href=\"https:\/\/www.kick-point.com\/es\/porteria-electronica-e-interactiva-kick-point-2\/line\/subir-eventos-facebook\/\">utilizar las plataformas de las redes sociales<\/a> en los dispositivos m\u00f3viles habilitados en el software de Kick Point.<\/p>\n<p>&nbsp;<\/p>\n","protected":false},"excerpt":{"rendered":"<p>Kick Point es una empresa multimedia ya que todos los datos de las partidas y de los jugadores se procesan en Internet. La relaci\u00f3n con Kick Point no finaliza al terminar la partida, los datos de la clasificaci\u00f3n, de los participantes, etc\u2026 pueden ser subidos a la red en tiempo real. Los jugadores ven una [&hellip;]<\/p>\n","protected":false},"author":12,"featured_media":0,"parent":8830,"menu_order":0,"comment_status":"closed","ping_status":"closed","template":"","meta":{"footnotes":""},"class_list":["post-8849","page","type-page","status-publish","hentry"],"yoast_head":"<!-- This site is optimized with the Yoast SEO plugin v22.8 - https:\/\/yoast.com\/wordpress\/plugins\/seo\/ -->\n<title>Subir eventos a Internet<\/title>\n<meta name=\"robots\" content=\"index, follow, max-snippet:-1, max-image-preview:large, max-video-preview:-1\" \/>\n<link rel=\"canonical\" href=\"https:\/\/www.kick-point.com\/es\/porteria-electronica-e-interactiva-kick-point-2\/line\/subir-eventos-internet\/\" \/>\n<meta property=\"og:locale\" content=\"es_ES\" \/>\n<meta property=\"og:type\" content=\"article\" \/>\n<meta property=\"og:title\" content=\"Subir eventos a Internet\" \/>\n<meta property=\"og:description\" content=\"Kick Point es una empresa multimedia ya que todos los datos de las partidas y de los jugadores se procesan en Internet. La relaci\u00f3n con Kick Point no finaliza al terminar la partida, los datos de la clasificaci\u00f3n, de los participantes, etc\u2026 pueden ser subidos a la red en tiempo real. Los jugadores ven una [&hellip;]\" \/>\n<meta property=\"og:url\" content=\"https:\/\/www.kick-point.com\/es\/porteria-electronica-e-interactiva-kick-point-2\/line\/subir-eventos-internet\/\" \/>\n<meta property=\"og:site_name\" content=\"Kick-Point\" \/>\n<meta property=\"article:modified_time\" content=\"2016-10-14T10:14:47+00:00\" \/>\n<meta property=\"og:image\" content=\"https:\/\/www.kick-point.com\/wp-content\/uploads\/kick_point_011.jpg\" \/>\n<meta name=\"twitter:label1\" content=\"Tiempo de lectura\" \/>\n\t<meta name=\"twitter:data1\" content=\"1 minuto\" \/>\n<script type=\"application\/ld+json\" class=\"yoast-schema-graph\">{\"@context\":\"https:\/\/schema.org\",\"@graph\":[{\"@type\":\"WebPage\",\"@id\":\"https:\/\/www.kick-point.com\/es\/porteria-electronica-e-interactiva-kick-point-2\/line\/subir-eventos-internet\/\",\"url\":\"https:\/\/www.kick-point.com\/es\/porteria-electronica-e-interactiva-kick-point-2\/line\/subir-eventos-internet\/\",\"name\":\"Subir eventos a Internet\",\"isPartOf\":{\"@id\":\"https:\/\/www.kick-point.com\/de\/#website\"},\"primaryImageOfPage\":{\"@id\":\"https:\/\/www.kick-point.com\/es\/porteria-electronica-e-interactiva-kick-point-2\/line\/subir-eventos-internet\/#primaryimage\"},\"image\":{\"@id\":\"https:\/\/www.kick-point.com\/es\/porteria-electronica-e-interactiva-kick-point-2\/line\/subir-eventos-internet\/#primaryimage\"},\"thumbnailUrl\":\"https:\/\/www.kick-point.com\/wp-content\/uploads\/kick_point_011.jpg\",\"datePublished\":\"2014-03-25T08:27:48+00:00\",\"dateModified\":\"2016-10-14T10:14:47+00:00\",\"breadcrumb\":{\"@id\":\"https:\/\/www.kick-point.com\/es\/porteria-electronica-e-interactiva-kick-point-2\/line\/subir-eventos-internet\/#breadcrumb\"},\"inLanguage\":\"es\",\"potentialAction\":[{\"@type\":\"ReadAction\",\"target\":[\"https:\/\/www.kick-point.com\/es\/porteria-electronica-e-interactiva-kick-point-2\/line\/subir-eventos-internet\/\"]}]},{\"@type\":\"ImageObject\",\"inLanguage\":\"es\",\"@id\":\"https:\/\/www.kick-point.com\/es\/porteria-electronica-e-interactiva-kick-point-2\/line\/subir-eventos-internet\/#primaryimage\",\"url\":\"https:\/\/www.kick-point.com\/wp-content\/uploads\/kick_point_011.jpg\",\"contentUrl\":\"https:\/\/www.kick-point.com\/wp-content\/uploads\/kick_point_011.jpg\"},{\"@type\":\"BreadcrumbList\",\"@id\":\"https:\/\/www.kick-point.com\/es\/porteria-electronica-e-interactiva-kick-point-2\/line\/subir-eventos-internet\/#breadcrumb\",\"itemListElement\":[{\"@type\":\"ListItem\",\"position\":1,\"name\":\"PORTER\u00cdA ELECTR\u00d3NICA E INTERACTIVA KICK POINT\",\"item\":\"https:\/\/www.kick-point.com\/es\/porteria-electronica-e-interactiva-kick-point-2\/\"},{\"@type\":\"ListItem\",\"position\":2,\"name\":\"On-line\",\"item\":\"https:\/\/www.kick-point.com\/es\/porteria-electronica-e-interactiva-kick-point-2\/line\/\"},{\"@type\":\"ListItem\",\"position\":3,\"name\":\"Subir eventos a Internet\"}]},{\"@type\":\"WebSite\",\"@id\":\"https:\/\/www.kick-point.com\/de\/#website\",\"url\":\"https:\/\/www.kick-point.com\/de\/\",\"name\":\"Kick-Point\",\"description\":\"Events und Event-Module rund um das elektronische Fu\u00dfballtor\",\"potentialAction\":[{\"@type\":\"SearchAction\",\"target\":{\"@type\":\"EntryPoint\",\"urlTemplate\":\"https:\/\/www.kick-point.com\/de\/?s={search_term_string}\"},\"query-input\":\"required name=search_term_string\"}],\"inLanguage\":\"es\"}]}<\/script>\n<!-- \/ Yoast SEO plugin. -->","yoast_head_json":{"title":"Subir eventos a Internet","robots":{"index":"index","follow":"follow","max-snippet":"max-snippet:-1","max-image-preview":"max-image-preview:large","max-video-preview":"max-video-preview:-1"},"canonical":"https:\/\/www.kick-point.com\/es\/porteria-electronica-e-interactiva-kick-point-2\/line\/subir-eventos-internet\/","og_locale":"es_ES","og_type":"article","og_title":"Subir eventos a Internet","og_description":"Kick Point es una empresa multimedia ya que todos los datos de las partidas y de los jugadores se procesan en Internet. La relaci\u00f3n con Kick Point no finaliza al terminar la partida, los datos de la clasificaci\u00f3n, de los participantes, etc\u2026 pueden ser subidos a la red en tiempo real. Los jugadores ven una [&hellip;]","og_url":"https:\/\/www.kick-point.com\/es\/porteria-electronica-e-interactiva-kick-point-2\/line\/subir-eventos-internet\/","og_site_name":"Kick-Point","article_modified_time":"2016-10-14T10:14:47+00:00","og_image":[{"url":"https:\/\/www.kick-point.com\/wp-content\/uploads\/kick_point_011.jpg"}],"twitter_misc":{"Tiempo de lectura":"1 minuto"},"schema":{"@context":"https:\/\/schema.org","@graph":[{"@type":"WebPage","@id":"https:\/\/www.kick-point.com\/es\/porteria-electronica-e-interactiva-kick-point-2\/line\/subir-eventos-internet\/","url":"https:\/\/www.kick-point.com\/es\/porteria-electronica-e-interactiva-kick-point-2\/line\/subir-eventos-internet\/","name":"Subir eventos a Internet","isPartOf":{"@id":"https:\/\/www.kick-point.com\/de\/#website"},"primaryImageOfPage":{"@id":"https:\/\/www.kick-point.com\/es\/porteria-electronica-e-interactiva-kick-point-2\/line\/subir-eventos-internet\/#primaryimage"},"image":{"@id":"https:\/\/www.kick-point.com\/es\/porteria-electronica-e-interactiva-kick-point-2\/line\/subir-eventos-internet\/#primaryimage"},"thumbnailUrl":"https:\/\/www.kick-point.com\/wp-content\/uploads\/kick_point_011.jpg","datePublished":"2014-03-25T08:27:48+00:00","dateModified":"2016-10-14T10:14:47+00:00","breadcrumb":{"@id":"https:\/\/www.kick-point.com\/es\/porteria-electronica-e-interactiva-kick-point-2\/line\/subir-eventos-internet\/#breadcrumb"},"inLanguage":"es","potentialAction":[{"@type":"ReadAction","target":["https:\/\/www.kick-point.com\/es\/porteria-electronica-e-interactiva-kick-point-2\/line\/subir-eventos-internet\/"]}]},{"@type":"ImageObject","inLanguage":"es","@id":"https:\/\/www.kick-point.com\/es\/porteria-electronica-e-interactiva-kick-point-2\/line\/subir-eventos-internet\/#primaryimage","url":"https:\/\/www.kick-point.com\/wp-content\/uploads\/kick_point_011.jpg","contentUrl":"https:\/\/www.kick-point.com\/wp-content\/uploads\/kick_point_011.jpg"},{"@type":"BreadcrumbList","@id":"https:\/\/www.kick-point.com\/es\/porteria-electronica-e-interactiva-kick-point-2\/line\/subir-eventos-internet\/#breadcrumb","itemListElement":[{"@type":"ListItem","position":1,"name":"PORTER\u00cdA ELECTR\u00d3NICA E INTERACTIVA KICK POINT","item":"https:\/\/www.kick-point.com\/es\/porteria-electronica-e-interactiva-kick-point-2\/"},{"@type":"ListItem","position":2,"name":"On-line","item":"https:\/\/www.kick-point.com\/es\/porteria-electronica-e-interactiva-kick-point-2\/line\/"},{"@type":"ListItem","position":3,"name":"Subir eventos a Internet"}]},{"@type":"WebSite","@id":"https:\/\/www.kick-point.com\/de\/#website","url":"https:\/\/www.kick-point.com\/de\/","name":"Kick-Point","description":"Events und Event-Module rund um das elektronische Fu\u00dfballtor","potentialAction":[{"@type":"SearchAction","target":{"@type":"EntryPoint","urlTemplate":"https:\/\/www.kick-point.com\/de\/?s={search_term_string}"},"query-input":"required name=search_term_string"}],"inLanguage":"es"}]}},"_links":{"self":[{"href":"https:\/\/www.kick-point.com\/es\/wp-json\/wp\/v2\/pages\/8849","targetHints":{"allow":["GET"]}}],"collection":[{"href":"https:\/\/www.kick-point.com\/es\/wp-json\/wp\/v2\/pages"}],"about":[{"href":"https:\/\/www.kick-point.com\/es\/wp-json\/wp\/v2\/types\/page"}],"author":[{"embeddable":true,"href":"https:\/\/www.kick-point.com\/es\/wp-json\/wp\/v2\/users\/12"}],"replies":[{"embeddable":true,"href":"https:\/\/www.kick-point.com\/es\/wp-json\/wp\/v2\/comments?post=8849"}],"version-history":[{"count":1,"href":"https:\/\/www.kick-point.com\/es\/wp-json\/wp\/v2\/pages\/8849\/revisions"}],"predecessor-version":[{"id":67089,"href":"https:\/\/www.kick-point.com\/es\/wp-json\/wp\/v2\/pages\/8849\/revisions\/67089"}],"up":[{"embeddable":true,"href":"https:\/\/www.kick-point.com\/es\/wp-json\/wp\/v2\/pages\/8830"}],"wp:attachment":[{"href":"https:\/\/www.kick-point.com\/es\/wp-json\/wp\/v2\/media?parent=8849"}],"curies":[{"name":"wp","href":"https:\/\/api.w.org\/{rel}","templated":true}]}}