{"id":8845,"date":"2014-03-25T09:23:39","date_gmt":"2014-03-25T08:23:39","guid":{"rendered":"https:\/\/www.kick-point.com\/?page_id=8845"},"modified":"2022-11-02T10:35:59","modified_gmt":"2022-11-02T09:35:59","slug":"porteria-electronica-e-interactiva-kick-point-2","status":"publish","type":"page","link":"https:\/\/www.kick-point.com\/es\/porteria-electronica-e-interactiva-kick-point-2\/","title":{"rendered":"PORTER\u00cdA ELECTR\u00d3NICA E INTERACTIVA KICK POINT"},"content":{"rendered":"<h2 style=\"text-align: center;\">3 arriba y 3 abajo es cosa del pasado.<\/h2>\n<p><a href=\"https:\/\/www.kick-point.com\/wp-content\/uploads\/AWD-Promotion-Tour.jpg\"><img loading=\"lazy\" decoding=\"async\" class=\"alignright size-full wp-image-82622\" src=\"https:\/\/www.kick-point.com\/wp-content\/uploads\/AWD-Promotion-Tour.jpg\" alt=\"AWD Promotion Tour Kick-Point\u00ae\" width=\"600\" height=\"400\" \/><\/a>Kick-Point ha modernizado el concepto de unos buenos tiros a puerta introduci\u00e9ndolos en el siglo XXI. Las caracter\u00edsticas del juego de Kick-Point son: colocaci\u00f3n, velocidad y diversi\u00f3n. La porter\u00eda electr\u00f3nica se puede utilizar tanto en el exterior como en el interior de locales, pudiendo ser utilizada como una herramienta m\u00f3vil o fija en salones de juegos o parques recreativos. Ofrece una amplia variedad de opciones (tiene 5 diferentes tama\u00f1os) y asegura la diversi\u00f3n del p\u00fablico de todas las edades.<\/p>\n<p><a class=\"fancybox\" href=\"http:\/\/youtu.be\/B1k6UsVIe4Y?autoplay=1\"><img loading=\"lazy\" decoding=\"async\" class=\"wp-image-7397 alignleft\" title=\"fun-and-football\" src=\"https:\/\/www.kick-point.com\/wp-content\/uploads\/video-platzhalter3.png\" alt=\"digitale-torwand\" width=\"72\" height=\"72\" \/><\/a>La pantalla muestra al jugador y al p\u00fablico el objetivo a batir. Estos objetivos pueden ser\u00a0 n\u00fameros, im\u00e1genes o logotipos; pueden estar tapados o descubiertos, se pueden amplificar o ser colocados para resolver un concurso o prueba determinada.<\/p>\n<p>Una vez determinado el objetivo en la pantalla, se ha de intentar acertar en el gr\u00e1fico. El jugador y el p\u00fablico pueden ver una repetici\u00f3n del lanzamiento tras cada acierto.<\/p>\n<p>Los sensores situados en el marco de la porter\u00eda registran el impacto exacto en el blanco, miden la velocidad y la localizaci\u00f3n exacta del tiro.<\/p>\n<p>Cada jugador recibe un certificado al finalizar el juego. \u00c9ste incluye toda la informaci\u00f3n\u00a0 de los aciertos, datos de la velocidad y lugar de los mismos. Los certificados pueden llevar impreso el logotipo de la empresa patrocinadora o pueden dise\u00f1arse siguiendo las caracter\u00edsticas de la marca patrocinadora.<\/p>\n<p>Grandes marcas conocidas como Coca-Cola, Mc Donalds o Sky TV, as\u00ed como conocidos clubes internacionales de f\u00fatbol como AC Milan, Ajax Amsterdam o Borussia Dortmund y Bayern Munich ya han utilizado la porter\u00eda de f\u00fatbol electr\u00f3nica de Kick Point en sus actividades comerciales o promociones.<\/p>\n<p>&nbsp;<\/p>\n<h4 class=\"show\"><a href=\"https:\/\/www.kick-point.com\/wp-content\/uploads\/platzhalter_extend.png\"><img loading=\"lazy\" decoding=\"async\" class=\"size-full wp-image-7629 aligncenter\" src=\"https:\/\/www.kick-point.com\/wp-content\/uploads\/platzhalter_extend.png\" alt=\"platzhalter_extend\" width=\"370\" height=\"24\" \/><\/a><\/h4>\n<div class=\"hide\">\n<h3>\u00a0\u00bfQu\u00e9 ofrece Kick-Point?<\/h3>\n<ul>\n<li>Medici\u00f3n de la velocidad y punto de tiro en una porter\u00eda de f\u00fatbol real.<\/li>\n<li>Reproducci\u00f3n de los chutes en una gran pantalla multimedia.<\/li>\n<li>Impresi\u00f3n de los certificados para cada participante que incluye la marca de la empresa patrocinadora.<\/li>\n<li>Ofrece una gran variedad de opciones publicitarias para la empresa patrocinadora del evento.<\/li>\n<li>Se adapta a distintos espacios, desde los 5&#215;2 metros y hasta 5 tama\u00f1os diferentes.<\/li>\n<li>Su anuncio publicitario est\u00e1 integrado en la pantalla mediante logotipos, videos o sonido.<\/li>\n<li>Ofrece una infinita variedad de tiros a puerta: por puntos, chutar a im\u00e1genes, concursos o preguntas, etc\u2026<\/li>\n<li>Posibilidad de enviar de forma autom\u00e1tica toda la informaci\u00f3n del juego por Internet, Facebook y Twitter.<\/li>\n<li>Montaje y desmontaje f\u00e1cil y r\u00e1pido incluso para una sola persona.<\/li>\n<\/ul>\n<h3><\/h3>\n<\/div>\n","protected":false},"excerpt":{"rendered":"<p>3 arriba y 3 abajo es cosa del pasado. Kick-Point ha modernizado el concepto de unos buenos tiros a puerta introduci\u00e9ndolos en el siglo XXI. Las caracter\u00edsticas del juego de Kick-Point son: colocaci\u00f3n, velocidad y diversi\u00f3n. La porter\u00eda electr\u00f3nica se puede utilizar tanto en el exterior como en el interior de locales, pudiendo ser utilizada [&hellip;]<\/p>\n","protected":false},"author":12,"featured_media":0,"parent":0,"menu_order":30,"comment_status":"closed","ping_status":"closed","template":"","meta":{"footnotes":""},"class_list":["post-8845","page","type-page","status-publish","hentry"],"yoast_head":"<!-- This site is optimized with the Yoast SEO plugin v22.8 - https:\/\/yoast.com\/wordpress\/plugins\/seo\/ -->\n<title>PORTER\u00cdA ELECTR\u00d3NICA E INTERACTIVA KICK POINT<\/title>\n<meta name=\"robots\" content=\"index, follow, max-snippet:-1, max-image-preview:large, max-video-preview:-1\" \/>\n<link rel=\"canonical\" href=\"https:\/\/www.kick-point.com\/es\/porteria-electronica-e-interactiva-kick-point-2\/\" \/>\n<meta property=\"og:locale\" content=\"es_ES\" \/>\n<meta property=\"og:type\" content=\"article\" \/>\n<meta property=\"og:title\" content=\"PORTER\u00cdA ELECTR\u00d3NICA E INTERACTIVA KICK POINT\" \/>\n<meta property=\"og:description\" content=\"3 arriba y 3 abajo es cosa del pasado. Kick-Point ha modernizado el concepto de unos buenos tiros a puerta introduci\u00e9ndolos en el siglo XXI. Las caracter\u00edsticas del juego de Kick-Point son: colocaci\u00f3n, velocidad y diversi\u00f3n. La porter\u00eda electr\u00f3nica se puede utilizar tanto en el exterior como en el interior de locales, pudiendo ser utilizada [&hellip;]\" \/>\n<meta property=\"og:url\" content=\"https:\/\/www.kick-point.com\/es\/porteria-electronica-e-interactiva-kick-point-2\/\" \/>\n<meta property=\"og:site_name\" content=\"Kick-Point\" \/>\n<meta property=\"article:modified_time\" content=\"2022-11-02T09:35:59+00:00\" \/>\n<meta property=\"og:image\" content=\"https:\/\/www.kick-point.com\/wp-content\/uploads\/AWD-Promotion-Tour.jpg\" \/>\n<meta name=\"twitter:label1\" content=\"Tiempo de lectura\" \/>\n\t<meta name=\"twitter:data1\" content=\"3 minutos\" \/>\n<script type=\"application\/ld+json\" class=\"yoast-schema-graph\">{\"@context\":\"https:\/\/schema.org\",\"@graph\":[{\"@type\":\"WebPage\",\"@id\":\"https:\/\/www.kick-point.com\/es\/porteria-electronica-e-interactiva-kick-point-2\/\",\"url\":\"https:\/\/www.kick-point.com\/es\/porteria-electronica-e-interactiva-kick-point-2\/\",\"name\":\"PORTER\u00cdA ELECTR\u00d3NICA E INTERACTIVA KICK POINT\",\"isPartOf\":{\"@id\":\"https:\/\/www.kick-point.com\/de\/#website\"},\"primaryImageOfPage\":{\"@id\":\"https:\/\/www.kick-point.com\/es\/porteria-electronica-e-interactiva-kick-point-2\/#primaryimage\"},\"image\":{\"@id\":\"https:\/\/www.kick-point.com\/es\/porteria-electronica-e-interactiva-kick-point-2\/#primaryimage\"},\"thumbnailUrl\":\"https:\/\/www.kick-point.com\/wp-content\/uploads\/AWD-Promotion-Tour.jpg\",\"datePublished\":\"2014-03-25T08:23:39+00:00\",\"dateModified\":\"2022-11-02T09:35:59+00:00\",\"inLanguage\":\"es\",\"potentialAction\":[{\"@type\":\"ReadAction\",\"target\":[\"https:\/\/www.kick-point.com\/es\/porteria-electronica-e-interactiva-kick-point-2\/\"]}]},{\"@type\":\"ImageObject\",\"inLanguage\":\"es\",\"@id\":\"https:\/\/www.kick-point.com\/es\/porteria-electronica-e-interactiva-kick-point-2\/#primaryimage\",\"url\":\"https:\/\/www.kick-point.com\/wp-content\/uploads\/AWD-Promotion-Tour.jpg\",\"contentUrl\":\"https:\/\/www.kick-point.com\/wp-content\/uploads\/AWD-Promotion-Tour.jpg\"},{\"@type\":\"WebSite\",\"@id\":\"https:\/\/www.kick-point.com\/de\/#website\",\"url\":\"https:\/\/www.kick-point.com\/de\/\",\"name\":\"Kick-Point\",\"description\":\"Events und Event-Module rund um das elektronische Fu\u00dfballtor\",\"potentialAction\":[{\"@type\":\"SearchAction\",\"target\":{\"@type\":\"EntryPoint\",\"urlTemplate\":\"https:\/\/www.kick-point.com\/de\/?s={search_term_string}\"},\"query-input\":\"required name=search_term_string\"}],\"inLanguage\":\"es\"}]}<\/script>\n<!-- \/ Yoast SEO plugin. -->","yoast_head_json":{"title":"PORTER\u00cdA ELECTR\u00d3NICA E INTERACTIVA KICK POINT","robots":{"index":"index","follow":"follow","max-snippet":"max-snippet:-1","max-image-preview":"max-image-preview:large","max-video-preview":"max-video-preview:-1"},"canonical":"https:\/\/www.kick-point.com\/es\/porteria-electronica-e-interactiva-kick-point-2\/","og_locale":"es_ES","og_type":"article","og_title":"PORTER\u00cdA ELECTR\u00d3NICA E INTERACTIVA KICK POINT","og_description":"3 arriba y 3 abajo es cosa del pasado. Kick-Point ha modernizado el concepto de unos buenos tiros a puerta introduci\u00e9ndolos en el siglo XXI. Las caracter\u00edsticas del juego de Kick-Point son: colocaci\u00f3n, velocidad y diversi\u00f3n. La porter\u00eda electr\u00f3nica se puede utilizar tanto en el exterior como en el interior de locales, pudiendo ser utilizada [&hellip;]","og_url":"https:\/\/www.kick-point.com\/es\/porteria-electronica-e-interactiva-kick-point-2\/","og_site_name":"Kick-Point","article_modified_time":"2022-11-02T09:35:59+00:00","og_image":[{"url":"https:\/\/www.kick-point.com\/wp-content\/uploads\/AWD-Promotion-Tour.jpg"}],"twitter_misc":{"Tiempo de lectura":"3 minutos"},"schema":{"@context":"https:\/\/schema.org","@graph":[{"@type":"WebPage","@id":"https:\/\/www.kick-point.com\/es\/porteria-electronica-e-interactiva-kick-point-2\/","url":"https:\/\/www.kick-point.com\/es\/porteria-electronica-e-interactiva-kick-point-2\/","name":"PORTER\u00cdA ELECTR\u00d3NICA E INTERACTIVA KICK POINT","isPartOf":{"@id":"https:\/\/www.kick-point.com\/de\/#website"},"primaryImageOfPage":{"@id":"https:\/\/www.kick-point.com\/es\/porteria-electronica-e-interactiva-kick-point-2\/#primaryimage"},"image":{"@id":"https:\/\/www.kick-point.com\/es\/porteria-electronica-e-interactiva-kick-point-2\/#primaryimage"},"thumbnailUrl":"https:\/\/www.kick-point.com\/wp-content\/uploads\/AWD-Promotion-Tour.jpg","datePublished":"2014-03-25T08:23:39+00:00","dateModified":"2022-11-02T09:35:59+00:00","inLanguage":"es","potentialAction":[{"@type":"ReadAction","target":["https:\/\/www.kick-point.com\/es\/porteria-electronica-e-interactiva-kick-point-2\/"]}]},{"@type":"ImageObject","inLanguage":"es","@id":"https:\/\/www.kick-point.com\/es\/porteria-electronica-e-interactiva-kick-point-2\/#primaryimage","url":"https:\/\/www.kick-point.com\/wp-content\/uploads\/AWD-Promotion-Tour.jpg","contentUrl":"https:\/\/www.kick-point.com\/wp-content\/uploads\/AWD-Promotion-Tour.jpg"},{"@type":"WebSite","@id":"https:\/\/www.kick-point.com\/de\/#website","url":"https:\/\/www.kick-point.com\/de\/","name":"Kick-Point","description":"Events und Event-Module rund um das elektronische Fu\u00dfballtor","potentialAction":[{"@type":"SearchAction","target":{"@type":"EntryPoint","urlTemplate":"https:\/\/www.kick-point.com\/de\/?s={search_term_string}"},"query-input":"required name=search_term_string"}],"inLanguage":"es"}]}},"_links":{"self":[{"href":"https:\/\/www.kick-point.com\/es\/wp-json\/wp\/v2\/pages\/8845","targetHints":{"allow":["GET"]}}],"collection":[{"href":"https:\/\/www.kick-point.com\/es\/wp-json\/wp\/v2\/pages"}],"about":[{"href":"https:\/\/www.kick-point.com\/es\/wp-json\/wp\/v2\/types\/page"}],"author":[{"embeddable":true,"href":"https:\/\/www.kick-point.com\/es\/wp-json\/wp\/v2\/users\/12"}],"replies":[{"embeddable":true,"href":"https:\/\/www.kick-point.com\/es\/wp-json\/wp\/v2\/comments?post=8845"}],"version-history":[{"count":3,"href":"https:\/\/www.kick-point.com\/es\/wp-json\/wp\/v2\/pages\/8845\/revisions"}],"predecessor-version":[{"id":86365,"href":"https:\/\/www.kick-point.com\/es\/wp-json\/wp\/v2\/pages\/8845\/revisions\/86365"}],"wp:attachment":[{"href":"https:\/\/www.kick-point.com\/es\/wp-json\/wp\/v2\/media?parent=8845"}],"curies":[{"name":"wp","href":"https:\/\/api.w.org\/{rel}","templated":true}]}}