{"id":8843,"date":"2014-03-25T09:18:15","date_gmt":"2014-03-25T08:18:15","guid":{"rendered":"https:\/\/www.kick-point.com\/?page_id=8843"},"modified":"2014-03-25T09:18:46","modified_gmt":"2014-03-25T08:18:46","slug":"como-publicitar-su-compaia-en-la-porteria-de-futbol-interactiva-kick-point","status":"publish","type":"page","link":"https:\/\/www.kick-point.com\/es\/porteria-electronica-e-interactiva-kick-point-2\/como-publicitar-su-compaia-en-la-porteria-de-futbol-interactiva-kick-point\/","title":{"rendered":"COMO PUBLICITAR SU COMPA\u00cdA EN LA PORTER\u00cdA DE F\u00daTBOL INTERACTIVA KICK POINT"},"content":{"rendered":"<p><a href=\"\/wp-content\/uploads\/branding-01.jpg\"><img loading=\"lazy\" decoding=\"async\" class=\" wp-image-183 alignright\" title=\"Branding-Moeglichkeiten\" alt=\"Kick-Point Branding - So k\u00f6nnen Sie Ihre Werbebotschaft ausdrucksstark am Kick-Point in Szene setzen.\" src=\"\/wp-content\/uploads\/branding-01.jpg\" width=\"600\" height=\"400\" \/><\/a>La porter\u00eda interactiva y electr\u00f3nica modular de Kick Point ofrece una gran variedad de posibilidades para publicitar una marca mediante diversos dispositivos y juegos variados, anuncios en pancartas, certificados con el dise\u00f1o de la empresa o anuncios con efectos interactivos en la pantalla.<\/p>\n<p><a href=\"https:\/\/www.kick-point.com\/wp-content\/uploads\/roadshow-veranstaltung-buchen.jpg\"><img loading=\"lazy\" decoding=\"async\" class=\"alignleft  wp-image-5498\" alt=\"roadshow-veranstaltung-buchen\" src=\"https:\/\/www.kick-point.com\/wp-content\/uploads\/\/roadshow-veranstaltung-buchen-150x150.jpg\" width=\"72\" height=\"72\" \/><\/a> <a href=\"https:\/\/www.kick-point.com\/wp-content\/uploads\/elektronische-torwand-mieten.jpg\"><img loading=\"lazy\" decoding=\"async\" class=\"alignleft  wp-image-5504\" alt=\"elektronische-torwand-mieten\" src=\"https:\/\/www.kick-point.com\/wp-content\/uploads\/elektronische-torwand-mieten-150x150.jpg\" width=\"72\" height=\"72\" \/><\/a> <a href=\"https:\/\/www.kick-point.com\/wp-content\/uploads\/mobile-torwand-interaktiv.jpg\"><img loading=\"lazy\" decoding=\"async\" class=\"alignleft  wp-image-5507\" alt=\"mobile-torwand-interaktiv\" src=\"https:\/\/www.kick-point.com\/wp-content\/uploads\/mobile-torwand-interaktiv-150x150.jpg\" width=\"72\" height=\"72\" \/><\/a><\/p>\n","protected":false},"excerpt":{"rendered":"<p>La porter\u00eda interactiva y electr\u00f3nica modular de Kick Point ofrece una gran variedad de posibilidades para publicitar una marca mediante diversos dispositivos y juegos variados, anuncios en pancartas, certificados con el dise\u00f1o de la empresa o anuncios con efectos interactivos en la pantalla.<\/p>\n","protected":false},"author":12,"featured_media":0,"parent":8845,"menu_order":4,"comment_status":"closed","ping_status":"closed","template":"","meta":{"footnotes":""},"class_list":["post-8843","page","type-page","status-publish","hentry"],"yoast_head":"<!-- This site is optimized with the Yoast SEO plugin v22.8 - https:\/\/yoast.com\/wordpress\/plugins\/seo\/ -->\n<title>COMO PUBLICITAR SU COMPA\u00cdA EN LA PORTER\u00cdA DE F\u00daTBOL INTERACTIVA KICK POINT<\/title>\n<meta name=\"robots\" content=\"index, follow, max-snippet:-1, max-image-preview:large, max-video-preview:-1\" \/>\n<link rel=\"canonical\" href=\"https:\/\/www.kick-point.com\/es\/porteria-electronica-e-interactiva-kick-point-2\/como-publicitar-su-compaia-en-la-porteria-de-futbol-interactiva-kick-point\/\" \/>\n<meta property=\"og:locale\" content=\"es_ES\" \/>\n<meta property=\"og:type\" content=\"article\" \/>\n<meta property=\"og:title\" content=\"COMO PUBLICITAR SU COMPA\u00cdA EN LA PORTER\u00cdA DE F\u00daTBOL INTERACTIVA KICK POINT\" \/>\n<meta property=\"og:description\" content=\"La porter\u00eda interactiva y electr\u00f3nica modular de Kick Point ofrece una gran variedad de posibilidades para publicitar una marca mediante diversos dispositivos y juegos variados, anuncios en pancartas, certificados con el dise\u00f1o de la empresa o anuncios con efectos interactivos en la pantalla.\" \/>\n<meta property=\"og:url\" content=\"https:\/\/www.kick-point.com\/es\/porteria-electronica-e-interactiva-kick-point-2\/como-publicitar-su-compaia-en-la-porteria-de-futbol-interactiva-kick-point\/\" \/>\n<meta property=\"og:site_name\" content=\"Kick-Point\" \/>\n<meta property=\"article:modified_time\" content=\"2014-03-25T08:18:46+00:00\" \/>\n<meta property=\"og:image\" content=\"https:\/\/www.kick-point.com\/wp-content\/uploads\/branding-01.jpg\" \/>\n<script type=\"application\/ld+json\" class=\"yoast-schema-graph\">{\"@context\":\"https:\/\/schema.org\",\"@graph\":[{\"@type\":\"WebPage\",\"@id\":\"https:\/\/www.kick-point.com\/es\/porteria-electronica-e-interactiva-kick-point-2\/como-publicitar-su-compaia-en-la-porteria-de-futbol-interactiva-kick-point\/\",\"url\":\"https:\/\/www.kick-point.com\/es\/porteria-electronica-e-interactiva-kick-point-2\/como-publicitar-su-compaia-en-la-porteria-de-futbol-interactiva-kick-point\/\",\"name\":\"COMO PUBLICITAR SU COMPA\u00cdA EN LA PORTER\u00cdA DE F\u00daTBOL INTERACTIVA KICK POINT\",\"isPartOf\":{\"@id\":\"https:\/\/www.kick-point.com\/de\/#website\"},\"primaryImageOfPage\":{\"@id\":\"https:\/\/www.kick-point.com\/es\/porteria-electronica-e-interactiva-kick-point-2\/como-publicitar-su-compaia-en-la-porteria-de-futbol-interactiva-kick-point\/#primaryimage\"},\"image\":{\"@id\":\"https:\/\/www.kick-point.com\/es\/porteria-electronica-e-interactiva-kick-point-2\/como-publicitar-su-compaia-en-la-porteria-de-futbol-interactiva-kick-point\/#primaryimage\"},\"thumbnailUrl\":\"https:\/\/www.kick-point.com\/wp-content\/uploads\/\/roadshow-veranstaltung-buchen-150x150.jpg\",\"datePublished\":\"2014-03-25T08:18:15+00:00\",\"dateModified\":\"2014-03-25T08:18:46+00:00\",\"breadcrumb\":{\"@id\":\"https:\/\/www.kick-point.com\/es\/porteria-electronica-e-interactiva-kick-point-2\/como-publicitar-su-compaia-en-la-porteria-de-futbol-interactiva-kick-point\/#breadcrumb\"},\"inLanguage\":\"es\",\"potentialAction\":[{\"@type\":\"ReadAction\",\"target\":[\"https:\/\/www.kick-point.com\/es\/porteria-electronica-e-interactiva-kick-point-2\/como-publicitar-su-compaia-en-la-porteria-de-futbol-interactiva-kick-point\/\"]}]},{\"@type\":\"ImageObject\",\"inLanguage\":\"es\",\"@id\":\"https:\/\/www.kick-point.com\/es\/porteria-electronica-e-interactiva-kick-point-2\/como-publicitar-su-compaia-en-la-porteria-de-futbol-interactiva-kick-point\/#primaryimage\",\"url\":\"https:\/\/www.kick-point.com\/wp-content\/uploads\/\/roadshow-veranstaltung-buchen-150x150.jpg\",\"contentUrl\":\"https:\/\/www.kick-point.com\/wp-content\/uploads\/\/roadshow-veranstaltung-buchen-150x150.jpg\"},{\"@type\":\"BreadcrumbList\",\"@id\":\"https:\/\/www.kick-point.com\/es\/porteria-electronica-e-interactiva-kick-point-2\/como-publicitar-su-compaia-en-la-porteria-de-futbol-interactiva-kick-point\/#breadcrumb\",\"itemListElement\":[{\"@type\":\"ListItem\",\"position\":1,\"name\":\"PORTER\u00cdA ELECTR\u00d3NICA E INTERACTIVA KICK POINT\",\"item\":\"https:\/\/www.kick-point.com\/es\/porteria-electronica-e-interactiva-kick-point-2\/\"},{\"@type\":\"ListItem\",\"position\":2,\"name\":\"COMO PUBLICITAR SU COMPA\u00cdA EN LA PORTER\u00cdA DE F\u00daTBOL INTERACTIVA KICK POINT\"}]},{\"@type\":\"WebSite\",\"@id\":\"https:\/\/www.kick-point.com\/de\/#website\",\"url\":\"https:\/\/www.kick-point.com\/de\/\",\"name\":\"Kick-Point\",\"description\":\"Events und Event-Module rund um das elektronische Fu\u00dfballtor\",\"potentialAction\":[{\"@type\":\"SearchAction\",\"target\":{\"@type\":\"EntryPoint\",\"urlTemplate\":\"https:\/\/www.kick-point.com\/de\/?s={search_term_string}\"},\"query-input\":\"required name=search_term_string\"}],\"inLanguage\":\"es\"}]}<\/script>\n<!-- \/ Yoast SEO plugin. -->","yoast_head_json":{"title":"COMO PUBLICITAR SU COMPA\u00cdA EN LA PORTER\u00cdA DE F\u00daTBOL INTERACTIVA KICK POINT","robots":{"index":"index","follow":"follow","max-snippet":"max-snippet:-1","max-image-preview":"max-image-preview:large","max-video-preview":"max-video-preview:-1"},"canonical":"https:\/\/www.kick-point.com\/es\/porteria-electronica-e-interactiva-kick-point-2\/como-publicitar-su-compaia-en-la-porteria-de-futbol-interactiva-kick-point\/","og_locale":"es_ES","og_type":"article","og_title":"COMO PUBLICITAR SU COMPA\u00cdA EN LA PORTER\u00cdA DE F\u00daTBOL INTERACTIVA KICK POINT","og_description":"La porter\u00eda interactiva y electr\u00f3nica modular de Kick Point ofrece una gran variedad de posibilidades para publicitar una marca mediante diversos dispositivos y juegos variados, anuncios en pancartas, certificados con el dise\u00f1o de la empresa o anuncios con efectos interactivos en la pantalla.","og_url":"https:\/\/www.kick-point.com\/es\/porteria-electronica-e-interactiva-kick-point-2\/como-publicitar-su-compaia-en-la-porteria-de-futbol-interactiva-kick-point\/","og_site_name":"Kick-Point","article_modified_time":"2014-03-25T08:18:46+00:00","og_image":[{"url":"https:\/\/www.kick-point.com\/wp-content\/uploads\/branding-01.jpg"}],"schema":{"@context":"https:\/\/schema.org","@graph":[{"@type":"WebPage","@id":"https:\/\/www.kick-point.com\/es\/porteria-electronica-e-interactiva-kick-point-2\/como-publicitar-su-compaia-en-la-porteria-de-futbol-interactiva-kick-point\/","url":"https:\/\/www.kick-point.com\/es\/porteria-electronica-e-interactiva-kick-point-2\/como-publicitar-su-compaia-en-la-porteria-de-futbol-interactiva-kick-point\/","name":"COMO PUBLICITAR SU COMPA\u00cdA EN LA PORTER\u00cdA DE F\u00daTBOL INTERACTIVA KICK POINT","isPartOf":{"@id":"https:\/\/www.kick-point.com\/de\/#website"},"primaryImageOfPage":{"@id":"https:\/\/www.kick-point.com\/es\/porteria-electronica-e-interactiva-kick-point-2\/como-publicitar-su-compaia-en-la-porteria-de-futbol-interactiva-kick-point\/#primaryimage"},"image":{"@id":"https:\/\/www.kick-point.com\/es\/porteria-electronica-e-interactiva-kick-point-2\/como-publicitar-su-compaia-en-la-porteria-de-futbol-interactiva-kick-point\/#primaryimage"},"thumbnailUrl":"https:\/\/www.kick-point.com\/wp-content\/uploads\/\/roadshow-veranstaltung-buchen-150x150.jpg","datePublished":"2014-03-25T08:18:15+00:00","dateModified":"2014-03-25T08:18:46+00:00","breadcrumb":{"@id":"https:\/\/www.kick-point.com\/es\/porteria-electronica-e-interactiva-kick-point-2\/como-publicitar-su-compaia-en-la-porteria-de-futbol-interactiva-kick-point\/#breadcrumb"},"inLanguage":"es","potentialAction":[{"@type":"ReadAction","target":["https:\/\/www.kick-point.com\/es\/porteria-electronica-e-interactiva-kick-point-2\/como-publicitar-su-compaia-en-la-porteria-de-futbol-interactiva-kick-point\/"]}]},{"@type":"ImageObject","inLanguage":"es","@id":"https:\/\/www.kick-point.com\/es\/porteria-electronica-e-interactiva-kick-point-2\/como-publicitar-su-compaia-en-la-porteria-de-futbol-interactiva-kick-point\/#primaryimage","url":"https:\/\/www.kick-point.com\/wp-content\/uploads\/\/roadshow-veranstaltung-buchen-150x150.jpg","contentUrl":"https:\/\/www.kick-point.com\/wp-content\/uploads\/\/roadshow-veranstaltung-buchen-150x150.jpg"},{"@type":"BreadcrumbList","@id":"https:\/\/www.kick-point.com\/es\/porteria-electronica-e-interactiva-kick-point-2\/como-publicitar-su-compaia-en-la-porteria-de-futbol-interactiva-kick-point\/#breadcrumb","itemListElement":[{"@type":"ListItem","position":1,"name":"PORTER\u00cdA ELECTR\u00d3NICA E INTERACTIVA KICK POINT","item":"https:\/\/www.kick-point.com\/es\/porteria-electronica-e-interactiva-kick-point-2\/"},{"@type":"ListItem","position":2,"name":"COMO PUBLICITAR SU COMPA\u00cdA EN LA PORTER\u00cdA DE F\u00daTBOL INTERACTIVA KICK POINT"}]},{"@type":"WebSite","@id":"https:\/\/www.kick-point.com\/de\/#website","url":"https:\/\/www.kick-point.com\/de\/","name":"Kick-Point","description":"Events und Event-Module rund um das elektronische Fu\u00dfballtor","potentialAction":[{"@type":"SearchAction","target":{"@type":"EntryPoint","urlTemplate":"https:\/\/www.kick-point.com\/de\/?s={search_term_string}"},"query-input":"required name=search_term_string"}],"inLanguage":"es"}]}},"_links":{"self":[{"href":"https:\/\/www.kick-point.com\/es\/wp-json\/wp\/v2\/pages\/8843","targetHints":{"allow":["GET"]}}],"collection":[{"href":"https:\/\/www.kick-point.com\/es\/wp-json\/wp\/v2\/pages"}],"about":[{"href":"https:\/\/www.kick-point.com\/es\/wp-json\/wp\/v2\/types\/page"}],"author":[{"embeddable":true,"href":"https:\/\/www.kick-point.com\/es\/wp-json\/wp\/v2\/users\/12"}],"replies":[{"embeddable":true,"href":"https:\/\/www.kick-point.com\/es\/wp-json\/wp\/v2\/comments?post=8843"}],"version-history":[{"count":0,"href":"https:\/\/www.kick-point.com\/es\/wp-json\/wp\/v2\/pages\/8843\/revisions"}],"up":[{"embeddable":true,"href":"https:\/\/www.kick-point.com\/es\/wp-json\/wp\/v2\/pages\/8845"}],"wp:attachment":[{"href":"https:\/\/www.kick-point.com\/es\/wp-json\/wp\/v2\/media?parent=8843"}],"curies":[{"name":"wp","href":"https:\/\/api.w.org\/{rel}","templated":true}]}}