{"id":8841,"date":"2014-03-25T09:14:06","date_gmt":"2014-03-25T08:14:06","guid":{"rendered":"https:\/\/www.kick-point.com\/?page_id=8841"},"modified":"2016-10-14T12:12:02","modified_gmt":"2016-10-14T10:12:02","slug":"certificados-con-publicidad","status":"publish","type":"page","link":"https:\/\/www.kick-point.com\/es\/porteria-electronica-e-interactiva-kick-point-2\/como-publicitar-su-compaia-en-la-porteria-de-futbol-interactiva-kick-point\/certificados-con-publicidad\/","title":{"rendered":"Certificados con publicidad"},"content":{"rendered":"<p><a href=\"https:\/\/www.kick-point.com\/wp-content\/uploads\/sport-urkunde-eventmodul.jpg\"><img loading=\"lazy\" decoding=\"async\" class=\"alignright size-full wp-image-4946\" alt=\"sport-urkunde-eventmodul\" src=\"https:\/\/www.kick-point.com\/wp-content\/uploads\/sport-urkunde-eventmodul.jpg\" width=\"600\" height=\"400\" \/><\/a> Cada jugador recibe autom\u00e1ticamente un certificado con informaci\u00f3n de su puntuaci\u00f3n y de la velocidad de sus tiros a puerta. Estos certificados est\u00e1n dise\u00f1ados para poder incorporar publicidad de su empresa o producto. Al imprimir un <a title=\"Subir eventos a Facebook\" href=\"https:\/\/www.kick-point.com\/es\/porteria-electronica-e-interactiva-kick-point-2\/line\/subir-eventos-facebook\/\">c\u00f3digo QR<\/a> se abre el acceso a toda tu informaci\u00f3n online, por ejemplo viendo tu clasificaci\u00f3n, y puede ser <a title=\"Subir eventos a Internet\" href=\"https:\/\/www.kick-point.com\/es\/porteria-electronica-e-interactiva-kick-point-2\/line\/subir-eventos-internet\/\">incorporado directamente a tu p\u00e1gina web<\/a>.<\/p>\n<p><a href=\"https:\/\/www.kick-point.com\/wp-content\/uploads\/event-urkunde-gestalten.jpg\"><img loading=\"lazy\" decoding=\"async\" class=\"alignleft  wp-image-5518\" alt=\"event-urkunde-gestalten\" src=\"https:\/\/www.kick-point.com\/wp-content\/uploads\/event-urkunde-gestalten-150x150.jpg\" width=\"72\" height=\"72\" \/><\/a> <a href=\"https:\/\/www.kick-point.com\/wp-content\/uploads\/fussball-modul-urkunde.jpg\"><img loading=\"lazy\" decoding=\"async\" class=\"alignleft  wp-image-5519\" alt=\"fussball-modul-urkunde\" src=\"https:\/\/www.kick-point.com\/wp-content\/uploads\/fussball-modul-urkunde-150x150.jpg\" width=\"72\" height=\"72\" \/><\/a><a href=\"https:\/\/www.kick-point.com\/wp-content\/uploads\/torwandschiessen-mit-urkunde.jpg\"><img loading=\"lazy\" decoding=\"async\" class=\"alignleft size-thumbnail wp-image-7178\" alt=\"torwandschiessen-mit-urkunde\" src=\"https:\/\/www.kick-point.com\/wp-content\/uploads\/torwandschiessen-mit-urkunde-150x150.jpg\" width=\"72\" height=\"72\" \/><\/a><\/p>\n","protected":false},"excerpt":{"rendered":"<p>Cada jugador recibe autom\u00e1ticamente un certificado con informaci\u00f3n de su puntuaci\u00f3n y de la velocidad de sus tiros a puerta. Estos certificados est\u00e1n dise\u00f1ados para poder incorporar publicidad de su empresa o producto. Al imprimir un c\u00f3digo QR se abre el acceso a toda tu informaci\u00f3n online, por ejemplo viendo tu clasificaci\u00f3n, y puede ser [&hellip;]<\/p>\n","protected":false},"author":12,"featured_media":0,"parent":8843,"menu_order":0,"comment_status":"closed","ping_status":"closed","template":"","meta":{"footnotes":""},"class_list":["post-8841","page","type-page","status-publish","hentry"],"yoast_head":"<!-- This site is optimized with the Yoast SEO plugin v22.8 - https:\/\/yoast.com\/wordpress\/plugins\/seo\/ -->\n<title>Certificados con publicidad<\/title>\n<meta name=\"robots\" content=\"index, follow, max-snippet:-1, max-image-preview:large, max-video-preview:-1\" \/>\n<link rel=\"canonical\" href=\"https:\/\/www.kick-point.com\/es\/porteria-electronica-e-interactiva-kick-point-2\/como-publicitar-su-compaia-en-la-porteria-de-futbol-interactiva-kick-point\/certificados-con-publicidad\/\" \/>\n<meta property=\"og:locale\" content=\"es_ES\" \/>\n<meta property=\"og:type\" content=\"article\" \/>\n<meta property=\"og:title\" content=\"Certificados con publicidad\" \/>\n<meta property=\"og:description\" content=\"Cada jugador recibe autom\u00e1ticamente un certificado con informaci\u00f3n de su puntuaci\u00f3n y de la velocidad de sus tiros a puerta. Estos certificados est\u00e1n dise\u00f1ados para poder incorporar publicidad de su empresa o producto. Al imprimir un c\u00f3digo QR se abre el acceso a toda tu informaci\u00f3n online, por ejemplo viendo tu clasificaci\u00f3n, y puede ser [&hellip;]\" \/>\n<meta property=\"og:url\" content=\"https:\/\/www.kick-point.com\/es\/porteria-electronica-e-interactiva-kick-point-2\/como-publicitar-su-compaia-en-la-porteria-de-futbol-interactiva-kick-point\/certificados-con-publicidad\/\" \/>\n<meta property=\"og:site_name\" content=\"Kick-Point\" \/>\n<meta property=\"article:modified_time\" content=\"2016-10-14T10:12:02+00:00\" \/>\n<meta property=\"og:image\" content=\"https:\/\/www.kick-point.com\/wp-content\/uploads\/sport-urkunde-eventmodul.jpg\" \/>\n<script type=\"application\/ld+json\" class=\"yoast-schema-graph\">{\"@context\":\"https:\/\/schema.org\",\"@graph\":[{\"@type\":\"WebPage\",\"@id\":\"https:\/\/www.kick-point.com\/es\/porteria-electronica-e-interactiva-kick-point-2\/como-publicitar-su-compaia-en-la-porteria-de-futbol-interactiva-kick-point\/certificados-con-publicidad\/\",\"url\":\"https:\/\/www.kick-point.com\/es\/porteria-electronica-e-interactiva-kick-point-2\/como-publicitar-su-compaia-en-la-porteria-de-futbol-interactiva-kick-point\/certificados-con-publicidad\/\",\"name\":\"Certificados con publicidad\",\"isPartOf\":{\"@id\":\"https:\/\/www.kick-point.com\/de\/#website\"},\"primaryImageOfPage\":{\"@id\":\"https:\/\/www.kick-point.com\/es\/porteria-electronica-e-interactiva-kick-point-2\/como-publicitar-su-compaia-en-la-porteria-de-futbol-interactiva-kick-point\/certificados-con-publicidad\/#primaryimage\"},\"image\":{\"@id\":\"https:\/\/www.kick-point.com\/es\/porteria-electronica-e-interactiva-kick-point-2\/como-publicitar-su-compaia-en-la-porteria-de-futbol-interactiva-kick-point\/certificados-con-publicidad\/#primaryimage\"},\"thumbnailUrl\":\"https:\/\/www.kick-point.com\/wp-content\/uploads\/sport-urkunde-eventmodul.jpg\",\"datePublished\":\"2014-03-25T08:14:06+00:00\",\"dateModified\":\"2016-10-14T10:12:02+00:00\",\"breadcrumb\":{\"@id\":\"https:\/\/www.kick-point.com\/es\/porteria-electronica-e-interactiva-kick-point-2\/como-publicitar-su-compaia-en-la-porteria-de-futbol-interactiva-kick-point\/certificados-con-publicidad\/#breadcrumb\"},\"inLanguage\":\"es\",\"potentialAction\":[{\"@type\":\"ReadAction\",\"target\":[\"https:\/\/www.kick-point.com\/es\/porteria-electronica-e-interactiva-kick-point-2\/como-publicitar-su-compaia-en-la-porteria-de-futbol-interactiva-kick-point\/certificados-con-publicidad\/\"]}]},{\"@type\":\"ImageObject\",\"inLanguage\":\"es\",\"@id\":\"https:\/\/www.kick-point.com\/es\/porteria-electronica-e-interactiva-kick-point-2\/como-publicitar-su-compaia-en-la-porteria-de-futbol-interactiva-kick-point\/certificados-con-publicidad\/#primaryimage\",\"url\":\"https:\/\/www.kick-point.com\/wp-content\/uploads\/sport-urkunde-eventmodul.jpg\",\"contentUrl\":\"https:\/\/www.kick-point.com\/wp-content\/uploads\/sport-urkunde-eventmodul.jpg\"},{\"@type\":\"BreadcrumbList\",\"@id\":\"https:\/\/www.kick-point.com\/es\/porteria-electronica-e-interactiva-kick-point-2\/como-publicitar-su-compaia-en-la-porteria-de-futbol-interactiva-kick-point\/certificados-con-publicidad\/#breadcrumb\",\"itemListElement\":[{\"@type\":\"ListItem\",\"position\":1,\"name\":\"PORTER\u00cdA ELECTR\u00d3NICA E INTERACTIVA KICK POINT\",\"item\":\"https:\/\/www.kick-point.com\/es\/porteria-electronica-e-interactiva-kick-point-2\/\"},{\"@type\":\"ListItem\",\"position\":2,\"name\":\"COMO PUBLICITAR SU COMPA\u00cdA EN LA PORTER\u00cdA DE F\u00daTBOL INTERACTIVA KICK POINT\",\"item\":\"https:\/\/www.kick-point.com\/es\/porteria-electronica-e-interactiva-kick-point-2\/como-publicitar-su-compaia-en-la-porteria-de-futbol-interactiva-kick-point\/\"},{\"@type\":\"ListItem\",\"position\":3,\"name\":\"Certificados con publicidad\"}]},{\"@type\":\"WebSite\",\"@id\":\"https:\/\/www.kick-point.com\/de\/#website\",\"url\":\"https:\/\/www.kick-point.com\/de\/\",\"name\":\"Kick-Point\",\"description\":\"Events und Event-Module rund um das elektronische Fu\u00dfballtor\",\"potentialAction\":[{\"@type\":\"SearchAction\",\"target\":{\"@type\":\"EntryPoint\",\"urlTemplate\":\"https:\/\/www.kick-point.com\/de\/?s={search_term_string}\"},\"query-input\":\"required name=search_term_string\"}],\"inLanguage\":\"es\"}]}<\/script>\n<!-- \/ Yoast SEO plugin. -->","yoast_head_json":{"title":"Certificados con publicidad","robots":{"index":"index","follow":"follow","max-snippet":"max-snippet:-1","max-image-preview":"max-image-preview:large","max-video-preview":"max-video-preview:-1"},"canonical":"https:\/\/www.kick-point.com\/es\/porteria-electronica-e-interactiva-kick-point-2\/como-publicitar-su-compaia-en-la-porteria-de-futbol-interactiva-kick-point\/certificados-con-publicidad\/","og_locale":"es_ES","og_type":"article","og_title":"Certificados con publicidad","og_description":"Cada jugador recibe autom\u00e1ticamente un certificado con informaci\u00f3n de su puntuaci\u00f3n y de la velocidad de sus tiros a puerta. Estos certificados est\u00e1n dise\u00f1ados para poder incorporar publicidad de su empresa o producto. Al imprimir un c\u00f3digo QR se abre el acceso a toda tu informaci\u00f3n online, por ejemplo viendo tu clasificaci\u00f3n, y puede ser [&hellip;]","og_url":"https:\/\/www.kick-point.com\/es\/porteria-electronica-e-interactiva-kick-point-2\/como-publicitar-su-compaia-en-la-porteria-de-futbol-interactiva-kick-point\/certificados-con-publicidad\/","og_site_name":"Kick-Point","article_modified_time":"2016-10-14T10:12:02+00:00","og_image":[{"url":"https:\/\/www.kick-point.com\/wp-content\/uploads\/sport-urkunde-eventmodul.jpg"}],"schema":{"@context":"https:\/\/schema.org","@graph":[{"@type":"WebPage","@id":"https:\/\/www.kick-point.com\/es\/porteria-electronica-e-interactiva-kick-point-2\/como-publicitar-su-compaia-en-la-porteria-de-futbol-interactiva-kick-point\/certificados-con-publicidad\/","url":"https:\/\/www.kick-point.com\/es\/porteria-electronica-e-interactiva-kick-point-2\/como-publicitar-su-compaia-en-la-porteria-de-futbol-interactiva-kick-point\/certificados-con-publicidad\/","name":"Certificados con publicidad","isPartOf":{"@id":"https:\/\/www.kick-point.com\/de\/#website"},"primaryImageOfPage":{"@id":"https:\/\/www.kick-point.com\/es\/porteria-electronica-e-interactiva-kick-point-2\/como-publicitar-su-compaia-en-la-porteria-de-futbol-interactiva-kick-point\/certificados-con-publicidad\/#primaryimage"},"image":{"@id":"https:\/\/www.kick-point.com\/es\/porteria-electronica-e-interactiva-kick-point-2\/como-publicitar-su-compaia-en-la-porteria-de-futbol-interactiva-kick-point\/certificados-con-publicidad\/#primaryimage"},"thumbnailUrl":"https:\/\/www.kick-point.com\/wp-content\/uploads\/sport-urkunde-eventmodul.jpg","datePublished":"2014-03-25T08:14:06+00:00","dateModified":"2016-10-14T10:12:02+00:00","breadcrumb":{"@id":"https:\/\/www.kick-point.com\/es\/porteria-electronica-e-interactiva-kick-point-2\/como-publicitar-su-compaia-en-la-porteria-de-futbol-interactiva-kick-point\/certificados-con-publicidad\/#breadcrumb"},"inLanguage":"es","potentialAction":[{"@type":"ReadAction","target":["https:\/\/www.kick-point.com\/es\/porteria-electronica-e-interactiva-kick-point-2\/como-publicitar-su-compaia-en-la-porteria-de-futbol-interactiva-kick-point\/certificados-con-publicidad\/"]}]},{"@type":"ImageObject","inLanguage":"es","@id":"https:\/\/www.kick-point.com\/es\/porteria-electronica-e-interactiva-kick-point-2\/como-publicitar-su-compaia-en-la-porteria-de-futbol-interactiva-kick-point\/certificados-con-publicidad\/#primaryimage","url":"https:\/\/www.kick-point.com\/wp-content\/uploads\/sport-urkunde-eventmodul.jpg","contentUrl":"https:\/\/www.kick-point.com\/wp-content\/uploads\/sport-urkunde-eventmodul.jpg"},{"@type":"BreadcrumbList","@id":"https:\/\/www.kick-point.com\/es\/porteria-electronica-e-interactiva-kick-point-2\/como-publicitar-su-compaia-en-la-porteria-de-futbol-interactiva-kick-point\/certificados-con-publicidad\/#breadcrumb","itemListElement":[{"@type":"ListItem","position":1,"name":"PORTER\u00cdA ELECTR\u00d3NICA E INTERACTIVA KICK POINT","item":"https:\/\/www.kick-point.com\/es\/porteria-electronica-e-interactiva-kick-point-2\/"},{"@type":"ListItem","position":2,"name":"COMO PUBLICITAR SU COMPA\u00cdA EN LA PORTER\u00cdA DE F\u00daTBOL INTERACTIVA KICK POINT","item":"https:\/\/www.kick-point.com\/es\/porteria-electronica-e-interactiva-kick-point-2\/como-publicitar-su-compaia-en-la-porteria-de-futbol-interactiva-kick-point\/"},{"@type":"ListItem","position":3,"name":"Certificados con publicidad"}]},{"@type":"WebSite","@id":"https:\/\/www.kick-point.com\/de\/#website","url":"https:\/\/www.kick-point.com\/de\/","name":"Kick-Point","description":"Events und Event-Module rund um das elektronische Fu\u00dfballtor","potentialAction":[{"@type":"SearchAction","target":{"@type":"EntryPoint","urlTemplate":"https:\/\/www.kick-point.com\/de\/?s={search_term_string}"},"query-input":"required name=search_term_string"}],"inLanguage":"es"}]}},"_links":{"self":[{"href":"https:\/\/www.kick-point.com\/es\/wp-json\/wp\/v2\/pages\/8841","targetHints":{"allow":["GET"]}}],"collection":[{"href":"https:\/\/www.kick-point.com\/es\/wp-json\/wp\/v2\/pages"}],"about":[{"href":"https:\/\/www.kick-point.com\/es\/wp-json\/wp\/v2\/types\/page"}],"author":[{"embeddable":true,"href":"https:\/\/www.kick-point.com\/es\/wp-json\/wp\/v2\/users\/12"}],"replies":[{"embeddable":true,"href":"https:\/\/www.kick-point.com\/es\/wp-json\/wp\/v2\/comments?post=8841"}],"version-history":[{"count":2,"href":"https:\/\/www.kick-point.com\/es\/wp-json\/wp\/v2\/pages\/8841\/revisions"}],"predecessor-version":[{"id":67088,"href":"https:\/\/www.kick-point.com\/es\/wp-json\/wp\/v2\/pages\/8841\/revisions\/67088"}],"up":[{"embeddable":true,"href":"https:\/\/www.kick-point.com\/es\/wp-json\/wp\/v2\/pages\/8843"}],"wp:attachment":[{"href":"https:\/\/www.kick-point.com\/es\/wp-json\/wp\/v2\/media?parent=8841"}],"curies":[{"name":"wp","href":"https:\/\/api.w.org\/{rel}","templated":true}]}}