{"id":8830,"date":"2014-03-25T08:46:07","date_gmt":"2014-03-25T07:46:07","guid":{"rendered":"https:\/\/www.kick-point.com\/?page_id=8830"},"modified":"2014-03-25T08:46:31","modified_gmt":"2014-03-25T07:46:31","slug":"line","status":"publish","type":"page","link":"https:\/\/www.kick-point.com\/es\/porteria-electronica-e-interactiva-kick-point-2\/line\/","title":{"rendered":"On-line"},"content":{"rendered":"<h2 style=\"text-align: center;\">\u00a0 Acontecimientos on-line<\/h2>\n<p><a href=\"https:\/\/www.kick-point.com\/wp-content\/uploads\/online-event-marketing.jpg\"><img loading=\"lazy\" decoding=\"async\" class=\"alignright size-full wp-image-7531\" alt=\"online-event-marketing\" src=\"https:\/\/www.kick-point.com\/wp-content\/uploads\/online-event-marketing.jpg\" width=\"600\" height=\"541\" \/><\/a>Los expertos en marketing se hacen con frecuencia la pegunta \u00bfC\u00f3mo conectar los eventos con la comunicaci\u00f3n interactiva? En esta era de Internet, Facebook, Google, Twitter, etc\u2026 la estrategia de comunicaci\u00f3n es cada vez m\u00e1s importante en los negocios.<\/p>\n<p>La pregunta que se ha de responder es qu\u00e9 medios o canales se han de utilizar, tanto por nuestra parte como por parte de nuestros clientes o visitantes, para que un evento sea dado a conocer on-line.<\/p>\n<p>La porter\u00eda electr\u00f3nica Kick Point aporta una gran variedad de soluciones a este problema.<\/p>\n","protected":false},"excerpt":{"rendered":"<p>\u00a0 Acontecimientos on-line Los expertos en marketing se hacen con frecuencia la pegunta \u00bfC\u00f3mo conectar los eventos con la comunicaci\u00f3n interactiva? En esta era de Internet, Facebook, Google, Twitter, etc\u2026 la estrategia de comunicaci\u00f3n es cada vez m\u00e1s importante en los negocios. La pregunta que se ha de responder es qu\u00e9 medios o canales se [&hellip;]<\/p>\n","protected":false},"author":12,"featured_media":0,"parent":8845,"menu_order":0,"comment_status":"closed","ping_status":"closed","template":"","meta":{"footnotes":""},"class_list":["post-8830","page","type-page","status-publish","hentry"],"yoast_head":"<!-- This site is optimized with the Yoast SEO plugin v22.8 - https:\/\/yoast.com\/wordpress\/plugins\/seo\/ -->\n<title>On-line<\/title>\n<meta name=\"robots\" content=\"index, follow, max-snippet:-1, max-image-preview:large, max-video-preview:-1\" \/>\n<link rel=\"canonical\" href=\"https:\/\/www.kick-point.com\/es\/porteria-electronica-e-interactiva-kick-point-2\/line\/\" \/>\n<meta property=\"og:locale\" content=\"es_ES\" \/>\n<meta property=\"og:type\" content=\"article\" \/>\n<meta property=\"og:title\" content=\"On-line\" \/>\n<meta property=\"og:description\" content=\"\u00a0 Acontecimientos on-line Los expertos en marketing se hacen con frecuencia la pegunta \u00bfC\u00f3mo conectar los eventos con la comunicaci\u00f3n interactiva? En esta era de Internet, Facebook, Google, Twitter, etc\u2026 la estrategia de comunicaci\u00f3n es cada vez m\u00e1s importante en los negocios. La pregunta que se ha de responder es qu\u00e9 medios o canales se [&hellip;]\" \/>\n<meta property=\"og:url\" content=\"https:\/\/www.kick-point.com\/es\/porteria-electronica-e-interactiva-kick-point-2\/line\/\" \/>\n<meta property=\"og:site_name\" content=\"Kick-Point\" \/>\n<meta property=\"article:modified_time\" content=\"2014-03-25T07:46:31+00:00\" \/>\n<meta property=\"og:image\" content=\"https:\/\/www.kick-point.com\/wp-content\/uploads\/online-event-marketing.jpg\" \/>\n<script type=\"application\/ld+json\" class=\"yoast-schema-graph\">{\"@context\":\"https:\/\/schema.org\",\"@graph\":[{\"@type\":\"WebPage\",\"@id\":\"https:\/\/www.kick-point.com\/es\/porteria-electronica-e-interactiva-kick-point-2\/line\/\",\"url\":\"https:\/\/www.kick-point.com\/es\/porteria-electronica-e-interactiva-kick-point-2\/line\/\",\"name\":\"On-line\",\"isPartOf\":{\"@id\":\"https:\/\/www.kick-point.com\/de\/#website\"},\"primaryImageOfPage\":{\"@id\":\"https:\/\/www.kick-point.com\/es\/porteria-electronica-e-interactiva-kick-point-2\/line\/#primaryimage\"},\"image\":{\"@id\":\"https:\/\/www.kick-point.com\/es\/porteria-electronica-e-interactiva-kick-point-2\/line\/#primaryimage\"},\"thumbnailUrl\":\"https:\/\/www.kick-point.com\/wp-content\/uploads\/online-event-marketing.jpg\",\"datePublished\":\"2014-03-25T07:46:07+00:00\",\"dateModified\":\"2014-03-25T07:46:31+00:00\",\"breadcrumb\":{\"@id\":\"https:\/\/www.kick-point.com\/es\/porteria-electronica-e-interactiva-kick-point-2\/line\/#breadcrumb\"},\"inLanguage\":\"es\",\"potentialAction\":[{\"@type\":\"ReadAction\",\"target\":[\"https:\/\/www.kick-point.com\/es\/porteria-electronica-e-interactiva-kick-point-2\/line\/\"]}]},{\"@type\":\"ImageObject\",\"inLanguage\":\"es\",\"@id\":\"https:\/\/www.kick-point.com\/es\/porteria-electronica-e-interactiva-kick-point-2\/line\/#primaryimage\",\"url\":\"https:\/\/www.kick-point.com\/wp-content\/uploads\/online-event-marketing.jpg\",\"contentUrl\":\"https:\/\/www.kick-point.com\/wp-content\/uploads\/online-event-marketing.jpg\"},{\"@type\":\"BreadcrumbList\",\"@id\":\"https:\/\/www.kick-point.com\/es\/porteria-electronica-e-interactiva-kick-point-2\/line\/#breadcrumb\",\"itemListElement\":[{\"@type\":\"ListItem\",\"position\":1,\"name\":\"PORTER\u00cdA ELECTR\u00d3NICA E INTERACTIVA KICK POINT\",\"item\":\"https:\/\/www.kick-point.com\/es\/porteria-electronica-e-interactiva-kick-point-2\/\"},{\"@type\":\"ListItem\",\"position\":2,\"name\":\"On-line\"}]},{\"@type\":\"WebSite\",\"@id\":\"https:\/\/www.kick-point.com\/de\/#website\",\"url\":\"https:\/\/www.kick-point.com\/de\/\",\"name\":\"Kick-Point\",\"description\":\"Events und Event-Module rund um das elektronische Fu\u00dfballtor\",\"potentialAction\":[{\"@type\":\"SearchAction\",\"target\":{\"@type\":\"EntryPoint\",\"urlTemplate\":\"https:\/\/www.kick-point.com\/de\/?s={search_term_string}\"},\"query-input\":\"required name=search_term_string\"}],\"inLanguage\":\"es\"}]}<\/script>\n<!-- \/ Yoast SEO plugin. -->","yoast_head_json":{"title":"On-line","robots":{"index":"index","follow":"follow","max-snippet":"max-snippet:-1","max-image-preview":"max-image-preview:large","max-video-preview":"max-video-preview:-1"},"canonical":"https:\/\/www.kick-point.com\/es\/porteria-electronica-e-interactiva-kick-point-2\/line\/","og_locale":"es_ES","og_type":"article","og_title":"On-line","og_description":"\u00a0 Acontecimientos on-line Los expertos en marketing se hacen con frecuencia la pegunta \u00bfC\u00f3mo conectar los eventos con la comunicaci\u00f3n interactiva? En esta era de Internet, Facebook, Google, Twitter, etc\u2026 la estrategia de comunicaci\u00f3n es cada vez m\u00e1s importante en los negocios. La pregunta que se ha de responder es qu\u00e9 medios o canales se [&hellip;]","og_url":"https:\/\/www.kick-point.com\/es\/porteria-electronica-e-interactiva-kick-point-2\/line\/","og_site_name":"Kick-Point","article_modified_time":"2014-03-25T07:46:31+00:00","og_image":[{"url":"https:\/\/www.kick-point.com\/wp-content\/uploads\/online-event-marketing.jpg"}],"schema":{"@context":"https:\/\/schema.org","@graph":[{"@type":"WebPage","@id":"https:\/\/www.kick-point.com\/es\/porteria-electronica-e-interactiva-kick-point-2\/line\/","url":"https:\/\/www.kick-point.com\/es\/porteria-electronica-e-interactiva-kick-point-2\/line\/","name":"On-line","isPartOf":{"@id":"https:\/\/www.kick-point.com\/de\/#website"},"primaryImageOfPage":{"@id":"https:\/\/www.kick-point.com\/es\/porteria-electronica-e-interactiva-kick-point-2\/line\/#primaryimage"},"image":{"@id":"https:\/\/www.kick-point.com\/es\/porteria-electronica-e-interactiva-kick-point-2\/line\/#primaryimage"},"thumbnailUrl":"https:\/\/www.kick-point.com\/wp-content\/uploads\/online-event-marketing.jpg","datePublished":"2014-03-25T07:46:07+00:00","dateModified":"2014-03-25T07:46:31+00:00","breadcrumb":{"@id":"https:\/\/www.kick-point.com\/es\/porteria-electronica-e-interactiva-kick-point-2\/line\/#breadcrumb"},"inLanguage":"es","potentialAction":[{"@type":"ReadAction","target":["https:\/\/www.kick-point.com\/es\/porteria-electronica-e-interactiva-kick-point-2\/line\/"]}]},{"@type":"ImageObject","inLanguage":"es","@id":"https:\/\/www.kick-point.com\/es\/porteria-electronica-e-interactiva-kick-point-2\/line\/#primaryimage","url":"https:\/\/www.kick-point.com\/wp-content\/uploads\/online-event-marketing.jpg","contentUrl":"https:\/\/www.kick-point.com\/wp-content\/uploads\/online-event-marketing.jpg"},{"@type":"BreadcrumbList","@id":"https:\/\/www.kick-point.com\/es\/porteria-electronica-e-interactiva-kick-point-2\/line\/#breadcrumb","itemListElement":[{"@type":"ListItem","position":1,"name":"PORTER\u00cdA ELECTR\u00d3NICA E INTERACTIVA KICK POINT","item":"https:\/\/www.kick-point.com\/es\/porteria-electronica-e-interactiva-kick-point-2\/"},{"@type":"ListItem","position":2,"name":"On-line"}]},{"@type":"WebSite","@id":"https:\/\/www.kick-point.com\/de\/#website","url":"https:\/\/www.kick-point.com\/de\/","name":"Kick-Point","description":"Events und Event-Module rund um das elektronische Fu\u00dfballtor","potentialAction":[{"@type":"SearchAction","target":{"@type":"EntryPoint","urlTemplate":"https:\/\/www.kick-point.com\/de\/?s={search_term_string}"},"query-input":"required name=search_term_string"}],"inLanguage":"es"}]}},"_links":{"self":[{"href":"https:\/\/www.kick-point.com\/es\/wp-json\/wp\/v2\/pages\/8830","targetHints":{"allow":["GET"]}}],"collection":[{"href":"https:\/\/www.kick-point.com\/es\/wp-json\/wp\/v2\/pages"}],"about":[{"href":"https:\/\/www.kick-point.com\/es\/wp-json\/wp\/v2\/types\/page"}],"author":[{"embeddable":true,"href":"https:\/\/www.kick-point.com\/es\/wp-json\/wp\/v2\/users\/12"}],"replies":[{"embeddable":true,"href":"https:\/\/www.kick-point.com\/es\/wp-json\/wp\/v2\/comments?post=8830"}],"version-history":[{"count":0,"href":"https:\/\/www.kick-point.com\/es\/wp-json\/wp\/v2\/pages\/8830\/revisions"}],"up":[{"embeddable":true,"href":"https:\/\/www.kick-point.com\/es\/wp-json\/wp\/v2\/pages\/8845"}],"wp:attachment":[{"href":"https:\/\/www.kick-point.com\/es\/wp-json\/wp\/v2\/media?parent=8830"}],"curies":[{"name":"wp","href":"https:\/\/api.w.org\/{rel}","templated":true}]}}