{"id":3554,"date":"2012-11-07T12:09:58","date_gmt":"2012-11-07T10:09:58","guid":{"rendered":"http:\/\/s174678280.online.de\/?page_id=3554"},"modified":"2012-11-07T12:09:58","modified_gmt":"2012-11-07T10:09:58","slug":"se-buscan-distribuidores","status":"publish","type":"page","link":"https:\/\/www.kick-point.com\/es\/se-buscan-distribuidores\/","title":{"rendered":"Se buscan distribuidores"},"content":{"rendered":"<p><strong>Forme parte de Kick Point como distribuidor local en su pa\u00eds<\/strong><\/p>\n<p>Buscamos distribuidores internacionales que est\u00e9n interesados en colaborar como socios.<\/p>\n<p>La venta y alquiler de las porter\u00edas de f\u00fatbol electr\u00f3nicas Kick-Point ya se ha realizado con \u00e9xito en numerosos mercados internacionales.<br \/>\nEstamos buscando socios de distribuci\u00f3n para la expansi\u00f3n internacional del concepto de Kick-Point.<br \/>\nSi est\u00e1 interesado en recibir informaci\u00f3n detallada sobre nuestro servicio de distribuidores, le rogamos que sea tan amable de dejarnos un <a href=\"\/contacto\/\">aviso<\/a>.<\/p>\n<p>Nos pondremos en contacto con usted lo antes posible. <\/p>\n","protected":false},"excerpt":{"rendered":"<p>Forme parte de Kick Point como distribuidor local en su pa\u00eds Buscamos distribuidores internacionales que est\u00e9n interesados en colaborar como socios. La venta y alquiler de las porter\u00edas de f\u00fatbol electr\u00f3nicas Kick-Point ya se ha realizado con \u00e9xito en numerosos mercados internacionales. Estamos buscando socios de distribuci\u00f3n para la expansi\u00f3n internacional del concepto de Kick-Point. [&hellip;]<\/p>\n","protected":false},"author":12,"featured_media":0,"parent":0,"menu_order":100,"comment_status":"closed","ping_status":"closed","template":"","meta":{"footnotes":""},"class_list":["post-3554","page","type-page","status-publish","hentry"],"yoast_head":"<!-- This site is optimized with the Yoast SEO plugin v22.8 - https:\/\/yoast.com\/wordpress\/plugins\/seo\/ -->\n<title>Se buscan distribuidores<\/title>\n<meta name=\"robots\" content=\"index, follow, max-snippet:-1, max-image-preview:large, max-video-preview:-1\" \/>\n<link rel=\"canonical\" href=\"https:\/\/www.kick-point.com\/es\/se-buscan-distribuidores\/\" \/>\n<meta property=\"og:locale\" content=\"es_ES\" \/>\n<meta property=\"og:type\" content=\"article\" \/>\n<meta property=\"og:title\" content=\"Se buscan distribuidores\" \/>\n<meta property=\"og:description\" content=\"Forme parte de Kick Point como distribuidor local en su pa\u00eds Buscamos distribuidores internacionales que est\u00e9n interesados en colaborar como socios. La venta y alquiler de las porter\u00edas de f\u00fatbol electr\u00f3nicas Kick-Point ya se ha realizado con \u00e9xito en numerosos mercados internacionales. Estamos buscando socios de distribuci\u00f3n para la expansi\u00f3n internacional del concepto de Kick-Point. [&hellip;]\" \/>\n<meta property=\"og:url\" content=\"https:\/\/www.kick-point.com\/es\/se-buscan-distribuidores\/\" \/>\n<meta property=\"og:site_name\" content=\"Kick-Point\" \/>\n<script type=\"application\/ld+json\" class=\"yoast-schema-graph\">{\"@context\":\"https:\/\/schema.org\",\"@graph\":[{\"@type\":\"WebPage\",\"@id\":\"https:\/\/www.kick-point.com\/es\/se-buscan-distribuidores\/\",\"url\":\"https:\/\/www.kick-point.com\/es\/se-buscan-distribuidores\/\",\"name\":\"Se buscan distribuidores\",\"isPartOf\":{\"@id\":\"https:\/\/www.kick-point.com\/de\/#website\"},\"datePublished\":\"2012-11-07T10:09:58+00:00\",\"dateModified\":\"2012-11-07T10:09:58+00:00\",\"inLanguage\":\"es\",\"potentialAction\":[{\"@type\":\"ReadAction\",\"target\":[\"https:\/\/www.kick-point.com\/es\/se-buscan-distribuidores\/\"]}]},{\"@type\":\"WebSite\",\"@id\":\"https:\/\/www.kick-point.com\/de\/#website\",\"url\":\"https:\/\/www.kick-point.com\/de\/\",\"name\":\"Kick-Point\",\"description\":\"Events und Event-Module rund um das elektronische Fu\u00dfballtor\",\"potentialAction\":[{\"@type\":\"SearchAction\",\"target\":{\"@type\":\"EntryPoint\",\"urlTemplate\":\"https:\/\/www.kick-point.com\/de\/?s={search_term_string}\"},\"query-input\":\"required name=search_term_string\"}],\"inLanguage\":\"es\"}]}<\/script>\n<!-- \/ Yoast SEO plugin. -->","yoast_head_json":{"title":"Se buscan distribuidores","robots":{"index":"index","follow":"follow","max-snippet":"max-snippet:-1","max-image-preview":"max-image-preview:large","max-video-preview":"max-video-preview:-1"},"canonical":"https:\/\/www.kick-point.com\/es\/se-buscan-distribuidores\/","og_locale":"es_ES","og_type":"article","og_title":"Se buscan distribuidores","og_description":"Forme parte de Kick Point como distribuidor local en su pa\u00eds Buscamos distribuidores internacionales que est\u00e9n interesados en colaborar como socios. La venta y alquiler de las porter\u00edas de f\u00fatbol electr\u00f3nicas Kick-Point ya se ha realizado con \u00e9xito en numerosos mercados internacionales. Estamos buscando socios de distribuci\u00f3n para la expansi\u00f3n internacional del concepto de Kick-Point. [&hellip;]","og_url":"https:\/\/www.kick-point.com\/es\/se-buscan-distribuidores\/","og_site_name":"Kick-Point","schema":{"@context":"https:\/\/schema.org","@graph":[{"@type":"WebPage","@id":"https:\/\/www.kick-point.com\/es\/se-buscan-distribuidores\/","url":"https:\/\/www.kick-point.com\/es\/se-buscan-distribuidores\/","name":"Se buscan distribuidores","isPartOf":{"@id":"https:\/\/www.kick-point.com\/de\/#website"},"datePublished":"2012-11-07T10:09:58+00:00","dateModified":"2012-11-07T10:09:58+00:00","inLanguage":"es","potentialAction":[{"@type":"ReadAction","target":["https:\/\/www.kick-point.com\/es\/se-buscan-distribuidores\/"]}]},{"@type":"WebSite","@id":"https:\/\/www.kick-point.com\/de\/#website","url":"https:\/\/www.kick-point.com\/de\/","name":"Kick-Point","description":"Events und Event-Module rund um das elektronische Fu\u00dfballtor","potentialAction":[{"@type":"SearchAction","target":{"@type":"EntryPoint","urlTemplate":"https:\/\/www.kick-point.com\/de\/?s={search_term_string}"},"query-input":"required name=search_term_string"}],"inLanguage":"es"}]}},"_links":{"self":[{"href":"https:\/\/www.kick-point.com\/es\/wp-json\/wp\/v2\/pages\/3554","targetHints":{"allow":["GET"]}}],"collection":[{"href":"https:\/\/www.kick-point.com\/es\/wp-json\/wp\/v2\/pages"}],"about":[{"href":"https:\/\/www.kick-point.com\/es\/wp-json\/wp\/v2\/types\/page"}],"author":[{"embeddable":true,"href":"https:\/\/www.kick-point.com\/es\/wp-json\/wp\/v2\/users\/12"}],"replies":[{"embeddable":true,"href":"https:\/\/www.kick-point.com\/es\/wp-json\/wp\/v2\/comments?post=3554"}],"version-history":[{"count":0,"href":"https:\/\/www.kick-point.com\/es\/wp-json\/wp\/v2\/pages\/3554\/revisions"}],"wp:attachment":[{"href":"https:\/\/www.kick-point.com\/es\/wp-json\/wp\/v2\/media?parent=3554"}],"curies":[{"name":"wp","href":"https:\/\/api.w.org\/{rel}","templated":true}]}}