{"id":3549,"date":"2012-11-07T12:04:21","date_gmt":"2012-11-07T10:04:21","guid":{"rendered":"http:\/\/s174678280.online.de\/?page_id=3549"},"modified":"2012-11-07T12:04:21","modified_gmt":"2012-11-07T10:04:21","slug":"galeria-de-imagenes-kick-point","status":"publish","type":"page","link":"https:\/\/www.kick-point.com\/es\/galeria-de-imagenes-kick-point\/","title":{"rendered":"Galer\u00eda de im\u00e1genes Kick-Point"},"content":{"rendered":"<h2>Algunos de los clientes satisfechos que utilizan la porter\u00eda de f\u00fatbol Kick Point en sus eventos<\/h2>\n<p>Kick Point ser\u00e1 un punto de inter\u00e9s en cualquier evento \u00a1prueba y ent\u00e9rate! <\/p>\n<h3>SKY TV &#8211; promotion tour Italy<\/h3>\n<p>[nggallery id=1]<\/p>\n<h3>AC Milan summer tour 2005 <\/h3>\n<p>[nggallery id=2]<\/p>\n<h3>Mc Donald\u2019s &#8211; U 20 Soccer World Championship 2005 Netherlands<\/h3>\n<p>[nggallery id=3]<\/p>\n<h3>SKY TV &#8211; indoor fair<\/h3>\n<p>[nggallery id=4]<\/p>\n<h3>T-mobile\u00ae in- &#038; outdoor fair<\/h3>\n<p>[nggallery id=5]<\/p>\n<h3>Kicker &#8211; German football journal<\/h3>\n<p>[nggallery id=6]<\/p>\n<h3>Almere &#8211; Town festival in Netherlands<\/h3>\n<p>[nggallery id=7]<\/p>\n<h3>SKY TV \u2013 Kick-Point summer tour 2008<\/h3>\n<p>[nggallery id=8]<\/p>\n<h3>Euromania<\/h3>\n<p>[nggallery id=9]<\/p>\n<h3>AC Milan fair proposal <\/h3>\n<p>[nggallery id=10]<\/p>\n","protected":false},"excerpt":{"rendered":"<p>Algunos de los clientes satisfechos que utilizan la porter\u00eda de f\u00fatbol Kick Point en sus eventos Kick Point ser\u00e1 un punto de inter\u00e9s en cualquier evento \u00a1prueba y ent\u00e9rate! SKY TV &#8211; promotion tour Italy [nggallery id=1] AC Milan summer tour 2005 [nggallery id=2] Mc Donald\u2019s &#8211; U 20 Soccer World Championship 2005 Netherlands [nggallery [&hellip;]<\/p>\n","protected":false},"author":12,"featured_media":0,"parent":0,"menu_order":9999,"comment_status":"closed","ping_status":"closed","template":"","meta":{"footnotes":""},"class_list":["post-3549","page","type-page","status-publish","hentry"],"yoast_head":"<!-- This site is optimized with the Yoast SEO plugin v22.8 - https:\/\/yoast.com\/wordpress\/plugins\/seo\/ -->\n<title>Galer\u00eda de im\u00e1genes Kick-Point<\/title>\n<meta name=\"robots\" content=\"index, follow, max-snippet:-1, max-image-preview:large, max-video-preview:-1\" \/>\n<link rel=\"canonical\" href=\"https:\/\/www.kick-point.com\/es\/galeria-de-imagenes-kick-point\/\" \/>\n<meta property=\"og:locale\" content=\"es_ES\" \/>\n<meta property=\"og:type\" content=\"article\" \/>\n<meta property=\"og:title\" content=\"Galer\u00eda de im\u00e1genes Kick-Point\" \/>\n<meta property=\"og:description\" content=\"Algunos de los clientes satisfechos que utilizan la porter\u00eda de f\u00fatbol Kick Point en sus eventos Kick Point ser\u00e1 un punto de inter\u00e9s en cualquier evento \u00a1prueba y ent\u00e9rate! SKY TV &#8211; promotion tour Italy [nggallery id=1] AC Milan summer tour 2005 [nggallery id=2] Mc Donald\u2019s &#8211; U 20 Soccer World Championship 2005 Netherlands [nggallery [&hellip;]\" \/>\n<meta property=\"og:url\" content=\"https:\/\/www.kick-point.com\/es\/galeria-de-imagenes-kick-point\/\" \/>\n<meta property=\"og:site_name\" content=\"Kick-Point\" \/>\n<meta name=\"twitter:label1\" content=\"Tiempo de lectura\" \/>\n\t<meta name=\"twitter:data1\" content=\"1 minuto\" \/>\n<script type=\"application\/ld+json\" class=\"yoast-schema-graph\">{\"@context\":\"https:\/\/schema.org\",\"@graph\":[{\"@type\":\"WebPage\",\"@id\":\"https:\/\/www.kick-point.com\/es\/galeria-de-imagenes-kick-point\/\",\"url\":\"https:\/\/www.kick-point.com\/es\/galeria-de-imagenes-kick-point\/\",\"name\":\"Galer\u00eda de im\u00e1genes Kick-Point\",\"isPartOf\":{\"@id\":\"https:\/\/www.kick-point.com\/de\/#website\"},\"datePublished\":\"2012-11-07T10:04:21+00:00\",\"dateModified\":\"2012-11-07T10:04:21+00:00\",\"inLanguage\":\"es\",\"potentialAction\":[{\"@type\":\"ReadAction\",\"target\":[\"https:\/\/www.kick-point.com\/es\/galeria-de-imagenes-kick-point\/\"]}]},{\"@type\":\"WebSite\",\"@id\":\"https:\/\/www.kick-point.com\/de\/#website\",\"url\":\"https:\/\/www.kick-point.com\/de\/\",\"name\":\"Kick-Point\",\"description\":\"Events und Event-Module rund um das elektronische Fu\u00dfballtor\",\"potentialAction\":[{\"@type\":\"SearchAction\",\"target\":{\"@type\":\"EntryPoint\",\"urlTemplate\":\"https:\/\/www.kick-point.com\/de\/?s={search_term_string}\"},\"query-input\":\"required name=search_term_string\"}],\"inLanguage\":\"es\"}]}<\/script>\n<!-- \/ Yoast SEO plugin. -->","yoast_head_json":{"title":"Galer\u00eda de im\u00e1genes Kick-Point","robots":{"index":"index","follow":"follow","max-snippet":"max-snippet:-1","max-image-preview":"max-image-preview:large","max-video-preview":"max-video-preview:-1"},"canonical":"https:\/\/www.kick-point.com\/es\/galeria-de-imagenes-kick-point\/","og_locale":"es_ES","og_type":"article","og_title":"Galer\u00eda de im\u00e1genes Kick-Point","og_description":"Algunos de los clientes satisfechos que utilizan la porter\u00eda de f\u00fatbol Kick Point en sus eventos Kick Point ser\u00e1 un punto de inter\u00e9s en cualquier evento \u00a1prueba y ent\u00e9rate! SKY TV &#8211; promotion tour Italy [nggallery id=1] AC Milan summer tour 2005 [nggallery id=2] Mc Donald\u2019s &#8211; U 20 Soccer World Championship 2005 Netherlands [nggallery [&hellip;]","og_url":"https:\/\/www.kick-point.com\/es\/galeria-de-imagenes-kick-point\/","og_site_name":"Kick-Point","twitter_misc":{"Tiempo de lectura":"1 minuto"},"schema":{"@context":"https:\/\/schema.org","@graph":[{"@type":"WebPage","@id":"https:\/\/www.kick-point.com\/es\/galeria-de-imagenes-kick-point\/","url":"https:\/\/www.kick-point.com\/es\/galeria-de-imagenes-kick-point\/","name":"Galer\u00eda de im\u00e1genes Kick-Point","isPartOf":{"@id":"https:\/\/www.kick-point.com\/de\/#website"},"datePublished":"2012-11-07T10:04:21+00:00","dateModified":"2012-11-07T10:04:21+00:00","inLanguage":"es","potentialAction":[{"@type":"ReadAction","target":["https:\/\/www.kick-point.com\/es\/galeria-de-imagenes-kick-point\/"]}]},{"@type":"WebSite","@id":"https:\/\/www.kick-point.com\/de\/#website","url":"https:\/\/www.kick-point.com\/de\/","name":"Kick-Point","description":"Events und Event-Module rund um das elektronische Fu\u00dfballtor","potentialAction":[{"@type":"SearchAction","target":{"@type":"EntryPoint","urlTemplate":"https:\/\/www.kick-point.com\/de\/?s={search_term_string}"},"query-input":"required name=search_term_string"}],"inLanguage":"es"}]}},"_links":{"self":[{"href":"https:\/\/www.kick-point.com\/es\/wp-json\/wp\/v2\/pages\/3549","targetHints":{"allow":["GET"]}}],"collection":[{"href":"https:\/\/www.kick-point.com\/es\/wp-json\/wp\/v2\/pages"}],"about":[{"href":"https:\/\/www.kick-point.com\/es\/wp-json\/wp\/v2\/types\/page"}],"author":[{"embeddable":true,"href":"https:\/\/www.kick-point.com\/es\/wp-json\/wp\/v2\/users\/12"}],"replies":[{"embeddable":true,"href":"https:\/\/www.kick-point.com\/es\/wp-json\/wp\/v2\/comments?post=3549"}],"version-history":[{"count":0,"href":"https:\/\/www.kick-point.com\/es\/wp-json\/wp\/v2\/pages\/3549\/revisions"}],"wp:attachment":[{"href":"https:\/\/www.kick-point.com\/es\/wp-json\/wp\/v2\/media?parent=3549"}],"curies":[{"name":"wp","href":"https:\/\/api.w.org\/{rel}","templated":true}]}}